{"id":154480,"date":"2023-01-16T10:28:59","date_gmt":"2023-01-16T10:28:59","guid":{"rendered":"https:\/\/flypix.ai\/?page_id=154480"},"modified":"2024-09-23T15:11:38","modified_gmt":"2024-09-23T15:11:38","slug":"object-detection-software-for-government-institutions","status":"publish","type":"page","link":"https:\/\/flypix.ai\/de\/object-detection-software-for-government-institutions\/","title":{"rendered":"Regierung"},"content":{"rendered":"<div data-elementor-type=\"wp-page\" data-elementor-id=\"154480\" class=\"elementor elementor-154480\" data-elementor-post-type=\"page\">\n\t\t\t\t<div class=\"elementor-element elementor-element-5c49439c e-flex e-con-boxed e-con e-parent\" data-id=\"5c49439c\" data-element_type=\"container\" data-e-type=\"container\" data-settings=\"{&quot;background_background&quot;:&quot;classic&quot;}\">\n\t\t\t\t\t<div class=\"e-con-inner\">\n\t\t<div class=\"elementor-element elementor-element-2a68cf24 e-con-full e-flex e-con e-child\" data-id=\"2a68cf24\" data-element_type=\"container\" data-e-type=\"container\">\n\t\t\t\t<div class=\"elementor-element elementor-element-6c6c6f64 elementor-widget elementor-widget-heading\" data-id=\"6c6c6f64\" data-element_type=\"widget\" data-e-type=\"widget\" data-widget_type=\"heading.default\">\n\t\t\t\t\t<h1 class=\"elementor-heading-title elementor-size-default\">OBJEKTERKENNUNG F\u00dcR REGIERUNGSEINSTITUTEN\n<\/h1>\t\t\t\t<\/div>\n\t\t<div class=\"elementor-element elementor-element-796ba1f8 e-con-full e-flex e-con e-child\" data-id=\"796ba1f8\" data-element_type=\"container\" data-e-type=\"container\">\n\t\t\t\t<div class=\"elementor-element elementor-element-14706d42 elementor-widget-divider--view-line elementor-widget elementor-widget-divider\" data-id=\"14706d42\" data-element_type=\"widget\" data-e-type=\"widget\" data-widget_type=\"divider.default\">\n\t\t\t\t\t\t\t<div class=\"elementor-divider\">\n\t\t\t<span class=\"elementor-divider-separator\">\n\t\t\t\t\t\t<\/span>\n\t\t<\/div>\n\t\t\t\t\t\t<\/div>\n\t\t\t\t<\/div>\n\t\t<div class=\"elementor-element elementor-element-3da2c0d8 e-con-full e-flex e-con e-child\" data-id=\"3da2c0d8\" data-element_type=\"container\" data-e-type=\"container\">\n\t\t\t\t<div class=\"elementor-element elementor-element-7275d10 elementor-widget elementor-widget-heading\" data-id=\"7275d10\" data-element_type=\"widget\" data-e-type=\"widget\" data-widget_type=\"heading.default\">\n\t\t\t\t\t<h2 class=\"elementor-heading-title elementor-size-default\">Nutzen Sie die Leistungsf\u00e4higkeit unserer fortschrittlichen Objekterkennungsplattform f\u00fcr Luftbilder zur Optimierung der Stra\u00dfeninstandhaltung und Abfallbewirtschaftung<\/h2>\t\t\t\t<\/div>\n\t\t\t\t<\/div>\n\t\t\t\t<\/div>\n\t\t\t\t\t<\/div>\n\t\t\t\t<\/div>\n\t\t<div class=\"elementor-element elementor-element-282227e4 e-flex e-con-boxed e-con e-parent\" data-id=\"282227e4\" data-element_type=\"container\" data-e-type=\"container\" data-settings=\"{&quot;background_background&quot;:&quot;classic&quot;}\">\n\t\t\t\t\t<div class=\"e-con-inner\">\n\t\t<div class=\"elementor-element elementor-element-4e20b1be e-con-full e-flex e-con e-child\" data-id=\"4e20b1be\" data-element_type=\"container\" data-e-type=\"container\">\n\t\t<div class=\"elementor-element elementor-element-41bd1dbb e-con-full e-flex e-con e-child\" data-id=\"41bd1dbb\" data-element_type=\"container\" data-e-type=\"container\" data-settings=\"{&quot;background_background&quot;:&quot;classic&quot;}\">\n\t\t\t\t<\/div>\n\t\t<div class=\"elementor-element elementor-element-348f0e14 e-con-full e-flex e-con e-child\" data-id=\"348f0e14\" data-element_type=\"container\" data-e-type=\"container\" data-settings=\"{&quot;background_background&quot;:&quot;classic&quot;}\">\n\t\t\t\t<div class=\"elementor-element elementor-element-39bee73f elementor-widget elementor-widget-heading\" data-id=\"39bee73f\" data-element_type=\"widget\" data-e-type=\"widget\" data-widget_type=\"heading.default\">\n\t\t\t\t\t<h3 class=\"elementor-heading-title elementor-size-default\">M\u00fcll- und Schutterkennung<\/h3>\t\t\t\t<\/div>\n\t\t\t\t<div class=\"elementor-element elementor-element-65e1eacc elementor-widget elementor-widget-text-editor\" data-id=\"65e1eacc\" data-element_type=\"widget\" data-e-type=\"widget\" data-widget_type=\"text-editor.default\">\n\t\t\t\t\t\t\t\t\t<p>Die Identifizierung und Klassifizierung von Abf\u00e4llen erfordert erheblichen Aufwand und Ressourcen. FlyPix AI kann die Abfallerkennung jedoch mithilfe k\u00fcnstlicher Intelligenz automatisieren. Unsere hochmoderne Software nutzt Algorithmen des maschinellen Lernens, um verschiedene Objekte in hochaufl\u00f6senden Luftbildern zu erkennen und zu identifizieren, darunter verschiedene Abfallarten wie Bauschutt, Sonderm\u00fcll, Elektroschrott und andere Arten von M\u00fcll. Die Abfallerkennung mithilfe der Bildverarbeitung spart im Vergleich zu manuellen Erkennungsmethoden erheblich Zeit und Ressourcen und kann Regierungsbeh\u00f6rden wichtige Informationen liefern und das Ausma\u00df und den Umfang der Abfallverschmutzung in einem bestimmten Gebiet besser verstehen. FlyPix AI kann auch dabei helfen, wiederverwertbaren Abfall zu identifizieren. Durch die Analyse der Bilder auf bestimmte Muster und Merkmale, die verschiedenen Arten von wiederverwertbaren Materialien wie Kunststoffen, Papier und Metallen entsprechen, kann FlyPix diese Materialien identifizieren und entsprechend klassifizieren. Der Einsatz k\u00fcnstlicher Intelligenz zur Erkennung wiederverwertbaren Abfalls kann dazu beitragen, die Abfallmenge zu reduzieren, die auf M\u00fclldeponien oder in der Umwelt landet, und so zu einem nachhaltigeren und umweltfreundlicheren Abfallmanagementsystem beitragen.<\/p>\t\t\t\t\t\t\t\t<\/div>\n\t\t\t\t<\/div>\n\t\t\t\t<\/div>\n\t\t<div class=\"elementor-element elementor-element-35423e0f e-con-full e-flex e-con e-child\" data-id=\"35423e0f\" data-element_type=\"container\" data-e-type=\"container\" data-settings=\"{&quot;background_background&quot;:&quot;classic&quot;}\">\n\t\t<div class=\"elementor-element elementor-element-1d1e1b1 e-con-full e-flex e-con e-child\" data-id=\"1d1e1b1\" data-element_type=\"container\" data-e-type=\"container\">\n\t\t\t\t<div class=\"elementor-element elementor-element-1045f58d elementor-widget elementor-widget-heading\" data-id=\"1045f58d\" data-element_type=\"widget\" data-e-type=\"widget\" data-widget_type=\"heading.default\">\n\t\t\t\t\t<h3 class=\"elementor-heading-title elementor-size-default\">Stra\u00dfen- und Gehweginspektionen<\/h3>\t\t\t\t<\/div>\n\t\t\t\t<div class=\"elementor-element elementor-element-545ec8c6 elementor-widget elementor-widget-text-editor\" data-id=\"545ec8c6\" data-element_type=\"widget\" data-e-type=\"widget\" data-widget_type=\"text-editor.default\">\n\t\t\t\t\t\t\t\t\t<p>FlyPix AI kann f\u00fcr die Stra\u00dfenwartung und Stra\u00dfenbelagsinspektion verwendet werden und erm\u00f6glicht eine effiziente und genaue Identifizierung von Sch\u00e4den und Abnutzungen. Unsere Plattform nutzt Algorithmen des maschinellen Lernens, um Schlagl\u00f6cher und Risse auf Stra\u00dfen und Gehwegen zu identifizieren und zu erkennen, indem sie hochaufl\u00f6sende Luftbilder auf Muster und Merkmale analysiert, die darauf hinweisen, wie z. B. \u00c4nderungen in Oberfl\u00e4chentextur, Farbe und Form. Nach der Identifizierung kann FlyPix AI die besch\u00e4digten Bereiche klassifizieren und kartieren, sodass Stra\u00dfen- und Gehweginstandhaltungsteams Reparaturen priorisieren und Ressourcen effektiver zuweisen k\u00f6nnen. Der Einsatz k\u00fcnstlicher Intelligenz f\u00fcr Stra\u00dfen- und Gehweginspektionen kann die allgemeine Effizienz und Genauigkeit dieser Prozesse erh\u00f6hen, da gro\u00dfe Bereiche schnell abgedeckt und Sch\u00e4den erkannt werden k\u00f6nnen, die bei herk\u00f6mmlichen Inspektionen auf Bodenniveau m\u00f6glicherweise \u00fcbersehen werden.<\/p>\t\t\t\t\t\t\t\t<\/div>\n\t\t\t\t<\/div>\n\t\t<div class=\"elementor-element elementor-element-74a3f6ab e-con-full e-flex e-con e-child\" data-id=\"74a3f6ab\" data-element_type=\"container\" data-e-type=\"container\" data-settings=\"{&quot;background_background&quot;:&quot;classic&quot;}\">\n\t\t\t\t<\/div>\n\t\t\t\t<\/div>\n\t\t<div class=\"elementor-element elementor-element-4afe710 e-con-full e-flex e-con e-child\" data-id=\"4afe710\" data-element_type=\"container\" data-e-type=\"container\" data-settings=\"{&quot;background_background&quot;:&quot;classic&quot;}\">\n\t\t<div class=\"elementor-element elementor-element-ad724d9 e-con-full e-flex e-con e-child\" data-id=\"ad724d9\" data-element_type=\"container\" data-e-type=\"container\" data-settings=\"{&quot;background_background&quot;:&quot;classic&quot;}\">\n\t\t\t\t<\/div>\n\t\t<div class=\"elementor-element elementor-element-e2223da e-con-full e-flex e-con e-child\" data-id=\"e2223da\" data-element_type=\"container\" data-e-type=\"container\">\n\t\t\t\t<div class=\"elementor-element elementor-element-a5ddf81 elementor-widget elementor-widget-heading\" data-id=\"a5ddf81\" data-element_type=\"widget\" data-e-type=\"widget\" data-widget_type=\"heading.default\">\n\t\t\t\t\t<h3 class=\"elementor-heading-title elementor-size-default\">Stadtplanung und Infrastrukturentwicklung<\/h3>\t\t\t\t<\/div>\n\t\t\t\t<div class=\"elementor-element elementor-element-c7f2690 elementor-widget elementor-widget-text-editor\" data-id=\"c7f2690\" data-element_type=\"widget\" data-e-type=\"widget\" data-widget_type=\"text-editor.default\">\n\t\t\t\t\t\t\t\t\t<p>FlyPix AI kann Beh\u00f6rden bei der Stadtplanung unterst\u00fctzen, indem es detaillierte geor\u00e4umliche Analysen von Stadtlandschaften bereitstellt. Die KI kann dabei helfen, geeignete Standorte f\u00fcr neue Infrastruktur zu identifizieren, den Baufortschritt zu \u00fcberwachen und sicherzustellen, dass die Entwicklungen den Bebauungsvorschriften und Umweltstandards entsprechen.<\/p>\t\t\t\t\t\t\t\t<\/div>\n\t\t\t\t<\/div>\n\t\t\t\t<\/div>\n\t\t<div class=\"elementor-element elementor-element-2261fc4 e-con-full e-flex e-con e-child\" data-id=\"2261fc4\" data-element_type=\"container\" data-e-type=\"container\" data-settings=\"{&quot;background_background&quot;:&quot;classic&quot;}\">\n\t\t<div class=\"elementor-element elementor-element-ef25468 e-con-full e-flex e-con e-child\" data-id=\"ef25468\" data-element_type=\"container\" data-e-type=\"container\">\n\t\t\t\t<div class=\"elementor-element elementor-element-2107b5d elementor-widget elementor-widget-heading\" data-id=\"2107b5d\" data-element_type=\"widget\" data-e-type=\"widget\" data-widget_type=\"heading.default\">\n\t\t\t\t\t<h3 class=\"elementor-heading-title elementor-size-default\">Katastrophenmanagement und Notfallma\u00dfnahmen<\/h3>\t\t\t\t<\/div>\n\t\t\t\t<div class=\"elementor-element elementor-element-ab1ebec elementor-widget elementor-widget-text-editor\" data-id=\"ab1ebec\" data-element_type=\"widget\" data-e-type=\"widget\" data-widget_type=\"text-editor.default\">\n\t\t\t\t\t\t\t\t\t<p>Regierungsinstitutionen k\u00f6nnen FlyPix AI nutzen, um Naturkatastrophen wie \u00dcberschwemmungen, Wirbelst\u00fcrme oder Waldbr\u00e4nde in Echtzeit zu \u00fcberwachen. Die KI analysiert Satelliten- und Drohnenbilder, um das Ausma\u00df des Schadens einzusch\u00e4tzen, kritische Bereiche zu identifizieren, in denen Notfallma\u00dfnahmen erforderlich sind, und Rettungsma\u00dfnahmen effektiver zu koordinieren.<\/p>\t\t\t\t\t\t\t\t<\/div>\n\t\t\t\t<\/div>\n\t\t<div class=\"elementor-element elementor-element-6a9d17c e-con-full e-flex e-con e-child\" data-id=\"6a9d17c\" data-element_type=\"container\" data-e-type=\"container\" data-settings=\"{&quot;background_background&quot;:&quot;classic&quot;}\">\n\t\t\t\t<\/div>\n\t\t\t\t<\/div>\n\t\t<div class=\"elementor-element elementor-element-868eefc e-con-full e-flex e-con e-child\" data-id=\"868eefc\" data-element_type=\"container\" data-e-type=\"container\" data-settings=\"{&quot;background_background&quot;:&quot;classic&quot;}\">\n\t\t<div class=\"elementor-element elementor-element-4bfbaf8 e-con-full e-flex e-con e-child\" data-id=\"4bfbaf8\" data-element_type=\"container\" data-e-type=\"container\" data-settings=\"{&quot;background_background&quot;:&quot;classic&quot;}\">\n\t\t\t\t<\/div>\n\t\t<div class=\"elementor-element elementor-element-2832cdd e-con-full e-flex e-con e-child\" data-id=\"2832cdd\" data-element_type=\"container\" data-e-type=\"container\">\n\t\t\t\t<div class=\"elementor-element elementor-element-529c5df elementor-widget elementor-widget-heading\" data-id=\"529c5df\" data-element_type=\"widget\" data-e-type=\"widget\" data-widget_type=\"heading.default\">\n\t\t\t\t\t<h3 class=\"elementor-heading-title elementor-size-default\">Umwelt\u00fcberwachung und Durchsetzung von Vorschriften<\/h3>\t\t\t\t<\/div>\n\t\t\t\t<div class=\"elementor-element elementor-element-d9617d4 elementor-widget elementor-widget-text-editor\" data-id=\"d9617d4\" data-element_type=\"widget\" data-e-type=\"widget\" data-widget_type=\"text-editor.default\">\n\t\t\t\t\t\t\t\t\t<p>FlyPix AI kann Regierungsbeh\u00f6rden bei der \u00dcberwachung von Umweltver\u00e4nderungen und der Durchsetzung von Vorschriften unterst\u00fctzen. Die KI kann illegale Abholzung, unbefugte Landnutzung und Umweltverschmutzung erkennen, was schnelle Durchsetzungsma\u00dfnahmen erm\u00f6glicht und zum Schutz nat\u00fcrlicher Ressourcen beitr\u00e4gt.<\/p>\t\t\t\t\t\t\t\t<\/div>\n\t\t\t\t<\/div>\n\t\t\t\t<\/div>\n\t\t<div class=\"elementor-element elementor-element-fbc8c5a e-con-full e-flex e-con e-child\" data-id=\"fbc8c5a\" data-element_type=\"container\" data-e-type=\"container\" data-settings=\"{&quot;background_background&quot;:&quot;classic&quot;}\">\n\t\t<div class=\"elementor-element elementor-element-49af5c1 e-con-full e-flex e-con e-child\" data-id=\"49af5c1\" data-element_type=\"container\" data-e-type=\"container\">\n\t\t\t\t<div class=\"elementor-element elementor-element-d88d8ed elementor-widget elementor-widget-heading\" data-id=\"d88d8ed\" data-element_type=\"widget\" data-e-type=\"widget\" data-widget_type=\"heading.default\">\n\t\t\t\t\t<h3 class=\"elementor-heading-title elementor-size-default\">\u00dcberwachung der \u00f6ffentlichen Sicherheit<\/h3>\t\t\t\t<\/div>\n\t\t\t\t<div class=\"elementor-element elementor-element-b1a25c4 elementor-widget elementor-widget-text-editor\" data-id=\"b1a25c4\" data-element_type=\"widget\" data-e-type=\"widget\" data-widget_type=\"text-editor.default\">\n\t\t\t\t\t\t\t\t\t<p>FlyPix AI kann die \u00f6ffentliche Sicherheit verbessern, indem es \u00f6ffentliche R\u00e4ume und kritische Infrastrukturen in Echtzeit \u00fcberwacht. Die KI kann ungew\u00f6hnliche Aktivit\u00e4ten erkennen, Bewegungen von Menschenmengen \u00fcberwachen und Sicherheitsbedrohungen identifizieren und so Strafverfolgungs- und Sicherheitsbeh\u00f6rden bei der Aufrechterhaltung der \u00f6ffentlichen Ordnung und Sicherheit unterst\u00fctzen.<\/p>\t\t\t\t\t\t\t\t<\/div>\n\t\t\t\t<\/div>\n\t\t<div class=\"elementor-element elementor-element-63b5ee1 e-con-full e-flex e-con e-child\" data-id=\"63b5ee1\" data-element_type=\"container\" data-e-type=\"container\" data-settings=\"{&quot;background_background&quot;:&quot;classic&quot;}\">\n\t\t\t\t<\/div>\n\t\t\t\t<\/div>\n\t\t\t\t\t<\/div>\n\t\t\t\t<\/div>\n\t\t\t\t<\/div>","protected":false},"excerpt":{"rendered":"<p>OBJECT DETECTION FOR GOVERNMENT INSTITUTIONS Harness the power of our advanced object detection platform for aerial imagery to optimize road maintenance and waste management Waste and Debris Detection Identifying and classifying waste requires significant effort and resources, however, FlyPix AI can automate waste detection using artificial intelligence. Our cutting-edge software leverages machine learning algorithms to [&hellip;]<\/p>\n","protected":false},"author":1,"featured_media":3645,"parent":0,"menu_order":0,"comment_status":"closed","ping_status":"closed","template":"","meta":{"_acf_changed":false,"footnotes":""},"class_list":["post-154480","page","type-page","status-publish","has-post-thumbnail","hentry"],"acf":[],"yoast_head":"<!-- This site is optimized with the Yoast SEO plugin v27.3 - https:\/\/yoast.com\/product\/yoast-seo-wordpress\/ -->\n<title>Object Detection Software for Government Institutions - Flypix<\/title>\n<meta name=\"description\" content=\"FlyPix&#039;s object detection technology for aerial imagery allows government institutions to optimize road maintenance and waste management\" \/>\n<meta name=\"robots\" content=\"index, follow, max-snippet:-1, max-image-preview:large, max-video-preview:-1\" \/>\n<link rel=\"canonical\" href=\"https:\/\/flypix.ai\/de\/object-detection-software-for-government-institutions\/\" \/>\n<meta property=\"og:locale\" content=\"de_DE\" \/>\n<meta property=\"og:type\" content=\"article\" \/>\n<meta property=\"og:title\" content=\"Object Detection Software for Government Institutions - Flypix\" \/>\n<meta property=\"og:description\" content=\"FlyPix&#039;s object detection technology for aerial imagery allows government institutions to optimize road maintenance and waste management\" \/>\n<meta property=\"og:url\" content=\"https:\/\/flypix.ai\/de\/object-detection-software-for-government-institutions\/\" \/>\n<meta property=\"og:site_name\" content=\"Flypix\" \/>\n<meta property=\"article:modified_time\" content=\"2024-09-23T15:11:38+00:00\" \/>\n<meta property=\"og:image\" content=\"https:\/\/flypix.ai\/wp-content\/uploads\/2022\/10\/Flip-01.jpg\" \/>\n\t<meta property=\"og:image:width\" content=\"590\" \/>\n\t<meta property=\"og:image:height\" content=\"715\" \/>\n\t<meta property=\"og:image:type\" content=\"image\/jpeg\" \/>\n<meta name=\"twitter:card\" content=\"summary_large_image\" \/>\n<meta name=\"twitter:label1\" content=\"Gesch\u00e4tzte Lesezeit\" \/>\n\t<meta name=\"twitter:data1\" content=\"3\u00a0Minuten\" \/>\n<script type=\"application\/ld+json\" class=\"yoast-schema-graph\">{\"@context\":\"https:\\\/\\\/schema.org\",\"@graph\":[{\"@type\":\"WebPage\",\"@id\":\"https:\\\/\\\/flypix.ai\\\/object-detection-software-for-government-institutions\\\/\",\"url\":\"https:\\\/\\\/flypix.ai\\\/object-detection-software-for-government-institutions\\\/\",\"name\":\"Object Detection Software for Government Institutions - Flypix\",\"isPartOf\":{\"@id\":\"https:\\\/\\\/flypix.ai\\\/#website\"},\"primaryImageOfPage\":{\"@id\":\"https:\\\/\\\/flypix.ai\\\/object-detection-software-for-government-institutions\\\/#primaryimage\"},\"image\":{\"@id\":\"https:\\\/\\\/flypix.ai\\\/object-detection-software-for-government-institutions\\\/#primaryimage\"},\"thumbnailUrl\":\"https:\\\/\\\/flypix.ai\\\/wp-content\\\/uploads\\\/2022\\\/10\\\/Flip-01.jpg\",\"datePublished\":\"2023-01-16T10:28:59+00:00\",\"dateModified\":\"2024-09-23T15:11:38+00:00\",\"description\":\"FlyPix's object detection technology for aerial imagery allows government institutions to optimize road maintenance and waste management\",\"breadcrumb\":{\"@id\":\"https:\\\/\\\/flypix.ai\\\/object-detection-software-for-government-institutions\\\/#breadcrumb\"},\"inLanguage\":\"de\",\"potentialAction\":[{\"@type\":\"ReadAction\",\"target\":[\"https:\\\/\\\/flypix.ai\\\/object-detection-software-for-government-institutions\\\/\"]}]},{\"@type\":\"ImageObject\",\"inLanguage\":\"de\",\"@id\":\"https:\\\/\\\/flypix.ai\\\/object-detection-software-for-government-institutions\\\/#primaryimage\",\"url\":\"https:\\\/\\\/flypix.ai\\\/wp-content\\\/uploads\\\/2022\\\/10\\\/Flip-01.jpg\",\"contentUrl\":\"https:\\\/\\\/flypix.ai\\\/wp-content\\\/uploads\\\/2022\\\/10\\\/Flip-01.jpg\",\"width\":590,\"height\":715},{\"@type\":\"BreadcrumbList\",\"@id\":\"https:\\\/\\\/flypix.ai\\\/object-detection-software-for-government-institutions\\\/#breadcrumb\",\"itemListElement\":[{\"@type\":\"ListItem\",\"position\":1,\"name\":\"Home\",\"item\":\"https:\\\/\\\/flypix.ai\\\/\"},{\"@type\":\"ListItem\",\"position\":2,\"name\":\"Government\"}]},{\"@type\":\"WebSite\",\"@id\":\"https:\\\/\\\/flypix.ai\\\/#website\",\"url\":\"https:\\\/\\\/flypix.ai\\\/\",\"name\":\"Flypix\",\"description\":\"AN END-TO-END PLATFORM FOR ENTITY DETECTION, LOCALIZATION AND SEGMENTATION POWERED BY ARTIFICIAL INTELLIGENCE\",\"publisher\":{\"@id\":\"https:\\\/\\\/flypix.ai\\\/#organization\"},\"potentialAction\":[{\"@type\":\"SearchAction\",\"target\":{\"@type\":\"EntryPoint\",\"urlTemplate\":\"https:\\\/\\\/flypix.ai\\\/?s={search_term_string}\"},\"query-input\":{\"@type\":\"PropertyValueSpecification\",\"valueRequired\":true,\"valueName\":\"search_term_string\"}}],\"inLanguage\":\"de\"},{\"@type\":\"Organization\",\"@id\":\"https:\\\/\\\/flypix.ai\\\/#organization\",\"name\":\"Flypix AI\",\"url\":\"https:\\\/\\\/flypix.ai\\\/\",\"logo\":{\"@type\":\"ImageObject\",\"inLanguage\":\"de\",\"@id\":\"https:\\\/\\\/flypix.ai\\\/#\\\/schema\\\/logo\\\/image\\\/\",\"url\":\"https:\\\/\\\/flypix.ai\\\/wp-content\\\/uploads\\\/2024\\\/07\\\/logo.svg\",\"contentUrl\":\"https:\\\/\\\/flypix.ai\\\/wp-content\\\/uploads\\\/2024\\\/07\\\/logo.svg\",\"width\":346,\"height\":40,\"caption\":\"Flypix AI\"},\"image\":{\"@id\":\"https:\\\/\\\/flypix.ai\\\/#\\\/schema\\\/logo\\\/image\\\/\"}}]}<\/script>\n<!-- \/ Yoast SEO plugin. -->","yoast_head_json":{"title":"Objekterkennungssoftware f\u00fcr staatliche Einrichtungen - Flypix","description":"Mit der Objekterkennungstechnologie von FlyPix f\u00fcr Luftbilder k\u00f6nnen Beh\u00f6rden die Stra\u00dfeninstandhaltung und das Abfallmanagement optimieren","robots":{"index":"index","follow":"follow","max-snippet":"max-snippet:-1","max-image-preview":"max-image-preview:large","max-video-preview":"max-video-preview:-1"},"canonical":"https:\/\/flypix.ai\/de\/object-detection-software-for-government-institutions\/","og_locale":"de_DE","og_type":"article","og_title":"Object Detection Software for Government Institutions - Flypix","og_description":"FlyPix's object detection technology for aerial imagery allows government institutions to optimize road maintenance and waste management","og_url":"https:\/\/flypix.ai\/de\/object-detection-software-for-government-institutions\/","og_site_name":"Flypix","article_modified_time":"2024-09-23T15:11:38+00:00","og_image":[{"width":590,"height":715,"url":"https:\/\/flypix.ai\/wp-content\/uploads\/2022\/10\/Flip-01.jpg","type":"image\/jpeg"}],"twitter_card":"summary_large_image","twitter_misc":{"Gesch\u00e4tzte Lesezeit":"3\u00a0Minuten"},"schema":{"@context":"https:\/\/schema.org","@graph":[{"@type":"WebPage","@id":"https:\/\/flypix.ai\/object-detection-software-for-government-institutions\/","url":"https:\/\/flypix.ai\/object-detection-software-for-government-institutions\/","name":"Objekterkennungssoftware f\u00fcr staatliche Einrichtungen - Flypix","isPartOf":{"@id":"https:\/\/flypix.ai\/#website"},"primaryImageOfPage":{"@id":"https:\/\/flypix.ai\/object-detection-software-for-government-institutions\/#primaryimage"},"image":{"@id":"https:\/\/flypix.ai\/object-detection-software-for-government-institutions\/#primaryimage"},"thumbnailUrl":"https:\/\/flypix.ai\/wp-content\/uploads\/2022\/10\/Flip-01.jpg","datePublished":"2023-01-16T10:28:59+00:00","dateModified":"2024-09-23T15:11:38+00:00","description":"Mit der Objekterkennungstechnologie von FlyPix f\u00fcr Luftbilder k\u00f6nnen Beh\u00f6rden die Stra\u00dfeninstandhaltung und das Abfallmanagement optimieren","breadcrumb":{"@id":"https:\/\/flypix.ai\/object-detection-software-for-government-institutions\/#breadcrumb"},"inLanguage":"de","potentialAction":[{"@type":"ReadAction","target":["https:\/\/flypix.ai\/object-detection-software-for-government-institutions\/"]}]},{"@type":"ImageObject","inLanguage":"de","@id":"https:\/\/flypix.ai\/object-detection-software-for-government-institutions\/#primaryimage","url":"https:\/\/flypix.ai\/wp-content\/uploads\/2022\/10\/Flip-01.jpg","contentUrl":"https:\/\/flypix.ai\/wp-content\/uploads\/2022\/10\/Flip-01.jpg","width":590,"height":715},{"@type":"BreadcrumbList","@id":"https:\/\/flypix.ai\/object-detection-software-for-government-institutions\/#breadcrumb","itemListElement":[{"@type":"ListItem","position":1,"name":"Home","item":"https:\/\/flypix.ai\/"},{"@type":"ListItem","position":2,"name":"Government"}]},{"@type":"WebSite","@id":"https:\/\/flypix.ai\/#website","url":"https:\/\/flypix.ai\/","name":"Flypix","description":"Eine durchg\u00e4ngige Plattform zur Objekterkennung, Lokalisierung und Segmentierung auf Basis k\u00fcnstlicher Intelligenz","publisher":{"@id":"https:\/\/flypix.ai\/#organization"},"potentialAction":[{"@type":"SearchAction","target":{"@type":"EntryPoint","urlTemplate":"https:\/\/flypix.ai\/?s={search_term_string}"},"query-input":{"@type":"PropertyValueSpecification","valueRequired":true,"valueName":"search_term_string"}}],"inLanguage":"de"},{"@type":"Organization","@id":"https:\/\/flypix.ai\/#organization","name":"Flypix AI","url":"https:\/\/flypix.ai\/","logo":{"@type":"ImageObject","inLanguage":"de","@id":"https:\/\/flypix.ai\/#\/schema\/logo\/image\/","url":"https:\/\/flypix.ai\/wp-content\/uploads\/2024\/07\/logo.svg","contentUrl":"https:\/\/flypix.ai\/wp-content\/uploads\/2024\/07\/logo.svg","width":346,"height":40,"caption":"Flypix AI"},"image":{"@id":"https:\/\/flypix.ai\/#\/schema\/logo\/image\/"}}]}},"_links":{"self":[{"href":"https:\/\/flypix.ai\/de\/wp-json\/wp\/v2\/pages\/154480","targetHints":{"allow":["GET"]}}],"collection":[{"href":"https:\/\/flypix.ai\/de\/wp-json\/wp\/v2\/pages"}],"about":[{"href":"https:\/\/flypix.ai\/de\/wp-json\/wp\/v2\/types\/page"}],"author":[{"embeddable":true,"href":"https:\/\/flypix.ai\/de\/wp-json\/wp\/v2\/users\/1"}],"replies":[{"embeddable":true,"href":"https:\/\/flypix.ai\/de\/wp-json\/wp\/v2\/comments?post=154480"}],"version-history":[{"count":0,"href":"https:\/\/flypix.ai\/de\/wp-json\/wp\/v2\/pages\/154480\/revisions"}],"wp:featuredmedia":[{"embeddable":true,"href":"https:\/\/flypix.ai\/de\/wp-json\/wp\/v2\/media\/3645"}],"wp:attachment":[{"href":"https:\/\/flypix.ai\/de\/wp-json\/wp\/v2\/media?parent=154480"}],"curies":[{"name":"wp","href":"https:\/\/api.w.org\/{rel}","templated":true}]}}