{"id":154497,"date":"2023-01-16T11:43:52","date_gmt":"2023-01-16T11:43:52","guid":{"rendered":"https:\/\/flypix.ai\/?page_id=154497"},"modified":"2024-09-23T15:01:49","modified_gmt":"2024-09-23T15:01:49","slug":"object-detection-software-for-construction-automation","status":"publish","type":"page","link":"https:\/\/flypix.ai\/de\/object-detection-software-for-construction-automation\/","title":{"rendered":"Bauwesen"},"content":{"rendered":"<div data-elementor-type=\"wp-page\" data-elementor-id=\"154497\" class=\"elementor elementor-154497\" data-elementor-post-type=\"page\">\n\t\t\t\t<div class=\"elementor-element elementor-element-2a120cdc e-flex e-con-boxed e-con e-parent\" data-id=\"2a120cdc\" data-element_type=\"container\" data-e-type=\"container\" data-settings=\"{&quot;background_background&quot;:&quot;classic&quot;}\">\n\t\t\t\t\t<div class=\"e-con-inner\">\n\t\t<div class=\"elementor-element elementor-element-fb9674f e-con-full e-flex e-con e-child\" data-id=\"fb9674f\" data-element_type=\"container\" data-e-type=\"container\">\n\t\t\t\t<div class=\"elementor-element elementor-element-5632cb34 elementor-widget elementor-widget-heading\" data-id=\"5632cb34\" data-element_type=\"widget\" data-e-type=\"widget\" data-widget_type=\"heading.default\">\n\t\t\t\t\t<h1 class=\"elementor-heading-title elementor-size-default\">OBJEKTERKENNUNG F\u00dcR DIE FERTIGUNGS- UND BAUINDUSTRIE\n<\/h1>\t\t\t\t<\/div>\n\t\t<div class=\"elementor-element elementor-element-691cc0d3 e-con-full e-flex e-con e-child\" data-id=\"691cc0d3\" data-element_type=\"container\" data-e-type=\"container\">\n\t\t\t\t<div class=\"elementor-element elementor-element-38a60774 elementor-widget-divider--view-line elementor-widget elementor-widget-divider\" data-id=\"38a60774\" data-element_type=\"widget\" data-e-type=\"widget\" data-widget_type=\"divider.default\">\n\t\t\t\t\t\t\t<div class=\"elementor-divider\">\n\t\t\t<span class=\"elementor-divider-separator\">\n\t\t\t\t\t\t<\/span>\n\t\t<\/div>\n\t\t\t\t\t\t<\/div>\n\t\t\t\t<\/div>\n\t\t<div class=\"elementor-element elementor-element-668a8b5e e-con-full e-flex e-con e-child\" data-id=\"668a8b5e\" data-element_type=\"container\" data-e-type=\"container\">\n\t\t\t\t<div class=\"elementor-element elementor-element-7ad04919 elementor-widget elementor-widget-heading\" data-id=\"7ad04919\" data-element_type=\"widget\" data-e-type=\"widget\" data-widget_type=\"heading.default\">\n\t\t\t\t\t<h2 class=\"elementor-heading-title elementor-size-default\">Mithilfe der Objekterkennungstechnologie von FlyPix f\u00fcr Luftbilder k\u00f6nnen Bauleiter aus der Ferne Baumaterialien identifizieren, M\u00e4ngel erkennen und Fortschrittsberichte erstellen<\/h2>\t\t\t\t<\/div>\n\t\t\t\t<\/div>\n\t\t\t\t<\/div>\n\t\t\t\t\t<\/div>\n\t\t\t\t<\/div>\n\t\t<div class=\"elementor-element elementor-element-5f156e6 e-flex e-con-boxed e-con e-parent\" data-id=\"5f156e6\" data-element_type=\"container\" data-e-type=\"container\" data-settings=\"{&quot;background_background&quot;:&quot;classic&quot;}\">\n\t\t\t\t\t<div class=\"e-con-inner\">\n\t\t<div class=\"elementor-element elementor-element-7321e92b e-con-full e-flex e-con e-child\" data-id=\"7321e92b\" data-element_type=\"container\" data-e-type=\"container\">\n\t\t<div class=\"elementor-element elementor-element-3a6862c0 e-con-full e-flex e-con e-child\" data-id=\"3a6862c0\" data-element_type=\"container\" data-e-type=\"container\">\n\t\t\t\t<div class=\"elementor-element elementor-element-74377a80 elementor-widget__width-initial elementor-widget elementor-widget-heading\" data-id=\"74377a80\" data-element_type=\"widget\" data-e-type=\"widget\" data-widget_type=\"heading.default\">\n\t\t\t\t\t<div class=\"elementor-heading-title elementor-size-default\">01<\/div>\t\t\t\t<\/div>\n\t\t\t\t<div class=\"elementor-element elementor-element-71f0aac4 elementor-widget elementor-widget-heading\" data-id=\"71f0aac4\" data-element_type=\"widget\" data-e-type=\"widget\" data-widget_type=\"heading.default\">\n\t\t\t\t\t<h3 class=\"elementor-heading-title elementor-size-default\">Baustoffe identifizieren, M\u00e4ngel und potenzielle Risiken aus der Ferne erkennen<\/h3>\t\t\t\t<\/div>\n\t\t\t\t<\/div>\n\t\t<div class=\"elementor-element elementor-element-19a746f e-con-full e-flex e-con e-child\" data-id=\"19a746f\" data-element_type=\"container\" data-e-type=\"container\">\n\t\t\t\t<div class=\"elementor-element elementor-element-7a902a40 elementor-widget__width-initial elementor-widget elementor-widget-heading\" data-id=\"7a902a40\" data-element_type=\"widget\" data-e-type=\"widget\" data-widget_type=\"heading.default\">\n\t\t\t\t\t<div class=\"elementor-heading-title elementor-size-default\">02<\/div>\t\t\t\t<\/div>\n\t\t\t\t<div class=\"elementor-element elementor-element-19fa3a57 elementor-widget elementor-widget-heading\" data-id=\"19fa3a57\" data-element_type=\"widget\" data-e-type=\"widget\" data-widget_type=\"heading.default\">\n\t\t\t\t\t<h3 class=\"elementor-heading-title elementor-size-default\">Reduzieren Sie den Bedarf an Vor-Ort-Inspektionen und verbessern Sie die Sicherheit<\/h3>\t\t\t\t<\/div>\n\t\t\t\t<\/div>\n\t\t<div class=\"elementor-element elementor-element-4284a25d e-con-full e-flex e-con e-child\" data-id=\"4284a25d\" data-element_type=\"container\" data-e-type=\"container\">\n\t\t\t\t<div class=\"elementor-element elementor-element-3aca3aad elementor-widget__width-initial elementor-widget elementor-widget-heading\" data-id=\"3aca3aad\" data-element_type=\"widget\" data-e-type=\"widget\" data-widget_type=\"heading.default\">\n\t\t\t\t\t<div class=\"elementor-heading-title elementor-size-default\">03<\/div>\t\t\t\t<\/div>\n\t\t\t\t<div class=\"elementor-element elementor-element-6e4ccd97 elementor-widget elementor-widget-heading\" data-id=\"6e4ccd97\" data-element_type=\"widget\" data-e-type=\"widget\" data-widget_type=\"heading.default\">\n\t\t\t\t\t<h3 class=\"elementor-heading-title elementor-size-default\">Erstellen Sie detaillierte Baufortschrittsberichte<\/h3>\t\t\t\t<\/div>\n\t\t\t\t<\/div>\n\t\t\t\t<\/div>\n\t\t<div class=\"elementor-element elementor-element-3b36bf14 e-con-full e-flex e-con e-child\" data-id=\"3b36bf14\" data-element_type=\"container\" data-e-type=\"container\" data-settings=\"{&quot;background_background&quot;:&quot;classic&quot;}\">\n\t\t<div class=\"elementor-element elementor-element-65256419 e-con-full e-flex e-con e-child\" data-id=\"65256419\" data-element_type=\"container\" data-e-type=\"container\" data-settings=\"{&quot;background_background&quot;:&quot;classic&quot;}\">\n\t\t\t\t<\/div>\n\t\t<div class=\"elementor-element elementor-element-19b842d e-con-full e-flex e-con e-child\" data-id=\"19b842d\" data-element_type=\"container\" data-e-type=\"container\" data-settings=\"{&quot;background_background&quot;:&quot;classic&quot;}\">\n\t\t\t\t<div class=\"elementor-element elementor-element-34e54134 elementor-widget elementor-widget-heading\" data-id=\"34e54134\" data-element_type=\"widget\" data-e-type=\"widget\" data-widget_type=\"heading.default\">\n\t\t\t\t\t<p class=\"elementor-heading-title elementor-size-default\">Ferninspektion von Baustellen<\/p>\t\t\t\t<\/div>\n\t\t\t\t<div class=\"elementor-element elementor-element-26597b5f elementor-widget elementor-widget-text-editor\" data-id=\"26597b5f\" data-element_type=\"widget\" data-e-type=\"widget\" data-widget_type=\"text-editor.default\">\n\t\t\t\t\t\t\t\t\t<p>FlyPix nutzt fortschrittliche k\u00fcnstliche Intelligenz (KI), um Objekte in Satelliten- und Drohnenbildern automatisch zu analysieren und zu erkennen. So k\u00f6nnen Unternehmen Baustellen effizient aus der Ferne inspizieren, den Arbeitsaufwand f\u00fcr Inspektionen vor Ort reduzieren und die Sicherheit verbessern, indem direkter Kontakt mit gef\u00e4hrlichen Bereichen oder H\u00f6hen vermieden wird. Durch die Nutzung der Leistungsf\u00e4higkeit von KI f\u00fcr Bauinspektionen k\u00f6nnen Bauleiter Baumaterialien aus der Ferne leicht identifizieren, Anomalien erkennen, potenzielle Risiken identifizieren und detaillierte Fortschrittsberichte der Baustelle erstellen.<\/p>\t\t\t\t\t\t\t\t<\/div>\n\t\t\t\t<\/div>\n\t\t\t\t<\/div>\n\t\t<div class=\"elementor-element elementor-element-cd0059d e-con-full e-flex e-con e-child\" data-id=\"cd0059d\" data-element_type=\"container\" data-e-type=\"container\" data-settings=\"{&quot;background_background&quot;:&quot;classic&quot;}\">\n\t\t<div class=\"elementor-element elementor-element-8cdc5a8 e-con-full e-flex e-con e-child\" data-id=\"8cdc5a8\" data-element_type=\"container\" data-e-type=\"container\" data-settings=\"{&quot;background_background&quot;:&quot;classic&quot;}\">\n\t\t\t\t<div class=\"elementor-element elementor-element-e8a194c elementor-widget elementor-widget-heading\" data-id=\"e8a194c\" data-element_type=\"widget\" data-e-type=\"widget\" data-widget_type=\"heading.default\">\n\t\t\t\t\t<p class=\"elementor-heading-title elementor-size-default\">Site-\u00dcberwachung und Fortschrittsverfolgung<\/p>\t\t\t\t<\/div>\n\t\t\t\t<div class=\"elementor-element elementor-element-16e7b0e elementor-widget elementor-widget-text-editor\" data-id=\"16e7b0e\" data-element_type=\"widget\" data-e-type=\"widget\" data-widget_type=\"text-editor.default\">\n\t\t\t\t\t\t\t\t\t<p>FlyPix AI kann die \u00dcberwachung von Baustellen mithilfe von Drohnen- und Satellitenbildern automatisieren. Die KI kann den Projektfortschritt verfolgen, Abweichungen von geplanten Entw\u00fcrfen erkennen und Echtzeit-Updates bereitstellen. Dies stellt sicher, dass Projekte im Zeitplan und im Budget bleiben, w\u00e4hrend gleichzeitig das gesamte Baustellenmanagement verbessert wird.<\/p>\t\t\t\t\t\t\t\t<\/div>\n\t\t\t\t<\/div>\n\t\t<div class=\"elementor-element elementor-element-070c6d5 e-con-full e-flex e-con e-child\" data-id=\"070c6d5\" data-element_type=\"container\" data-e-type=\"container\" data-settings=\"{&quot;background_background&quot;:&quot;classic&quot;}\">\n\t\t\t\t<\/div>\n\t\t\t\t<\/div>\n\t\t<div class=\"elementor-element elementor-element-f532860 e-con-full e-flex e-con e-child\" data-id=\"f532860\" data-element_type=\"container\" data-e-type=\"container\" data-settings=\"{&quot;background_background&quot;:&quot;classic&quot;}\">\n\t\t<div class=\"elementor-element elementor-element-cdd08ee e-con-full e-flex e-con e-child\" data-id=\"cdd08ee\" data-element_type=\"container\" data-e-type=\"container\" data-settings=\"{&quot;background_background&quot;:&quot;classic&quot;}\">\n\t\t\t\t<\/div>\n\t\t<div class=\"elementor-element elementor-element-58c84cc e-con-full e-flex e-con e-child\" data-id=\"58c84cc\" data-element_type=\"container\" data-e-type=\"container\" data-settings=\"{&quot;background_background&quot;:&quot;classic&quot;}\">\n\t\t\t\t<div class=\"elementor-element elementor-element-b587084 elementor-widget elementor-widget-heading\" data-id=\"b587084\" data-element_type=\"widget\" data-e-type=\"widget\" data-widget_type=\"heading.default\">\n\t\t\t\t\t<p class=\"elementor-heading-title elementor-size-default\">Einhaltung von Sicherheitsvorschriften und Gefahrenerkennung<\/p>\t\t\t\t<\/div>\n\t\t\t\t<div class=\"elementor-element elementor-element-5486497 elementor-widget elementor-widget-text-editor\" data-id=\"5486497\" data-element_type=\"widget\" data-e-type=\"widget\" data-widget_type=\"text-editor.default\">\n\t\t\t\t\t\t\t\t\t<p>FlyPix AI kann die Sicherheit auf Baustellen verbessern, indem es potenzielle Gefahren wie Ger\u00e4test\u00f6rungen, unsichere Arbeitsbedingungen oder unbefugtes Personal identifiziert. Durch die Analyse der Bilddaten tr\u00e4gt die KI dazu bei, die Einhaltung der Sicherheitsvorschriften sicherzustellen und das Unfallrisiko zu verringern.<\/p>\t\t\t\t\t\t\t\t<\/div>\n\t\t\t\t<\/div>\n\t\t\t\t<\/div>\n\t\t<div class=\"elementor-element elementor-element-1729061 e-con-full e-flex e-con e-child\" data-id=\"1729061\" data-element_type=\"container\" data-e-type=\"container\" data-settings=\"{&quot;background_background&quot;:&quot;classic&quot;}\">\n\t\t<div class=\"elementor-element elementor-element-4836acc e-con-full e-flex e-con e-child\" data-id=\"4836acc\" data-element_type=\"container\" data-e-type=\"container\" data-settings=\"{&quot;background_background&quot;:&quot;classic&quot;}\">\n\t\t\t\t<div class=\"elementor-element elementor-element-1da758d elementor-widget elementor-widget-heading\" data-id=\"1da758d\" data-element_type=\"widget\" data-e-type=\"widget\" data-widget_type=\"heading.default\">\n\t\t\t\t\t<p class=\"elementor-heading-title elementor-size-default\">Automatisiertes Assetmanagement<\/p>\t\t\t\t<\/div>\n\t\t\t\t<div class=\"elementor-element elementor-element-4ad3f23 elementor-widget elementor-widget-text-editor\" data-id=\"4ad3f23\" data-element_type=\"widget\" data-e-type=\"widget\" data-widget_type=\"text-editor.default\">\n\t\t\t\t\t\t\t\t\t<p>Mit FlyPix AI k\u00f6nnen Sie Bauanlagen wie Maschinen, Materialien und Ger\u00e4te verfolgen und verwalten. Die KI bietet Einblicke in die Nutzung und den Zustand dieser Anlagen, erm\u00f6glicht eine bessere Bestandsverwaltung, reduziert Diebst\u00e4hle und optimiert die Ressourcenzuweisung.<\/p>\t\t\t\t\t\t\t\t<\/div>\n\t\t\t\t<\/div>\n\t\t<div class=\"elementor-element elementor-element-3e5bcad e-con-full e-flex e-con e-child\" data-id=\"3e5bcad\" data-element_type=\"container\" data-e-type=\"container\" data-settings=\"{&quot;background_background&quot;:&quot;classic&quot;}\">\n\t\t\t\t<\/div>\n\t\t\t\t<\/div>\n\t\t<div class=\"elementor-element elementor-element-7c78739 e-con-full e-flex e-con e-child\" data-id=\"7c78739\" data-element_type=\"container\" data-e-type=\"container\" data-settings=\"{&quot;background_background&quot;:&quot;classic&quot;}\">\n\t\t<div class=\"elementor-element elementor-element-13a8be3 e-con-full e-flex e-con e-child\" data-id=\"13a8be3\" data-element_type=\"container\" data-e-type=\"container\" data-settings=\"{&quot;background_background&quot;:&quot;classic&quot;}\">\n\t\t\t\t<\/div>\n\t\t<div class=\"elementor-element elementor-element-d9d1536 e-con-full e-flex e-con e-child\" data-id=\"d9d1536\" data-element_type=\"container\" data-e-type=\"container\" data-settings=\"{&quot;background_background&quot;:&quot;classic&quot;}\">\n\t\t\t\t<div class=\"elementor-element elementor-element-0a7e858 elementor-widget elementor-widget-heading\" data-id=\"0a7e858\" data-element_type=\"widget\" data-e-type=\"widget\" data-widget_type=\"heading.default\">\n\t\t\t\t\t<p class=\"elementor-heading-title elementor-size-default\">Qualit\u00e4tskontrolle und Fehlererkennung<\/p>\t\t\t\t<\/div>\n\t\t\t\t<div class=\"elementor-element elementor-element-46a6c52 elementor-widget elementor-widget-text-editor\" data-id=\"46a6c52\" data-element_type=\"widget\" data-e-type=\"widget\" data-widget_type=\"text-editor.default\">\n\t\t\t\t\t\t\t\t\t<p>FlyPix AI kann durch die Analyse von Bildern abgeschlossener Arbeiten detaillierte Pr\u00fcfungen der Bauqualit\u00e4t durchf\u00fchren. Die KI kann Defekte, strukturelle Probleme oder Abweichungen von Konstruktionsspezifikationen erkennen und so sofortige Korrekturma\u00dfnahmen erm\u00f6glichen. Dies verbessert die Qualit\u00e4t der endg\u00fcltigen Konstruktion und verringert den Bedarf an kostspieligen Nacharbeiten.<\/p>\t\t\t\t\t\t\t\t<\/div>\n\t\t\t\t<\/div>\n\t\t\t\t<\/div>\n\t\t\t\t\t<\/div>\n\t\t\t\t<\/div>\n\t\t\t\t<\/div>","protected":false},"excerpt":{"rendered":"<p>OBJECT DETECTION FOR MANUFACTURING AND CONSTRUCTION INDUSTRY FlyPix&#8217;s Object Detection Technology for Aerial Imagery Allows Construction Supervisors to Remotely Identify Construction Materials, Detect Defects, and Generate Progress Reports 01 Identify construction materials, detect defects and potential risks remotely 02 Reduce the need for on-site inspections and improve safety 03 Create detailed construction progress reports Remote [&hellip;]<\/p>\n","protected":false},"author":1,"featured_media":3646,"parent":0,"menu_order":0,"comment_status":"closed","ping_status":"closed","template":"","meta":{"_acf_changed":false,"footnotes":""},"class_list":["post-154497","page","type-page","status-publish","has-post-thumbnail","hentry"],"acf":[],"yoast_head":"<!-- This site is optimized with the Yoast SEO plugin v27.3 - https:\/\/yoast.com\/product\/yoast-seo-wordpress\/ -->\n<title>Object Detection in Manufacturing and Construction Industry - Flypix<\/title>\n<meta name=\"description\" content=\"Identify construction materials, detect potential risks, and generate detailed progress reports with FlyPix&#039;s object detection technology\" \/>\n<meta name=\"robots\" content=\"index, follow, max-snippet:-1, max-image-preview:large, max-video-preview:-1\" \/>\n<link rel=\"canonical\" href=\"https:\/\/flypix.ai\/de\/object-detection-software-for-construction-automation\/\" \/>\n<meta property=\"og:locale\" content=\"de_DE\" \/>\n<meta property=\"og:type\" content=\"article\" \/>\n<meta property=\"og:title\" content=\"Object Detection in Manufacturing and Construction Industry - Flypix\" \/>\n<meta property=\"og:description\" content=\"Identify construction materials, detect potential risks, and generate detailed progress reports with FlyPix&#039;s object detection technology\" \/>\n<meta property=\"og:url\" content=\"https:\/\/flypix.ai\/de\/object-detection-software-for-construction-automation\/\" \/>\n<meta property=\"og:site_name\" content=\"Flypix\" \/>\n<meta property=\"article:modified_time\" content=\"2024-09-23T15:01:49+00:00\" \/>\n<meta property=\"og:image\" content=\"https:\/\/flypix.ai\/wp-content\/uploads\/2022\/10\/Flip-02.jpg\" \/>\n\t<meta property=\"og:image:width\" content=\"590\" \/>\n\t<meta property=\"og:image:height\" content=\"715\" \/>\n\t<meta property=\"og:image:type\" content=\"image\/jpeg\" \/>\n<meta name=\"twitter:card\" content=\"summary_large_image\" \/>\n<meta name=\"twitter:label1\" content=\"Gesch\u00e4tzte Lesezeit\" \/>\n\t<meta name=\"twitter:data1\" content=\"2\u00a0Minuten\" \/>\n<script type=\"application\/ld+json\" class=\"yoast-schema-graph\">{\"@context\":\"https:\\\/\\\/schema.org\",\"@graph\":[{\"@type\":\"WebPage\",\"@id\":\"https:\\\/\\\/flypix.ai\\\/object-detection-software-for-construction-automation\\\/\",\"url\":\"https:\\\/\\\/flypix.ai\\\/object-detection-software-for-construction-automation\\\/\",\"name\":\"Object Detection in Manufacturing and Construction Industry - Flypix\",\"isPartOf\":{\"@id\":\"https:\\\/\\\/flypix.ai\\\/#website\"},\"primaryImageOfPage\":{\"@id\":\"https:\\\/\\\/flypix.ai\\\/object-detection-software-for-construction-automation\\\/#primaryimage\"},\"image\":{\"@id\":\"https:\\\/\\\/flypix.ai\\\/object-detection-software-for-construction-automation\\\/#primaryimage\"},\"thumbnailUrl\":\"https:\\\/\\\/flypix.ai\\\/wp-content\\\/uploads\\\/2022\\\/10\\\/Flip-02.jpg\",\"datePublished\":\"2023-01-16T11:43:52+00:00\",\"dateModified\":\"2024-09-23T15:01:49+00:00\",\"description\":\"Identify construction materials, detect potential risks, and generate detailed progress reports with FlyPix's object detection technology\",\"breadcrumb\":{\"@id\":\"https:\\\/\\\/flypix.ai\\\/object-detection-software-for-construction-automation\\\/#breadcrumb\"},\"inLanguage\":\"de\",\"potentialAction\":[{\"@type\":\"ReadAction\",\"target\":[\"https:\\\/\\\/flypix.ai\\\/object-detection-software-for-construction-automation\\\/\"]}]},{\"@type\":\"ImageObject\",\"inLanguage\":\"de\",\"@id\":\"https:\\\/\\\/flypix.ai\\\/object-detection-software-for-construction-automation\\\/#primaryimage\",\"url\":\"https:\\\/\\\/flypix.ai\\\/wp-content\\\/uploads\\\/2022\\\/10\\\/Flip-02.jpg\",\"contentUrl\":\"https:\\\/\\\/flypix.ai\\\/wp-content\\\/uploads\\\/2022\\\/10\\\/Flip-02.jpg\",\"width\":590,\"height\":715},{\"@type\":\"BreadcrumbList\",\"@id\":\"https:\\\/\\\/flypix.ai\\\/object-detection-software-for-construction-automation\\\/#breadcrumb\",\"itemListElement\":[{\"@type\":\"ListItem\",\"position\":1,\"name\":\"Home\",\"item\":\"https:\\\/\\\/flypix.ai\\\/\"},{\"@type\":\"ListItem\",\"position\":2,\"name\":\"Construction\"}]},{\"@type\":\"WebSite\",\"@id\":\"https:\\\/\\\/flypix.ai\\\/#website\",\"url\":\"https:\\\/\\\/flypix.ai\\\/\",\"name\":\"Flypix\",\"description\":\"AN END-TO-END PLATFORM FOR ENTITY DETECTION, LOCALIZATION AND SEGMENTATION POWERED BY ARTIFICIAL INTELLIGENCE\",\"publisher\":{\"@id\":\"https:\\\/\\\/flypix.ai\\\/#organization\"},\"potentialAction\":[{\"@type\":\"SearchAction\",\"target\":{\"@type\":\"EntryPoint\",\"urlTemplate\":\"https:\\\/\\\/flypix.ai\\\/?s={search_term_string}\"},\"query-input\":{\"@type\":\"PropertyValueSpecification\",\"valueRequired\":true,\"valueName\":\"search_term_string\"}}],\"inLanguage\":\"de\"},{\"@type\":\"Organization\",\"@id\":\"https:\\\/\\\/flypix.ai\\\/#organization\",\"name\":\"Flypix AI\",\"url\":\"https:\\\/\\\/flypix.ai\\\/\",\"logo\":{\"@type\":\"ImageObject\",\"inLanguage\":\"de\",\"@id\":\"https:\\\/\\\/flypix.ai\\\/#\\\/schema\\\/logo\\\/image\\\/\",\"url\":\"https:\\\/\\\/flypix.ai\\\/wp-content\\\/uploads\\\/2024\\\/07\\\/logo.svg\",\"contentUrl\":\"https:\\\/\\\/flypix.ai\\\/wp-content\\\/uploads\\\/2024\\\/07\\\/logo.svg\",\"width\":346,\"height\":40,\"caption\":\"Flypix AI\"},\"image\":{\"@id\":\"https:\\\/\\\/flypix.ai\\\/#\\\/schema\\\/logo\\\/image\\\/\"}}]}<\/script>\n<!-- \/ Yoast SEO plugin. -->","yoast_head_json":{"title":"Objekterkennung in der Fertigungs- und Bauindustrie - Flypix","description":"Identifizieren Sie Baumaterialien, erkennen Sie potenzielle Risiken und erstellen Sie detaillierte Fortschrittsberichte mit der Objekterkennungstechnologie von FlyPix","robots":{"index":"index","follow":"follow","max-snippet":"max-snippet:-1","max-image-preview":"max-image-preview:large","max-video-preview":"max-video-preview:-1"},"canonical":"https:\/\/flypix.ai\/de\/object-detection-software-for-construction-automation\/","og_locale":"de_DE","og_type":"article","og_title":"Object Detection in Manufacturing and Construction Industry - Flypix","og_description":"Identify construction materials, detect potential risks, and generate detailed progress reports with FlyPix's object detection technology","og_url":"https:\/\/flypix.ai\/de\/object-detection-software-for-construction-automation\/","og_site_name":"Flypix","article_modified_time":"2024-09-23T15:01:49+00:00","og_image":[{"width":590,"height":715,"url":"https:\/\/flypix.ai\/wp-content\/uploads\/2022\/10\/Flip-02.jpg","type":"image\/jpeg"}],"twitter_card":"summary_large_image","twitter_misc":{"Gesch\u00e4tzte Lesezeit":"2\u00a0Minuten"},"schema":{"@context":"https:\/\/schema.org","@graph":[{"@type":"WebPage","@id":"https:\/\/flypix.ai\/object-detection-software-for-construction-automation\/","url":"https:\/\/flypix.ai\/object-detection-software-for-construction-automation\/","name":"Objekterkennung in der Fertigungs- und Bauindustrie - Flypix","isPartOf":{"@id":"https:\/\/flypix.ai\/#website"},"primaryImageOfPage":{"@id":"https:\/\/flypix.ai\/object-detection-software-for-construction-automation\/#primaryimage"},"image":{"@id":"https:\/\/flypix.ai\/object-detection-software-for-construction-automation\/#primaryimage"},"thumbnailUrl":"https:\/\/flypix.ai\/wp-content\/uploads\/2022\/10\/Flip-02.jpg","datePublished":"2023-01-16T11:43:52+00:00","dateModified":"2024-09-23T15:01:49+00:00","description":"Identifizieren Sie Baumaterialien, erkennen Sie potenzielle Risiken und erstellen Sie detaillierte Fortschrittsberichte mit der Objekterkennungstechnologie von FlyPix","breadcrumb":{"@id":"https:\/\/flypix.ai\/object-detection-software-for-construction-automation\/#breadcrumb"},"inLanguage":"de","potentialAction":[{"@type":"ReadAction","target":["https:\/\/flypix.ai\/object-detection-software-for-construction-automation\/"]}]},{"@type":"ImageObject","inLanguage":"de","@id":"https:\/\/flypix.ai\/object-detection-software-for-construction-automation\/#primaryimage","url":"https:\/\/flypix.ai\/wp-content\/uploads\/2022\/10\/Flip-02.jpg","contentUrl":"https:\/\/flypix.ai\/wp-content\/uploads\/2022\/10\/Flip-02.jpg","width":590,"height":715},{"@type":"BreadcrumbList","@id":"https:\/\/flypix.ai\/object-detection-software-for-construction-automation\/#breadcrumb","itemListElement":[{"@type":"ListItem","position":1,"name":"Home","item":"https:\/\/flypix.ai\/"},{"@type":"ListItem","position":2,"name":"Construction"}]},{"@type":"WebSite","@id":"https:\/\/flypix.ai\/#website","url":"https:\/\/flypix.ai\/","name":"Flypix","description":"Eine durchg\u00e4ngige Plattform zur Objekterkennung, Lokalisierung und Segmentierung auf Basis k\u00fcnstlicher Intelligenz","publisher":{"@id":"https:\/\/flypix.ai\/#organization"},"potentialAction":[{"@type":"SearchAction","target":{"@type":"EntryPoint","urlTemplate":"https:\/\/flypix.ai\/?s={search_term_string}"},"query-input":{"@type":"PropertyValueSpecification","valueRequired":true,"valueName":"search_term_string"}}],"inLanguage":"de"},{"@type":"Organization","@id":"https:\/\/flypix.ai\/#organization","name":"Flypix AI","url":"https:\/\/flypix.ai\/","logo":{"@type":"ImageObject","inLanguage":"de","@id":"https:\/\/flypix.ai\/#\/schema\/logo\/image\/","url":"https:\/\/flypix.ai\/wp-content\/uploads\/2024\/07\/logo.svg","contentUrl":"https:\/\/flypix.ai\/wp-content\/uploads\/2024\/07\/logo.svg","width":346,"height":40,"caption":"Flypix AI"},"image":{"@id":"https:\/\/flypix.ai\/#\/schema\/logo\/image\/"}}]}},"_links":{"self":[{"href":"https:\/\/flypix.ai\/de\/wp-json\/wp\/v2\/pages\/154497","targetHints":{"allow":["GET"]}}],"collection":[{"href":"https:\/\/flypix.ai\/de\/wp-json\/wp\/v2\/pages"}],"about":[{"href":"https:\/\/flypix.ai\/de\/wp-json\/wp\/v2\/types\/page"}],"author":[{"embeddable":true,"href":"https:\/\/flypix.ai\/de\/wp-json\/wp\/v2\/users\/1"}],"replies":[{"embeddable":true,"href":"https:\/\/flypix.ai\/de\/wp-json\/wp\/v2\/comments?post=154497"}],"version-history":[{"count":0,"href":"https:\/\/flypix.ai\/de\/wp-json\/wp\/v2\/pages\/154497\/revisions"}],"wp:featuredmedia":[{"embeddable":true,"href":"https:\/\/flypix.ai\/de\/wp-json\/wp\/v2\/media\/3646"}],"wp:attachment":[{"href":"https:\/\/flypix.ai\/de\/wp-json\/wp\/v2\/media?parent=154497"}],"curies":[{"name":"wp","href":"https:\/\/api.w.org\/{rel}","templated":true}]}}