{"id":154499,"date":"2023-01-16T11:44:43","date_gmt":"2023-01-16T11:44:43","guid":{"rendered":"https:\/\/flypix.ai\/?page_id=154499"},"modified":"2024-09-23T14:55:01","modified_gmt":"2024-09-23T14:55:01","slug":"object-detection-software-for-the-energy-industry","status":"publish","type":"page","link":"https:\/\/flypix.ai\/de\/object-detection-software-for-the-energy-industry\/","title":{"rendered":"Erneuerbare Energie"},"content":{"rendered":"<div data-elementor-type=\"wp-page\" data-elementor-id=\"154499\" class=\"elementor elementor-154499\" data-elementor-post-type=\"page\">\n\t\t\t\t<div class=\"elementor-element elementor-element-19eb128b e-flex e-con-boxed e-con e-parent\" data-id=\"19eb128b\" data-element_type=\"container\" data-e-type=\"container\" data-settings=\"{&quot;background_background&quot;:&quot;classic&quot;}\">\n\t\t\t\t\t<div class=\"e-con-inner\">\n\t\t<div class=\"elementor-element elementor-element-687b3dcf e-con-full e-flex e-con e-child\" data-id=\"687b3dcf\" data-element_type=\"container\" data-e-type=\"container\">\n\t\t\t\t<div class=\"elementor-element elementor-element-91c183c elementor-widget elementor-widget-heading\" data-id=\"91c183c\" data-element_type=\"widget\" data-e-type=\"widget\" data-widget_type=\"heading.default\">\n\t\t\t\t\t<h1 class=\"elementor-heading-title elementor-size-default\">OBJEKTERKENNUNGSSOFTWARE F\u00dcR ERNEUERBARE ENERGIEN<\/h1>\t\t\t\t<\/div>\n\t\t<div class=\"elementor-element elementor-element-3bac6f4a e-con-full e-flex e-con e-child\" data-id=\"3bac6f4a\" data-element_type=\"container\" data-e-type=\"container\">\n\t\t\t\t<div class=\"elementor-element elementor-element-df3e1a8 elementor-widget-divider--view-line elementor-widget elementor-widget-divider\" data-id=\"df3e1a8\" data-element_type=\"widget\" data-e-type=\"widget\" data-widget_type=\"divider.default\">\n\t\t\t\t\t\t\t<div class=\"elementor-divider\">\n\t\t\t<span class=\"elementor-divider-separator\">\n\t\t\t\t\t\t<\/span>\n\t\t<\/div>\n\t\t\t\t\t\t<\/div>\n\t\t\t\t<\/div>\n\t\t<div class=\"elementor-element elementor-element-40ac4b78 e-con-full e-flex e-con e-child\" data-id=\"40ac4b78\" data-element_type=\"container\" data-e-type=\"container\">\n\t\t\t\t<div class=\"elementor-element elementor-element-691bb40f elementor-widget elementor-widget-heading\" data-id=\"691bb40f\" data-element_type=\"widget\" data-e-type=\"widget\" data-widget_type=\"heading.default\">\n\t\t\t\t\t<h2 class=\"elementor-heading-title elementor-size-default\">\u00dcberwachen Sie kritische Infrastrukturen wie Solarmodule und Windm\u00fchlen mit unserer fortschrittlichen Objekterkennungsplattform f\u00fcr Luftbilder\n<\/h2>\t\t\t\t<\/div>\n\t\t\t\t<\/div>\n\t\t\t\t<\/div>\n\t\t\t\t\t<\/div>\n\t\t\t\t<\/div>\n\t\t<div class=\"elementor-element elementor-element-7abcfdae e-flex e-con-boxed e-con e-parent\" data-id=\"7abcfdae\" data-element_type=\"container\" data-e-type=\"container\" data-settings=\"{&quot;background_background&quot;:&quot;classic&quot;}\">\n\t\t\t\t\t<div class=\"e-con-inner\">\n\t\t<div class=\"elementor-element elementor-element-23077b4c e-con-full e-flex e-con e-child\" data-id=\"23077b4c\" data-element_type=\"container\" data-e-type=\"container\">\n\t\t<div class=\"elementor-element elementor-element-20be8576 e-con-full e-flex e-con e-child\" data-id=\"20be8576\" data-element_type=\"container\" data-e-type=\"container\" data-settings=\"{&quot;background_background&quot;:&quot;classic&quot;}\">\n\t\t\t\t<\/div>\n\t\t<div class=\"elementor-element elementor-element-6ee40481 e-con-full e-flex e-con e-child\" data-id=\"6ee40481\" data-element_type=\"container\" data-e-type=\"container\" data-settings=\"{&quot;background_background&quot;:&quot;classic&quot;}\">\n\t\t\t\t<div class=\"elementor-element elementor-element-7f0cf3d8 elementor-widget elementor-widget-heading\" data-id=\"7f0cf3d8\" data-element_type=\"widget\" data-e-type=\"widget\" data-widget_type=\"heading.default\">\n\t\t\t\t\t<span class=\"elementor-heading-title elementor-size-default\">\u00dcberwachung kritischer Infrastrukturen<\/span>\t\t\t\t<\/div>\n\t\t\t\t<div class=\"elementor-element elementor-element-124db62e elementor-widget elementor-widget-text-editor\" data-id=\"124db62e\" data-element_type=\"widget\" data-e-type=\"widget\" data-widget_type=\"text-editor.default\">\n\t\t\t\t\t\t\t\t\t<p>FlyPix ist die branchenf\u00fchrende Plattform f\u00fcr Objekterkennung in Luftbildern und bietet eine umfassende L\u00f6sung f\u00fcr Unternehmen im Bereich erneuerbarer Energien, die ihren Wettbewerbern einen Schritt voraus sein wollen. FlyPix nutzt fortschrittliche k\u00fcnstliche Intelligenz (KI), um hochaufl\u00f6sende Bilder von Satelliten oder anderen Fernerkundungssensoren zu analysieren und so Solarmodule und Windturbinen zu erkennen. Seine Genauigkeit und Skalierbarkeit machen es zu einem leistungsstarken Tool, um kritische Infrastrukturen zeitnah zu \u00fcberwachen und Sch\u00e4den an den Au\u00dfenstrukturen umgehend zu erkennen.<\/p>\t\t\t\t\t\t\t\t<\/div>\n\t\t\t\t<\/div>\n\t\t\t\t<\/div>\n\t\t<div class=\"elementor-element elementor-element-0b004ac e-con-full e-flex e-con e-child\" data-id=\"0b004ac\" data-element_type=\"container\" data-e-type=\"container\">\n\t\t<div class=\"elementor-element elementor-element-33114bb e-con-full e-flex e-con e-child\" data-id=\"33114bb\" data-element_type=\"container\" data-e-type=\"container\" data-settings=\"{&quot;background_background&quot;:&quot;classic&quot;}\">\n\t\t\t\t<div class=\"elementor-element elementor-element-bef26cd elementor-widget elementor-widget-heading\" data-id=\"bef26cd\" data-element_type=\"widget\" data-e-type=\"widget\" data-widget_type=\"heading.default\">\n\t\t\t\t\t<span class=\"elementor-heading-title elementor-size-default\">Pipeline-\u00dcberwachung und Lecksuche<\/span>\t\t\t\t<\/div>\n\t\t\t\t<div class=\"elementor-element elementor-element-32493b7 elementor-widget elementor-widget-text-editor\" data-id=\"32493b7\" data-element_type=\"widget\" data-e-type=\"widget\" data-widget_type=\"text-editor.default\">\n\t\t\t\t\t\t\t\t\t<div id=\"formula-bar-name-box-wrapper\" class=\"name-box-enabled formula-bar-with-name-box-wrapper\"><div id=\"formula-bar\" class=\"formula-bar formulabar-disabled\"><div id=\"t-formula-bar-input-container\"><div dir=\"ltr\"><div id=\"t-formula-bar-input\" spellcheck=\"false\"><div class=\"cell-input disabled-input\" dir=\"ltr\" tabindex=\"0\" role=\"combobox\" contenteditable=\"false\" aria-autocomplete=\"list\">FlyPix AI nutzt Satelliten- und Drohnenbilder, um umfangreiche Energieinfrastrukturen wie Pipelines zu \u00fcberwachen. Die KI kann potenzielle Lecks, Korrosion und andere Anomalien in Echtzeit erkennen, was eine schnelle Wartung erm\u00f6glicht und Umweltsch\u00e4den verhindert. Dies gew\u00e4hrleistet den sicheren und effizienten Betrieb von Energieverteilungsnetzen.<\/div><\/div><\/div><\/div><\/div><\/div>\t\t\t\t\t\t\t\t<\/div>\n\t\t\t\t<\/div>\n\t\t<div class=\"elementor-element elementor-element-e3a90a7 e-con-full e-flex e-con e-child\" data-id=\"e3a90a7\" data-element_type=\"container\" data-e-type=\"container\" data-settings=\"{&quot;background_background&quot;:&quot;classic&quot;}\">\n\t\t\t\t<\/div>\n\t\t\t\t<\/div>\n\t\t<div class=\"elementor-element elementor-element-c49c86a e-con-full e-flex e-con e-child\" data-id=\"c49c86a\" data-element_type=\"container\" data-e-type=\"container\">\n\t\t<div class=\"elementor-element elementor-element-0ddf5d3 e-con-full e-flex e-con e-child\" data-id=\"0ddf5d3\" data-element_type=\"container\" data-e-type=\"container\" data-settings=\"{&quot;background_background&quot;:&quot;classic&quot;}\">\n\t\t\t\t<\/div>\n\t\t<div class=\"elementor-element elementor-element-fb4f146 e-con-full e-flex e-con e-child\" data-id=\"fb4f146\" data-element_type=\"container\" data-e-type=\"container\" data-settings=\"{&quot;background_background&quot;:&quot;classic&quot;}\">\n\t\t\t\t<div class=\"elementor-element elementor-element-2d5d53b elementor-widget elementor-widget-heading\" data-id=\"2d5d53b\" data-element_type=\"widget\" data-e-type=\"widget\" data-widget_type=\"heading.default\">\n\t\t\t\t\t<span class=\"elementor-heading-title elementor-size-default\">Inspektion der Energieinfrastruktur<\/span>\t\t\t\t<\/div>\n\t\t\t\t<div class=\"elementor-element elementor-element-dacbb81 elementor-widget elementor-widget-text-editor\" data-id=\"dacbb81\" data-element_type=\"widget\" data-e-type=\"widget\" data-widget_type=\"text-editor.default\">\n\t\t\t\t\t\t\t\t\t<p>Mit FlyPix AI k\u00f6nnen Energieunternehmen die Inspektion kritischer Infrastrukturen wie Stromleitungen, Solarparks und Windkraftanlagen automatisieren. Die KI verarbeitet Bilddaten, um Verschlei\u00df, strukturelle Sch\u00e4den und potenzielle Sicherheitsrisiken zu identifizieren. So sind rechtzeitige Reparaturen m\u00f6glich und Betriebsausf\u00e4lle k\u00f6nnen reduziert werden.<\/p>\t\t\t\t\t\t\t\t<\/div>\n\t\t\t\t<\/div>\n\t\t\t\t<\/div>\n\t\t<div class=\"elementor-element elementor-element-b95f52a e-con-full e-flex e-con e-child\" data-id=\"b95f52a\" data-element_type=\"container\" data-e-type=\"container\">\n\t\t<div class=\"elementor-element elementor-element-782e370 e-con-full e-flex e-con e-child\" data-id=\"782e370\" data-element_type=\"container\" data-e-type=\"container\" data-settings=\"{&quot;background_background&quot;:&quot;classic&quot;}\">\n\t\t\t\t<div class=\"elementor-element elementor-element-fe7f8b8 elementor-widget elementor-widget-heading\" data-id=\"fe7f8b8\" data-element_type=\"widget\" data-e-type=\"widget\" data-widget_type=\"heading.default\">\n\t\t\t\t\t<span class=\"elementor-heading-title elementor-size-default\">Umweltvertr\u00e4glichkeitspr\u00fcfung<\/span>\t\t\t\t<\/div>\n\t\t\t\t<div class=\"elementor-element elementor-element-1b99513 elementor-widget elementor-widget-text-editor\" data-id=\"1b99513\" data-element_type=\"widget\" data-e-type=\"widget\" data-widget_type=\"text-editor.default\">\n\t\t\t\t\t\t\t\t\t<p>Mit FlyPix AI k\u00f6nnen Energieunternehmen die Umweltauswirkungen ihrer Aktivit\u00e4ten \u00fcberwachen und bewerten. Durch die Analyse von Ver\u00e4nderungen in Landnutzung, Vegetation und Gew\u00e4ssern tr\u00e4gt die KI dazu bei, die Einhaltung von Umweltvorschriften sicherzustellen und nachhaltige Energiepraktiken zu unterst\u00fctzen.<\/p>\t\t\t\t\t\t\t\t<\/div>\n\t\t\t\t<\/div>\n\t\t<div class=\"elementor-element elementor-element-47d044d e-con-full e-flex e-con e-child\" data-id=\"47d044d\" data-element_type=\"container\" data-e-type=\"container\" data-settings=\"{&quot;background_background&quot;:&quot;classic&quot;}\">\n\t\t\t\t<\/div>\n\t\t\t\t<\/div>\n\t\t<div class=\"elementor-element elementor-element-4ec5071 e-con-full e-flex e-con e-child\" data-id=\"4ec5071\" data-element_type=\"container\" data-e-type=\"container\">\n\t\t<div class=\"elementor-element elementor-element-acb2508 e-con-full e-flex e-con e-child\" data-id=\"acb2508\" data-element_type=\"container\" data-e-type=\"container\" data-settings=\"{&quot;background_background&quot;:&quot;classic&quot;}\">\n\t\t\t\t<\/div>\n\t\t<div class=\"elementor-element elementor-element-3fadc5b e-con-full e-flex e-con e-child\" data-id=\"3fadc5b\" data-element_type=\"container\" data-e-type=\"container\" data-settings=\"{&quot;background_background&quot;:&quot;classic&quot;}\">\n\t\t\t\t<div class=\"elementor-element elementor-element-edb3acf elementor-widget elementor-widget-heading\" data-id=\"edb3acf\" data-element_type=\"widget\" data-e-type=\"widget\" data-widget_type=\"heading.default\">\n\t\t\t\t\t<span class=\"elementor-heading-title elementor-size-default\">Standortauswahl f\u00fcr erneuerbare Energien<\/span>\t\t\t\t<\/div>\n\t\t\t\t<div class=\"elementor-element elementor-element-c992fa3 elementor-widget elementor-widget-text-editor\" data-id=\"c992fa3\" data-element_type=\"widget\" data-e-type=\"widget\" data-widget_type=\"text-editor.default\">\n\t\t\t\t\t\t\t\t\t<p>FlyPix AI kann Geodaten analysieren, um optimale Standorte f\u00fcr Projekte im Bereich erneuerbarer Energien wie Solar- oder Windparks zu ermitteln. Die KI ber\u00fccksichtigt Faktoren wie Sonneneinstrahlung, Windmuster und Landnutzung und hilft Unternehmen, die Energieproduktion zu maximieren und gleichzeitig die Umweltbelastung zu minimieren.<\/p>\t\t\t\t\t\t\t\t<\/div>\n\t\t\t\t<\/div>\n\t\t\t\t<\/div>\n\t\t\t\t\t<\/div>\n\t\t\t\t<\/div>\n\t\t\t\t<\/div>","protected":false},"excerpt":{"rendered":"<p>OBJECT DETECTION SOFTWARE FOR RENEWABLE ENERGY Monitor Critical Infrastructure Like Solar Panels and Windmills with our Advanced Object Detection Platform for Aerial Imagery Monitoring of Critical Infrastructure FlyPix is the industry-leading platform for object detection in aerial imagery and provides a comprehensive solution for renewable energy companies looking to stay ahead of their competition. FlyPix [&hellip;]<\/p>\n","protected":false},"author":1,"featured_media":3647,"parent":0,"menu_order":0,"comment_status":"closed","ping_status":"closed","template":"","meta":{"_acf_changed":false,"footnotes":""},"class_list":["post-154499","page","type-page","status-publish","has-post-thumbnail","hentry"],"acf":[],"yoast_head":"<!-- This site is optimized with the Yoast SEO plugin v27.3 - https:\/\/yoast.com\/product\/yoast-seo-wordpress\/ -->\n<title>Object Detection Software for the Energy Industry - Flypix<\/title>\n<meta name=\"description\" content=\"Monitor critical infrastructure like solar panels and windmills with our advanced object detection platform for aerial imagery\" \/>\n<meta name=\"robots\" content=\"index, follow, max-snippet:-1, max-image-preview:large, max-video-preview:-1\" \/>\n<link rel=\"canonical\" href=\"https:\/\/flypix.ai\/de\/object-detection-software-for-the-energy-industry\/\" \/>\n<meta property=\"og:locale\" content=\"de_DE\" \/>\n<meta property=\"og:type\" content=\"article\" \/>\n<meta property=\"og:title\" content=\"Object Detection Software for the Energy Industry - Flypix\" \/>\n<meta property=\"og:description\" content=\"Monitor critical infrastructure like solar panels and windmills with our advanced object detection platform for aerial imagery\" \/>\n<meta property=\"og:url\" content=\"https:\/\/flypix.ai\/de\/object-detection-software-for-the-energy-industry\/\" \/>\n<meta property=\"og:site_name\" content=\"Flypix\" \/>\n<meta property=\"article:modified_time\" content=\"2024-09-23T14:55:01+00:00\" \/>\n<meta property=\"og:image\" content=\"https:\/\/flypix.ai\/wp-content\/uploads\/2022\/10\/Flip-03.jpg\" \/>\n\t<meta property=\"og:image:width\" content=\"590\" \/>\n\t<meta property=\"og:image:height\" content=\"715\" \/>\n\t<meta property=\"og:image:type\" content=\"image\/jpeg\" \/>\n<meta name=\"twitter:card\" content=\"summary_large_image\" \/>\n<meta name=\"twitter:label1\" content=\"Gesch\u00e4tzte Lesezeit\" \/>\n\t<meta name=\"twitter:data1\" content=\"2\u00a0Minuten\" \/>\n<script type=\"application\/ld+json\" class=\"yoast-schema-graph\">{\"@context\":\"https:\\\/\\\/schema.org\",\"@graph\":[{\"@type\":\"WebPage\",\"@id\":\"https:\\\/\\\/flypix.ai\\\/object-detection-software-for-the-energy-industry\\\/\",\"url\":\"https:\\\/\\\/flypix.ai\\\/object-detection-software-for-the-energy-industry\\\/\",\"name\":\"Object Detection Software for the Energy Industry - Flypix\",\"isPartOf\":{\"@id\":\"https:\\\/\\\/flypix.ai\\\/#website\"},\"primaryImageOfPage\":{\"@id\":\"https:\\\/\\\/flypix.ai\\\/object-detection-software-for-the-energy-industry\\\/#primaryimage\"},\"image\":{\"@id\":\"https:\\\/\\\/flypix.ai\\\/object-detection-software-for-the-energy-industry\\\/#primaryimage\"},\"thumbnailUrl\":\"https:\\\/\\\/flypix.ai\\\/wp-content\\\/uploads\\\/2022\\\/10\\\/Flip-03.jpg\",\"datePublished\":\"2023-01-16T11:44:43+00:00\",\"dateModified\":\"2024-09-23T14:55:01+00:00\",\"description\":\"Monitor critical infrastructure like solar panels and windmills with our advanced object detection platform for aerial imagery\",\"breadcrumb\":{\"@id\":\"https:\\\/\\\/flypix.ai\\\/object-detection-software-for-the-energy-industry\\\/#breadcrumb\"},\"inLanguage\":\"de\",\"potentialAction\":[{\"@type\":\"ReadAction\",\"target\":[\"https:\\\/\\\/flypix.ai\\\/object-detection-software-for-the-energy-industry\\\/\"]}]},{\"@type\":\"ImageObject\",\"inLanguage\":\"de\",\"@id\":\"https:\\\/\\\/flypix.ai\\\/object-detection-software-for-the-energy-industry\\\/#primaryimage\",\"url\":\"https:\\\/\\\/flypix.ai\\\/wp-content\\\/uploads\\\/2022\\\/10\\\/Flip-03.jpg\",\"contentUrl\":\"https:\\\/\\\/flypix.ai\\\/wp-content\\\/uploads\\\/2022\\\/10\\\/Flip-03.jpg\",\"width\":590,\"height\":715},{\"@type\":\"BreadcrumbList\",\"@id\":\"https:\\\/\\\/flypix.ai\\\/object-detection-software-for-the-energy-industry\\\/#breadcrumb\",\"itemListElement\":[{\"@type\":\"ListItem\",\"position\":1,\"name\":\"Home\",\"item\":\"https:\\\/\\\/flypix.ai\\\/\"},{\"@type\":\"ListItem\",\"position\":2,\"name\":\"Renewable Energy\"}]},{\"@type\":\"WebSite\",\"@id\":\"https:\\\/\\\/flypix.ai\\\/#website\",\"url\":\"https:\\\/\\\/flypix.ai\\\/\",\"name\":\"Flypix\",\"description\":\"AN END-TO-END PLATFORM FOR ENTITY DETECTION, LOCALIZATION AND SEGMENTATION POWERED BY ARTIFICIAL INTELLIGENCE\",\"publisher\":{\"@id\":\"https:\\\/\\\/flypix.ai\\\/#organization\"},\"potentialAction\":[{\"@type\":\"SearchAction\",\"target\":{\"@type\":\"EntryPoint\",\"urlTemplate\":\"https:\\\/\\\/flypix.ai\\\/?s={search_term_string}\"},\"query-input\":{\"@type\":\"PropertyValueSpecification\",\"valueRequired\":true,\"valueName\":\"search_term_string\"}}],\"inLanguage\":\"de\"},{\"@type\":\"Organization\",\"@id\":\"https:\\\/\\\/flypix.ai\\\/#organization\",\"name\":\"Flypix AI\",\"url\":\"https:\\\/\\\/flypix.ai\\\/\",\"logo\":{\"@type\":\"ImageObject\",\"inLanguage\":\"de\",\"@id\":\"https:\\\/\\\/flypix.ai\\\/#\\\/schema\\\/logo\\\/image\\\/\",\"url\":\"https:\\\/\\\/flypix.ai\\\/wp-content\\\/uploads\\\/2024\\\/07\\\/logo.svg\",\"contentUrl\":\"https:\\\/\\\/flypix.ai\\\/wp-content\\\/uploads\\\/2024\\\/07\\\/logo.svg\",\"width\":346,\"height\":40,\"caption\":\"Flypix AI\"},\"image\":{\"@id\":\"https:\\\/\\\/flypix.ai\\\/#\\\/schema\\\/logo\\\/image\\\/\"}}]}<\/script>\n<!-- \/ Yoast SEO plugin. -->","yoast_head_json":{"title":"Objekterkennungssoftware f\u00fcr die Energiewirtschaft - Flypix","description":"\u00dcberwachen Sie kritische Infrastrukturen wie Solaranlagen und Windr\u00e4der mit unserer fortschrittlichen Objekterkennungsplattform f\u00fcr Luftbilder","robots":{"index":"index","follow":"follow","max-snippet":"max-snippet:-1","max-image-preview":"max-image-preview:large","max-video-preview":"max-video-preview:-1"},"canonical":"https:\/\/flypix.ai\/de\/object-detection-software-for-the-energy-industry\/","og_locale":"de_DE","og_type":"article","og_title":"Object Detection Software for the Energy Industry - Flypix","og_description":"Monitor critical infrastructure like solar panels and windmills with our advanced object detection platform for aerial imagery","og_url":"https:\/\/flypix.ai\/de\/object-detection-software-for-the-energy-industry\/","og_site_name":"Flypix","article_modified_time":"2024-09-23T14:55:01+00:00","og_image":[{"width":590,"height":715,"url":"https:\/\/flypix.ai\/wp-content\/uploads\/2022\/10\/Flip-03.jpg","type":"image\/jpeg"}],"twitter_card":"summary_large_image","twitter_misc":{"Gesch\u00e4tzte Lesezeit":"2\u00a0Minuten"},"schema":{"@context":"https:\/\/schema.org","@graph":[{"@type":"WebPage","@id":"https:\/\/flypix.ai\/object-detection-software-for-the-energy-industry\/","url":"https:\/\/flypix.ai\/object-detection-software-for-the-energy-industry\/","name":"Objekterkennungssoftware f\u00fcr die Energiewirtschaft - Flypix","isPartOf":{"@id":"https:\/\/flypix.ai\/#website"},"primaryImageOfPage":{"@id":"https:\/\/flypix.ai\/object-detection-software-for-the-energy-industry\/#primaryimage"},"image":{"@id":"https:\/\/flypix.ai\/object-detection-software-for-the-energy-industry\/#primaryimage"},"thumbnailUrl":"https:\/\/flypix.ai\/wp-content\/uploads\/2022\/10\/Flip-03.jpg","datePublished":"2023-01-16T11:44:43+00:00","dateModified":"2024-09-23T14:55:01+00:00","description":"\u00dcberwachen Sie kritische Infrastrukturen wie Solaranlagen und Windr\u00e4der mit unserer fortschrittlichen Objekterkennungsplattform f\u00fcr Luftbilder","breadcrumb":{"@id":"https:\/\/flypix.ai\/object-detection-software-for-the-energy-industry\/#breadcrumb"},"inLanguage":"de","potentialAction":[{"@type":"ReadAction","target":["https:\/\/flypix.ai\/object-detection-software-for-the-energy-industry\/"]}]},{"@type":"ImageObject","inLanguage":"de","@id":"https:\/\/flypix.ai\/object-detection-software-for-the-energy-industry\/#primaryimage","url":"https:\/\/flypix.ai\/wp-content\/uploads\/2022\/10\/Flip-03.jpg","contentUrl":"https:\/\/flypix.ai\/wp-content\/uploads\/2022\/10\/Flip-03.jpg","width":590,"height":715},{"@type":"BreadcrumbList","@id":"https:\/\/flypix.ai\/object-detection-software-for-the-energy-industry\/#breadcrumb","itemListElement":[{"@type":"ListItem","position":1,"name":"Home","item":"https:\/\/flypix.ai\/"},{"@type":"ListItem","position":2,"name":"Renewable Energy"}]},{"@type":"WebSite","@id":"https:\/\/flypix.ai\/#website","url":"https:\/\/flypix.ai\/","name":"Flypix","description":"Eine durchg\u00e4ngige Plattform zur Objekterkennung, Lokalisierung und Segmentierung auf Basis k\u00fcnstlicher Intelligenz","publisher":{"@id":"https:\/\/flypix.ai\/#organization"},"potentialAction":[{"@type":"SearchAction","target":{"@type":"EntryPoint","urlTemplate":"https:\/\/flypix.ai\/?s={search_term_string}"},"query-input":{"@type":"PropertyValueSpecification","valueRequired":true,"valueName":"search_term_string"}}],"inLanguage":"de"},{"@type":"Organization","@id":"https:\/\/flypix.ai\/#organization","name":"Flypix AI","url":"https:\/\/flypix.ai\/","logo":{"@type":"ImageObject","inLanguage":"de","@id":"https:\/\/flypix.ai\/#\/schema\/logo\/image\/","url":"https:\/\/flypix.ai\/wp-content\/uploads\/2024\/07\/logo.svg","contentUrl":"https:\/\/flypix.ai\/wp-content\/uploads\/2024\/07\/logo.svg","width":346,"height":40,"caption":"Flypix AI"},"image":{"@id":"https:\/\/flypix.ai\/#\/schema\/logo\/image\/"}}]}},"_links":{"self":[{"href":"https:\/\/flypix.ai\/de\/wp-json\/wp\/v2\/pages\/154499","targetHints":{"allow":["GET"]}}],"collection":[{"href":"https:\/\/flypix.ai\/de\/wp-json\/wp\/v2\/pages"}],"about":[{"href":"https:\/\/flypix.ai\/de\/wp-json\/wp\/v2\/types\/page"}],"author":[{"embeddable":true,"href":"https:\/\/flypix.ai\/de\/wp-json\/wp\/v2\/users\/1"}],"replies":[{"embeddable":true,"href":"https:\/\/flypix.ai\/de\/wp-json\/wp\/v2\/comments?post=154499"}],"version-history":[{"count":0,"href":"https:\/\/flypix.ai\/de\/wp-json\/wp\/v2\/pages\/154499\/revisions"}],"wp:featuredmedia":[{"embeddable":true,"href":"https:\/\/flypix.ai\/de\/wp-json\/wp\/v2\/media\/3647"}],"wp:attachment":[{"href":"https:\/\/flypix.ai\/de\/wp-json\/wp\/v2\/media?parent=154499"}],"curies":[{"name":"wp","href":"https:\/\/api.w.org\/{rel}","templated":true}]}}