{"id":154511,"date":"2023-01-16T11:48:53","date_gmt":"2023-01-16T11:48:53","guid":{"rendered":"https:\/\/flypix.ai\/?page_id=154511"},"modified":"2024-09-23T11:00:56","modified_gmt":"2024-09-23T11:00:56","slug":"object-detection-software-for-mine-monitoring","status":"publish","type":"page","link":"https:\/\/flypix.ai\/de\/object-detection-software-for-mine-monitoring\/","title":{"rendered":"Bergbau"},"content":{"rendered":"<div data-elementor-type=\"wp-page\" data-elementor-id=\"154511\" class=\"elementor elementor-154511\" data-elementor-post-type=\"page\">\n\t\t\t\t<div class=\"elementor-element elementor-element-67e2f61d e-flex e-con-boxed e-con e-parent\" data-id=\"67e2f61d\" data-element_type=\"container\" data-e-type=\"container\" data-settings=\"{&quot;background_background&quot;:&quot;classic&quot;}\">\n\t\t\t\t\t<div class=\"e-con-inner\">\n\t\t<div class=\"elementor-element elementor-element-3f9ad3a2 e-con-full e-flex e-con e-child\" data-id=\"3f9ad3a2\" data-element_type=\"container\" data-e-type=\"container\">\n\t\t\t\t<div class=\"elementor-element elementor-element-21f4bac8 elementor-widget elementor-widget-heading\" data-id=\"21f4bac8\" data-element_type=\"widget\" data-e-type=\"widget\" data-widget_type=\"heading.default\">\n\t\t\t\t\t<h1 class=\"elementor-heading-title elementor-size-default\">OBJEKTERKENNUNG F\u00dcR DIE BERGBAUINDUSTRIE<\/h1>\t\t\t\t<\/div>\n\t\t<div class=\"elementor-element elementor-element-25312a4e e-con-full e-flex e-con e-child\" data-id=\"25312a4e\" data-element_type=\"container\" data-e-type=\"container\">\n\t\t\t\t<div class=\"elementor-element elementor-element-490ac508 elementor-widget-divider--view-line elementor-widget elementor-widget-divider\" data-id=\"490ac508\" data-element_type=\"widget\" data-e-type=\"widget\" data-widget_type=\"divider.default\">\n\t\t\t\t\t\t\t<div class=\"elementor-divider\">\n\t\t\t<span class=\"elementor-divider-separator\">\n\t\t\t\t\t\t<\/span>\n\t\t<\/div>\n\t\t\t\t\t\t<\/div>\n\t\t\t\t<\/div>\n\t\t<div class=\"elementor-element elementor-element-25b8196b e-con-full e-flex e-con e-child\" data-id=\"25b8196b\" data-element_type=\"container\" data-e-type=\"container\">\n\t\t\t\t<div class=\"elementor-element elementor-element-2dcb69b4 elementor-widget elementor-widget-heading\" data-id=\"2dcb69b4\" data-element_type=\"widget\" data-e-type=\"widget\" data-widget_type=\"heading.default\">\n\t\t\t\t\t<h2 class=\"elementor-heading-title elementor-size-default\">Mithilfe der Objekterkennungstechnologie von FlyPix k\u00f6nnen Minenbetreiber Transportstra\u00dfen und Tagebaue pr\u00e4zise und sicher \u00fcberwachen.<\/h2>\t\t\t\t<\/div>\n\t\t\t\t<\/div>\n\t\t\t\t<\/div>\n\t\t\t\t\t<\/div>\n\t\t\t\t<\/div>\n\t\t<div class=\"elementor-element elementor-element-38a4d895 e-flex e-con-boxed e-con e-parent\" data-id=\"38a4d895\" data-element_type=\"container\" data-e-type=\"container\" data-settings=\"{&quot;background_background&quot;:&quot;classic&quot;}\">\n\t\t\t\t\t<div class=\"e-con-inner\">\n\t\t<div class=\"elementor-element elementor-element-456bbf57 e-con-full e-flex e-con e-child\" data-id=\"456bbf57\" data-element_type=\"container\" data-e-type=\"container\">\n\t\t<div class=\"elementor-element elementor-element-1e831c80 e-con-full e-flex e-con e-child\" data-id=\"1e831c80\" data-element_type=\"container\" data-e-type=\"container\" data-settings=\"{&quot;background_background&quot;:&quot;classic&quot;}\">\n\t\t\t\t<\/div>\n\t\t<div class=\"elementor-element elementor-element-4cc8ef05 e-con-full e-flex e-con e-child\" data-id=\"4cc8ef05\" data-element_type=\"container\" data-e-type=\"container\" data-settings=\"{&quot;background_background&quot;:&quot;classic&quot;}\">\n\t\t\t\t<div class=\"elementor-element elementor-element-526f3f71 elementor-widget elementor-widget-heading\" data-id=\"526f3f71\" data-element_type=\"widget\" data-e-type=\"widget\" data-widget_type=\"heading.default\">\n\t\t\t\t\t<p class=\"elementor-heading-title elementor-size-default\">\u00dcberwachung und Wartung von Transportwegen<\/p>\t\t\t\t<\/div>\n\t\t\t\t<div class=\"elementor-element elementor-element-34a7b056 elementor-widget elementor-widget-text-editor\" data-id=\"34a7b056\" data-element_type=\"widget\" data-e-type=\"widget\" data-widget_type=\"text-editor.default\">\n\t\t\t\t\t\t\t\t\t<p>FlyPix AI kann Bergbauunternehmen dabei helfen, die Sicherheit zu verbessern, Ausfallzeiten zu reduzieren und die Wartung zu optimieren, indem es eine effiziente und genaue \u00dcberwachung der Bedingungen auf den Transportstra\u00dfen erm\u00f6glicht. Die Objekterkennungssoftware von FlyPix analysiert Luftbilder auf bestimmte Muster und Merkmale, die auf Stra\u00dfensch\u00e4den hinweisen, wie Risse, Schlagl\u00f6cher und Spurrillen.<\/p>\n<p>Durch die Erkennung und Kartierung der Schadensbereiche kann FlyPix AI Einblicke in den Zustand der Transportstra\u00dfen gew\u00e4hren. So k\u00f6nnen Bergbauunternehmen die Effizienz der Transportstra\u00dfen\u00fcberwachung deutlich verbessern, indem sie gro\u00dfe Bereiche schnell abdecken und Sch\u00e4den erkennen, die bei herk\u00f6mmlichen Inspektionen vom Boden aus m\u00f6glicherweise \u00fcbersehen werden.<\/p>\t\t\t\t\t\t\t\t<\/div>\n\t\t\t\t<\/div>\n\t\t\t\t<\/div>\n\t\t<div class=\"elementor-element elementor-element-119db40d e-con-full e-flex e-con e-child\" data-id=\"119db40d\" data-element_type=\"container\" data-e-type=\"container\" data-settings=\"{&quot;background_background&quot;:&quot;classic&quot;}\">\n\t\t<div class=\"elementor-element elementor-element-74e4b127 e-con-full e-flex e-con e-child\" data-id=\"74e4b127\" data-element_type=\"container\" data-e-type=\"container\">\n\t\t\t\t<div class=\"elementor-element elementor-element-43e46e01 elementor-widget elementor-widget-heading\" data-id=\"43e46e01\" data-element_type=\"widget\" data-e-type=\"widget\" data-widget_type=\"heading.default\">\n\t\t\t\t\t<p class=\"elementor-heading-title elementor-size-default\">Tagebau\u00fcberwachung\n<\/p>\t\t\t\t<\/div>\n\t\t\t\t<div class=\"elementor-element elementor-element-56459ded elementor-widget elementor-widget-text-editor\" data-id=\"56459ded\" data-element_type=\"widget\" data-e-type=\"widget\" data-widget_type=\"text-editor.default\">\n\t\t\t\t\t\t\t\t\t<p>FlyPix AI kann Bergbauunternehmen dabei helfen, die Sicherheit zu verbessern, Ausfallzeiten zu reduzieren und den Betrieb zu optimieren, indem es eine effiziente und genaue \u00dcberwachung der Minenbedingungen erm\u00f6glicht. Unsere Objekterkennungssoftware analysiert Luftbilder auf bestimmte Muster und Merkmale, die auf Ver\u00e4nderungen der Minenbedingungen hinweisen, wie z. B. Ver\u00e4nderungen der Topografie, der Bergbauaktivit\u00e4ten oder der Ger\u00e4teplatzierung. Durch die Erkennung und Kartierung dieser Ver\u00e4nderungen kann FlyPix AI Einblicke in die Minenbedingungen liefern, sodass Bergbauunternehmen ihren Betrieb optimieren und Ressourcen effektiver zuweisen k\u00f6nnen. Dar\u00fcber hinaus kann unser Minen\u00fcberwachungssystem die Effizienz der \u00dcberwachung von Tagebaugruben erheblich verbessern, indem es gro\u00dfe Bereiche schnell abdeckt und Ver\u00e4nderungen erkennt, die bei herk\u00f6mmlichen Inspektionen auf Bodenniveau m\u00f6glicherweise \u00fcbersehen werden. Dies kann Bergbauunternehmen dabei helfen, die Kosten f\u00fcr die Wartung und den Austausch von Ger\u00e4ten zu senken sowie das Risiko von Unf\u00e4llen und Verletzungen der Arbeiter zu minimieren.<\/p>\t\t\t\t\t\t\t\t<\/div>\n\t\t\t\t<\/div>\n\t\t<div class=\"elementor-element elementor-element-16db5b5f e-con-full e-flex e-con e-child\" data-id=\"16db5b5f\" data-element_type=\"container\" data-e-type=\"container\" data-settings=\"{&quot;background_background&quot;:&quot;classic&quot;}\">\n\t\t\t\t<\/div>\n\t\t\t\t<\/div>\n\t\t\t\t\t<\/div>\n\t\t\t\t<\/div>\n\t\t<div class=\"elementor-element elementor-element-4d1ddaf e-flex e-con-boxed e-con e-parent\" data-id=\"4d1ddaf\" data-element_type=\"container\" data-e-type=\"container\" data-settings=\"{&quot;background_background&quot;:&quot;classic&quot;}\">\n\t\t\t\t\t<div class=\"e-con-inner\">\n\t\t<div class=\"elementor-element elementor-element-2cefae9 e-con-full e-flex e-con e-child\" data-id=\"2cefae9\" data-element_type=\"container\" data-e-type=\"container\">\n\t\t<div class=\"elementor-element elementor-element-658cea0 e-con-full e-flex e-con e-child\" data-id=\"658cea0\" data-element_type=\"container\" data-e-type=\"container\" data-settings=\"{&quot;background_background&quot;:&quot;classic&quot;}\">\n\t\t\t\t<\/div>\n\t\t<div class=\"elementor-element elementor-element-a25c67d e-con-full e-flex e-con e-child\" data-id=\"a25c67d\" data-element_type=\"container\" data-e-type=\"container\" data-settings=\"{&quot;background_background&quot;:&quot;classic&quot;}\">\n\t\t\t\t<div class=\"elementor-element elementor-element-c5514c0 elementor-widget elementor-widget-heading\" data-id=\"c5514c0\" data-element_type=\"widget\" data-e-type=\"widget\" data-widget_type=\"heading.default\">\n\t\t\t\t\t<p class=\"elementor-heading-title elementor-size-default\">Geor\u00e4umliche Datenanalyse f\u00fcr die Bergbauexploration<\/p>\t\t\t\t<\/div>\n\t\t\t\t<div class=\"elementor-element elementor-element-fbfacd3 elementor-widget elementor-widget-text-editor\" data-id=\"fbfacd3\" data-element_type=\"widget\" data-e-type=\"widget\" data-widget_type=\"text-editor.default\">\n\t\t\t\t\t\t\t\t\t<p>Mit FlyPix AI k\u00f6nnen hochaufl\u00f6sende Satelliten- und Drohnenbilder analysiert werden, um potenzielle Bergbaustandorte zu identifizieren. Durch die Erkennung spezifischer geologischer Formationen, Mineralvorkommen und Bodenanomalien kann die KI-gesteuerte Analyse die Explorationsbem\u00fchungen erheblich rationalisieren und den Zeit- und Kostenaufwand im Vergleich zu herk\u00f6mmlichen Vermessungsmethoden reduzieren.<\/p><p><br><\/p><p><br><\/p><p><br><\/p>\n<p><\/p>\n<p><\/p>\t\t\t\t\t\t\t\t<\/div>\n\t\t\t\t<\/div>\n\t\t\t\t<\/div>\n\t\t<div class=\"elementor-element elementor-element-9e60654 e-con-full e-flex e-con e-child\" data-id=\"9e60654\" data-element_type=\"container\" data-e-type=\"container\" data-settings=\"{&quot;background_background&quot;:&quot;classic&quot;}\">\n\t\t<div class=\"elementor-element elementor-element-08f4dcd e-con-full e-flex e-con e-child\" data-id=\"08f4dcd\" data-element_type=\"container\" data-e-type=\"container\">\n\t\t\t\t<div class=\"elementor-element elementor-element-fc47a0d elementor-widget elementor-widget-heading\" data-id=\"fc47a0d\" data-element_type=\"widget\" data-e-type=\"widget\" data-widget_type=\"heading.default\">\n\t\t\t\t\t<p class=\"elementor-heading-title elementor-size-default\">Automatisierte \u00dcberwachung von Minenstandorten und Einhaltung von Sicherheitsvorschriften\n<\/p>\t\t\t\t<\/div>\n\t\t\t\t<div class=\"elementor-element elementor-element-d76fbc4 elementor-widget elementor-widget-text-editor\" data-id=\"d76fbc4\" data-element_type=\"widget\" data-e-type=\"widget\" data-widget_type=\"text-editor.default\">\n\t\t\t\t\t\t\t\t\t<p>Mit FlyPix AI k\u00f6nnen Bergbauunternehmen ihre Standorte mithilfe von Drohnen und Satellitenbildern kontinuierlich \u00fcberwachen. Die KI kann unbefugte Aktivit\u00e4ten erkennen, die Nutzung der Ausr\u00fcstung verfolgen und die Sicherheitsbedingungen der Arbeiter in Echtzeit \u00fcberwachen. Dieses automatisierte \u00dcberwachungssystem gew\u00e4hrleistet die Einhaltung der Sicherheitsvorschriften, minimiert menschliche Fehler und verbessert die Betriebseffizienz.<\/p><p>\u00a0<\/p><p>\u00a0<\/p><p>\u00a0<\/p>\t\t\t\t\t\t\t\t<\/div>\n\t\t\t\t<\/div>\n\t\t<div class=\"elementor-element elementor-element-1adb1a6 e-con-full e-flex e-con e-child\" data-id=\"1adb1a6\" data-element_type=\"container\" data-e-type=\"container\" data-settings=\"{&quot;background_background&quot;:&quot;classic&quot;}\">\n\t\t\t\t<\/div>\n\t\t\t\t<\/div>\n\t\t\t\t\t<\/div>\n\t\t\t\t<\/div>\n\t\t<div class=\"elementor-element elementor-element-10d06bc e-flex e-con-boxed e-con e-parent\" data-id=\"10d06bc\" data-element_type=\"container\" data-e-type=\"container\" data-settings=\"{&quot;background_background&quot;:&quot;classic&quot;}\">\n\t\t\t\t\t<div class=\"e-con-inner\">\n\t\t<div class=\"elementor-element elementor-element-c416a04 e-con-full e-flex e-con e-child\" data-id=\"c416a04\" data-element_type=\"container\" data-e-type=\"container\">\n\t\t<div class=\"elementor-element elementor-element-fb7c5a5 e-con-full e-flex e-con e-child\" data-id=\"fb7c5a5\" data-element_type=\"container\" data-e-type=\"container\" data-settings=\"{&quot;background_background&quot;:&quot;classic&quot;}\">\n\t\t\t\t<\/div>\n\t\t<div class=\"elementor-element elementor-element-21161e3 e-con-full e-flex e-con e-child\" data-id=\"21161e3\" data-element_type=\"container\" data-e-type=\"container\" data-settings=\"{&quot;background_background&quot;:&quot;classic&quot;}\">\n\t\t\t\t<div class=\"elementor-element elementor-element-5dfa3d0 elementor-widget elementor-widget-heading\" data-id=\"5dfa3d0\" data-element_type=\"widget\" data-e-type=\"widget\" data-widget_type=\"heading.default\">\n\t\t\t\t\t<p class=\"elementor-heading-title elementor-size-default\">\u00dcberwachung und Minderung von Umweltauswirkungen<\/p>\t\t\t\t<\/div>\n\t\t\t\t<div class=\"elementor-element elementor-element-aea4a1a elementor-widget elementor-widget-text-editor\" data-id=\"aea4a1a\" data-element_type=\"widget\" data-e-type=\"widget\" data-widget_type=\"text-editor.default\">\n\t\t\t\t\t\t\t\t\t<p>FlyPix AI erm\u00f6glicht Bergbauunternehmen die Durchf\u00fchrung detaillierter Umweltvertr\u00e4glichkeitspr\u00fcfungen durch die Analyse von Ver\u00e4nderungen in Vegetation, Landnutzung und Gew\u00e4ssern rund um Bergbaugebiete. Die F\u00e4higkeit der KI, gro\u00dfe Datens\u00e4tze \u00fcber einen l\u00e4ngeren Zeitraum zu verarbeiten, hilft bei der Identifizierung von Umweltsch\u00e4den, sodass Unternehmen rechtzeitig Strategien zur Schadensbegrenzung umsetzen und nachhaltige Bergbaupraktiken sicherstellen k\u00f6nnen.<\/p><p>\u00a0<\/p><p>\u00a0<\/p><p>\u00a0<\/p>\t\t\t\t\t\t\t\t<\/div>\n\t\t\t\t<\/div>\n\t\t\t\t<\/div>\n\t\t<div class=\"elementor-element elementor-element-c01d926 e-con-full e-flex e-con e-child\" data-id=\"c01d926\" data-element_type=\"container\" data-e-type=\"container\" data-settings=\"{&quot;background_background&quot;:&quot;classic&quot;}\">\n\t\t<div class=\"elementor-element elementor-element-1226d6f e-con-full e-flex e-con e-child\" data-id=\"1226d6f\" data-element_type=\"container\" data-e-type=\"container\">\n\t\t\t\t<div class=\"elementor-element elementor-element-251cf3e elementor-widget elementor-widget-heading\" data-id=\"251cf3e\" data-element_type=\"widget\" data-e-type=\"widget\" data-widget_type=\"heading.default\">\n\t\t\t\t\t<p class=\"elementor-heading-title elementor-size-default\">Instandhaltung der Infrastruktur und betriebliche Effizienz<\/p>\t\t\t\t<\/div>\n\t\t\t\t<div class=\"elementor-element elementor-element-32e40c0 elementor-widget elementor-widget-text-editor\" data-id=\"32e40c0\" data-element_type=\"widget\" data-e-type=\"widget\" data-widget_type=\"text-editor.default\">\n\t\t\t\t\t\t\t\t\t<p>FlyPix AI kann zur Inspektion und Wartung kritischer Bergbauinfrastruktur wie Pipelines, Stra\u00dfen und Verarbeitungsanlagen verwendet werden. Durch Drohnenbilder und KI-gesteuerte Objekterkennung kann das System strukturelle Schw\u00e4chen identifizieren, den Zustand der Ausr\u00fcstung \u00fcberwachen und Wartungsbedarf vorhersagen. Dieser proaktive Ansatz tr\u00e4gt dazu bei, Ausfallzeiten zu reduzieren, kostspielige Ausf\u00e4lle zu verhindern und einen reibungslosen Ablauf der Bergbauaktivit\u00e4ten sicherzustellen.<\/p><p>\u00a0<\/p><p>\u00a0<\/p><p>\u00a0<\/p>\t\t\t\t\t\t\t\t<\/div>\n\t\t\t\t<\/div>\n\t\t<div class=\"elementor-element elementor-element-0bff9c3 e-con-full e-flex e-con e-child\" data-id=\"0bff9c3\" data-element_type=\"container\" data-e-type=\"container\" data-settings=\"{&quot;background_background&quot;:&quot;classic&quot;}\">\n\t\t\t\t<\/div>\n\t\t\t\t<\/div>\n\t\t\t\t\t<\/div>\n\t\t\t\t<\/div>\n\t\t\t\t<\/div>","protected":false},"excerpt":{"rendered":"<p>OBJECT DETECTION FOR MINING INDUSTRY FlyPix&#8217;s Object Detection Technology Empowers Mine Operators to Monitor Haul Roads and Open Pit Mines with Precision and Safety. Haul Road Monitoring &amp; Maintenance FlyPix AI can help mining companies improve safety, reduce downtime, and optimize maintenance by providing efficient and accurate monitoring of haul road conditions. FlyPix&#8217;s object detection [&hellip;]<\/p>\n","protected":false},"author":1,"featured_media":3653,"parent":0,"menu_order":0,"comment_status":"closed","ping_status":"closed","template":"","meta":{"_acf_changed":false,"footnotes":""},"class_list":["post-154511","page","type-page","status-publish","has-post-thumbnail","hentry"],"acf":[],"yoast_head":"<!-- This site is optimized with the Yoast SEO plugin v27.3 - https:\/\/yoast.com\/product\/yoast-seo-wordpress\/ -->\n<title>Object Detection Software for Mine Monitoring - Flypix<\/title>\n<meta name=\"description\" content=\"FlyPix&#039;s Object Detection Technology Empowers Mine Operators to Monitor Haul Roads and Open Pit Mines with Precision and Safety.\" \/>\n<meta name=\"robots\" content=\"index, follow, max-snippet:-1, max-image-preview:large, max-video-preview:-1\" \/>\n<link rel=\"canonical\" href=\"https:\/\/flypix.ai\/de\/object-detection-software-for-mine-monitoring\/\" \/>\n<meta property=\"og:locale\" content=\"de_DE\" \/>\n<meta property=\"og:type\" content=\"article\" \/>\n<meta property=\"og:title\" content=\"Object Detection Software for Mine Monitoring - Flypix\" \/>\n<meta property=\"og:description\" content=\"FlyPix&#039;s Object Detection Technology Empowers Mine Operators to Monitor Haul Roads and Open Pit Mines with Precision and Safety.\" \/>\n<meta property=\"og:url\" content=\"https:\/\/flypix.ai\/de\/object-detection-software-for-mine-monitoring\/\" \/>\n<meta property=\"og:site_name\" content=\"Flypix\" \/>\n<meta property=\"article:modified_time\" content=\"2024-09-23T11:00:56+00:00\" \/>\n<meta property=\"og:image\" content=\"https:\/\/flypix.ai\/wp-content\/uploads\/2022\/10\/Flip-09.jpg\" \/>\n\t<meta property=\"og:image:width\" content=\"590\" \/>\n\t<meta property=\"og:image:height\" content=\"715\" \/>\n\t<meta property=\"og:image:type\" content=\"image\/jpeg\" \/>\n<meta name=\"twitter:card\" content=\"summary_large_image\" \/>\n<meta name=\"twitter:label1\" content=\"Gesch\u00e4tzte Lesezeit\" \/>\n\t<meta name=\"twitter:data1\" content=\"3\u00a0Minuten\" \/>\n<script type=\"application\/ld+json\" class=\"yoast-schema-graph\">{\"@context\":\"https:\\\/\\\/schema.org\",\"@graph\":[{\"@type\":\"WebPage\",\"@id\":\"https:\\\/\\\/flypix.ai\\\/object-detection-software-for-mine-monitoring\\\/\",\"url\":\"https:\\\/\\\/flypix.ai\\\/object-detection-software-for-mine-monitoring\\\/\",\"name\":\"Object Detection Software for Mine Monitoring - Flypix\",\"isPartOf\":{\"@id\":\"https:\\\/\\\/flypix.ai\\\/#website\"},\"primaryImageOfPage\":{\"@id\":\"https:\\\/\\\/flypix.ai\\\/object-detection-software-for-mine-monitoring\\\/#primaryimage\"},\"image\":{\"@id\":\"https:\\\/\\\/flypix.ai\\\/object-detection-software-for-mine-monitoring\\\/#primaryimage\"},\"thumbnailUrl\":\"https:\\\/\\\/flypix.ai\\\/wp-content\\\/uploads\\\/2022\\\/10\\\/Flip-09.jpg\",\"datePublished\":\"2023-01-16T11:48:53+00:00\",\"dateModified\":\"2024-09-23T11:00:56+00:00\",\"description\":\"FlyPix's Object Detection Technology Empowers Mine Operators to Monitor Haul Roads and Open Pit Mines with Precision and Safety.\",\"breadcrumb\":{\"@id\":\"https:\\\/\\\/flypix.ai\\\/object-detection-software-for-mine-monitoring\\\/#breadcrumb\"},\"inLanguage\":\"de\",\"potentialAction\":[{\"@type\":\"ReadAction\",\"target\":[\"https:\\\/\\\/flypix.ai\\\/object-detection-software-for-mine-monitoring\\\/\"]}]},{\"@type\":\"ImageObject\",\"inLanguage\":\"de\",\"@id\":\"https:\\\/\\\/flypix.ai\\\/object-detection-software-for-mine-monitoring\\\/#primaryimage\",\"url\":\"https:\\\/\\\/flypix.ai\\\/wp-content\\\/uploads\\\/2022\\\/10\\\/Flip-09.jpg\",\"contentUrl\":\"https:\\\/\\\/flypix.ai\\\/wp-content\\\/uploads\\\/2022\\\/10\\\/Flip-09.jpg\",\"width\":590,\"height\":715},{\"@type\":\"BreadcrumbList\",\"@id\":\"https:\\\/\\\/flypix.ai\\\/object-detection-software-for-mine-monitoring\\\/#breadcrumb\",\"itemListElement\":[{\"@type\":\"ListItem\",\"position\":1,\"name\":\"Home\",\"item\":\"https:\\\/\\\/flypix.ai\\\/\"},{\"@type\":\"ListItem\",\"position\":2,\"name\":\"Mining\"}]},{\"@type\":\"WebSite\",\"@id\":\"https:\\\/\\\/flypix.ai\\\/#website\",\"url\":\"https:\\\/\\\/flypix.ai\\\/\",\"name\":\"Flypix\",\"description\":\"AN END-TO-END PLATFORM FOR ENTITY DETECTION, LOCALIZATION AND SEGMENTATION POWERED BY ARTIFICIAL INTELLIGENCE\",\"publisher\":{\"@id\":\"https:\\\/\\\/flypix.ai\\\/#organization\"},\"potentialAction\":[{\"@type\":\"SearchAction\",\"target\":{\"@type\":\"EntryPoint\",\"urlTemplate\":\"https:\\\/\\\/flypix.ai\\\/?s={search_term_string}\"},\"query-input\":{\"@type\":\"PropertyValueSpecification\",\"valueRequired\":true,\"valueName\":\"search_term_string\"}}],\"inLanguage\":\"de\"},{\"@type\":\"Organization\",\"@id\":\"https:\\\/\\\/flypix.ai\\\/#organization\",\"name\":\"Flypix AI\",\"url\":\"https:\\\/\\\/flypix.ai\\\/\",\"logo\":{\"@type\":\"ImageObject\",\"inLanguage\":\"de\",\"@id\":\"https:\\\/\\\/flypix.ai\\\/#\\\/schema\\\/logo\\\/image\\\/\",\"url\":\"https:\\\/\\\/flypix.ai\\\/wp-content\\\/uploads\\\/2024\\\/07\\\/logo.svg\",\"contentUrl\":\"https:\\\/\\\/flypix.ai\\\/wp-content\\\/uploads\\\/2024\\\/07\\\/logo.svg\",\"width\":346,\"height\":40,\"caption\":\"Flypix AI\"},\"image\":{\"@id\":\"https:\\\/\\\/flypix.ai\\\/#\\\/schema\\\/logo\\\/image\\\/\"}}]}<\/script>\n<!-- \/ Yoast SEO plugin. -->","yoast_head_json":{"title":"Objektdetektionssoftware f\u00fcr die Minen\u00fcberwachung - Flypix","description":"Mithilfe der Objekterkennungstechnologie von FlyPix k\u00f6nnen Minenbetreiber Transportstra\u00dfen und Tagebaue pr\u00e4zise und sicher \u00fcberwachen.","robots":{"index":"index","follow":"follow","max-snippet":"max-snippet:-1","max-image-preview":"max-image-preview:large","max-video-preview":"max-video-preview:-1"},"canonical":"https:\/\/flypix.ai\/de\/object-detection-software-for-mine-monitoring\/","og_locale":"de_DE","og_type":"article","og_title":"Object Detection Software for Mine Monitoring - Flypix","og_description":"FlyPix's Object Detection Technology Empowers Mine Operators to Monitor Haul Roads and Open Pit Mines with Precision and Safety.","og_url":"https:\/\/flypix.ai\/de\/object-detection-software-for-mine-monitoring\/","og_site_name":"Flypix","article_modified_time":"2024-09-23T11:00:56+00:00","og_image":[{"width":590,"height":715,"url":"https:\/\/flypix.ai\/wp-content\/uploads\/2022\/10\/Flip-09.jpg","type":"image\/jpeg"}],"twitter_card":"summary_large_image","twitter_misc":{"Gesch\u00e4tzte Lesezeit":"3\u00a0Minuten"},"schema":{"@context":"https:\/\/schema.org","@graph":[{"@type":"WebPage","@id":"https:\/\/flypix.ai\/object-detection-software-for-mine-monitoring\/","url":"https:\/\/flypix.ai\/object-detection-software-for-mine-monitoring\/","name":"Objektdetektionssoftware f\u00fcr die Minen\u00fcberwachung - Flypix","isPartOf":{"@id":"https:\/\/flypix.ai\/#website"},"primaryImageOfPage":{"@id":"https:\/\/flypix.ai\/object-detection-software-for-mine-monitoring\/#primaryimage"},"image":{"@id":"https:\/\/flypix.ai\/object-detection-software-for-mine-monitoring\/#primaryimage"},"thumbnailUrl":"https:\/\/flypix.ai\/wp-content\/uploads\/2022\/10\/Flip-09.jpg","datePublished":"2023-01-16T11:48:53+00:00","dateModified":"2024-09-23T11:00:56+00:00","description":"Mithilfe der Objekterkennungstechnologie von FlyPix k\u00f6nnen Minenbetreiber Transportstra\u00dfen und Tagebaue pr\u00e4zise und sicher \u00fcberwachen.","breadcrumb":{"@id":"https:\/\/flypix.ai\/object-detection-software-for-mine-monitoring\/#breadcrumb"},"inLanguage":"de","potentialAction":[{"@type":"ReadAction","target":["https:\/\/flypix.ai\/object-detection-software-for-mine-monitoring\/"]}]},{"@type":"ImageObject","inLanguage":"de","@id":"https:\/\/flypix.ai\/object-detection-software-for-mine-monitoring\/#primaryimage","url":"https:\/\/flypix.ai\/wp-content\/uploads\/2022\/10\/Flip-09.jpg","contentUrl":"https:\/\/flypix.ai\/wp-content\/uploads\/2022\/10\/Flip-09.jpg","width":590,"height":715},{"@type":"BreadcrumbList","@id":"https:\/\/flypix.ai\/object-detection-software-for-mine-monitoring\/#breadcrumb","itemListElement":[{"@type":"ListItem","position":1,"name":"Home","item":"https:\/\/flypix.ai\/"},{"@type":"ListItem","position":2,"name":"Mining"}]},{"@type":"WebSite","@id":"https:\/\/flypix.ai\/#website","url":"https:\/\/flypix.ai\/","name":"Flypix","description":"Eine durchg\u00e4ngige Plattform zur Objekterkennung, Lokalisierung und Segmentierung auf Basis k\u00fcnstlicher Intelligenz","publisher":{"@id":"https:\/\/flypix.ai\/#organization"},"potentialAction":[{"@type":"SearchAction","target":{"@type":"EntryPoint","urlTemplate":"https:\/\/flypix.ai\/?s={search_term_string}"},"query-input":{"@type":"PropertyValueSpecification","valueRequired":true,"valueName":"search_term_string"}}],"inLanguage":"de"},{"@type":"Organization","@id":"https:\/\/flypix.ai\/#organization","name":"Flypix AI","url":"https:\/\/flypix.ai\/","logo":{"@type":"ImageObject","inLanguage":"de","@id":"https:\/\/flypix.ai\/#\/schema\/logo\/image\/","url":"https:\/\/flypix.ai\/wp-content\/uploads\/2024\/07\/logo.svg","contentUrl":"https:\/\/flypix.ai\/wp-content\/uploads\/2024\/07\/logo.svg","width":346,"height":40,"caption":"Flypix AI"},"image":{"@id":"https:\/\/flypix.ai\/#\/schema\/logo\/image\/"}}]}},"_links":{"self":[{"href":"https:\/\/flypix.ai\/de\/wp-json\/wp\/v2\/pages\/154511","targetHints":{"allow":["GET"]}}],"collection":[{"href":"https:\/\/flypix.ai\/de\/wp-json\/wp\/v2\/pages"}],"about":[{"href":"https:\/\/flypix.ai\/de\/wp-json\/wp\/v2\/types\/page"}],"author":[{"embeddable":true,"href":"https:\/\/flypix.ai\/de\/wp-json\/wp\/v2\/users\/1"}],"replies":[{"embeddable":true,"href":"https:\/\/flypix.ai\/de\/wp-json\/wp\/v2\/comments?post=154511"}],"version-history":[{"count":0,"href":"https:\/\/flypix.ai\/de\/wp-json\/wp\/v2\/pages\/154511\/revisions"}],"wp:featuredmedia":[{"embeddable":true,"href":"https:\/\/flypix.ai\/de\/wp-json\/wp\/v2\/media\/3653"}],"wp:attachment":[{"href":"https:\/\/flypix.ai\/de\/wp-json\/wp\/v2\/media?parent=154511"}],"curies":[{"name":"wp","href":"https:\/\/api.w.org\/{rel}","templated":true}]}}