{"id":154824,"date":"2023-04-10T14:41:24","date_gmt":"2023-04-10T14:41:24","guid":{"rendered":"https:\/\/flypix.ai\/?page_id=154824"},"modified":"2024-07-11T13:30:09","modified_gmt":"2024-07-11T13:30:09","slug":"privacy-policy","status":"publish","type":"page","link":"https:\/\/flypix.ai\/de\/privacy-policy\/","title":{"rendered":"Datenschutzrichtlinie"},"content":{"rendered":"<div data-elementor-type=\"wp-page\" data-elementor-id=\"154824\" class=\"elementor elementor-154824\" data-elementor-post-type=\"page\">\n\t\t\t\t<div class=\"elementor-element elementor-element-50ff507 e-flex e-con-boxed e-con e-parent\" data-id=\"50ff507\" data-element_type=\"container\" data-e-type=\"container\">\n\t\t\t\t\t<div class=\"e-con-inner\">\n\t\t<div class=\"elementor-element elementor-element-9e5cf30 e-con-full e-flex e-con e-child\" data-id=\"9e5cf30\" data-element_type=\"container\" data-e-type=\"container\">\n\t\t\t\t<div class=\"elementor-element elementor-element-e16a1a9 elementor-widget elementor-widget-heading\" data-id=\"e16a1a9\" data-element_type=\"widget\" data-e-type=\"widget\" data-widget_type=\"heading.default\">\n\t\t\t\t\t<h1 class=\"elementor-heading-title elementor-size-default\">Datenschutzrichtlinie<\/h1>\t\t\t\t<\/div>\n\t\t\t\t<div class=\"elementor-element elementor-element-8c9517d elementor-widget elementor-widget-heading\" data-id=\"8c9517d\" data-element_type=\"widget\" data-e-type=\"widget\" data-widget_type=\"heading.default\">\n\t\t\t\t\t<h2 class=\"elementor-heading-title elementor-size-default\">Einf\u00fchrung<\/h2>\t\t\t\t<\/div>\n\t\t\t\t<div class=\"elementor-element elementor-element-1c15ca4 elementor-widget elementor-widget-text-editor\" data-id=\"1c15ca4\" data-element_type=\"widget\" data-e-type=\"widget\" data-widget_type=\"text-editor.default\">\n\t\t\t\t\t\t\t\t\t<p>Diese Datenschutzrichtlinie gilt f\u00fcr die von der FlyPix AI GmbH angebotenen Onlinedienste, die \u00fcber www.flypix.ai (\u201edie Website\u201c) oder app.flypix.tech (\u201edie Anwendung\u201c) zug\u00e4nglich sind. Unser Engagement f\u00fcr den Datenschutz hat h\u00f6chste Priorit\u00e4t und dieses Dokument erl\u00e4utert, wie wir mit den von der Website oder der Anwendung gesammelten und aufgezeichneten Informationen umgehen. F\u00fcr weitere Anfragen oder Informationen zu unserer Datenschutzrichtlinie kontaktieren Sie uns bitte.<\/p>\t\t\t\t\t\t\t\t<\/div>\n\t\t\t\t<div class=\"elementor-element elementor-element-2c7bebb elementor-widget elementor-widget-heading\" data-id=\"2c7bebb\" data-element_type=\"widget\" data-e-type=\"widget\" data-widget_type=\"heading.default\">\n\t\t\t\t\t<h2 class=\"elementor-heading-title elementor-size-default\">\u00c4nderungen und Aktualisierungen der Datenschutzrichtlinie<\/h2>\t\t\t\t<\/div>\n\t\t\t\t<div class=\"elementor-element elementor-element-e42499a elementor-widget elementor-widget-text-editor\" data-id=\"e42499a\" data-element_type=\"widget\" data-e-type=\"widget\" data-widget_type=\"text-editor.default\">\n\t\t\t\t\t\t\t\t\t<p>Wir behalten uns das Recht vor, diese Datenschutzrichtlinie zu \u00e4ndern. Wichtige \u00c4nderungen werden Ihnen \u00fcber unsere Website oder auf andere Weise mitgeteilt, um sicherzustellen, dass Sie immer wissen, welche Informationen wir sammeln, wie wir sie verwenden und unter welchen Umst\u00e4nden wir sie gegebenenfalls offenlegen.<\/p>\t\t\t\t\t\t\t\t<\/div>\n\t\t\t\t<div class=\"elementor-element elementor-element-6774740 elementor-widget elementor-widget-heading\" data-id=\"6774740\" data-element_type=\"widget\" data-e-type=\"widget\" data-widget_type=\"heading.default\">\n\t\t\t\t\t<h2 class=\"elementor-heading-title elementor-size-default\">Datenerhebung und -verwendung<\/h2>\t\t\t\t<\/div>\n\t\t\t\t<div class=\"elementor-element elementor-element-ebbdb2b elementor-widget elementor-widget-heading\" data-id=\"ebbdb2b\" data-element_type=\"widget\" data-e-type=\"widget\" data-widget_type=\"heading.default\">\n\t\t\t\t\t<h3 class=\"elementor-heading-title elementor-size-default\">Protokolldateien<\/h3>\t\t\t\t<\/div>\n\t\t\t\t<div class=\"elementor-element elementor-element-c4b61ba elementor-widget elementor-widget-text-editor\" data-id=\"c4b61ba\" data-element_type=\"widget\" data-e-type=\"widget\" data-widget_type=\"text-editor.default\">\n\t\t\t\t\t\t\t\t\t<p>Im Rahmen unserer Standardpraxis erfassen wir Daten \u00fcber Protokolldateien. Diese Daten k\u00f6nnen Internetprotokoll- (IP-)Adressen, Browsertypen, ISPs, Datums-\/Zeitstempel, Verweis-\/Ausstiegsseiten und Klickzahlen enthalten, was bei der Trendanalyse, der Site-Administration, der Verfolgung von Benutzerbewegungen und der Erfassung demografischer Informationen hilfreich ist.<\/p>\t\t\t\t\t\t\t\t<\/div>\n\t\t\t\t<div class=\"elementor-element elementor-element-a25f90c elementor-widget elementor-widget-heading\" data-id=\"a25f90c\" data-element_type=\"widget\" data-e-type=\"widget\" data-widget_type=\"heading.default\">\n\t\t\t\t\t<h3 class=\"elementor-heading-title elementor-size-default\">Cookies und Web Beacons<\/h3>\t\t\t\t<\/div>\n\t\t\t\t<div class=\"elementor-element elementor-element-0f27532 elementor-widget elementor-widget-text-editor\" data-id=\"0f27532\" data-element_type=\"widget\" data-e-type=\"widget\" data-widget_type=\"text-editor.default\">\n\t\t\t\t\t\t\t\t\t<p>Wir verwenden Cookies, um Informationen \u00fcber die Pr\u00e4ferenzen der Besucher und die Seiten auf der Website oder der Anwendung zu speichern, auf die der Besucher zugegriffen oder die er besucht hat. So optimieren wir das Benutzererlebnis, indem wir den Webseiteninhalt basierend auf dem Browsertyp des Besuchers und\/oder anderen Informationen personalisieren.<\/p>\t\t\t\t\t\t\t\t<\/div>\n\t\t\t\t<div class=\"elementor-element elementor-element-c2717d0 elementor-widget elementor-widget-heading\" data-id=\"c2717d0\" data-element_type=\"widget\" data-e-type=\"widget\" data-widget_type=\"heading.default\">\n\t\t\t\t\t<h3 class=\"elementor-heading-title elementor-size-default\">Google API-Dienste\n<\/h3>\t\t\t\t<\/div>\n\t\t\t\t<div class=\"elementor-element elementor-element-1bbe262 elementor-widget elementor-widget-text-editor\" data-id=\"1bbe262\" data-element_type=\"widget\" data-e-type=\"widget\" data-widget_type=\"text-editor.default\">\n\t\t\t\t\t\t\t\t\t<p>In \u00dcbereinstimmung mit der Nutzerdatenrichtlinie f\u00fcr API-Dienste von Google stellen wir unsere Identit\u00e4t und Absichten genau dar, wenn wir Google-Nutzerdaten anfordern. Wir legen klar offen:<\/p>\n<ul>\n<li><strong>Identit\u00e4t<\/strong>: Die Identit\u00e4t unserer Anwendung, die auf Google-Benutzerdaten zugreift.<\/li>\n<li><strong>Angeforderte Daten<\/strong>: Arten von Google-Benutzerdaten, die wir anfordern.<\/li>\n<li><strong>Zweck<\/strong>: Die Zwecke, f\u00fcr die wir Google-Nutzerdaten anfordern.<\/li>\n<\/ul>\t\t\t\t\t\t\t\t<\/div>\n\t\t\t\t<div class=\"elementor-element elementor-element-7cf02dd elementor-widget elementor-widget-heading\" data-id=\"7cf02dd\" data-element_type=\"widget\" data-e-type=\"widget\" data-widget_type=\"heading.default\">\n\t\t\t\t\t<h2 class=\"elementor-heading-title elementor-size-default\">Drittanbieter-Werbetreibende und Datenschutzrichtlinien<\/h2>\t\t\t\t<\/div>\n\t\t\t\t<div class=\"elementor-element elementor-element-4cde19d elementor-widget elementor-widget-text-editor\" data-id=\"4cde19d\" data-element_type=\"widget\" data-e-type=\"widget\" data-widget_type=\"text-editor.default\">\n\t\t\t\t\t\t\t\t\t<p>Wir verwenden Werbeserver oder Netzwerke von Drittanbietern, die in ihren Anzeigen und Links auf der Website oder der Anwendung Technologien wie Cookies, JavaScript oder Web Beacons verwenden. Ihre Vorgehensweisen sind in ihren jeweiligen Datenschutzrichtlinien ausf\u00fchrlich beschrieben.<\/p>\n<p><strong>Google-Anmeldung<\/strong>: Wir verwenden Google Sign-In zur Authentifizierung und halten uns an die Benutzerdatenrichtlinie f\u00fcr API-Dienste von Google, einschlie\u00dflich transparenter Offenlegung von Datenzugriff und -nutzung.<\/p>\t\t\t\t\t\t\t\t<\/div>\n\t\t\t\t<div class=\"elementor-element elementor-element-85f5890 elementor-widget elementor-widget-heading\" data-id=\"85f5890\" data-element_type=\"widget\" data-e-type=\"widget\" data-widget_type=\"heading.default\">\n\t\t\t\t\t<h2 class=\"elementor-heading-title elementor-size-default\">Informationen f\u00fcr Kinder<\/h2>\t\t\t\t<\/div>\n\t\t\t\t<div class=\"elementor-element elementor-element-cc2d6ad elementor-widget elementor-widget-text-editor\" data-id=\"cc2d6ad\" data-element_type=\"widget\" data-e-type=\"widget\" data-widget_type=\"text-editor.default\">\n\t\t\t\t\t\t\t\t\t<p>Wir erfassen wissentlich keine personenbezogenen Daten von Kindern unter 13 Jahren. Unsere Nutzung von Werbetechnologien Dritter unterliegt den jeweiligen Datenschutzrichtlinien dieser Drittanbieter.<\/p>\n<p><strong>An Kinder gerichtete Apps<\/strong>: Wir halten uns an den Children\u2019s Online Privacy Protection Act (COPPA) und verwenden weder Google Sign-In noch andere Google API-Dienste, die auf mit einem Google-Konto verkn\u00fcpfte Daten in Anwendungen zugreifen, die sich haupts\u00e4chlich an Kinder richten.<\/p>\t\t\t\t\t\t\t\t<\/div>\n\t\t\t\t<div class=\"elementor-element elementor-element-4f3f1a9 elementor-widget elementor-widget-heading\" data-id=\"4f3f1a9\" data-element_type=\"widget\" data-e-type=\"widget\" data-widget_type=\"heading.default\">\n\t\t\t\t\t<h2 class=\"elementor-heading-title elementor-size-default\">Sicherheit und Datenschutz\n<\/h2>\t\t\t\t<\/div>\n\t\t\t\t<div class=\"elementor-element elementor-element-73c78ca elementor-widget elementor-widget-text-editor\" data-id=\"73c78ca\" data-element_type=\"widget\" data-e-type=\"widget\" data-widget_type=\"text-editor.default\">\n\t\t\t\t\t\t\t\t\t<p>Wir gew\u00e4hrleisten die Sicherheit der Daten w\u00e4hrend der \u00dcbertragung und im Ruhezustand und ergreifen geeignete Ma\u00dfnahmen, um sie vor unbefugtem oder unrechtm\u00e4\u00dfigem Zugriff, Nutzung, Vernichtung, Verlust, \u00c4nderung oder Offenlegung zu sch\u00fctzen.<\/p>\n<p><strong>Google API-Dienste<\/strong>: Wir pflegen eine sichere Betriebsumgebung f\u00fcr Anwendungen und Systeme, die Google API Services verwenden, und halten uns dabei an die Sicherheits- und Datenschutzanforderungen von Google.<\/p>\t\t\t\t\t\t\t\t<\/div>\n\t\t\t\t<div class=\"elementor-element elementor-element-dd9bbb1 elementor-widget elementor-widget-heading\" data-id=\"dd9bbb1\" data-element_type=\"widget\" data-e-type=\"widget\" data-widget_type=\"heading.default\">\n\t\t\t\t\t<h2 class=\"elementor-heading-title elementor-size-default\">Einwilligung und Rechte des Benutzers\n<\/h2>\t\t\t\t<\/div>\n\t\t\t\t<div class=\"elementor-element elementor-element-1c3b767 elementor-widget elementor-widget-text-editor\" data-id=\"1c3b767\" data-element_type=\"widget\" data-e-type=\"widget\" data-widget_type=\"text-editor.default\">\n\t\t\t\t\t\t\t\t\t<p>Indem Sie unsere Website oder Anwendung verwenden, stimmen Sie unserer Datenschutzrichtlinie zu und akzeptieren deren Allgemeine Gesch\u00e4ftsbedingungen.<\/p>\n<p>Benutzer haben das Recht zu verstehen, wie ihre Daten verwendet werden und k\u00f6nnen Zugriff auf ihre pers\u00f6nlichen Daten oder deren L\u00f6schung verlangen.<\/p>\t\t\t\t\t\t\t\t<\/div>\n\t\t\t\t<div class=\"elementor-element elementor-element-79d6ff4 elementor-widget elementor-widget-heading\" data-id=\"79d6ff4\" data-element_type=\"widget\" data-e-type=\"widget\" data-widget_type=\"heading.default\">\n\t\t\t\t\t<h2 class=\"elementor-heading-title elementor-size-default\">Kontaktinformationen\n<\/h2>\t\t\t\t<\/div>\n\t\t\t\t<div class=\"elementor-element elementor-element-5ee2fe0 elementor-widget elementor-widget-text-editor\" data-id=\"5ee2fe0\" data-element_type=\"widget\" data-e-type=\"widget\" data-widget_type=\"text-editor.default\">\n\t\t\t\t\t\t\t\t\t<p>Bei Fragen oder Bedenken bez\u00fcglich unserer Datenschutzrichtlinie oder Datenpraktiken kontaktieren Sie uns bitte unter support@flypix.ai<\/p>\n<div id=\"fl-main-content\" class=\"fl-page-content\" role=\"main\">\n<div class=\"fl-content-full container\">\n<div class=\"row\">\n<div class=\"fl-content col-md-12\">\n<article id=\"fl-post-154824\" class=\"fl-post post-154824 page type-page status-publish hentry\">\n<div class=\"fl-post-content clearfix\">\n<p>G\u00fcltig ab: 09.02.2024<\/p>\n<\/div>\n<\/article>\n<\/div>\n<\/div>\n<\/div>\n<\/div>\t\t\t\t\t\t\t\t<\/div>\n\t\t\t\t<\/div>\n\t\t\t\t\t<\/div>\n\t\t\t\t<\/div>\n\t\t\t\t<\/div>","protected":false},"excerpt":{"rendered":"<p>Privacy Policy Introduction This Privacy Policy applies to the online services offered by FlyPix AI GmbH, accessible via www.flypix.ai (\u201cthe website\u201d) or app.flypix.tech (\u201cthe application\u201d). Our commitment to privacy is paramount, and this document explains how we handle information collected and recorded from the website or the application. For additional inquiries or information about our [&hellip;]<\/p>\n","protected":false},"author":1,"featured_media":0,"parent":0,"menu_order":0,"comment_status":"closed","ping_status":"closed","template":"","meta":{"_acf_changed":false,"footnotes":""},"class_list":["post-154824","page","type-page","status-publish","hentry"],"acf":[],"yoast_head":"<!-- This site is optimized with the Yoast SEO plugin v27.3 - https:\/\/yoast.com\/product\/yoast-seo-wordpress\/ -->\n<title>Privacy Policy<\/title>\n<meta name=\"description\" content=\"The services we offer are governed by the privacy policy. Please ensure that you review the terms and conditions regarding the information we gather, how we use it, and any sharing practices.\" \/>\n<meta name=\"robots\" content=\"index, follow, max-snippet:-1, max-image-preview:large, max-video-preview:-1\" \/>\n<link rel=\"canonical\" href=\"https:\/\/flypix.ai\/de\/privacy-policy\/\" \/>\n<meta property=\"og:locale\" content=\"de_DE\" \/>\n<meta property=\"og:type\" content=\"article\" \/>\n<meta property=\"og:title\" content=\"Privacy Policy\" \/>\n<meta property=\"og:description\" content=\"The services we offer are governed by the privacy policy. Please ensure that you review the terms and conditions regarding the information we gather, how we use it, and any sharing practices.\" \/>\n<meta property=\"og:url\" content=\"https:\/\/flypix.ai\/de\/privacy-policy\/\" \/>\n<meta property=\"og:site_name\" content=\"Flypix\" \/>\n<meta property=\"article:modified_time\" content=\"2024-07-11T13:30:09+00:00\" \/>\n<meta name=\"twitter:card\" content=\"summary_large_image\" \/>\n<meta name=\"twitter:label1\" content=\"Gesch\u00e4tzte Lesezeit\" \/>\n\t<meta name=\"twitter:data1\" content=\"3\u00a0Minuten\" \/>\n<script type=\"application\/ld+json\" class=\"yoast-schema-graph\">{\"@context\":\"https:\\\/\\\/schema.org\",\"@graph\":[{\"@type\":\"WebPage\",\"@id\":\"https:\\\/\\\/flypix.ai\\\/es\\\/privacy-policy\\\/\",\"url\":\"https:\\\/\\\/flypix.ai\\\/es\\\/privacy-policy\\\/\",\"name\":\"Privacy Policy\",\"isPartOf\":{\"@id\":\"https:\\\/\\\/flypix.ai\\\/#website\"},\"datePublished\":\"2023-04-10T14:41:24+00:00\",\"dateModified\":\"2024-07-11T13:30:09+00:00\",\"description\":\"The services we offer are governed by the privacy policy. Please ensure that you review the terms and conditions regarding the information we gather, how we use it, and any sharing practices.\",\"breadcrumb\":{\"@id\":\"https:\\\/\\\/flypix.ai\\\/es\\\/privacy-policy\\\/#breadcrumb\"},\"inLanguage\":\"de\",\"potentialAction\":[{\"@type\":\"ReadAction\",\"target\":[\"https:\\\/\\\/flypix.ai\\\/es\\\/privacy-policy\\\/\"]}]},{\"@type\":\"BreadcrumbList\",\"@id\":\"https:\\\/\\\/flypix.ai\\\/es\\\/privacy-policy\\\/#breadcrumb\",\"itemListElement\":[{\"@type\":\"ListItem\",\"position\":1,\"name\":\"Home\",\"item\":\"https:\\\/\\\/flypix.ai\\\/\"},{\"@type\":\"ListItem\",\"position\":2,\"name\":\"Privacy Policy\"}]},{\"@type\":\"WebSite\",\"@id\":\"https:\\\/\\\/flypix.ai\\\/#website\",\"url\":\"https:\\\/\\\/flypix.ai\\\/\",\"name\":\"Flypix\",\"description\":\"AN END-TO-END PLATFORM FOR ENTITY DETECTION, LOCALIZATION AND SEGMENTATION POWERED BY ARTIFICIAL INTELLIGENCE\",\"publisher\":{\"@id\":\"https:\\\/\\\/flypix.ai\\\/#organization\"},\"potentialAction\":[{\"@type\":\"SearchAction\",\"target\":{\"@type\":\"EntryPoint\",\"urlTemplate\":\"https:\\\/\\\/flypix.ai\\\/?s={search_term_string}\"},\"query-input\":{\"@type\":\"PropertyValueSpecification\",\"valueRequired\":true,\"valueName\":\"search_term_string\"}}],\"inLanguage\":\"de\"},{\"@type\":\"Organization\",\"@id\":\"https:\\\/\\\/flypix.ai\\\/#organization\",\"name\":\"Flypix AI\",\"url\":\"https:\\\/\\\/flypix.ai\\\/\",\"logo\":{\"@type\":\"ImageObject\",\"inLanguage\":\"de\",\"@id\":\"https:\\\/\\\/flypix.ai\\\/#\\\/schema\\\/logo\\\/image\\\/\",\"url\":\"https:\\\/\\\/flypix.ai\\\/wp-content\\\/uploads\\\/2024\\\/07\\\/logo.svg\",\"contentUrl\":\"https:\\\/\\\/flypix.ai\\\/wp-content\\\/uploads\\\/2024\\\/07\\\/logo.svg\",\"width\":346,\"height\":40,\"caption\":\"Flypix AI\"},\"image\":{\"@id\":\"https:\\\/\\\/flypix.ai\\\/#\\\/schema\\\/logo\\\/image\\\/\"}}]}<\/script>\n<!-- \/ Yoast SEO plugin. -->","yoast_head_json":{"title":"Datenschutzrichtlinie","description":"Die von uns angebotenen Dienste unterliegen der Datenschutzrichtlinie. Bitte vergewissern Sie sich, dass Sie die Bedingungen bez\u00fcglich der Informationen, die wir sammeln, wie wir sie verwenden und wie wir sie weitergeben, gelesen haben.","robots":{"index":"index","follow":"follow","max-snippet":"max-snippet:-1","max-image-preview":"max-image-preview:large","max-video-preview":"max-video-preview:-1"},"canonical":"https:\/\/flypix.ai\/de\/privacy-policy\/","og_locale":"de_DE","og_type":"article","og_title":"Privacy Policy","og_description":"The services we offer are governed by the privacy policy. Please ensure that you review the terms and conditions regarding the information we gather, how we use it, and any sharing practices.","og_url":"https:\/\/flypix.ai\/de\/privacy-policy\/","og_site_name":"Flypix","article_modified_time":"2024-07-11T13:30:09+00:00","twitter_card":"summary_large_image","twitter_misc":{"Gesch\u00e4tzte Lesezeit":"3\u00a0Minuten"},"schema":{"@context":"https:\/\/schema.org","@graph":[{"@type":"WebPage","@id":"https:\/\/flypix.ai\/es\/privacy-policy\/","url":"https:\/\/flypix.ai\/es\/privacy-policy\/","name":"Datenschutzrichtlinie","isPartOf":{"@id":"https:\/\/flypix.ai\/#website"},"datePublished":"2023-04-10T14:41:24+00:00","dateModified":"2024-07-11T13:30:09+00:00","description":"Die von uns angebotenen Dienste unterliegen der Datenschutzrichtlinie. Bitte vergewissern Sie sich, dass Sie die Bedingungen bez\u00fcglich der Informationen, die wir sammeln, wie wir sie verwenden und wie wir sie weitergeben, gelesen haben.","breadcrumb":{"@id":"https:\/\/flypix.ai\/es\/privacy-policy\/#breadcrumb"},"inLanguage":"de","potentialAction":[{"@type":"ReadAction","target":["https:\/\/flypix.ai\/es\/privacy-policy\/"]}]},{"@type":"BreadcrumbList","@id":"https:\/\/flypix.ai\/es\/privacy-policy\/#breadcrumb","itemListElement":[{"@type":"ListItem","position":1,"name":"Home","item":"https:\/\/flypix.ai\/"},{"@type":"ListItem","position":2,"name":"Privacy Policy"}]},{"@type":"WebSite","@id":"https:\/\/flypix.ai\/#website","url":"https:\/\/flypix.ai\/","name":"Flypix","description":"Eine durchg\u00e4ngige Plattform zur Objekterkennung, Lokalisierung und Segmentierung auf Basis k\u00fcnstlicher Intelligenz","publisher":{"@id":"https:\/\/flypix.ai\/#organization"},"potentialAction":[{"@type":"SearchAction","target":{"@type":"EntryPoint","urlTemplate":"https:\/\/flypix.ai\/?s={search_term_string}"},"query-input":{"@type":"PropertyValueSpecification","valueRequired":true,"valueName":"search_term_string"}}],"inLanguage":"de"},{"@type":"Organization","@id":"https:\/\/flypix.ai\/#organization","name":"Flypix AI","url":"https:\/\/flypix.ai\/","logo":{"@type":"ImageObject","inLanguage":"de","@id":"https:\/\/flypix.ai\/#\/schema\/logo\/image\/","url":"https:\/\/flypix.ai\/wp-content\/uploads\/2024\/07\/logo.svg","contentUrl":"https:\/\/flypix.ai\/wp-content\/uploads\/2024\/07\/logo.svg","width":346,"height":40,"caption":"Flypix AI"},"image":{"@id":"https:\/\/flypix.ai\/#\/schema\/logo\/image\/"}}]}},"_links":{"self":[{"href":"https:\/\/flypix.ai\/de\/wp-json\/wp\/v2\/pages\/154824","targetHints":{"allow":["GET"]}}],"collection":[{"href":"https:\/\/flypix.ai\/de\/wp-json\/wp\/v2\/pages"}],"about":[{"href":"https:\/\/flypix.ai\/de\/wp-json\/wp\/v2\/types\/page"}],"author":[{"embeddable":true,"href":"https:\/\/flypix.ai\/de\/wp-json\/wp\/v2\/users\/1"}],"replies":[{"embeddable":true,"href":"https:\/\/flypix.ai\/de\/wp-json\/wp\/v2\/comments?post=154824"}],"version-history":[{"count":0,"href":"https:\/\/flypix.ai\/de\/wp-json\/wp\/v2\/pages\/154824\/revisions"}],"wp:attachment":[{"href":"https:\/\/flypix.ai\/de\/wp-json\/wp\/v2\/media?parent=154824"}],"curies":[{"name":"wp","href":"https:\/\/api.w.org\/{rel}","templated":true}]}}