{"id":154909,"date":"2023-07-28T14:29:58","date_gmt":"2023-07-28T14:29:58","guid":{"rendered":"https:\/\/flypix.ai\/?page_id=154909"},"modified":"2024-07-11T10:22:10","modified_gmt":"2024-07-11T10:22:10","slug":"data-privacy","status":"publish","type":"page","link":"https:\/\/flypix.ai\/de\/data-privacy\/","title":{"rendered":"Datenschutz"},"content":{"rendered":"<div data-elementor-type=\"wp-page\" data-elementor-id=\"154909\" class=\"elementor elementor-154909\" data-elementor-post-type=\"page\">\n\t\t\t\t<div class=\"elementor-element elementor-element-96acffe e-flex e-con-boxed e-con e-parent\" data-id=\"96acffe\" data-element_type=\"container\" data-e-type=\"container\">\n\t\t\t\t\t<div class=\"e-con-inner\">\n\t\t<div class=\"elementor-element elementor-element-8524e41 e-con-full e-flex e-con e-child\" data-id=\"8524e41\" data-element_type=\"container\" data-e-type=\"container\">\n\t\t\t\t<div class=\"elementor-element elementor-element-9576d29 elementor-widget elementor-widget-heading\" data-id=\"9576d29\" data-element_type=\"widget\" data-e-type=\"widget\" data-widget_type=\"heading.default\">\n\t\t\t\t\t<h1 class=\"elementor-heading-title elementor-size-default\">Daten und Datenschutz<\/h1>\t\t\t\t<\/div>\n\t\t\t\t<div class=\"elementor-element elementor-element-1438bb8 elementor-widget elementor-widget-heading\" data-id=\"1438bb8\" data-element_type=\"widget\" data-e-type=\"widget\" data-widget_type=\"heading.default\">\n\t\t\t\t\t<h2 class=\"elementor-heading-title elementor-size-default\">DSGVO (Datenschutz-Grundverordnung)<\/h2>\t\t\t\t<\/div>\n\t\t\t\t<div class=\"elementor-element elementor-element-63b86fb elementor-widget elementor-widget-text-editor\" data-id=\"63b86fb\" data-element_type=\"widget\" data-e-type=\"widget\" data-widget_type=\"text-editor.default\">\n\t\t\t\t\t\t\t\t\t<p>Datenverarbeitung: FlyPix AI h\u00e4lt sich an die DSGVO-Vorschriften<br \/>FlyPix AI legt gro\u00dfen Wert darauf, die Privatsph\u00e4re aller Kunden zu respektieren, insbesondere wenn es um die Verwendung von Daten geht. Alle Daten und Informationen, die im Rahmen von Projekten anfallen, werden gem\u00e4\u00df den Grunds\u00e4tzen der Datenschutz-Grundverordnung (DSGVO) gesammelt und gespeichert.<\/p>\t\t\t\t\t\t\t\t<\/div>\n\t\t\t\t<div class=\"elementor-element elementor-element-9e84351 elementor-widget elementor-widget-heading\" data-id=\"9e84351\" data-element_type=\"widget\" data-e-type=\"widget\" data-widget_type=\"heading.default\">\n\t\t\t\t\t<h2 class=\"elementor-heading-title elementor-size-default\">Wie wir mit Daten umgehen<\/h2>\t\t\t\t<\/div>\n\t\t\t\t<div class=\"elementor-element elementor-element-836cb4d elementor-widget elementor-widget-text-editor\" data-id=\"836cb4d\" data-element_type=\"widget\" data-e-type=\"widget\" data-widget_type=\"text-editor.default\">\n\t\t\t\t\t\t\t\t\t<p>Um unser Engagement zu demonstrieren, gehen wir mit Daten mit gr\u00f6\u00dfter Sorgfalt um, befolgen die Richtlinien der DSGVO und ergreifen Ma\u00dfnahmen, um sie zu anonymisieren und so den Datenschutz zu verbessern. Alle Datenaufbereitungen werden sorgf\u00e4ltig durchgef\u00fchrt und entsprechen globalen Standards. Alle Kunden erhalten detaillierte Gesch\u00e4ftsbedingungen, die f\u00fcr den jeweiligen Datentyp relevant sind und sich auf die Datenerfassung und -verwendung beziehen.<\/p>\n<p>Alle von FlyPix AI erfassten Daten werden rechtm\u00e4\u00dfig, fair und transparent verarbeitet, wobei die Rechte der betroffenen Person respektiert werden. Die Zwecke und Methoden, wie AI Superior die erfassten Daten nutzen kann, sind genau definiert. Die erfassten Daten sind spezifisch, eindeutig und werden ausschlie\u00dflich f\u00fcr legitime Zwecke verwendet. Wir stellen sicher, dass Ihre Daten sicher von geschulten Spezialisten verwaltet werden, die die Bedeutung des Datenschutzes verstehen.<\/p>\t\t\t\t\t\t\t\t<\/div>\n\t\t\t\t<div class=\"elementor-element elementor-element-9eddd7e elementor-widget elementor-widget-heading\" data-id=\"9eddd7e\" data-element_type=\"widget\" data-e-type=\"widget\" data-widget_type=\"heading.default\">\n\t\t\t\t\t<h2 class=\"elementor-heading-title elementor-size-default\">Wie wir Daten sch\u00fctzen<\/h2>\t\t\t\t<\/div>\n\t\t\t\t<div class=\"elementor-element elementor-element-fd99be5 elementor-widget elementor-widget-text-editor\" data-id=\"fd99be5\" data-element_type=\"widget\" data-e-type=\"widget\" data-widget_type=\"text-editor.default\">\n\t\t\t\t\t\t\t\t\t<p>FlyPix AI garantiert allen Kunden einen hohen Datenschutz. Da Daten in KI- und maschinellen Lernprozessen eine entscheidende Rolle spielen, unternehmen wir alle Schritte, um die Datenqualit\u00e4t sicherzustellen und gleichzeitig Ihre Privatsph\u00e4re zu sch\u00fctzen. Der DSGVO-Prozess hat f\u00fcr uns h\u00f6chste Bedeutung.<\/p>\n<p>Wir sch\u00e4tzen Kundendaten als wertvolles Gut und sorgen nach Erhalt f\u00fcr umfassenden Schutz in unseren Systemen. Alle notwendigen und relevanten Sicherheitsma\u00dfnahmen werden umgesetzt, um die Daten und ihre beabsichtigten Zwecke zu sch\u00fctzen. Dar\u00fcber hinaus bewahren wir die Daten in einem Format auf, das eine Identifizierung erm\u00f6glicht, und verarbeiten sie sicher, um sie vor versehentlichem Verlust, Besch\u00e4digung, unbefugter Verarbeitung und anderen potenziellen Risiken zu sch\u00fctzen.<\/p>\n<div id=\"fl-main-content\" class=\"fl-page-content\" role=\"main\">\n<div class=\"fl-content-full container\">\n<div class=\"row\">\n<div class=\"fl-content col-md-12\">\n<article id=\"fl-post-154909\" class=\"fl-post post-154909 page type-page status-publish hentry\">\n<div class=\"fl-post-content clearfix\">\n<div class=\"fl-builder-content fl-builder-content-154909 fl-builder-content-primary fl-builder-global-templates-locked\" data-post-id=\"154909\">\n<div class=\"fl-row fl-row-full-width fl-row-bg-none fl-node-cvwm345hy8x9\" data-node=\"cvwm345hy8x9\">\n<div class=\"fl-row-content-wrap\">\n<div class=\"fl-row-content fl-row-fixed-width fl-node-content\">\n<div class=\"fl-col-group fl-node-5ox8hiv4lb2s\" data-node=\"5ox8hiv4lb2s\">\n<div class=\"fl-col fl-node-m6y4a1usq02i fl-animation fl-fade-in fl-animated\" data-node=\"m6y4a1usq02i\" data-animation-delay=\"0\" data-animation-duration=\"1\">\n<div class=\"fl-col-content fl-node-content\">\n<div class=\"fl-module fl-module-rich-text fl-node-85ihqmev23rg\" data-node=\"85ihqmev23rg\">\n<div class=\"fl-module-content fl-node-content\">\n<div class=\"fl-rich-text\">\n<p>FlyPix AI bleibt immer einen Schritt voraus und bekr\u00e4ftigt damit unser Engagement, erstklassige L\u00f6sungen anzubieten. Sie k\u00f6nnen sicher sein, dass unser Engagement f\u00fcr die Bereitstellung erstklassiger Dienste unersch\u00fctterlich bleibt.<\/p>\n<\/div>\n<\/div>\n<\/div>\n<\/div>\n<\/div>\n<\/div>\n<\/div>\n<\/div>\n<\/div>\n<\/div>\n<\/div>\n<\/article>\n<\/div>\n<\/div>\n<\/div>\n<\/div>\n<footer class=\"fl-builder-content fl-builder-content-3698 fl-builder-global-templates-locked\" data-post-id=\"3698\" data-type=\"footer\">\n<div class=\"fl-row fl-row-full-width fl-row-bg-color fl-node-j8aztpmhsxv9\" data-node=\"j8aztpmhsxv9\">\n<div class=\"fl-row-content-wrap\">\n<div class=\"uabb-row-separator uabb-top-row-separator\">\u00a0<\/div>\n<div class=\"fl-row-content fl-row-fixed-width fl-node-content\">\n<div class=\"fl-col-group fl-node-c92rzpf6gbhk fl-col-group-equal-height fl-col-group-align-top fl-col-group-custom-width\" data-node=\"c92rzpf6gbhk\">\n<div class=\"fl-col fl-node-is4o69ughkv1 fl-col-small\" data-node=\"is4o69ughkv1\">\n<div class=\"fl-col-content fl-node-content\">\n<div class=\"fl-module fl-module-photo fl-node-qhfo3yz1mtuw\" data-node=\"qhfo3yz1mtuw\">\n<div class=\"fl-module-content fl-node-content\">\u00a0<\/div>\n<\/div>\n<\/div>\n<\/div>\n<\/div>\n<\/div>\n<\/div>\n<\/div>\n<\/footer>\t\t\t\t\t\t\t\t<\/div>\n\t\t\t\t<\/div>\n\t\t\t\t\t<\/div>\n\t\t\t\t<\/div>\n\t\t\t\t<\/div>","protected":false},"excerpt":{"rendered":"<p>Data and Privacy GDPR (General Data Protection Regulation) Data Handling: FlyPix AI adheres to GDPR regulationsFlyPix AI places great importance on respecting the privacy of all customers, particularly when it comes to data usage. Any data and information involved in projects are collected and stored in accordance with the principles set forth in the General [&hellip;]<\/p>\n","protected":false},"author":1,"featured_media":0,"parent":0,"menu_order":0,"comment_status":"closed","ping_status":"closed","template":"","meta":{"_acf_changed":false,"footnotes":""},"class_list":["post-154909","page","type-page","status-publish","hentry"],"acf":[],"yoast_head":"<!-- This site is optimized with the Yoast SEO plugin v27.3 - https:\/\/yoast.com\/product\/yoast-seo-wordpress\/ -->\n<title>Data Privacy<\/title>\n<meta name=\"description\" content=\"Discover FlyPix AI&#039;s GDPR-compliant data handling and protection practices\" \/>\n<meta name=\"robots\" content=\"index, follow, max-snippet:-1, max-image-preview:large, max-video-preview:-1\" \/>\n<link rel=\"canonical\" href=\"https:\/\/flypix.ai\/de\/data-privacy\/\" \/>\n<meta property=\"og:locale\" content=\"de_DE\" \/>\n<meta property=\"og:type\" content=\"article\" \/>\n<meta property=\"og:title\" content=\"Data Privacy\" \/>\n<meta property=\"og:description\" content=\"Discover FlyPix AI&#039;s GDPR-compliant data handling and protection practices\" \/>\n<meta property=\"og:url\" content=\"https:\/\/flypix.ai\/de\/data-privacy\/\" \/>\n<meta property=\"og:site_name\" content=\"Flypix\" \/>\n<meta property=\"article:modified_time\" content=\"2024-07-11T10:22:10+00:00\" \/>\n<meta name=\"twitter:card\" content=\"summary_large_image\" \/>\n<meta name=\"twitter:label1\" content=\"Gesch\u00e4tzte Lesezeit\" \/>\n\t<meta name=\"twitter:data1\" content=\"2\u00a0Minuten\" \/>\n<script type=\"application\/ld+json\" class=\"yoast-schema-graph\">{\"@context\":\"https:\\\/\\\/schema.org\",\"@graph\":[{\"@type\":\"WebPage\",\"@id\":\"https:\\\/\\\/flypix.ai\\\/data-privacy\\\/\",\"url\":\"https:\\\/\\\/flypix.ai\\\/data-privacy\\\/\",\"name\":\"Data Privacy\",\"isPartOf\":{\"@id\":\"https:\\\/\\\/flypix.ai\\\/#website\"},\"datePublished\":\"2023-07-28T14:29:58+00:00\",\"dateModified\":\"2024-07-11T10:22:10+00:00\",\"description\":\"Discover FlyPix AI's GDPR-compliant data handling and protection practices\",\"breadcrumb\":{\"@id\":\"https:\\\/\\\/flypix.ai\\\/data-privacy\\\/#breadcrumb\"},\"inLanguage\":\"de\",\"potentialAction\":[{\"@type\":\"ReadAction\",\"target\":[\"https:\\\/\\\/flypix.ai\\\/data-privacy\\\/\"]}]},{\"@type\":\"BreadcrumbList\",\"@id\":\"https:\\\/\\\/flypix.ai\\\/data-privacy\\\/#breadcrumb\",\"itemListElement\":[{\"@type\":\"ListItem\",\"position\":1,\"name\":\"Home\",\"item\":\"https:\\\/\\\/flypix.ai\\\/\"},{\"@type\":\"ListItem\",\"position\":2,\"name\":\"Data Privacy\"}]},{\"@type\":\"WebSite\",\"@id\":\"https:\\\/\\\/flypix.ai\\\/#website\",\"url\":\"https:\\\/\\\/flypix.ai\\\/\",\"name\":\"Flypix\",\"description\":\"AN END-TO-END PLATFORM FOR ENTITY DETECTION, LOCALIZATION AND SEGMENTATION POWERED BY ARTIFICIAL INTELLIGENCE\",\"publisher\":{\"@id\":\"https:\\\/\\\/flypix.ai\\\/#organization\"},\"potentialAction\":[{\"@type\":\"SearchAction\",\"target\":{\"@type\":\"EntryPoint\",\"urlTemplate\":\"https:\\\/\\\/flypix.ai\\\/?s={search_term_string}\"},\"query-input\":{\"@type\":\"PropertyValueSpecification\",\"valueRequired\":true,\"valueName\":\"search_term_string\"}}],\"inLanguage\":\"de\"},{\"@type\":\"Organization\",\"@id\":\"https:\\\/\\\/flypix.ai\\\/#organization\",\"name\":\"Flypix AI\",\"url\":\"https:\\\/\\\/flypix.ai\\\/\",\"logo\":{\"@type\":\"ImageObject\",\"inLanguage\":\"de\",\"@id\":\"https:\\\/\\\/flypix.ai\\\/#\\\/schema\\\/logo\\\/image\\\/\",\"url\":\"https:\\\/\\\/flypix.ai\\\/wp-content\\\/uploads\\\/2024\\\/07\\\/logo.svg\",\"contentUrl\":\"https:\\\/\\\/flypix.ai\\\/wp-content\\\/uploads\\\/2024\\\/07\\\/logo.svg\",\"width\":346,\"height\":40,\"caption\":\"Flypix AI\"},\"image\":{\"@id\":\"https:\\\/\\\/flypix.ai\\\/#\\\/schema\\\/logo\\\/image\\\/\"}}]}<\/script>\n<!-- \/ Yoast SEO plugin. -->","yoast_head_json":{"title":"Datenschutz","description":"Entdecken Sie die DSGVO-konformen Datenverarbeitungs- und Datenschutzpraktiken von FlyPix AI","robots":{"index":"index","follow":"follow","max-snippet":"max-snippet:-1","max-image-preview":"max-image-preview:large","max-video-preview":"max-video-preview:-1"},"canonical":"https:\/\/flypix.ai\/de\/data-privacy\/","og_locale":"de_DE","og_type":"article","og_title":"Data Privacy","og_description":"Discover FlyPix AI's GDPR-compliant data handling and protection practices","og_url":"https:\/\/flypix.ai\/de\/data-privacy\/","og_site_name":"Flypix","article_modified_time":"2024-07-11T10:22:10+00:00","twitter_card":"summary_large_image","twitter_misc":{"Gesch\u00e4tzte Lesezeit":"2\u00a0Minuten"},"schema":{"@context":"https:\/\/schema.org","@graph":[{"@type":"WebPage","@id":"https:\/\/flypix.ai\/data-privacy\/","url":"https:\/\/flypix.ai\/data-privacy\/","name":"Datenschutz","isPartOf":{"@id":"https:\/\/flypix.ai\/#website"},"datePublished":"2023-07-28T14:29:58+00:00","dateModified":"2024-07-11T10:22:10+00:00","description":"Entdecken Sie die DSGVO-konformen Datenverarbeitungs- und Datenschutzpraktiken von FlyPix AI","breadcrumb":{"@id":"https:\/\/flypix.ai\/data-privacy\/#breadcrumb"},"inLanguage":"de","potentialAction":[{"@type":"ReadAction","target":["https:\/\/flypix.ai\/data-privacy\/"]}]},{"@type":"BreadcrumbList","@id":"https:\/\/flypix.ai\/data-privacy\/#breadcrumb","itemListElement":[{"@type":"ListItem","position":1,"name":"Home","item":"https:\/\/flypix.ai\/"},{"@type":"ListItem","position":2,"name":"Data Privacy"}]},{"@type":"WebSite","@id":"https:\/\/flypix.ai\/#website","url":"https:\/\/flypix.ai\/","name":"Flypix","description":"Eine durchg\u00e4ngige Plattform zur Objekterkennung, Lokalisierung und Segmentierung auf Basis k\u00fcnstlicher Intelligenz","publisher":{"@id":"https:\/\/flypix.ai\/#organization"},"potentialAction":[{"@type":"SearchAction","target":{"@type":"EntryPoint","urlTemplate":"https:\/\/flypix.ai\/?s={search_term_string}"},"query-input":{"@type":"PropertyValueSpecification","valueRequired":true,"valueName":"search_term_string"}}],"inLanguage":"de"},{"@type":"Organization","@id":"https:\/\/flypix.ai\/#organization","name":"Flypix AI","url":"https:\/\/flypix.ai\/","logo":{"@type":"ImageObject","inLanguage":"de","@id":"https:\/\/flypix.ai\/#\/schema\/logo\/image\/","url":"https:\/\/flypix.ai\/wp-content\/uploads\/2024\/07\/logo.svg","contentUrl":"https:\/\/flypix.ai\/wp-content\/uploads\/2024\/07\/logo.svg","width":346,"height":40,"caption":"Flypix AI"},"image":{"@id":"https:\/\/flypix.ai\/#\/schema\/logo\/image\/"}}]}},"_links":{"self":[{"href":"https:\/\/flypix.ai\/de\/wp-json\/wp\/v2\/pages\/154909","targetHints":{"allow":["GET"]}}],"collection":[{"href":"https:\/\/flypix.ai\/de\/wp-json\/wp\/v2\/pages"}],"about":[{"href":"https:\/\/flypix.ai\/de\/wp-json\/wp\/v2\/types\/page"}],"author":[{"embeddable":true,"href":"https:\/\/flypix.ai\/de\/wp-json\/wp\/v2\/users\/1"}],"replies":[{"embeddable":true,"href":"https:\/\/flypix.ai\/de\/wp-json\/wp\/v2\/comments?post=154909"}],"version-history":[{"count":0,"href":"https:\/\/flypix.ai\/de\/wp-json\/wp\/v2\/pages\/154909\/revisions"}],"wp:attachment":[{"href":"https:\/\/flypix.ai\/de\/wp-json\/wp\/v2\/media?parent=154909"}],"curies":[{"name":"wp","href":"https:\/\/api.w.org\/{rel}","templated":true}]}}