{"id":3691,"date":"2022-10-19T14:37:59","date_gmt":"2022-10-19T14:37:59","guid":{"rendered":"https:\/\/flypix.ai\/?page_id=3691"},"modified":"2025-08-08T07:49:45","modified_gmt":"2025-08-08T07:49:45","slug":"imprint","status":"publish","type":"page","link":"https:\/\/flypix.ai\/de\/imprint\/","title":{"rendered":"Impressum"},"content":{"rendered":"<div data-elementor-type=\"wp-page\" data-elementor-id=\"3691\" class=\"elementor elementor-3691\" data-elementor-post-type=\"page\">\n\t\t\t\t<div class=\"elementor-element elementor-element-8c2c1a3 e-flex e-con-boxed e-con e-parent\" data-id=\"8c2c1a3\" data-element_type=\"container\" data-e-type=\"container\">\n\t\t\t\t\t<div class=\"e-con-inner\">\n\t\t<div class=\"elementor-element elementor-element-df9ed84 e-con-full e-flex e-con e-child\" data-id=\"df9ed84\" data-element_type=\"container\" data-e-type=\"container\">\n\t\t\t\t<div class=\"elementor-element elementor-element-dd21459 elementor-widget elementor-widget-heading\" data-id=\"dd21459\" data-element_type=\"widget\" data-e-type=\"widget\" data-widget_type=\"heading.default\">\n\t\t\t\t\t<h1 class=\"elementor-heading-title elementor-size-default\">Impressum\n<\/h1>\t\t\t\t<\/div>\n\t\t<div class=\"elementor-element elementor-element-e06325e e-con-full e-flex e-con e-child\" data-id=\"e06325e\" data-element_type=\"container\" data-e-type=\"container\">\n\t\t\t\t<div class=\"elementor-element elementor-element-5cd8070 elementor-icon-list--layout-inline elementor-align-center elementor-list-item-link-full_width elementor-widget elementor-widget-icon-list\" data-id=\"5cd8070\" data-element_type=\"widget\" data-e-type=\"widget\" data-widget_type=\"icon-list.default\">\n\t\t\t\t\t\t\t<ul class=\"elementor-icon-list-items elementor-inline-items\">\n\t\t\t\t\t\t\t<li class=\"elementor-icon-list-item elementor-inline-item\">\n\t\t\t\t\t\t\t\t\t\t\t<span class=\"elementor-icon-list-icon\">\n\t\t\t\t\t\t\t<svg aria-hidden=\"true\" class=\"e-font-icon-svg e-fas-phone-alt\" viewbox=\"0 0 512 512\" xmlns=\"http:\/\/www.w3.org\/2000\/svg\"><path d=\"M497.39 361.8l-112-48a24 24 0 0 0-28 6.9l-49.6 60.6A370.66 370.66 0 0 1 130.6 204.11l60.6-49.6a23.94 23.94 0 0 0 6.9-28l-48-112A24.16 24.16 0 0 0 122.6.61l-104 24A24 24 0 0 0 0 48c0 256.5 207.9 464 464 464a24 24 0 0 0 23.4-18.6l24-104a24.29 24.29 0 0 0-14.01-27.6z\"><\/path><\/svg>\t\t\t\t\t\t<\/span>\n\t\t\t\t\t\t\t\t\t\t<span class=\"elementor-icon-list-text\">T. +49 6151 3943470<\/span>\n\t\t\t\t\t\t\t\t\t<\/li>\n\t\t\t\t\t\t\t\t<li class=\"elementor-icon-list-item elementor-inline-item\">\n\t\t\t\t\t\t\t\t\t\t\t<span class=\"elementor-icon-list-icon\">\n\t\t\t\t\t\t\t<svg aria-hidden=\"true\" class=\"e-font-icon-svg e-fas-map-signs\" viewbox=\"0 0 512 512\" xmlns=\"http:\/\/www.w3.org\/2000\/svg\"><path d=\"M507.31 84.69L464 41.37c-6-6-14.14-9.37-22.63-9.37H288V16c0-8.84-7.16-16-16-16h-32c-8.84 0-16 7.16-16 16v16H56c-13.25 0-24 10.75-24 24v80c0 13.25 10.75 24 24 24h385.37c8.49 0 16.62-3.37 22.63-9.37l43.31-43.31c6.25-6.26 6.25-16.38 0-22.63zM224 496c0 8.84 7.16 16 16 16h32c8.84 0 16-7.16 16-16V384h-64v112zm232-272H288v-32h-64v32H70.63c-8.49 0-16.62 3.37-22.63 9.37L4.69 276.69c-6.25 6.25-6.25 16.38 0 22.63L48 342.63c6 6 14.14 9.37 22.63 9.37H456c13.25 0 24-10.75 24-24v-80c0-13.25-10.75-24-24-24z\"><\/path><\/svg>\t\t\t\t\t\t<\/span>\n\t\t\t\t\t\t\t\t\t\t<span class=\"elementor-icon-list-text\">Robert-Bosch-Str. 7, 64293 <br>Darmstadt, Deutschland<\/span>\n\t\t\t\t\t\t\t\t\t<\/li>\n\t\t\t\t\t\t\t\t<li class=\"elementor-icon-list-item elementor-inline-item\">\n\t\t\t\t\t\t\t\t\t\t\t<span class=\"elementor-icon-list-icon\">\n\t\t\t\t\t\t\t<svg aria-hidden=\"true\" class=\"e-font-icon-svg e-fas-mail-bulk\" viewbox=\"0 0 576 512\" xmlns=\"http:\/\/www.w3.org\/2000\/svg\"><path d=\"M160 448c-25.6 0-51.2-22.4-64-32-64-44.8-83.2-60.8-96-70.4V480c0 17.67 14.33 32 32 32h256c17.67 0 32-14.33 32-32V345.6c-12.8 9.6-32 25.6-96 70.4-12.8 9.6-38.4 32-64 32zm128-192H32c-17.67 0-32 14.33-32 32v16c25.6 19.2 22.4 19.2 115.2 86.4 9.6 6.4 28.8 25.6 44.8 25.6s35.2-19.2 44.8-22.4c92.8-67.2 89.6-67.2 115.2-86.4V288c0-17.67-14.33-32-32-32zm256-96H224c-17.67 0-32 14.33-32 32v32h96c33.21 0 60.59 25.42 63.71 57.82l.29-.22V416h192c17.67 0 32-14.33 32-32V192c0-17.67-14.33-32-32-32zm-32 128h-64v-64h64v64zm-352-96c0-35.29 28.71-64 64-64h224V32c0-17.67-14.33-32-32-32H96C78.33 0 64 14.33 64 32v192h96v-32z\"><\/path><\/svg>\t\t\t\t\t\t<\/span>\n\t\t\t\t\t\t\t\t\t\t<span class=\"elementor-icon-list-text\">INFO@FLYPIX.AI<\/span>\n\t\t\t\t\t\t\t\t\t<\/li>\n\t\t\t\t\t\t<\/ul>\n\t\t\t\t\t\t<\/div>\n\t\t<div class=\"elementor-element elementor-element-9dea6fa e-con-full e-flex e-con e-child\" data-id=\"9dea6fa\" data-element_type=\"container\" data-e-type=\"container\">\n\t\t\t\t<div class=\"elementor-element elementor-element-f2793a3 elementor-widget elementor-widget-heading\" data-id=\"f2793a3\" data-element_type=\"widget\" data-e-type=\"widget\" data-widget_type=\"heading.default\">\n\t\t\t\t\t<h2 class=\"elementor-heading-title elementor-size-default\">Haftungsausschluss\n<\/h2>\t\t\t\t<\/div>\n\t\t\t\t<div class=\"elementor-element elementor-element-9e26bbf elementor-widget elementor-widget-heading\" data-id=\"9e26bbf\" data-element_type=\"widget\" data-e-type=\"widget\" data-widget_type=\"heading.default\">\n\t\t\t\t\t<h3 class=\"elementor-heading-title elementor-size-default\">Haftung f\u00fcr Inhalte\n<\/h3>\t\t\t\t<\/div>\n\t\t\t\t<div class=\"elementor-element elementor-element-6ffd22a elementor-widget elementor-widget-text-editor\" data-id=\"6ffd22a\" data-element_type=\"widget\" data-e-type=\"widget\" data-widget_type=\"text-editor.default\">\n\t\t\t\t\t\t\t\t\t<div class=\"fl-module fl-module-rich-text fl-node-tan52oe8y4km\" data-node=\"tan52oe8y4km\">\n<div class=\"fl-module-content fl-node-content\">\n<div class=\"fl-rich-text\">\n<p>Die auf unseren Seiten bereitgestellten Informationen wurden sorgf\u00e4ltig erstellt. F\u00fcr die Richtigkeit, Vollst\u00e4ndigkeit und Aktualit\u00e4t der Informationen k\u00f6nnen wir jedoch keine Gew\u00e4hr \u00fcbernehmen. Als Diensteanbieter sind wir gem\u00e4\u00df \u00a7\u00a7 15 bis 19 TMG f\u00fcr die eigenen Inhalte auf diesen Seiten nach den allgemeinen Gesetzen verantwortlich. Nach \u00a7\u00a7 8 bis 10 TMG sind wir als Diensteanbieter jedoch nicht verpflichtet, \u00fcbermittelte oder gespeicherte fremde Informationen zu \u00fcberwachen oder nach Umst\u00e4nden zu forschen, die auf eine rechtswidrige T\u00e4tigkeit hinweisen. Verpflichtungen zur Entfernung oder Sperrung der Nutzung von Informationen nach den allgemeinen Gesetzen bleiben hiervon unber\u00fchrt.<\/p>\n<\/div>\n<\/div>\n<\/div>\t\t\t\t\t\t\t\t<\/div>\n\t\t\t\t<div class=\"elementor-element elementor-element-baf5829 elementor-widget elementor-widget-heading\" data-id=\"baf5829\" data-element_type=\"widget\" data-e-type=\"widget\" data-widget_type=\"heading.default\">\n\t\t\t\t\t<h3 class=\"elementor-heading-title elementor-size-default\">Haftung f\u00fcr Links\n<\/h3>\t\t\t\t<\/div>\n\t\t\t\t<div class=\"elementor-element elementor-element-b909d55 elementor-widget elementor-widget-text-editor\" data-id=\"b909d55\" data-element_type=\"widget\" data-e-type=\"widget\" data-widget_type=\"text-editor.default\">\n\t\t\t\t\t\t\t\t\t<div class=\"fl-module fl-module-rich-text fl-node-tan52oe8y4km\" data-node=\"tan52oe8y4km\">\n<div class=\"fl-module-content fl-node-content\">\n<div class=\"fl-rich-text\">\n<div class=\"fl-module fl-module-rich-text fl-node-ds7ilp1fn6kz\" data-node=\"ds7ilp1fn6kz\">\n<div class=\"fl-module-content fl-node-content\">\n<div class=\"fl-rich-text\">\n<p>F\u00fcr die Inhalte externer Links zu Webseiten Dritter \u00fcbernehmen wir keine Haftung. F\u00fcr den Inhalt der verlinkten Seiten sind ausschlie\u00dflich deren Betreiber verantwortlich. Zum Zeitpunkt der Verlinkung waren f\u00fcr uns keine Rechtsverst\u00f6\u00dfe erkennbar. Bei Bekanntwerden von Rechtsverletzungen werden wir derartige Links umgehend entfernen.<\/p>\n<\/div>\n<\/div>\n<\/div>\n<\/div>\n<\/div>\n<\/div>\t\t\t\t\t\t\t\t<\/div>\n\t\t\t\t<div class=\"elementor-element elementor-element-bb331a3 elementor-widget elementor-widget-heading\" data-id=\"bb331a3\" data-element_type=\"widget\" data-e-type=\"widget\" data-widget_type=\"heading.default\">\n\t\t\t\t\t<h3 class=\"elementor-heading-title elementor-size-default\">Urheberrechte \u00a9<\/h3>\t\t\t\t<\/div>\n\t\t\t\t<div class=\"elementor-element elementor-element-0227404 elementor-widget elementor-widget-text-editor\" data-id=\"0227404\" data-element_type=\"widget\" data-e-type=\"widget\" data-widget_type=\"text-editor.default\">\n\t\t\t\t\t\t\t\t\t<div class=\"fl-module fl-module-rich-text fl-node-85ihqmev23rg\" data-node=\"85ihqmev23rg\">\n<div class=\"fl-module-content fl-node-content\">\n<div class=\"fl-rich-text\">\n<p>Unsere Webseiten und deren Inhalte unterliegen dem deutschen Urheberrecht. Jede Verwertung, Vervielf\u00e4ltigung oder Bearbeitung urheberrechtlich gesch\u00fctzter Werke auf unseren Webseiten bedarf der vorherigen Zustimmung des jeweiligen Rechteinhabers, soweit nicht gesetzlich ausdr\u00fccklich gestattet. Einzelne Vervielf\u00e4ltigungen von Werken sind nur f\u00fcr den privaten Gebrauch gestattet. Die unbefugte Verwendung der Materialien dieser Seiten kann gegen Urheberrechte versto\u00dfen.<\/p>\n<\/div>\n<\/div>\n<\/div>\t\t\t\t\t\t\t\t<\/div>\n\t\t<div class=\"elementor-element elementor-element-0f7b506 e-con-full e-flex e-con e-child\" data-id=\"0f7b506\" data-element_type=\"container\" data-e-type=\"container\">\n\t\t<div class=\"elementor-element elementor-element-93bb327 e-con-full e-flex e-con e-child\" data-id=\"93bb327\" data-element_type=\"container\" data-e-type=\"container\">\n\t\t<div class=\"elementor-element elementor-element-12d9cbb e-con-full e-flex e-con e-child\" data-id=\"12d9cbb\" data-element_type=\"container\" data-e-type=\"container\">\n\t\t\t\t<div class=\"elementor-element elementor-element-594ecdf elementor-widget elementor-widget-heading\" data-id=\"594ecdf\" data-element_type=\"widget\" data-e-type=\"widget\" data-widget_type=\"heading.default\">\n\t\t\t\t\t<h4 class=\"elementor-heading-title elementor-size-default\">Vertreten durch\n<\/h4>\t\t\t\t<\/div>\n\t\t\t\t<\/div>\n\t\t<div class=\"elementor-element elementor-element-368db15 e-con-full elementor-hidden-mobile e-flex e-con e-child\" data-id=\"368db15\" data-element_type=\"container\" data-e-type=\"container\">\n\t\t\t\t<div class=\"elementor-element elementor-element-53c0335 elementor-widget__width-initial elementor-widget-divider--view-line elementor-widget elementor-widget-divider\" data-id=\"53c0335\" data-element_type=\"widget\" data-e-type=\"widget\" data-widget_type=\"divider.default\">\n\t\t\t\t\t\t\t<div class=\"elementor-divider\">\n\t\t\t<span class=\"elementor-divider-separator\">\n\t\t\t\t\t\t<\/span>\n\t\t<\/div>\n\t\t\t\t\t\t<\/div>\n\t\t\t\t<\/div>\n\t\t<div class=\"elementor-element elementor-element-59e5c3b e-con-full e-flex e-con e-child\" data-id=\"59e5c3b\" data-element_type=\"container\" data-e-type=\"container\">\n\t\t<div class=\"elementor-element elementor-element-f437e56 e-con-full e-flex e-con e-child\" data-id=\"f437e56\" data-element_type=\"container\" data-e-type=\"container\">\n\t\t\t\t<div class=\"elementor-element elementor-element-d78ea90 elementor-widget elementor-widget-heading\" data-id=\"d78ea90\" data-element_type=\"widget\" data-e-type=\"widget\" data-widget_type=\"heading.default\">\n\t\t\t\t\t<p class=\"elementor-heading-title elementor-size-default\">Sergej Suchanow, Ivan Tankojew<\/p>\t\t\t\t<\/div>\n\t\t\t\t<\/div>\n\t\t\t\t<\/div>\n\t\t\t\t<\/div>\n\t\t\t\t<\/div>\n\t\t\t\t<\/div>\n\t\t<div class=\"elementor-element elementor-element-c1f460b e-con-full e-flex e-con e-child\" data-id=\"c1f460b\" data-element_type=\"container\" data-e-type=\"container\">\n\t\t\t\t<div class=\"elementor-element elementor-element-bd34a00 elementor-widget elementor-widget-heading\" data-id=\"bd34a00\" data-element_type=\"widget\" data-e-type=\"widget\" data-widget_type=\"heading.default\">\n\t\t\t\t\t<p class=\"elementor-heading-title elementor-size-default\">FlyPix AI GmbH\n\n<\/p>\t\t\t\t<\/div>\n\t\t\t\t<div class=\"elementor-element elementor-element-0a598cc elementor-widget elementor-widget-text-editor\" data-id=\"0a598cc\" data-element_type=\"widget\" data-e-type=\"widget\" data-widget_type=\"text-editor.default\">\n\t\t\t\t\t\t\t\t\t<div class=\"fl-module fl-module-rich-text fl-node-85ihqmev23rg\" data-node=\"85ihqmev23rg\">\n<div class=\"fl-module-content fl-node-content\">\n<div class=\"fl-rich-text\">\n<p>Eintragung im Handelsregister<br \/>Registernummer: HRB 105309<br \/>Registergericht: Amtsgericht Darmstadt<br \/>Umsatzsteuer-Identifikationsnummer: DE362377202<\/p>\n<\/div>\n<\/div>\n<\/div>\t\t\t\t\t\t\t\t<\/div>\n\t\t\t\t<\/div>\n\t\t\t\t<\/div>\n\t\t\t\t<\/div>\n\t\t\t\t\t<\/div>\n\t\t\t\t<\/div>\n\t\t\t\t<\/div>","protected":false},"excerpt":{"rendered":"<p>Imprint T. +49 6151 3943470 Robert-Bosch-Str. 7, 64293 Darmstadt, Germany INFO@FLYPIX.AI Disclaimer Accountability for content The information provided on our pages has been carefully created. However, we cannot guarantee its accuracy, completeness, or timeliness. As per the applicable laws, we are responsible for the content we publish on these web pages. It is important to [&hellip;]<\/p>\n","protected":false},"author":1,"featured_media":0,"parent":0,"menu_order":0,"comment_status":"closed","ping_status":"closed","template":"","meta":{"_acf_changed":false,"footnotes":""},"class_list":["post-3691","page","type-page","status-publish","hentry"],"acf":[],"yoast_head":"<!-- This site is optimized with the Yoast SEO plugin v27.3 - https:\/\/yoast.com\/product\/yoast-seo-wordpress\/ -->\n<title>Imprint - Flypix<\/title>\n<meta name=\"robots\" content=\"index, follow, max-snippet:-1, max-image-preview:large, max-video-preview:-1\" \/>\n<link rel=\"canonical\" href=\"https:\/\/flypix.ai\/de\/imprint\/\" \/>\n<meta property=\"og:locale\" content=\"de_DE\" \/>\n<meta property=\"og:type\" content=\"article\" \/>\n<meta property=\"og:title\" content=\"Imprint - Flypix\" \/>\n<meta property=\"og:description\" content=\"Imprint T. +49 6151 3943470 Robert-Bosch-Str. 7, 64293 Darmstadt, Germany INFO@FLYPIX.AI Disclaimer Accountability for content The information provided on our pages has been carefully created. However, we cannot guarantee its accuracy, completeness, or timeliness. As per the applicable laws, we are responsible for the content we publish on these web pages. It is important to [&hellip;]\" \/>\n<meta property=\"og:url\" content=\"https:\/\/flypix.ai\/de\/imprint\/\" \/>\n<meta property=\"og:site_name\" content=\"Flypix\" \/>\n<meta property=\"article:modified_time\" content=\"2025-08-08T07:49:45+00:00\" \/>\n<meta name=\"twitter:card\" content=\"summary_large_image\" \/>\n<meta name=\"twitter:label1\" content=\"Gesch\u00e4tzte Lesezeit\" \/>\n\t<meta name=\"twitter:data1\" content=\"2\u00a0Minuten\" \/>\n<script type=\"application\/ld+json\" class=\"yoast-schema-graph\">{\"@context\":\"https:\\\/\\\/schema.org\",\"@graph\":[{\"@type\":\"WebPage\",\"@id\":\"https:\\\/\\\/flypix.ai\\\/es\\\/imprint\\\/\",\"url\":\"https:\\\/\\\/flypix.ai\\\/es\\\/imprint\\\/\",\"name\":\"Imprint - Flypix\",\"isPartOf\":{\"@id\":\"https:\\\/\\\/flypix.ai\\\/#website\"},\"datePublished\":\"2022-10-19T14:37:59+00:00\",\"dateModified\":\"2025-08-08T07:49:45+00:00\",\"breadcrumb\":{\"@id\":\"https:\\\/\\\/flypix.ai\\\/es\\\/imprint\\\/#breadcrumb\"},\"inLanguage\":\"de\",\"potentialAction\":[{\"@type\":\"ReadAction\",\"target\":[\"https:\\\/\\\/flypix.ai\\\/es\\\/imprint\\\/\"]}]},{\"@type\":\"BreadcrumbList\",\"@id\":\"https:\\\/\\\/flypix.ai\\\/es\\\/imprint\\\/#breadcrumb\",\"itemListElement\":[{\"@type\":\"ListItem\",\"position\":1,\"name\":\"Home\",\"item\":\"https:\\\/\\\/flypix.ai\\\/\"},{\"@type\":\"ListItem\",\"position\":2,\"name\":\"Imprint\"}]},{\"@type\":\"WebSite\",\"@id\":\"https:\\\/\\\/flypix.ai\\\/#website\",\"url\":\"https:\\\/\\\/flypix.ai\\\/\",\"name\":\"Flypix\",\"description\":\"AN END-TO-END PLATFORM FOR ENTITY DETECTION, LOCALIZATION AND SEGMENTATION POWERED BY ARTIFICIAL INTELLIGENCE\",\"publisher\":{\"@id\":\"https:\\\/\\\/flypix.ai\\\/#organization\"},\"potentialAction\":[{\"@type\":\"SearchAction\",\"target\":{\"@type\":\"EntryPoint\",\"urlTemplate\":\"https:\\\/\\\/flypix.ai\\\/?s={search_term_string}\"},\"query-input\":{\"@type\":\"PropertyValueSpecification\",\"valueRequired\":true,\"valueName\":\"search_term_string\"}}],\"inLanguage\":\"de\"},{\"@type\":\"Organization\",\"@id\":\"https:\\\/\\\/flypix.ai\\\/#organization\",\"name\":\"Flypix AI\",\"url\":\"https:\\\/\\\/flypix.ai\\\/\",\"logo\":{\"@type\":\"ImageObject\",\"inLanguage\":\"de\",\"@id\":\"https:\\\/\\\/flypix.ai\\\/#\\\/schema\\\/logo\\\/image\\\/\",\"url\":\"https:\\\/\\\/flypix.ai\\\/wp-content\\\/uploads\\\/2024\\\/07\\\/logo.svg\",\"contentUrl\":\"https:\\\/\\\/flypix.ai\\\/wp-content\\\/uploads\\\/2024\\\/07\\\/logo.svg\",\"width\":346,\"height\":40,\"caption\":\"Flypix AI\"},\"image\":{\"@id\":\"https:\\\/\\\/flypix.ai\\\/#\\\/schema\\\/logo\\\/image\\\/\"}}]}<\/script>\n<!-- \/ Yoast SEO plugin. -->","yoast_head_json":{"title":"Impressum - Flypix","robots":{"index":"index","follow":"follow","max-snippet":"max-snippet:-1","max-image-preview":"max-image-preview:large","max-video-preview":"max-video-preview:-1"},"canonical":"https:\/\/flypix.ai\/de\/imprint\/","og_locale":"de_DE","og_type":"article","og_title":"Imprint - Flypix","og_description":"Imprint T. +49 6151 3943470 Robert-Bosch-Str. 7, 64293 Darmstadt, Germany INFO@FLYPIX.AI Disclaimer Accountability for content The information provided on our pages has been carefully created. However, we cannot guarantee its accuracy, completeness, or timeliness. As per the applicable laws, we are responsible for the content we publish on these web pages. It is important to [&hellip;]","og_url":"https:\/\/flypix.ai\/de\/imprint\/","og_site_name":"Flypix","article_modified_time":"2025-08-08T07:49:45+00:00","twitter_card":"summary_large_image","twitter_misc":{"Gesch\u00e4tzte Lesezeit":"2\u00a0Minuten"},"schema":{"@context":"https:\/\/schema.org","@graph":[{"@type":"WebPage","@id":"https:\/\/flypix.ai\/es\/imprint\/","url":"https:\/\/flypix.ai\/es\/imprint\/","name":"Impressum - Flypix","isPartOf":{"@id":"https:\/\/flypix.ai\/#website"},"datePublished":"2022-10-19T14:37:59+00:00","dateModified":"2025-08-08T07:49:45+00:00","breadcrumb":{"@id":"https:\/\/flypix.ai\/es\/imprint\/#breadcrumb"},"inLanguage":"de","potentialAction":[{"@type":"ReadAction","target":["https:\/\/flypix.ai\/es\/imprint\/"]}]},{"@type":"BreadcrumbList","@id":"https:\/\/flypix.ai\/es\/imprint\/#breadcrumb","itemListElement":[{"@type":"ListItem","position":1,"name":"Home","item":"https:\/\/flypix.ai\/"},{"@type":"ListItem","position":2,"name":"Imprint"}]},{"@type":"WebSite","@id":"https:\/\/flypix.ai\/#website","url":"https:\/\/flypix.ai\/","name":"Flypix","description":"Eine durchg\u00e4ngige Plattform zur Objekterkennung, Lokalisierung und Segmentierung auf Basis k\u00fcnstlicher Intelligenz","publisher":{"@id":"https:\/\/flypix.ai\/#organization"},"potentialAction":[{"@type":"SearchAction","target":{"@type":"EntryPoint","urlTemplate":"https:\/\/flypix.ai\/?s={search_term_string}"},"query-input":{"@type":"PropertyValueSpecification","valueRequired":true,"valueName":"search_term_string"}}],"inLanguage":"de"},{"@type":"Organization","@id":"https:\/\/flypix.ai\/#organization","name":"Flypix AI","url":"https:\/\/flypix.ai\/","logo":{"@type":"ImageObject","inLanguage":"de","@id":"https:\/\/flypix.ai\/#\/schema\/logo\/image\/","url":"https:\/\/flypix.ai\/wp-content\/uploads\/2024\/07\/logo.svg","contentUrl":"https:\/\/flypix.ai\/wp-content\/uploads\/2024\/07\/logo.svg","width":346,"height":40,"caption":"Flypix AI"},"image":{"@id":"https:\/\/flypix.ai\/#\/schema\/logo\/image\/"}}]}},"_links":{"self":[{"href":"https:\/\/flypix.ai\/de\/wp-json\/wp\/v2\/pages\/3691","targetHints":{"allow":["GET"]}}],"collection":[{"href":"https:\/\/flypix.ai\/de\/wp-json\/wp\/v2\/pages"}],"about":[{"href":"https:\/\/flypix.ai\/de\/wp-json\/wp\/v2\/types\/page"}],"author":[{"embeddable":true,"href":"https:\/\/flypix.ai\/de\/wp-json\/wp\/v2\/users\/1"}],"replies":[{"embeddable":true,"href":"https:\/\/flypix.ai\/de\/wp-json\/wp\/v2\/comments?post=3691"}],"version-history":[{"count":0,"href":"https:\/\/flypix.ai\/de\/wp-json\/wp\/v2\/pages\/3691\/revisions"}],"wp:attachment":[{"href":"https:\/\/flypix.ai\/de\/wp-json\/wp\/v2\/media?parent=3691"}],"curies":[{"name":"wp","href":"https:\/\/api.w.org\/{rel}","templated":true}]}}