{"id":154480,"date":"2023-01-16T10:28:59","date_gmt":"2023-01-16T10:28:59","guid":{"rendered":"https:\/\/flypix.ai\/?page_id=154480"},"modified":"2024-09-23T15:11:38","modified_gmt":"2024-09-23T15:11:38","slug":"object-detection-software-for-government-institutions","status":"publish","type":"page","link":"https:\/\/flypix.ai\/es\/object-detection-software-for-government-institutions\/","title":{"rendered":"Gobierno"},"content":{"rendered":"<div data-elementor-type=\"wp-page\" data-elementor-id=\"154480\" class=\"elementor elementor-154480\" data-elementor-post-type=\"page\">\n\t\t\t\t<div class=\"elementor-element elementor-element-5c49439c e-flex e-con-boxed e-con e-parent\" data-id=\"5c49439c\" data-element_type=\"container\" data-e-type=\"container\" data-settings=\"{&quot;background_background&quot;:&quot;classic&quot;}\">\n\t\t\t\t\t<div class=\"e-con-inner\">\n\t\t<div class=\"elementor-element elementor-element-2a68cf24 e-con-full e-flex e-con e-child\" data-id=\"2a68cf24\" data-element_type=\"container\" data-e-type=\"container\">\n\t\t\t\t<div class=\"elementor-element elementor-element-6c6c6f64 elementor-widget elementor-widget-heading\" data-id=\"6c6c6f64\" data-element_type=\"widget\" data-e-type=\"widget\" data-widget_type=\"heading.default\">\n\t\t\t\t\t<h1 class=\"elementor-heading-title elementor-size-default\">DETECCI\u00d3N DE OBJETOS PARA INSTITUCIONES GUBERNAMENTALES\n<\/h1>\t\t\t\t<\/div>\n\t\t<div class=\"elementor-element elementor-element-796ba1f8 e-con-full e-flex e-con e-child\" data-id=\"796ba1f8\" data-element_type=\"container\" data-e-type=\"container\">\n\t\t\t\t<div class=\"elementor-element elementor-element-14706d42 elementor-widget-divider--view-line elementor-widget elementor-widget-divider\" data-id=\"14706d42\" data-element_type=\"widget\" data-e-type=\"widget\" data-widget_type=\"divider.default\">\n\t\t\t\t\t\t\t<div class=\"elementor-divider\">\n\t\t\t<span class=\"elementor-divider-separator\">\n\t\t\t\t\t\t<\/span>\n\t\t<\/div>\n\t\t\t\t\t\t<\/div>\n\t\t\t\t<\/div>\n\t\t<div class=\"elementor-element elementor-element-3da2c0d8 e-con-full e-flex e-con e-child\" data-id=\"3da2c0d8\" data-element_type=\"container\" data-e-type=\"container\">\n\t\t\t\t<div class=\"elementor-element elementor-element-7275d10 elementor-widget elementor-widget-heading\" data-id=\"7275d10\" data-element_type=\"widget\" data-e-type=\"widget\" data-widget_type=\"heading.default\">\n\t\t\t\t\t<h2 class=\"elementor-heading-title elementor-size-default\">Aproveche el poder de nuestra plataforma avanzada de detecci\u00f3n de objetos para im\u00e1genes a\u00e9reas para optimizar el mantenimiento de carreteras y la gesti\u00f3n de residuos.<\/h2>\t\t\t\t<\/div>\n\t\t\t\t<\/div>\n\t\t\t\t<\/div>\n\t\t\t\t\t<\/div>\n\t\t\t\t<\/div>\n\t\t<div class=\"elementor-element elementor-element-282227e4 e-flex e-con-boxed e-con e-parent\" data-id=\"282227e4\" data-element_type=\"container\" data-e-type=\"container\" data-settings=\"{&quot;background_background&quot;:&quot;classic&quot;}\">\n\t\t\t\t\t<div class=\"e-con-inner\">\n\t\t<div class=\"elementor-element elementor-element-4e20b1be e-con-full e-flex e-con e-child\" data-id=\"4e20b1be\" data-element_type=\"container\" data-e-type=\"container\">\n\t\t<div class=\"elementor-element elementor-element-41bd1dbb e-con-full e-flex e-con e-child\" data-id=\"41bd1dbb\" data-element_type=\"container\" data-e-type=\"container\" data-settings=\"{&quot;background_background&quot;:&quot;classic&quot;}\">\n\t\t\t\t<\/div>\n\t\t<div class=\"elementor-element elementor-element-348f0e14 e-con-full e-flex e-con e-child\" data-id=\"348f0e14\" data-element_type=\"container\" data-e-type=\"container\" data-settings=\"{&quot;background_background&quot;:&quot;classic&quot;}\">\n\t\t\t\t<div class=\"elementor-element elementor-element-39bee73f elementor-widget elementor-widget-heading\" data-id=\"39bee73f\" data-element_type=\"widget\" data-e-type=\"widget\" data-widget_type=\"heading.default\">\n\t\t\t\t\t<h3 class=\"elementor-heading-title elementor-size-default\">Detecci\u00f3n de desechos y escombros<\/h3>\t\t\t\t<\/div>\n\t\t\t\t<div class=\"elementor-element elementor-element-65e1eacc elementor-widget elementor-widget-text-editor\" data-id=\"65e1eacc\" data-element_type=\"widget\" data-e-type=\"widget\" data-widget_type=\"text-editor.default\">\n\t\t\t\t\t\t\t\t\t<p>Identificar y clasificar residuos requiere esfuerzos y recursos importantes; sin embargo, FlyPix AI puede automatizar la detecci\u00f3n de residuos mediante inteligencia artificial. Nuestro software de vanguardia aprovecha algoritmos de aprendizaje autom\u00e1tico para detectar e identificar diversos objetos en im\u00e1genes a\u00e9reas de alta resoluci\u00f3n, incluidos diferentes tipos de desechos, como escombros de construcci\u00f3n, desechos peligrosos, desechos electr\u00f3nicos y otros tipos de basura. La detecci\u00f3n de desechos mediante procesamiento de im\u00e1genes ahorra mucho tiempo y recursos en comparaci\u00f3n con los m\u00e9todos de detecci\u00f3n manual y puede proporcionar informaci\u00f3n cr\u00edtica a las agencias gubernamentales y comprender mejor la escala y el alcance de la contaminaci\u00f3n por desechos en un \u00e1rea particular. FlyPix AI tambi\u00e9n puede ayudar a identificar residuos reciclables. Al analizar las im\u00e1genes en busca de patrones y caracter\u00edsticas espec\u00edficos que corresponden a diferentes tipos de materiales reciclables, como pl\u00e1sticos, papel y metales, FlyPix puede identificar estos materiales y clasificarlos en consecuencia. El uso de inteligencia artificial para detectar residuos reciclables puede ayudar a reducir la cantidad de residuos que terminan en vertederos o en el medio ambiente, contribuyendo a un sistema de gesti\u00f3n de residuos m\u00e1s sostenible y respetuoso con el medio ambiente.<\/p>\t\t\t\t\t\t\t\t<\/div>\n\t\t\t\t<\/div>\n\t\t\t\t<\/div>\n\t\t<div class=\"elementor-element elementor-element-35423e0f e-con-full e-flex e-con e-child\" data-id=\"35423e0f\" data-element_type=\"container\" data-e-type=\"container\" data-settings=\"{&quot;background_background&quot;:&quot;classic&quot;}\">\n\t\t<div class=\"elementor-element elementor-element-1d1e1b1 e-con-full e-flex e-con e-child\" data-id=\"1d1e1b1\" data-element_type=\"container\" data-e-type=\"container\">\n\t\t\t\t<div class=\"elementor-element elementor-element-1045f58d elementor-widget elementor-widget-heading\" data-id=\"1045f58d\" data-element_type=\"widget\" data-e-type=\"widget\" data-widget_type=\"heading.default\">\n\t\t\t\t\t<h3 class=\"elementor-heading-title elementor-size-default\">Inspecciones de carreteras y pavimentos<\/h3>\t\t\t\t<\/div>\n\t\t\t\t<div class=\"elementor-element elementor-element-545ec8c6 elementor-widget elementor-widget-text-editor\" data-id=\"545ec8c6\" data-element_type=\"widget\" data-e-type=\"widget\" data-widget_type=\"text-editor.default\">\n\t\t\t\t\t\t\t\t\t<p>FlyPix AI se puede utilizar para el mantenimiento de carreteras y las inspecciones de pavimentos, lo que permite una identificaci\u00f3n eficiente y precisa de da\u00f1os y deterioro. Nuestra plataforma utiliza algoritmos de aprendizaje autom\u00e1tico para identificar y detectar baches y grietas en carreteras y pavimentos mediante el an\u00e1lisis de im\u00e1genes a\u00e9reas de alta resoluci\u00f3n en busca de patrones y caracter\u00edsticas que sean indicativos de ellos, como cambios en la textura, el color y la forma de la superficie. Una vez identificadas, FlyPix AI puede clasificar y mapear las \u00e1reas da\u00f1adas, lo que permite a los equipos de mantenimiento de carreteras y pavimentos priorizar las reparaciones y asignar recursos de manera m\u00e1s efectiva. El uso de inteligencia artificial para inspecciones de carreteras y pavimentos puede aumentar la eficiencia y precisi\u00f3n generales de estos procesos, ya que puede cubrir grandes \u00e1reas r\u00e1pidamente y detectar da\u00f1os que podr\u00edan pasar desapercibidos en las inspecciones tradicionales a nivel del suelo.<\/p>\t\t\t\t\t\t\t\t<\/div>\n\t\t\t\t<\/div>\n\t\t<div class=\"elementor-element elementor-element-74a3f6ab e-con-full e-flex e-con e-child\" data-id=\"74a3f6ab\" data-element_type=\"container\" data-e-type=\"container\" data-settings=\"{&quot;background_background&quot;:&quot;classic&quot;}\">\n\t\t\t\t<\/div>\n\t\t\t\t<\/div>\n\t\t<div class=\"elementor-element elementor-element-4afe710 e-con-full e-flex e-con e-child\" data-id=\"4afe710\" data-element_type=\"container\" data-e-type=\"container\" data-settings=\"{&quot;background_background&quot;:&quot;classic&quot;}\">\n\t\t<div class=\"elementor-element elementor-element-ad724d9 e-con-full e-flex e-con e-child\" data-id=\"ad724d9\" data-element_type=\"container\" data-e-type=\"container\" data-settings=\"{&quot;background_background&quot;:&quot;classic&quot;}\">\n\t\t\t\t<\/div>\n\t\t<div class=\"elementor-element elementor-element-e2223da e-con-full e-flex e-con e-child\" data-id=\"e2223da\" data-element_type=\"container\" data-e-type=\"container\">\n\t\t\t\t<div class=\"elementor-element elementor-element-a5ddf81 elementor-widget elementor-widget-heading\" data-id=\"a5ddf81\" data-element_type=\"widget\" data-e-type=\"widget\" data-widget_type=\"heading.default\">\n\t\t\t\t\t<h3 class=\"elementor-heading-title elementor-size-default\">Planificaci\u00f3n urbana y desarrollo de infraestructura<\/h3>\t\t\t\t<\/div>\n\t\t\t\t<div class=\"elementor-element elementor-element-c7f2690 elementor-widget elementor-widget-text-editor\" data-id=\"c7f2690\" data-element_type=\"widget\" data-e-type=\"widget\" data-widget_type=\"text-editor.default\">\n\t\t\t\t\t\t\t\t\t<p>FlyPix AI puede ayudar a las agencias gubernamentales en la planificaci\u00f3n urbana al proporcionar un an\u00e1lisis geoespacial detallado de los paisajes urbanos. La IA puede ayudar a identificar ubicaciones adecuadas para nuevas infraestructuras, monitorear el progreso de la construcci\u00f3n y garantizar que los desarrollos se ajusten a las regulaciones de zonificaci\u00f3n y los est\u00e1ndares ambientales.<\/p>\t\t\t\t\t\t\t\t<\/div>\n\t\t\t\t<\/div>\n\t\t\t\t<\/div>\n\t\t<div class=\"elementor-element elementor-element-2261fc4 e-con-full e-flex e-con e-child\" data-id=\"2261fc4\" data-element_type=\"container\" data-e-type=\"container\" data-settings=\"{&quot;background_background&quot;:&quot;classic&quot;}\">\n\t\t<div class=\"elementor-element elementor-element-ef25468 e-con-full e-flex e-con e-child\" data-id=\"ef25468\" data-element_type=\"container\" data-e-type=\"container\">\n\t\t\t\t<div class=\"elementor-element elementor-element-2107b5d elementor-widget elementor-widget-heading\" data-id=\"2107b5d\" data-element_type=\"widget\" data-e-type=\"widget\" data-widget_type=\"heading.default\">\n\t\t\t\t\t<h3 class=\"elementor-heading-title elementor-size-default\">Gesti\u00f3n de desastres y respuesta a emergencias<\/h3>\t\t\t\t<\/div>\n\t\t\t\t<div class=\"elementor-element elementor-element-ab1ebec elementor-widget elementor-widget-text-editor\" data-id=\"ab1ebec\" data-element_type=\"widget\" data-e-type=\"widget\" data-widget_type=\"text-editor.default\">\n\t\t\t\t\t\t\t\t\t<p>Las instituciones gubernamentales pueden aprovechar la inteligencia artificial de FlyPix para monitorear desastres naturales en tiempo real, como inundaciones, huracanes o incendios forestales. La inteligencia artificial analiza im\u00e1genes satelitales y de drones para evaluar el alcance de los da\u00f1os, identificar \u00e1reas cr\u00edticas que necesitan una respuesta de emergencia y coordinar operaciones de rescate de manera m\u00e1s efectiva.<\/p>\t\t\t\t\t\t\t\t<\/div>\n\t\t\t\t<\/div>\n\t\t<div class=\"elementor-element elementor-element-6a9d17c e-con-full e-flex e-con e-child\" data-id=\"6a9d17c\" data-element_type=\"container\" data-e-type=\"container\" data-settings=\"{&quot;background_background&quot;:&quot;classic&quot;}\">\n\t\t\t\t<\/div>\n\t\t\t\t<\/div>\n\t\t<div class=\"elementor-element elementor-element-868eefc e-con-full e-flex e-con e-child\" data-id=\"868eefc\" data-element_type=\"container\" data-e-type=\"container\" data-settings=\"{&quot;background_background&quot;:&quot;classic&quot;}\">\n\t\t<div class=\"elementor-element elementor-element-4bfbaf8 e-con-full e-flex e-con e-child\" data-id=\"4bfbaf8\" data-element_type=\"container\" data-e-type=\"container\" data-settings=\"{&quot;background_background&quot;:&quot;classic&quot;}\">\n\t\t\t\t<\/div>\n\t\t<div class=\"elementor-element elementor-element-2832cdd e-con-full e-flex e-con e-child\" data-id=\"2832cdd\" data-element_type=\"container\" data-e-type=\"container\">\n\t\t\t\t<div class=\"elementor-element elementor-element-529c5df elementor-widget elementor-widget-heading\" data-id=\"529c5df\" data-element_type=\"widget\" data-e-type=\"widget\" data-widget_type=\"heading.default\">\n\t\t\t\t\t<h3 class=\"elementor-heading-title elementor-size-default\">Monitoreo ambiental y aplicaci\u00f3n de regulaciones<\/h3>\t\t\t\t<\/div>\n\t\t\t\t<div class=\"elementor-element elementor-element-d9617d4 elementor-widget elementor-widget-text-editor\" data-id=\"d9617d4\" data-element_type=\"widget\" data-e-type=\"widget\" data-widget_type=\"text-editor.default\">\n\t\t\t\t\t\t\t\t\t<p>FlyPix AI puede ayudar a las agencias gubernamentales a monitorear los cambios ambientales y hacer cumplir las regulaciones. La IA puede detectar la deforestaci\u00f3n ilegal, el uso no autorizado de la tierra y la contaminaci\u00f3n, lo que permite tomar medidas de cumplimiento r\u00e1pidas y ayudar a proteger los recursos naturales.<\/p>\t\t\t\t\t\t\t\t<\/div>\n\t\t\t\t<\/div>\n\t\t\t\t<\/div>\n\t\t<div class=\"elementor-element elementor-element-fbc8c5a e-con-full e-flex e-con e-child\" data-id=\"fbc8c5a\" data-element_type=\"container\" data-e-type=\"container\" data-settings=\"{&quot;background_background&quot;:&quot;classic&quot;}\">\n\t\t<div class=\"elementor-element elementor-element-49af5c1 e-con-full e-flex e-con e-child\" data-id=\"49af5c1\" data-element_type=\"container\" data-e-type=\"container\">\n\t\t\t\t<div class=\"elementor-element elementor-element-d88d8ed elementor-widget elementor-widget-heading\" data-id=\"d88d8ed\" data-element_type=\"widget\" data-e-type=\"widget\" data-widget_type=\"heading.default\">\n\t\t\t\t\t<h3 class=\"elementor-heading-title elementor-size-default\">Vigilancia de la seguridad p\u00fablica y protecci\u00f3n<\/h3>\t\t\t\t<\/div>\n\t\t\t\t<div class=\"elementor-element elementor-element-b1a25c4 elementor-widget elementor-widget-text-editor\" data-id=\"b1a25c4\" data-element_type=\"widget\" data-e-type=\"widget\" data-widget_type=\"text-editor.default\">\n\t\t\t\t\t\t\t\t\t<p>FlyPix AI puede mejorar la seguridad p\u00fablica al proporcionar vigilancia en tiempo real de espacios p\u00fablicos e infraestructuras cr\u00edticas. La IA puede detectar actividades inusuales, monitorear movimientos de multitudes e identificar amenazas a la seguridad, ayudando a las fuerzas del orden y a las agencias de seguridad a mantener el orden p\u00fablico y la seguridad.<\/p>\t\t\t\t\t\t\t\t<\/div>\n\t\t\t\t<\/div>\n\t\t<div class=\"elementor-element elementor-element-63b5ee1 e-con-full e-flex e-con e-child\" data-id=\"63b5ee1\" data-element_type=\"container\" data-e-type=\"container\" data-settings=\"{&quot;background_background&quot;:&quot;classic&quot;}\">\n\t\t\t\t<\/div>\n\t\t\t\t<\/div>\n\t\t\t\t\t<\/div>\n\t\t\t\t<\/div>\n\t\t\t\t<\/div>","protected":false},"excerpt":{"rendered":"<p>OBJECT DETECTION FOR GOVERNMENT INSTITUTIONS Harness the power of our advanced object detection platform for aerial imagery to optimize road maintenance and waste management Waste and Debris Detection Identifying and classifying waste requires significant effort and resources, however, FlyPix AI can automate waste detection using artificial intelligence. Our cutting-edge software leverages machine learning algorithms to [&hellip;]<\/p>\n","protected":false},"author":1,"featured_media":3645,"parent":0,"menu_order":0,"comment_status":"closed","ping_status":"closed","template":"","meta":{"_acf_changed":false,"footnotes":""},"class_list":["post-154480","page","type-page","status-publish","has-post-thumbnail","hentry"],"acf":[],"yoast_head":"<!-- This site is optimized with the Yoast SEO plugin v27.3 - https:\/\/yoast.com\/product\/yoast-seo-wordpress\/ -->\n<title>Object Detection Software for Government Institutions - Flypix<\/title>\n<meta name=\"description\" content=\"FlyPix&#039;s object detection technology for aerial imagery allows government institutions to optimize road maintenance and waste management\" \/>\n<meta name=\"robots\" content=\"index, follow, max-snippet:-1, max-image-preview:large, max-video-preview:-1\" \/>\n<link rel=\"canonical\" href=\"https:\/\/flypix.ai\/es\/object-detection-software-for-government-institutions\/\" \/>\n<meta property=\"og:locale\" content=\"es_ES\" \/>\n<meta property=\"og:type\" content=\"article\" \/>\n<meta property=\"og:title\" content=\"Object Detection Software for Government Institutions - Flypix\" \/>\n<meta property=\"og:description\" content=\"FlyPix&#039;s object detection technology for aerial imagery allows government institutions to optimize road maintenance and waste management\" \/>\n<meta property=\"og:url\" content=\"https:\/\/flypix.ai\/es\/object-detection-software-for-government-institutions\/\" \/>\n<meta property=\"og:site_name\" content=\"Flypix\" \/>\n<meta property=\"article:modified_time\" content=\"2024-09-23T15:11:38+00:00\" \/>\n<meta property=\"og:image\" content=\"https:\/\/flypix.ai\/wp-content\/uploads\/2022\/10\/Flip-01.jpg\" \/>\n\t<meta property=\"og:image:width\" content=\"590\" \/>\n\t<meta property=\"og:image:height\" content=\"715\" \/>\n\t<meta property=\"og:image:type\" content=\"image\/jpeg\" \/>\n<meta name=\"twitter:card\" content=\"summary_large_image\" \/>\n<meta name=\"twitter:label1\" content=\"Tiempo de lectura\" \/>\n\t<meta name=\"twitter:data1\" content=\"3 minutos\" \/>\n<script type=\"application\/ld+json\" class=\"yoast-schema-graph\">{\"@context\":\"https:\\\/\\\/schema.org\",\"@graph\":[{\"@type\":\"WebPage\",\"@id\":\"https:\\\/\\\/flypix.ai\\\/object-detection-software-for-government-institutions\\\/\",\"url\":\"https:\\\/\\\/flypix.ai\\\/object-detection-software-for-government-institutions\\\/\",\"name\":\"Object Detection Software for Government Institutions - Flypix\",\"isPartOf\":{\"@id\":\"https:\\\/\\\/flypix.ai\\\/#website\"},\"primaryImageOfPage\":{\"@id\":\"https:\\\/\\\/flypix.ai\\\/object-detection-software-for-government-institutions\\\/#primaryimage\"},\"image\":{\"@id\":\"https:\\\/\\\/flypix.ai\\\/object-detection-software-for-government-institutions\\\/#primaryimage\"},\"thumbnailUrl\":\"https:\\\/\\\/flypix.ai\\\/wp-content\\\/uploads\\\/2022\\\/10\\\/Flip-01.jpg\",\"datePublished\":\"2023-01-16T10:28:59+00:00\",\"dateModified\":\"2024-09-23T15:11:38+00:00\",\"description\":\"FlyPix's object detection technology for aerial imagery allows government institutions to optimize road maintenance and waste management\",\"breadcrumb\":{\"@id\":\"https:\\\/\\\/flypix.ai\\\/object-detection-software-for-government-institutions\\\/#breadcrumb\"},\"inLanguage\":\"es\",\"potentialAction\":[{\"@type\":\"ReadAction\",\"target\":[\"https:\\\/\\\/flypix.ai\\\/object-detection-software-for-government-institutions\\\/\"]}]},{\"@type\":\"ImageObject\",\"inLanguage\":\"es\",\"@id\":\"https:\\\/\\\/flypix.ai\\\/object-detection-software-for-government-institutions\\\/#primaryimage\",\"url\":\"https:\\\/\\\/flypix.ai\\\/wp-content\\\/uploads\\\/2022\\\/10\\\/Flip-01.jpg\",\"contentUrl\":\"https:\\\/\\\/flypix.ai\\\/wp-content\\\/uploads\\\/2022\\\/10\\\/Flip-01.jpg\",\"width\":590,\"height\":715},{\"@type\":\"BreadcrumbList\",\"@id\":\"https:\\\/\\\/flypix.ai\\\/object-detection-software-for-government-institutions\\\/#breadcrumb\",\"itemListElement\":[{\"@type\":\"ListItem\",\"position\":1,\"name\":\"Home\",\"item\":\"https:\\\/\\\/flypix.ai\\\/\"},{\"@type\":\"ListItem\",\"position\":2,\"name\":\"Government\"}]},{\"@type\":\"WebSite\",\"@id\":\"https:\\\/\\\/flypix.ai\\\/#website\",\"url\":\"https:\\\/\\\/flypix.ai\\\/\",\"name\":\"Flypix\",\"description\":\"AN END-TO-END PLATFORM FOR ENTITY DETECTION, LOCALIZATION AND SEGMENTATION POWERED BY ARTIFICIAL INTELLIGENCE\",\"publisher\":{\"@id\":\"https:\\\/\\\/flypix.ai\\\/#organization\"},\"potentialAction\":[{\"@type\":\"SearchAction\",\"target\":{\"@type\":\"EntryPoint\",\"urlTemplate\":\"https:\\\/\\\/flypix.ai\\\/?s={search_term_string}\"},\"query-input\":{\"@type\":\"PropertyValueSpecification\",\"valueRequired\":true,\"valueName\":\"search_term_string\"}}],\"inLanguage\":\"es\"},{\"@type\":\"Organization\",\"@id\":\"https:\\\/\\\/flypix.ai\\\/#organization\",\"name\":\"Flypix AI\",\"url\":\"https:\\\/\\\/flypix.ai\\\/\",\"logo\":{\"@type\":\"ImageObject\",\"inLanguage\":\"es\",\"@id\":\"https:\\\/\\\/flypix.ai\\\/#\\\/schema\\\/logo\\\/image\\\/\",\"url\":\"https:\\\/\\\/flypix.ai\\\/wp-content\\\/uploads\\\/2024\\\/07\\\/logo.svg\",\"contentUrl\":\"https:\\\/\\\/flypix.ai\\\/wp-content\\\/uploads\\\/2024\\\/07\\\/logo.svg\",\"width\":346,\"height\":40,\"caption\":\"Flypix AI\"},\"image\":{\"@id\":\"https:\\\/\\\/flypix.ai\\\/#\\\/schema\\\/logo\\\/image\\\/\"}}]}<\/script>\n<!-- \/ Yoast SEO plugin. -->","yoast_head_json":{"title":"Software de detecci\u00f3n de objetos para instituciones gubernamentales - Flypix","description":"La tecnolog\u00eda de detecci\u00f3n de objetos de FlyPix para im\u00e1genes a\u00e9reas permite a las instituciones gubernamentales optimizar el mantenimiento de carreteras y la gesti\u00f3n de residuos","robots":{"index":"index","follow":"follow","max-snippet":"max-snippet:-1","max-image-preview":"max-image-preview:large","max-video-preview":"max-video-preview:-1"},"canonical":"https:\/\/flypix.ai\/es\/object-detection-software-for-government-institutions\/","og_locale":"es_ES","og_type":"article","og_title":"Object Detection Software for Government Institutions - Flypix","og_description":"FlyPix's object detection technology for aerial imagery allows government institutions to optimize road maintenance and waste management","og_url":"https:\/\/flypix.ai\/es\/object-detection-software-for-government-institutions\/","og_site_name":"Flypix","article_modified_time":"2024-09-23T15:11:38+00:00","og_image":[{"width":590,"height":715,"url":"https:\/\/flypix.ai\/wp-content\/uploads\/2022\/10\/Flip-01.jpg","type":"image\/jpeg"}],"twitter_card":"summary_large_image","twitter_misc":{"Tiempo de lectura":"3 minutos"},"schema":{"@context":"https:\/\/schema.org","@graph":[{"@type":"WebPage","@id":"https:\/\/flypix.ai\/object-detection-software-for-government-institutions\/","url":"https:\/\/flypix.ai\/object-detection-software-for-government-institutions\/","name":"Software de detecci\u00f3n de objetos para instituciones gubernamentales - Flypix","isPartOf":{"@id":"https:\/\/flypix.ai\/#website"},"primaryImageOfPage":{"@id":"https:\/\/flypix.ai\/object-detection-software-for-government-institutions\/#primaryimage"},"image":{"@id":"https:\/\/flypix.ai\/object-detection-software-for-government-institutions\/#primaryimage"},"thumbnailUrl":"https:\/\/flypix.ai\/wp-content\/uploads\/2022\/10\/Flip-01.jpg","datePublished":"2023-01-16T10:28:59+00:00","dateModified":"2024-09-23T15:11:38+00:00","description":"La tecnolog\u00eda de detecci\u00f3n de objetos de FlyPix para im\u00e1genes a\u00e9reas permite a las instituciones gubernamentales optimizar el mantenimiento de carreteras y la gesti\u00f3n de residuos","breadcrumb":{"@id":"https:\/\/flypix.ai\/object-detection-software-for-government-institutions\/#breadcrumb"},"inLanguage":"es","potentialAction":[{"@type":"ReadAction","target":["https:\/\/flypix.ai\/object-detection-software-for-government-institutions\/"]}]},{"@type":"ImageObject","inLanguage":"es","@id":"https:\/\/flypix.ai\/object-detection-software-for-government-institutions\/#primaryimage","url":"https:\/\/flypix.ai\/wp-content\/uploads\/2022\/10\/Flip-01.jpg","contentUrl":"https:\/\/flypix.ai\/wp-content\/uploads\/2022\/10\/Flip-01.jpg","width":590,"height":715},{"@type":"BreadcrumbList","@id":"https:\/\/flypix.ai\/object-detection-software-for-government-institutions\/#breadcrumb","itemListElement":[{"@type":"ListItem","position":1,"name":"Home","item":"https:\/\/flypix.ai\/"},{"@type":"ListItem","position":2,"name":"Government"}]},{"@type":"WebSite","@id":"https:\/\/flypix.ai\/#website","url":"https:\/\/flypix.ai\/","name":"Flypix","description":"UNA PLATAFORMA INTEGRAL PARA DETECCI\u00d3N, LOCALIZACI\u00d3N Y SEGMENTACI\u00d3N DE ENTIDADES IMPULSADA POR INTELIGENCIA ARTIFICIAL","publisher":{"@id":"https:\/\/flypix.ai\/#organization"},"potentialAction":[{"@type":"SearchAction","target":{"@type":"EntryPoint","urlTemplate":"https:\/\/flypix.ai\/?s={search_term_string}"},"query-input":{"@type":"PropertyValueSpecification","valueRequired":true,"valueName":"search_term_string"}}],"inLanguage":"es"},{"@type":"Organization","@id":"https:\/\/flypix.ai\/#organization","name":"Flypix IA","url":"https:\/\/flypix.ai\/","logo":{"@type":"ImageObject","inLanguage":"es","@id":"https:\/\/flypix.ai\/#\/schema\/logo\/image\/","url":"https:\/\/flypix.ai\/wp-content\/uploads\/2024\/07\/logo.svg","contentUrl":"https:\/\/flypix.ai\/wp-content\/uploads\/2024\/07\/logo.svg","width":346,"height":40,"caption":"Flypix AI"},"image":{"@id":"https:\/\/flypix.ai\/#\/schema\/logo\/image\/"}}]}},"_links":{"self":[{"href":"https:\/\/flypix.ai\/es\/wp-json\/wp\/v2\/pages\/154480","targetHints":{"allow":["GET"]}}],"collection":[{"href":"https:\/\/flypix.ai\/es\/wp-json\/wp\/v2\/pages"}],"about":[{"href":"https:\/\/flypix.ai\/es\/wp-json\/wp\/v2\/types\/page"}],"author":[{"embeddable":true,"href":"https:\/\/flypix.ai\/es\/wp-json\/wp\/v2\/users\/1"}],"replies":[{"embeddable":true,"href":"https:\/\/flypix.ai\/es\/wp-json\/wp\/v2\/comments?post=154480"}],"version-history":[{"count":0,"href":"https:\/\/flypix.ai\/es\/wp-json\/wp\/v2\/pages\/154480\/revisions"}],"wp:featuredmedia":[{"embeddable":true,"href":"https:\/\/flypix.ai\/es\/wp-json\/wp\/v2\/media\/3645"}],"wp:attachment":[{"href":"https:\/\/flypix.ai\/es\/wp-json\/wp\/v2\/media?parent=154480"}],"curies":[{"name":"gracias","href":"https:\/\/api.w.org\/{rel}","templated":true}]}}