{"id":154509,"date":"2023-01-16T11:48:12","date_gmt":"2023-01-16T11:48:12","guid":{"rendered":"https:\/\/flypix.ai\/?page_id=154509"},"modified":"2024-09-23T12:59:49","modified_gmt":"2024-09-23T12:59:49","slug":"object-detection-software-for-port-operations","status":"publish","type":"page","link":"https:\/\/flypix.ai\/es\/object-detection-software-for-port-operations\/","title":{"rendered":"Operaciones portuarias"},"content":{"rendered":"<div data-elementor-type=\"wp-page\" data-elementor-id=\"154509\" class=\"elementor elementor-154509\" data-elementor-post-type=\"page\">\n\t\t\t\t<div class=\"elementor-element elementor-element-116fb596 e-flex e-con-boxed e-con e-parent\" data-id=\"116fb596\" data-element_type=\"container\" data-e-type=\"container\" data-settings=\"{&quot;background_background&quot;:&quot;classic&quot;}\">\n\t\t\t\t\t<div class=\"e-con-inner\">\n\t\t<div class=\"elementor-element elementor-element-617b76bd e-con-full e-flex e-con e-child\" data-id=\"617b76bd\" data-element_type=\"container\" data-e-type=\"container\">\n\t\t\t\t<div class=\"elementor-element elementor-element-2ac39072 elementor-widget elementor-widget-heading\" data-id=\"2ac39072\" data-element_type=\"widget\" data-e-type=\"widget\" data-widget_type=\"heading.default\">\n\t\t\t\t\t<h1 class=\"elementor-heading-title elementor-size-default\">DETECCI\u00d3N DE OBJETOS PARA OPERACIONES PORTUARIAS<\/h1>\t\t\t\t<\/div>\n\t\t<div class=\"elementor-element elementor-element-225a4866 e-con-full e-flex e-con e-child\" data-id=\"225a4866\" data-element_type=\"container\" data-e-type=\"container\">\n\t\t\t\t<div class=\"elementor-element elementor-element-1abf214c elementor-widget-divider--view-line elementor-widget elementor-widget-divider\" data-id=\"1abf214c\" data-element_type=\"widget\" data-e-type=\"widget\" data-widget_type=\"divider.default\">\n\t\t\t\t\t\t\t<div class=\"elementor-divider\">\n\t\t\t<span class=\"elementor-divider-separator\">\n\t\t\t\t\t\t<\/span>\n\t\t<\/div>\n\t\t\t\t\t\t<\/div>\n\t\t\t\t<\/div>\n\t\t<div class=\"elementor-element elementor-element-6f79a761 e-con-full e-flex e-con e-child\" data-id=\"6f79a761\" data-element_type=\"container\" data-e-type=\"container\">\n\t\t\t\t<div class=\"elementor-element elementor-element-5ee60290 elementor-widget elementor-widget-heading\" data-id=\"5ee60290\" data-element_type=\"widget\" data-e-type=\"widget\" data-widget_type=\"heading.default\">\n\t\t\t\t\t<p class=\"elementor-heading-title elementor-size-default\">FlyPix permite a los operadores portuarios supervisar los activos a distancia y optimizar las operaciones para lograr la m\u00e1xima eficacia y seguridad\n\n<\/p>\t\t\t\t<\/div>\n\t\t\t\t<\/div>\n\t\t\t\t<\/div>\n\t\t\t\t\t<\/div>\n\t\t\t\t<\/div>\n\t\t<div class=\"elementor-element elementor-element-f8dd2a9 e-flex e-con-boxed e-con e-parent\" data-id=\"f8dd2a9\" data-element_type=\"container\" data-e-type=\"container\" data-settings=\"{&quot;background_background&quot;:&quot;classic&quot;}\">\n\t\t\t\t\t<div class=\"e-con-inner\">\n\t\t<div class=\"elementor-element elementor-element-224c0e29 e-con-full e-flex e-con e-child\" data-id=\"224c0e29\" data-element_type=\"container\" data-e-type=\"container\">\n\t\t<div class=\"elementor-element elementor-element-36a6a9bd e-con-full e-flex e-con e-child\" data-id=\"36a6a9bd\" data-element_type=\"container\" data-e-type=\"container\" data-settings=\"{&quot;background_background&quot;:&quot;classic&quot;}\">\n\t\t\t\t<\/div>\n\t\t<div class=\"elementor-element elementor-element-557ed970 e-con-full e-flex e-con e-child\" data-id=\"557ed970\" data-element_type=\"container\" data-e-type=\"container\" data-settings=\"{&quot;background_background&quot;:&quot;classic&quot;}\">\n\t\t\t\t<div class=\"elementor-element elementor-element-1b0f9bad elementor-widget elementor-widget-heading\" data-id=\"1b0f9bad\" data-element_type=\"widget\" data-e-type=\"widget\" data-widget_type=\"heading.default\">\n\t\t\t\t\t<p class=\"elementor-heading-title elementor-size-default\">Monitoreo de puertos y puertos<\/p>\t\t\t\t<\/div>\n\t\t\t\t<div class=\"elementor-element elementor-element-7e14cbdf elementor-widget elementor-widget-text-editor\" data-id=\"7e14cbdf\" data-element_type=\"widget\" data-e-type=\"widget\" data-widget_type=\"text-editor.default\">\n\t\t\t\t\t\t\t\t\t<p>FlyPix AI puede ayudar a los operadores portuarios a mejorar la seguridad, reducir el tiempo de inactividad y optimizar las operaciones al proporcionar un monitoreo eficiente y preciso de la infraestructura y las actividades portuarias. Nuestro software utiliza algoritmos de aprendizaje autom\u00e1tico para monitorear los puertos y sus activos mediante el an\u00e1lisis de im\u00e1genes a\u00e9reas de alta resoluci\u00f3n en busca de patrones y caracter\u00edsticas espec\u00edficos que corresponden a diferentes tipos de activos. De esta manera, FlyPix puede identificar y rastrear con precisi\u00f3n embarcaciones, contenedores y otros equipos, proporcionando datos valiosos sobre el tr\u00e1fico y la capacidad del puerto.<\/p>\t\t\t\t\t\t\t\t<\/div>\n\t\t\t\t<\/div>\n\t\t\t\t<\/div>\n\t\t\t\t\t<\/div>\n\t\t\t\t<\/div>\n\t\t<div class=\"elementor-element elementor-element-ce7838d e-flex e-con-boxed e-con e-parent\" data-id=\"ce7838d\" data-element_type=\"container\" data-e-type=\"container\" data-settings=\"{&quot;background_background&quot;:&quot;classic&quot;}\">\n\t\t\t\t\t<div class=\"e-con-inner\">\n\t\t<div class=\"elementor-element elementor-element-a250c28 e-con-full e-flex e-con e-child\" data-id=\"a250c28\" data-element_type=\"container\" data-e-type=\"container\">\n\t\t<div class=\"elementor-element elementor-element-0480388 e-con-full e-flex e-con e-child\" data-id=\"0480388\" data-element_type=\"container\" data-e-type=\"container\" data-settings=\"{&quot;background_background&quot;:&quot;classic&quot;}\">\n\t\t\t\t<div class=\"elementor-element elementor-element-288d499 elementor-widget elementor-widget-heading\" data-id=\"288d499\" data-element_type=\"widget\" data-e-type=\"widget\" data-widget_type=\"heading.default\">\n\t\t\t\t\t<p class=\"elementor-heading-title elementor-size-default\">Seguimiento automatizado de cargas y contenedores<\/p>\t\t\t\t<\/div>\n\t\t\t\t<div class=\"elementor-element elementor-element-386fd02 elementor-widget elementor-widget-text-editor\" data-id=\"386fd02\" data-element_type=\"widget\" data-e-type=\"widget\" data-widget_type=\"text-editor.default\">\n\t\t\t\t\t\t\t\t\t<p>FlyPix AI se puede utilizar para supervisar y gestionar el flujo de carga y contenedores en los puertos. Mediante el an\u00e1lisis de im\u00e1genes satelitales y de drones, el sistema de inteligencia artificial puede rastrear autom\u00e1ticamente el movimiento de los contenedores, detectar anomal\u00edas y optimizar los procesos de apilamiento, lo que garantiza un uso eficiente del espacio y reduce el riesgo de extrav\u00edo o p\u00e9rdida de mercanc\u00edas.<\/p>\t\t\t\t\t\t\t\t<\/div>\n\t\t\t\t<\/div>\n\t\t<div class=\"elementor-element elementor-element-e098f51 e-con-full e-flex e-con e-child\" data-id=\"e098f51\" data-element_type=\"container\" data-e-type=\"container\" data-settings=\"{&quot;background_background&quot;:&quot;classic&quot;}\">\n\t\t\t\t<\/div>\n\t\t\t\t<\/div>\n\t\t\t\t\t<\/div>\n\t\t\t\t<\/div>\n\t\t<div class=\"elementor-element elementor-element-88af077 e-flex e-con-boxed e-con e-parent\" data-id=\"88af077\" data-element_type=\"container\" data-e-type=\"container\" data-settings=\"{&quot;background_background&quot;:&quot;classic&quot;}\">\n\t\t\t\t\t<div class=\"e-con-inner\">\n\t\t<div class=\"elementor-element elementor-element-0441a81 e-con-full e-flex e-con e-child\" data-id=\"0441a81\" data-element_type=\"container\" data-e-type=\"container\">\n\t\t<div class=\"elementor-element elementor-element-e0b72cd e-con-full e-flex e-con e-child\" data-id=\"e0b72cd\" data-element_type=\"container\" data-e-type=\"container\" data-settings=\"{&quot;background_background&quot;:&quot;classic&quot;}\">\n\t\t\t\t<\/div>\n\t\t<div class=\"elementor-element elementor-element-869fa4c e-con-full e-flex e-con e-child\" data-id=\"869fa4c\" data-element_type=\"container\" data-e-type=\"container\" data-settings=\"{&quot;background_background&quot;:&quot;classic&quot;}\">\n\t\t\t\t<div class=\"elementor-element elementor-element-49c9525 elementor-widget elementor-widget-heading\" data-id=\"49c9525\" data-element_type=\"widget\" data-e-type=\"widget\" data-widget_type=\"heading.default\">\n\t\t\t\t\t<p class=\"elementor-heading-title elementor-size-default\">Seguridad y vigilancia portuaria<\/p>\t\t\t\t<\/div>\n\t\t\t\t<div class=\"elementor-element elementor-element-9adeeab elementor-widget elementor-widget-text-editor\" data-id=\"9adeeab\" data-element_type=\"widget\" data-e-type=\"widget\" data-widget_type=\"text-editor.default\">\n\t\t\t\t\t\t\t\t\t<p>Al aprovechar la detecci\u00f3n de objetos impulsada por IA, FlyPix AI mejora la seguridad del puerto al monitorear continuamente las \u00e1reas de alto tr\u00e1fico, los puntos de entrada y salida y las zonas restringidas. El sistema puede detectar personal no autorizado, actividades sospechosas y amenazas potenciales en tiempo real, lo que permite una respuesta r\u00e1pida y garantiza la seguridad de las operaciones portuarias.<\/p>\t\t\t\t\t\t\t\t<\/div>\n\t\t\t\t<\/div>\n\t\t\t\t<\/div>\n\t\t\t\t\t<\/div>\n\t\t\t\t<\/div>\n\t\t<div class=\"elementor-element elementor-element-7b8290c e-flex e-con-boxed e-con e-parent\" data-id=\"7b8290c\" data-element_type=\"container\" data-e-type=\"container\" data-settings=\"{&quot;background_background&quot;:&quot;classic&quot;}\">\n\t\t\t\t\t<div class=\"e-con-inner\">\n\t\t<div class=\"elementor-element elementor-element-00b3ecc e-con-full e-flex e-con e-child\" data-id=\"00b3ecc\" data-element_type=\"container\" data-e-type=\"container\">\n\t\t<div class=\"elementor-element elementor-element-1d84b96 e-con-full e-flex e-con e-child\" data-id=\"1d84b96\" data-element_type=\"container\" data-e-type=\"container\" data-settings=\"{&quot;background_background&quot;:&quot;classic&quot;}\">\n\t\t\t\t<div class=\"elementor-element elementor-element-5f8e8dd elementor-widget elementor-widget-heading\" data-id=\"5f8e8dd\" data-element_type=\"widget\" data-e-type=\"widget\" data-widget_type=\"heading.default\">\n\t\t\t\t\t<p class=\"elementor-heading-title elementor-size-default\">Gesti\u00f3n y optimizaci\u00f3n del tr\u00e1fico mar\u00edtimo<\/p>\t\t\t\t<\/div>\n\t\t\t\t<div class=\"elementor-element elementor-element-0963409 elementor-widget elementor-widget-text-editor\" data-id=\"0963409\" data-element_type=\"widget\" data-e-type=\"widget\" data-widget_type=\"text-editor.default\">\n\t\t\t\t\t\t\t\t\t<p>FlyPix AI puede analizar im\u00e1genes satelitales y a\u00e9reas para monitorear el tr\u00e1fico de embarcaciones dentro y alrededor del puerto. El sistema de IA ayuda a optimizar los horarios de atraque, reducir los tiempos de espera y administrar el flujo de barcos de manera eficiente, lo que genera un mayor rendimiento y reduce los cuellos de botella operativos.<\/p>\t\t\t\t\t\t\t\t<\/div>\n\t\t\t\t<\/div>\n\t\t<div class=\"elementor-element elementor-element-af77d5a e-con-full e-flex e-con e-child\" data-id=\"af77d5a\" data-element_type=\"container\" data-e-type=\"container\" data-settings=\"{&quot;background_background&quot;:&quot;classic&quot;}\">\n\t\t\t\t<\/div>\n\t\t\t\t<\/div>\n\t\t\t\t\t<\/div>\n\t\t\t\t<\/div>\n\t\t<div class=\"elementor-element elementor-element-f7df404 e-flex e-con-boxed e-con e-parent\" data-id=\"f7df404\" data-element_type=\"container\" data-e-type=\"container\" data-settings=\"{&quot;background_background&quot;:&quot;classic&quot;}\">\n\t\t\t\t\t<div class=\"e-con-inner\">\n\t\t<div class=\"elementor-element elementor-element-83e84c2 e-con-full e-flex e-con e-child\" data-id=\"83e84c2\" data-element_type=\"container\" data-e-type=\"container\">\n\t\t<div class=\"elementor-element elementor-element-88bcabf e-con-full e-flex e-con e-child\" data-id=\"88bcabf\" data-element_type=\"container\" data-e-type=\"container\" data-settings=\"{&quot;background_background&quot;:&quot;classic&quot;}\">\n\t\t\t\t<\/div>\n\t\t<div class=\"elementor-element elementor-element-e37479d e-con-full e-flex e-con e-child\" data-id=\"e37479d\" data-element_type=\"container\" data-e-type=\"container\" data-settings=\"{&quot;background_background&quot;:&quot;classic&quot;}\">\n\t\t\t\t<div class=\"elementor-element elementor-element-a7e8939 elementor-widget elementor-widget-heading\" data-id=\"a7e8939\" data-element_type=\"widget\" data-e-type=\"widget\" data-widget_type=\"heading.default\">\n\t\t\t\t\t<p class=\"elementor-heading-title elementor-size-default\">Inspecci\u00f3n y mantenimiento de infraestructura<\/p>\t\t\t\t<\/div>\n\t\t\t\t<div class=\"elementor-element elementor-element-6a407e5 elementor-widget elementor-widget-text-editor\" data-id=\"6a407e5\" data-element_type=\"widget\" data-e-type=\"widget\" data-widget_type=\"text-editor.default\">\n\t\t\t\t\t\t\t\t\t<p>Gracias al reconocimiento de im\u00e1genes mediante drones con tecnolog\u00eda de inteligencia artificial de FlyPix, los puertos pueden realizar inspecciones peri\u00f3dicas de infraestructuras cr\u00edticas, como muelles, gr\u00faas y almacenes. La inteligencia artificial puede detectar signos de desgaste, da\u00f1os estructurales y otras necesidades de mantenimiento, lo que permite realizar reparaciones oportunas y evitar costosos tiempos de inactividad.<\/p>\t\t\t\t\t\t\t\t<\/div>\n\t\t\t\t<\/div>\n\t\t\t\t<\/div>\n\t\t\t\t\t<\/div>\n\t\t\t\t<\/div>\n\t\t\t\t<\/div>","protected":false},"excerpt":{"rendered":"<p>OBJECT DETECTION FOR PORT OPERATIONS FlyPix Empowers Port Operators to Monitor Assets Remotely and Optimize Operations for Maximum Efficiency and Safety Port &amp; Harbor Monitoring FlyPix AI can help port operators improve safety, reduce downtime, and optimize operations by providing efficient and accurate monitoring of port infrastructure and activities. Our software utilizes machine learning algorithms [&hellip;]<\/p>\n","protected":false},"author":1,"featured_media":3652,"parent":0,"menu_order":0,"comment_status":"closed","ping_status":"closed","template":"","meta":{"_acf_changed":false,"footnotes":""},"class_list":["post-154509","page","type-page","status-publish","has-post-thumbnail","hentry"],"acf":[],"yoast_head":"<!-- This site is optimized with the Yoast SEO plugin v27.3 - https:\/\/yoast.com\/product\/yoast-seo-wordpress\/ -->\n<title>Object Detection Software for Port Operations - Flypix<\/title>\n<meta name=\"description\" content=\"FlyPix Empowers Port Operators to Monitor Assets Remotely and Optimize Operations for Maximum Efficiency and Safety\" \/>\n<meta name=\"robots\" content=\"index, follow, max-snippet:-1, max-image-preview:large, max-video-preview:-1\" \/>\n<link rel=\"canonical\" href=\"https:\/\/flypix.ai\/es\/object-detection-software-for-port-operations\/\" \/>\n<meta property=\"og:locale\" content=\"es_ES\" \/>\n<meta property=\"og:type\" content=\"article\" \/>\n<meta property=\"og:title\" content=\"Object Detection Software for Port Operations - Flypix\" \/>\n<meta property=\"og:description\" content=\"FlyPix Empowers Port Operators to Monitor Assets Remotely and Optimize Operations for Maximum Efficiency and Safety\" \/>\n<meta property=\"og:url\" content=\"https:\/\/flypix.ai\/es\/object-detection-software-for-port-operations\/\" \/>\n<meta property=\"og:site_name\" content=\"Flypix\" \/>\n<meta property=\"article:modified_time\" content=\"2024-09-23T12:59:49+00:00\" \/>\n<meta property=\"og:image\" content=\"https:\/\/flypix.ai\/wp-content\/uploads\/2022\/10\/Flip-08.jpg\" \/>\n\t<meta property=\"og:image:width\" content=\"590\" \/>\n\t<meta property=\"og:image:height\" content=\"715\" \/>\n\t<meta property=\"og:image:type\" content=\"image\/jpeg\" \/>\n<meta name=\"twitter:card\" content=\"summary_large_image\" \/>\n<meta name=\"twitter:label1\" content=\"Tiempo de lectura\" \/>\n\t<meta name=\"twitter:data1\" content=\"2 minutos\" \/>\n<script type=\"application\/ld+json\" class=\"yoast-schema-graph\">{\"@context\":\"https:\\\/\\\/schema.org\",\"@graph\":[{\"@type\":\"WebPage\",\"@id\":\"https:\\\/\\\/flypix.ai\\\/es\\\/object-detection-software-for-port-operations\\\/\",\"url\":\"https:\\\/\\\/flypix.ai\\\/es\\\/object-detection-software-for-port-operations\\\/\",\"name\":\"Object Detection Software for Port Operations - Flypix\",\"isPartOf\":{\"@id\":\"https:\\\/\\\/flypix.ai\\\/#website\"},\"primaryImageOfPage\":{\"@id\":\"https:\\\/\\\/flypix.ai\\\/es\\\/object-detection-software-for-port-operations\\\/#primaryimage\"},\"image\":{\"@id\":\"https:\\\/\\\/flypix.ai\\\/es\\\/object-detection-software-for-port-operations\\\/#primaryimage\"},\"thumbnailUrl\":\"https:\\\/\\\/flypix.ai\\\/wp-content\\\/uploads\\\/2022\\\/10\\\/Flip-08.jpg\",\"datePublished\":\"2023-01-16T11:48:12+00:00\",\"dateModified\":\"2024-09-23T12:59:49+00:00\",\"description\":\"FlyPix Empowers Port Operators to Monitor Assets Remotely and Optimize Operations for Maximum Efficiency and Safety\",\"breadcrumb\":{\"@id\":\"https:\\\/\\\/flypix.ai\\\/es\\\/object-detection-software-for-port-operations\\\/#breadcrumb\"},\"inLanguage\":\"es\",\"potentialAction\":[{\"@type\":\"ReadAction\",\"target\":[\"https:\\\/\\\/flypix.ai\\\/es\\\/object-detection-software-for-port-operations\\\/\"]}]},{\"@type\":\"ImageObject\",\"inLanguage\":\"es\",\"@id\":\"https:\\\/\\\/flypix.ai\\\/es\\\/object-detection-software-for-port-operations\\\/#primaryimage\",\"url\":\"https:\\\/\\\/flypix.ai\\\/wp-content\\\/uploads\\\/2022\\\/10\\\/Flip-08.jpg\",\"contentUrl\":\"https:\\\/\\\/flypix.ai\\\/wp-content\\\/uploads\\\/2022\\\/10\\\/Flip-08.jpg\",\"width\":590,\"height\":715,\"caption\":\"port containers\"},{\"@type\":\"BreadcrumbList\",\"@id\":\"https:\\\/\\\/flypix.ai\\\/es\\\/object-detection-software-for-port-operations\\\/#breadcrumb\",\"itemListElement\":[{\"@type\":\"ListItem\",\"position\":1,\"name\":\"Home\",\"item\":\"https:\\\/\\\/flypix.ai\\\/\"},{\"@type\":\"ListItem\",\"position\":2,\"name\":\"Port operations\"}]},{\"@type\":\"WebSite\",\"@id\":\"https:\\\/\\\/flypix.ai\\\/#website\",\"url\":\"https:\\\/\\\/flypix.ai\\\/\",\"name\":\"Flypix\",\"description\":\"AN END-TO-END PLATFORM FOR ENTITY DETECTION, LOCALIZATION AND SEGMENTATION POWERED BY ARTIFICIAL INTELLIGENCE\",\"publisher\":{\"@id\":\"https:\\\/\\\/flypix.ai\\\/#organization\"},\"potentialAction\":[{\"@type\":\"SearchAction\",\"target\":{\"@type\":\"EntryPoint\",\"urlTemplate\":\"https:\\\/\\\/flypix.ai\\\/?s={search_term_string}\"},\"query-input\":{\"@type\":\"PropertyValueSpecification\",\"valueRequired\":true,\"valueName\":\"search_term_string\"}}],\"inLanguage\":\"es\"},{\"@type\":\"Organization\",\"@id\":\"https:\\\/\\\/flypix.ai\\\/#organization\",\"name\":\"Flypix AI\",\"url\":\"https:\\\/\\\/flypix.ai\\\/\",\"logo\":{\"@type\":\"ImageObject\",\"inLanguage\":\"es\",\"@id\":\"https:\\\/\\\/flypix.ai\\\/#\\\/schema\\\/logo\\\/image\\\/\",\"url\":\"https:\\\/\\\/flypix.ai\\\/wp-content\\\/uploads\\\/2024\\\/07\\\/logo.svg\",\"contentUrl\":\"https:\\\/\\\/flypix.ai\\\/wp-content\\\/uploads\\\/2024\\\/07\\\/logo.svg\",\"width\":346,\"height\":40,\"caption\":\"Flypix AI\"},\"image\":{\"@id\":\"https:\\\/\\\/flypix.ai\\\/#\\\/schema\\\/logo\\\/image\\\/\"}}]}<\/script>\n<!-- \/ Yoast SEO plugin. -->","yoast_head_json":{"title":"Software de detecci\u00f3n de objetos para operaciones portuarias - Flypix","description":"FlyPix permite a los operadores portuarios supervisar los activos a distancia y optimizar las operaciones para lograr la m\u00e1xima eficacia y seguridad","robots":{"index":"index","follow":"follow","max-snippet":"max-snippet:-1","max-image-preview":"max-image-preview:large","max-video-preview":"max-video-preview:-1"},"canonical":"https:\/\/flypix.ai\/es\/object-detection-software-for-port-operations\/","og_locale":"es_ES","og_type":"article","og_title":"Object Detection Software for Port Operations - Flypix","og_description":"FlyPix Empowers Port Operators to Monitor Assets Remotely and Optimize Operations for Maximum Efficiency and Safety","og_url":"https:\/\/flypix.ai\/es\/object-detection-software-for-port-operations\/","og_site_name":"Flypix","article_modified_time":"2024-09-23T12:59:49+00:00","og_image":[{"width":590,"height":715,"url":"https:\/\/flypix.ai\/wp-content\/uploads\/2022\/10\/Flip-08.jpg","type":"image\/jpeg"}],"twitter_card":"summary_large_image","twitter_misc":{"Tiempo de lectura":"2 minutos"},"schema":{"@context":"https:\/\/schema.org","@graph":[{"@type":"WebPage","@id":"https:\/\/flypix.ai\/es\/object-detection-software-for-port-operations\/","url":"https:\/\/flypix.ai\/es\/object-detection-software-for-port-operations\/","name":"Software de detecci\u00f3n de objetos para operaciones portuarias - Flypix","isPartOf":{"@id":"https:\/\/flypix.ai\/#website"},"primaryImageOfPage":{"@id":"https:\/\/flypix.ai\/es\/object-detection-software-for-port-operations\/#primaryimage"},"image":{"@id":"https:\/\/flypix.ai\/es\/object-detection-software-for-port-operations\/#primaryimage"},"thumbnailUrl":"https:\/\/flypix.ai\/wp-content\/uploads\/2022\/10\/Flip-08.jpg","datePublished":"2023-01-16T11:48:12+00:00","dateModified":"2024-09-23T12:59:49+00:00","description":"FlyPix permite a los operadores portuarios supervisar los activos a distancia y optimizar las operaciones para lograr la m\u00e1xima eficacia y seguridad","breadcrumb":{"@id":"https:\/\/flypix.ai\/es\/object-detection-software-for-port-operations\/#breadcrumb"},"inLanguage":"es","potentialAction":[{"@type":"ReadAction","target":["https:\/\/flypix.ai\/es\/object-detection-software-for-port-operations\/"]}]},{"@type":"ImageObject","inLanguage":"es","@id":"https:\/\/flypix.ai\/es\/object-detection-software-for-port-operations\/#primaryimage","url":"https:\/\/flypix.ai\/wp-content\/uploads\/2022\/10\/Flip-08.jpg","contentUrl":"https:\/\/flypix.ai\/wp-content\/uploads\/2022\/10\/Flip-08.jpg","width":590,"height":715,"caption":"port containers"},{"@type":"BreadcrumbList","@id":"https:\/\/flypix.ai\/es\/object-detection-software-for-port-operations\/#breadcrumb","itemListElement":[{"@type":"ListItem","position":1,"name":"Home","item":"https:\/\/flypix.ai\/"},{"@type":"ListItem","position":2,"name":"Port operations"}]},{"@type":"WebSite","@id":"https:\/\/flypix.ai\/#website","url":"https:\/\/flypix.ai\/","name":"Flypix","description":"UNA PLATAFORMA INTEGRAL PARA DETECCI\u00d3N, LOCALIZACI\u00d3N Y SEGMENTACI\u00d3N DE ENTIDADES IMPULSADA POR INTELIGENCIA ARTIFICIAL","publisher":{"@id":"https:\/\/flypix.ai\/#organization"},"potentialAction":[{"@type":"SearchAction","target":{"@type":"EntryPoint","urlTemplate":"https:\/\/flypix.ai\/?s={search_term_string}"},"query-input":{"@type":"PropertyValueSpecification","valueRequired":true,"valueName":"search_term_string"}}],"inLanguage":"es"},{"@type":"Organization","@id":"https:\/\/flypix.ai\/#organization","name":"Flypix IA","url":"https:\/\/flypix.ai\/","logo":{"@type":"ImageObject","inLanguage":"es","@id":"https:\/\/flypix.ai\/#\/schema\/logo\/image\/","url":"https:\/\/flypix.ai\/wp-content\/uploads\/2024\/07\/logo.svg","contentUrl":"https:\/\/flypix.ai\/wp-content\/uploads\/2024\/07\/logo.svg","width":346,"height":40,"caption":"Flypix AI"},"image":{"@id":"https:\/\/flypix.ai\/#\/schema\/logo\/image\/"}}]}},"_links":{"self":[{"href":"https:\/\/flypix.ai\/es\/wp-json\/wp\/v2\/pages\/154509","targetHints":{"allow":["GET"]}}],"collection":[{"href":"https:\/\/flypix.ai\/es\/wp-json\/wp\/v2\/pages"}],"about":[{"href":"https:\/\/flypix.ai\/es\/wp-json\/wp\/v2\/types\/page"}],"author":[{"embeddable":true,"href":"https:\/\/flypix.ai\/es\/wp-json\/wp\/v2\/users\/1"}],"replies":[{"embeddable":true,"href":"https:\/\/flypix.ai\/es\/wp-json\/wp\/v2\/comments?post=154509"}],"version-history":[{"count":0,"href":"https:\/\/flypix.ai\/es\/wp-json\/wp\/v2\/pages\/154509\/revisions"}],"wp:featuredmedia":[{"embeddable":true,"href":"https:\/\/flypix.ai\/es\/wp-json\/wp\/v2\/media\/3652"}],"wp:attachment":[{"href":"https:\/\/flypix.ai\/es\/wp-json\/wp\/v2\/media?parent=154509"}],"curies":[{"name":"gracias","href":"https:\/\/api.w.org\/{rel}","templated":true}]}}