{"id":154511,"date":"2023-01-16T11:48:53","date_gmt":"2023-01-16T11:48:53","guid":{"rendered":"https:\/\/flypix.ai\/?page_id=154511"},"modified":"2024-09-23T11:00:56","modified_gmt":"2024-09-23T11:00:56","slug":"object-detection-software-for-mine-monitoring","status":"publish","type":"page","link":"https:\/\/flypix.ai\/es\/object-detection-software-for-mine-monitoring\/","title":{"rendered":"Miner\u00eda"},"content":{"rendered":"<div data-elementor-type=\"wp-page\" data-elementor-id=\"154511\" class=\"elementor elementor-154511\" data-elementor-post-type=\"page\">\n\t\t\t\t<div class=\"elementor-element elementor-element-67e2f61d e-flex e-con-boxed e-con e-parent\" data-id=\"67e2f61d\" data-element_type=\"container\" data-e-type=\"container\" data-settings=\"{&quot;background_background&quot;:&quot;classic&quot;}\">\n\t\t\t\t\t<div class=\"e-con-inner\">\n\t\t<div class=\"elementor-element elementor-element-3f9ad3a2 e-con-full e-flex e-con e-child\" data-id=\"3f9ad3a2\" data-element_type=\"container\" data-e-type=\"container\">\n\t\t\t\t<div class=\"elementor-element elementor-element-21f4bac8 elementor-widget elementor-widget-heading\" data-id=\"21f4bac8\" data-element_type=\"widget\" data-e-type=\"widget\" data-widget_type=\"heading.default\">\n\t\t\t\t\t<h1 class=\"elementor-heading-title elementor-size-default\">DETECCI\u00d3N DE OBJETOS PARA LA INDUSTRIA MINERA<\/h1>\t\t\t\t<\/div>\n\t\t<div class=\"elementor-element elementor-element-25312a4e e-con-full e-flex e-con e-child\" data-id=\"25312a4e\" data-element_type=\"container\" data-e-type=\"container\">\n\t\t\t\t<div class=\"elementor-element elementor-element-490ac508 elementor-widget-divider--view-line elementor-widget elementor-widget-divider\" data-id=\"490ac508\" data-element_type=\"widget\" data-e-type=\"widget\" data-widget_type=\"divider.default\">\n\t\t\t\t\t\t\t<div class=\"elementor-divider\">\n\t\t\t<span class=\"elementor-divider-separator\">\n\t\t\t\t\t\t<\/span>\n\t\t<\/div>\n\t\t\t\t\t\t<\/div>\n\t\t\t\t<\/div>\n\t\t<div class=\"elementor-element elementor-element-25b8196b e-con-full e-flex e-con e-child\" data-id=\"25b8196b\" data-element_type=\"container\" data-e-type=\"container\">\n\t\t\t\t<div class=\"elementor-element elementor-element-2dcb69b4 elementor-widget elementor-widget-heading\" data-id=\"2dcb69b4\" data-element_type=\"widget\" data-e-type=\"widget\" data-widget_type=\"heading.default\">\n\t\t\t\t\t<h2 class=\"elementor-heading-title elementor-size-default\">La tecnolog\u00eda de detecci\u00f3n de objetos de FlyPix permite a los operadores de minas monitorear caminos de acarreo y minas a cielo abierto con precisi\u00f3n y seguridad.<\/h2>\t\t\t\t<\/div>\n\t\t\t\t<\/div>\n\t\t\t\t<\/div>\n\t\t\t\t\t<\/div>\n\t\t\t\t<\/div>\n\t\t<div class=\"elementor-element elementor-element-38a4d895 e-flex e-con-boxed e-con e-parent\" data-id=\"38a4d895\" data-element_type=\"container\" data-e-type=\"container\" data-settings=\"{&quot;background_background&quot;:&quot;classic&quot;}\">\n\t\t\t\t\t<div class=\"e-con-inner\">\n\t\t<div class=\"elementor-element elementor-element-456bbf57 e-con-full e-flex e-con e-child\" data-id=\"456bbf57\" data-element_type=\"container\" data-e-type=\"container\">\n\t\t<div class=\"elementor-element elementor-element-1e831c80 e-con-full e-flex e-con e-child\" data-id=\"1e831c80\" data-element_type=\"container\" data-e-type=\"container\" data-settings=\"{&quot;background_background&quot;:&quot;classic&quot;}\">\n\t\t\t\t<\/div>\n\t\t<div class=\"elementor-element elementor-element-4cc8ef05 e-con-full e-flex e-con e-child\" data-id=\"4cc8ef05\" data-element_type=\"container\" data-e-type=\"container\" data-settings=\"{&quot;background_background&quot;:&quot;classic&quot;}\">\n\t\t\t\t<div class=\"elementor-element elementor-element-526f3f71 elementor-widget elementor-widget-heading\" data-id=\"526f3f71\" data-element_type=\"widget\" data-e-type=\"widget\" data-widget_type=\"heading.default\">\n\t\t\t\t\t<p class=\"elementor-heading-title elementor-size-default\">Monitoreo y mantenimiento de caminos de acarreo<\/p>\t\t\t\t<\/div>\n\t\t\t\t<div class=\"elementor-element elementor-element-34a7b056 elementor-widget elementor-widget-text-editor\" data-id=\"34a7b056\" data-element_type=\"widget\" data-e-type=\"widget\" data-widget_type=\"text-editor.default\">\n\t\t\t\t\t\t\t\t\t<p>FlyPix AI puede ayudar a las empresas mineras a mejorar la seguridad, reducir el tiempo de inactividad y optimizar el mantenimiento al proporcionar un monitoreo eficiente y preciso de las condiciones de los caminos de acarreo. El software de detecci\u00f3n de objetos de FlyPix funciona analizando im\u00e1genes a\u00e9reas en busca de patrones y caracter\u00edsticas espec\u00edficos que corresponden a da\u00f1os en la carretera, como grietas, baches y surcos.<\/p>\n<p>Al detectar y mapear las \u00e1reas de da\u00f1os, FlyPix AI puede proporcionar informaci\u00f3n sobre las condiciones de los caminos de acarreo, lo que permite a las empresas mineras mejorar significativamente la eficiencia del monitoreo de los caminos de acarreo al cubrir grandes \u00e1reas r\u00e1pidamente y detectar da\u00f1os que podr\u00edan pasar desapercibidos en las inspecciones tradicionales a nivel del suelo.<\/p>\t\t\t\t\t\t\t\t<\/div>\n\t\t\t\t<\/div>\n\t\t\t\t<\/div>\n\t\t<div class=\"elementor-element elementor-element-119db40d e-con-full e-flex e-con e-child\" data-id=\"119db40d\" data-element_type=\"container\" data-e-type=\"container\" data-settings=\"{&quot;background_background&quot;:&quot;classic&quot;}\">\n\t\t<div class=\"elementor-element elementor-element-74e4b127 e-con-full e-flex e-con e-child\" data-id=\"74e4b127\" data-element_type=\"container\" data-e-type=\"container\">\n\t\t\t\t<div class=\"elementor-element elementor-element-43e46e01 elementor-widget elementor-widget-heading\" data-id=\"43e46e01\" data-element_type=\"widget\" data-e-type=\"widget\" data-widget_type=\"heading.default\">\n\t\t\t\t\t<p class=\"elementor-heading-title elementor-size-default\">Monitoreo de minas a cielo abierto\n<\/p>\t\t\t\t<\/div>\n\t\t\t\t<div class=\"elementor-element elementor-element-56459ded elementor-widget elementor-widget-text-editor\" data-id=\"56459ded\" data-element_type=\"widget\" data-e-type=\"widget\" data-widget_type=\"text-editor.default\">\n\t\t\t\t\t\t\t\t\t<p>FlyPix AI puede ayudar a las empresas mineras a mejorar la seguridad, reducir el tiempo de inactividad y optimizar las operaciones al proporcionar un monitoreo eficiente y preciso de las condiciones de la mina. Nuestro software de detecci\u00f3n de objetos analiza im\u00e1genes a\u00e9reas en busca de patrones y caracter\u00edsticas espec\u00edficos que corresponden a cambios en las condiciones de la mina, como cambios en la topograf\u00eda, las actividades mineras o la ubicaci\u00f3n de los equipos. Al detectar y mapear estos cambios, FlyPix AI puede proporcionar informaci\u00f3n sobre las condiciones de la mina, lo que permite a las empresas mineras optimizar sus operaciones y asignar recursos de manera m\u00e1s efectiva. Adem\u00e1s, nuestro sistema de monitoreo de minas puede mejorar significativamente la eficiencia del monitoreo de minas a cielo abierto al cubrir grandes \u00e1reas r\u00e1pidamente y detectar cambios que podr\u00edan pasarse por alto en las inspecciones tradicionales a nivel del suelo. Esto puede ayudar a las empresas mineras a reducir los costos de mantenimiento y reemplazo de equipos, as\u00ed como a minimizar el riesgo de accidentes y lesiones de los trabajadores.<\/p>\t\t\t\t\t\t\t\t<\/div>\n\t\t\t\t<\/div>\n\t\t<div class=\"elementor-element elementor-element-16db5b5f e-con-full e-flex e-con e-child\" data-id=\"16db5b5f\" data-element_type=\"container\" data-e-type=\"container\" data-settings=\"{&quot;background_background&quot;:&quot;classic&quot;}\">\n\t\t\t\t<\/div>\n\t\t\t\t<\/div>\n\t\t\t\t\t<\/div>\n\t\t\t\t<\/div>\n\t\t<div class=\"elementor-element elementor-element-4d1ddaf e-flex e-con-boxed e-con e-parent\" data-id=\"4d1ddaf\" data-element_type=\"container\" data-e-type=\"container\" data-settings=\"{&quot;background_background&quot;:&quot;classic&quot;}\">\n\t\t\t\t\t<div class=\"e-con-inner\">\n\t\t<div class=\"elementor-element elementor-element-2cefae9 e-con-full e-flex e-con e-child\" data-id=\"2cefae9\" data-element_type=\"container\" data-e-type=\"container\">\n\t\t<div class=\"elementor-element elementor-element-658cea0 e-con-full e-flex e-con e-child\" data-id=\"658cea0\" data-element_type=\"container\" data-e-type=\"container\" data-settings=\"{&quot;background_background&quot;:&quot;classic&quot;}\">\n\t\t\t\t<\/div>\n\t\t<div class=\"elementor-element elementor-element-a25c67d e-con-full e-flex e-con e-child\" data-id=\"a25c67d\" data-element_type=\"container\" data-e-type=\"container\" data-settings=\"{&quot;background_background&quot;:&quot;classic&quot;}\">\n\t\t\t\t<div class=\"elementor-element elementor-element-c5514c0 elementor-widget elementor-widget-heading\" data-id=\"c5514c0\" data-element_type=\"widget\" data-e-type=\"widget\" data-widget_type=\"heading.default\">\n\t\t\t\t\t<p class=\"elementor-heading-title elementor-size-default\">An\u00e1lisis de datos geoespaciales para la exploraci\u00f3n minera<\/p>\t\t\t\t<\/div>\n\t\t\t\t<div class=\"elementor-element elementor-element-fbfacd3 elementor-widget elementor-widget-text-editor\" data-id=\"fbfacd3\" data-element_type=\"widget\" data-e-type=\"widget\" data-widget_type=\"text-editor.default\">\n\t\t\t\t\t\t\t\t\t<p>FlyPix AI se puede utilizar para analizar im\u00e1genes satelitales y de drones de alta resoluci\u00f3n para identificar posibles sitios mineros. Al detectar formaciones geol\u00f3gicas espec\u00edficas, dep\u00f3sitos minerales y anomal\u00edas del suelo, el an\u00e1lisis impulsado por IA puede agilizar significativamente los esfuerzos de exploraci\u00f3n, reduciendo el tiempo y los costos asociados con los m\u00e9todos de topograf\u00eda tradicionales.<\/p><p><br><\/p><p><br><\/p><p><br><\/p>\n<p><\/p>\n<p><\/p>\t\t\t\t\t\t\t\t<\/div>\n\t\t\t\t<\/div>\n\t\t\t\t<\/div>\n\t\t<div class=\"elementor-element elementor-element-9e60654 e-con-full e-flex e-con e-child\" data-id=\"9e60654\" data-element_type=\"container\" data-e-type=\"container\" data-settings=\"{&quot;background_background&quot;:&quot;classic&quot;}\">\n\t\t<div class=\"elementor-element elementor-element-08f4dcd e-con-full e-flex e-con e-child\" data-id=\"08f4dcd\" data-element_type=\"container\" data-e-type=\"container\">\n\t\t\t\t<div class=\"elementor-element elementor-element-fc47a0d elementor-widget elementor-widget-heading\" data-id=\"fc47a0d\" data-element_type=\"widget\" data-e-type=\"widget\" data-widget_type=\"heading.default\">\n\t\t\t\t\t<p class=\"elementor-heading-title elementor-size-default\">Monitoreo automatizado de sitios mineros y cumplimiento de normas de seguridad\n<\/p>\t\t\t\t<\/div>\n\t\t\t\t<div class=\"elementor-element elementor-element-d76fbc4 elementor-widget elementor-widget-text-editor\" data-id=\"d76fbc4\" data-element_type=\"widget\" data-e-type=\"widget\" data-widget_type=\"text-editor.default\">\n\t\t\t\t\t\t\t\t\t<p>Con FlyPix AI, las empresas mineras pueden monitorear continuamente sus sitios mediante drones e im\u00e1genes satelitales. La IA puede detectar actividades no autorizadas, rastrear el uso de equipos y monitorear las condiciones de seguridad de los trabajadores en tiempo real. Este sistema de monitoreo automatizado garantiza el cumplimiento de las normas de seguridad, minimiza los errores humanos y mejora la eficiencia operativa.<\/p><p>\u00a0<\/p><p>\u00a0<\/p><p>\u00a0<\/p>\t\t\t\t\t\t\t\t<\/div>\n\t\t\t\t<\/div>\n\t\t<div class=\"elementor-element elementor-element-1adb1a6 e-con-full e-flex e-con e-child\" data-id=\"1adb1a6\" data-element_type=\"container\" data-e-type=\"container\" data-settings=\"{&quot;background_background&quot;:&quot;classic&quot;}\">\n\t\t\t\t<\/div>\n\t\t\t\t<\/div>\n\t\t\t\t\t<\/div>\n\t\t\t\t<\/div>\n\t\t<div class=\"elementor-element elementor-element-10d06bc e-flex e-con-boxed e-con e-parent\" data-id=\"10d06bc\" data-element_type=\"container\" data-e-type=\"container\" data-settings=\"{&quot;background_background&quot;:&quot;classic&quot;}\">\n\t\t\t\t\t<div class=\"e-con-inner\">\n\t\t<div class=\"elementor-element elementor-element-c416a04 e-con-full e-flex e-con e-child\" data-id=\"c416a04\" data-element_type=\"container\" data-e-type=\"container\">\n\t\t<div class=\"elementor-element elementor-element-fb7c5a5 e-con-full e-flex e-con e-child\" data-id=\"fb7c5a5\" data-element_type=\"container\" data-e-type=\"container\" data-settings=\"{&quot;background_background&quot;:&quot;classic&quot;}\">\n\t\t\t\t<\/div>\n\t\t<div class=\"elementor-element elementor-element-21161e3 e-con-full e-flex e-con e-child\" data-id=\"21161e3\" data-element_type=\"container\" data-e-type=\"container\" data-settings=\"{&quot;background_background&quot;:&quot;classic&quot;}\">\n\t\t\t\t<div class=\"elementor-element elementor-element-5dfa3d0 elementor-widget elementor-widget-heading\" data-id=\"5dfa3d0\" data-element_type=\"widget\" data-e-type=\"widget\" data-widget_type=\"heading.default\">\n\t\t\t\t\t<p class=\"elementor-heading-title elementor-size-default\">Monitoreo y mitigaci\u00f3n del impacto ambiental<\/p>\t\t\t\t<\/div>\n\t\t\t\t<div class=\"elementor-element elementor-element-aea4a1a elementor-widget elementor-widget-text-editor\" data-id=\"aea4a1a\" data-element_type=\"widget\" data-e-type=\"widget\" data-widget_type=\"text-editor.default\">\n\t\t\t\t\t\t\t\t\t<p>FlyPix AI permite a las empresas mineras realizar evaluaciones detalladas del impacto ambiental mediante el an\u00e1lisis de los cambios en la vegetaci\u00f3n, el uso de la tierra y los cuerpos de agua alrededor de las \u00e1reas mineras. La capacidad de la IA para procesar grandes conjuntos de datos a lo largo del tiempo ayuda a identificar la degradaci\u00f3n ambiental, lo que permite a las empresas implementar estrategias de mitigaci\u00f3n oportunas y garantizar pr\u00e1cticas mineras sostenibles.<\/p><p>\u00a0<\/p><p>\u00a0<\/p><p>\u00a0<\/p>\t\t\t\t\t\t\t\t<\/div>\n\t\t\t\t<\/div>\n\t\t\t\t<\/div>\n\t\t<div class=\"elementor-element elementor-element-c01d926 e-con-full e-flex e-con e-child\" data-id=\"c01d926\" data-element_type=\"container\" data-e-type=\"container\" data-settings=\"{&quot;background_background&quot;:&quot;classic&quot;}\">\n\t\t<div class=\"elementor-element elementor-element-1226d6f e-con-full e-flex e-con e-child\" data-id=\"1226d6f\" data-element_type=\"container\" data-e-type=\"container\">\n\t\t\t\t<div class=\"elementor-element elementor-element-251cf3e elementor-widget elementor-widget-heading\" data-id=\"251cf3e\" data-element_type=\"widget\" data-e-type=\"widget\" data-widget_type=\"heading.default\">\n\t\t\t\t\t<p class=\"elementor-heading-title elementor-size-default\">Mantenimiento de Infraestructura y Eficiencia Operativa<\/p>\t\t\t\t<\/div>\n\t\t\t\t<div class=\"elementor-element elementor-element-32e40c0 elementor-widget elementor-widget-text-editor\" data-id=\"32e40c0\" data-element_type=\"widget\" data-e-type=\"widget\" data-widget_type=\"text-editor.default\">\n\t\t\t\t\t\t\t\t\t<p>FlyPix AI se puede utilizar para la inspecci\u00f3n y el mantenimiento de infraestructura minera cr\u00edtica, como tuber\u00edas, carreteras e instalaciones de procesamiento. A trav\u00e9s de im\u00e1genes de drones y detecci\u00f3n de objetos impulsada por IA, el sistema puede identificar debilidades estructurales, monitorear las condiciones del equipo y predecir las necesidades de mantenimiento. Este enfoque proactivo ayuda a reducir el tiempo de inactividad, prevenir fallas costosas y garantizar el funcionamiento sin problemas de las actividades mineras.<\/p><p>\u00a0<\/p><p>\u00a0<\/p><p>\u00a0<\/p>\t\t\t\t\t\t\t\t<\/div>\n\t\t\t\t<\/div>\n\t\t<div class=\"elementor-element elementor-element-0bff9c3 e-con-full e-flex e-con e-child\" data-id=\"0bff9c3\" data-element_type=\"container\" data-e-type=\"container\" data-settings=\"{&quot;background_background&quot;:&quot;classic&quot;}\">\n\t\t\t\t<\/div>\n\t\t\t\t<\/div>\n\t\t\t\t\t<\/div>\n\t\t\t\t<\/div>\n\t\t\t\t<\/div>","protected":false},"excerpt":{"rendered":"<p>OBJECT DETECTION FOR MINING INDUSTRY FlyPix&#8217;s Object Detection Technology Empowers Mine Operators to Monitor Haul Roads and Open Pit Mines with Precision and Safety. Haul Road Monitoring &amp; Maintenance FlyPix AI can help mining companies improve safety, reduce downtime, and optimize maintenance by providing efficient and accurate monitoring of haul road conditions. FlyPix&#8217;s object detection [&hellip;]<\/p>\n","protected":false},"author":1,"featured_media":3653,"parent":0,"menu_order":0,"comment_status":"closed","ping_status":"closed","template":"","meta":{"_acf_changed":false,"footnotes":""},"class_list":["post-154511","page","type-page","status-publish","has-post-thumbnail","hentry"],"acf":[],"yoast_head":"<!-- This site is optimized with the Yoast SEO plugin v27.3 - https:\/\/yoast.com\/product\/yoast-seo-wordpress\/ -->\n<title>Object Detection Software for Mine Monitoring - Flypix<\/title>\n<meta name=\"description\" content=\"FlyPix&#039;s Object Detection Technology Empowers Mine Operators to Monitor Haul Roads and Open Pit Mines with Precision and Safety.\" \/>\n<meta name=\"robots\" content=\"index, follow, max-snippet:-1, max-image-preview:large, max-video-preview:-1\" \/>\n<link rel=\"canonical\" href=\"https:\/\/flypix.ai\/es\/object-detection-software-for-mine-monitoring\/\" \/>\n<meta property=\"og:locale\" content=\"es_ES\" \/>\n<meta property=\"og:type\" content=\"article\" \/>\n<meta property=\"og:title\" content=\"Object Detection Software for Mine Monitoring - Flypix\" \/>\n<meta property=\"og:description\" content=\"FlyPix&#039;s Object Detection Technology Empowers Mine Operators to Monitor Haul Roads and Open Pit Mines with Precision and Safety.\" \/>\n<meta property=\"og:url\" content=\"https:\/\/flypix.ai\/es\/object-detection-software-for-mine-monitoring\/\" \/>\n<meta property=\"og:site_name\" content=\"Flypix\" \/>\n<meta property=\"article:modified_time\" content=\"2024-09-23T11:00:56+00:00\" \/>\n<meta property=\"og:image\" content=\"https:\/\/flypix.ai\/wp-content\/uploads\/2022\/10\/Flip-09.jpg\" \/>\n\t<meta property=\"og:image:width\" content=\"590\" \/>\n\t<meta property=\"og:image:height\" content=\"715\" \/>\n\t<meta property=\"og:image:type\" content=\"image\/jpeg\" \/>\n<meta name=\"twitter:card\" content=\"summary_large_image\" \/>\n<meta name=\"twitter:label1\" content=\"Tiempo de lectura\" \/>\n\t<meta name=\"twitter:data1\" content=\"3 minutos\" \/>\n<script type=\"application\/ld+json\" class=\"yoast-schema-graph\">{\"@context\":\"https:\\\/\\\/schema.org\",\"@graph\":[{\"@type\":\"WebPage\",\"@id\":\"https:\\\/\\\/flypix.ai\\\/object-detection-software-for-mine-monitoring\\\/\",\"url\":\"https:\\\/\\\/flypix.ai\\\/object-detection-software-for-mine-monitoring\\\/\",\"name\":\"Object Detection Software for Mine Monitoring - Flypix\",\"isPartOf\":{\"@id\":\"https:\\\/\\\/flypix.ai\\\/#website\"},\"primaryImageOfPage\":{\"@id\":\"https:\\\/\\\/flypix.ai\\\/object-detection-software-for-mine-monitoring\\\/#primaryimage\"},\"image\":{\"@id\":\"https:\\\/\\\/flypix.ai\\\/object-detection-software-for-mine-monitoring\\\/#primaryimage\"},\"thumbnailUrl\":\"https:\\\/\\\/flypix.ai\\\/wp-content\\\/uploads\\\/2022\\\/10\\\/Flip-09.jpg\",\"datePublished\":\"2023-01-16T11:48:53+00:00\",\"dateModified\":\"2024-09-23T11:00:56+00:00\",\"description\":\"FlyPix's Object Detection Technology Empowers Mine Operators to Monitor Haul Roads and Open Pit Mines with Precision and Safety.\",\"breadcrumb\":{\"@id\":\"https:\\\/\\\/flypix.ai\\\/object-detection-software-for-mine-monitoring\\\/#breadcrumb\"},\"inLanguage\":\"es\",\"potentialAction\":[{\"@type\":\"ReadAction\",\"target\":[\"https:\\\/\\\/flypix.ai\\\/object-detection-software-for-mine-monitoring\\\/\"]}]},{\"@type\":\"ImageObject\",\"inLanguage\":\"es\",\"@id\":\"https:\\\/\\\/flypix.ai\\\/object-detection-software-for-mine-monitoring\\\/#primaryimage\",\"url\":\"https:\\\/\\\/flypix.ai\\\/wp-content\\\/uploads\\\/2022\\\/10\\\/Flip-09.jpg\",\"contentUrl\":\"https:\\\/\\\/flypix.ai\\\/wp-content\\\/uploads\\\/2022\\\/10\\\/Flip-09.jpg\",\"width\":590,\"height\":715},{\"@type\":\"BreadcrumbList\",\"@id\":\"https:\\\/\\\/flypix.ai\\\/object-detection-software-for-mine-monitoring\\\/#breadcrumb\",\"itemListElement\":[{\"@type\":\"ListItem\",\"position\":1,\"name\":\"Home\",\"item\":\"https:\\\/\\\/flypix.ai\\\/\"},{\"@type\":\"ListItem\",\"position\":2,\"name\":\"Mining\"}]},{\"@type\":\"WebSite\",\"@id\":\"https:\\\/\\\/flypix.ai\\\/#website\",\"url\":\"https:\\\/\\\/flypix.ai\\\/\",\"name\":\"Flypix\",\"description\":\"AN END-TO-END PLATFORM FOR ENTITY DETECTION, LOCALIZATION AND SEGMENTATION POWERED BY ARTIFICIAL INTELLIGENCE\",\"publisher\":{\"@id\":\"https:\\\/\\\/flypix.ai\\\/#organization\"},\"potentialAction\":[{\"@type\":\"SearchAction\",\"target\":{\"@type\":\"EntryPoint\",\"urlTemplate\":\"https:\\\/\\\/flypix.ai\\\/?s={search_term_string}\"},\"query-input\":{\"@type\":\"PropertyValueSpecification\",\"valueRequired\":true,\"valueName\":\"search_term_string\"}}],\"inLanguage\":\"es\"},{\"@type\":\"Organization\",\"@id\":\"https:\\\/\\\/flypix.ai\\\/#organization\",\"name\":\"Flypix AI\",\"url\":\"https:\\\/\\\/flypix.ai\\\/\",\"logo\":{\"@type\":\"ImageObject\",\"inLanguage\":\"es\",\"@id\":\"https:\\\/\\\/flypix.ai\\\/#\\\/schema\\\/logo\\\/image\\\/\",\"url\":\"https:\\\/\\\/flypix.ai\\\/wp-content\\\/uploads\\\/2024\\\/07\\\/logo.svg\",\"contentUrl\":\"https:\\\/\\\/flypix.ai\\\/wp-content\\\/uploads\\\/2024\\\/07\\\/logo.svg\",\"width\":346,\"height\":40,\"caption\":\"Flypix AI\"},\"image\":{\"@id\":\"https:\\\/\\\/flypix.ai\\\/#\\\/schema\\\/logo\\\/image\\\/\"}}]}<\/script>\n<!-- \/ Yoast SEO plugin. -->","yoast_head_json":{"title":"Software de detecci\u00f3n de objetos para la vigilancia de minas - Flypix","description":"La tecnolog\u00eda de detecci\u00f3n de objetos de FlyPix permite a los operadores de minas monitorear caminos de acarreo y minas a cielo abierto con precisi\u00f3n y seguridad.","robots":{"index":"index","follow":"follow","max-snippet":"max-snippet:-1","max-image-preview":"max-image-preview:large","max-video-preview":"max-video-preview:-1"},"canonical":"https:\/\/flypix.ai\/es\/object-detection-software-for-mine-monitoring\/","og_locale":"es_ES","og_type":"article","og_title":"Object Detection Software for Mine Monitoring - Flypix","og_description":"FlyPix's Object Detection Technology Empowers Mine Operators to Monitor Haul Roads and Open Pit Mines with Precision and Safety.","og_url":"https:\/\/flypix.ai\/es\/object-detection-software-for-mine-monitoring\/","og_site_name":"Flypix","article_modified_time":"2024-09-23T11:00:56+00:00","og_image":[{"width":590,"height":715,"url":"https:\/\/flypix.ai\/wp-content\/uploads\/2022\/10\/Flip-09.jpg","type":"image\/jpeg"}],"twitter_card":"summary_large_image","twitter_misc":{"Tiempo de lectura":"3 minutos"},"schema":{"@context":"https:\/\/schema.org","@graph":[{"@type":"WebPage","@id":"https:\/\/flypix.ai\/object-detection-software-for-mine-monitoring\/","url":"https:\/\/flypix.ai\/object-detection-software-for-mine-monitoring\/","name":"Software de detecci\u00f3n de objetos para la vigilancia de minas - Flypix","isPartOf":{"@id":"https:\/\/flypix.ai\/#website"},"primaryImageOfPage":{"@id":"https:\/\/flypix.ai\/object-detection-software-for-mine-monitoring\/#primaryimage"},"image":{"@id":"https:\/\/flypix.ai\/object-detection-software-for-mine-monitoring\/#primaryimage"},"thumbnailUrl":"https:\/\/flypix.ai\/wp-content\/uploads\/2022\/10\/Flip-09.jpg","datePublished":"2023-01-16T11:48:53+00:00","dateModified":"2024-09-23T11:00:56+00:00","description":"La tecnolog\u00eda de detecci\u00f3n de objetos de FlyPix permite a los operadores de minas monitorear caminos de acarreo y minas a cielo abierto con precisi\u00f3n y seguridad.","breadcrumb":{"@id":"https:\/\/flypix.ai\/object-detection-software-for-mine-monitoring\/#breadcrumb"},"inLanguage":"es","potentialAction":[{"@type":"ReadAction","target":["https:\/\/flypix.ai\/object-detection-software-for-mine-monitoring\/"]}]},{"@type":"ImageObject","inLanguage":"es","@id":"https:\/\/flypix.ai\/object-detection-software-for-mine-monitoring\/#primaryimage","url":"https:\/\/flypix.ai\/wp-content\/uploads\/2022\/10\/Flip-09.jpg","contentUrl":"https:\/\/flypix.ai\/wp-content\/uploads\/2022\/10\/Flip-09.jpg","width":590,"height":715},{"@type":"BreadcrumbList","@id":"https:\/\/flypix.ai\/object-detection-software-for-mine-monitoring\/#breadcrumb","itemListElement":[{"@type":"ListItem","position":1,"name":"Home","item":"https:\/\/flypix.ai\/"},{"@type":"ListItem","position":2,"name":"Mining"}]},{"@type":"WebSite","@id":"https:\/\/flypix.ai\/#website","url":"https:\/\/flypix.ai\/","name":"Flypix","description":"UNA PLATAFORMA INTEGRAL PARA DETECCI\u00d3N, LOCALIZACI\u00d3N Y SEGMENTACI\u00d3N DE ENTIDADES IMPULSADA POR INTELIGENCIA ARTIFICIAL","publisher":{"@id":"https:\/\/flypix.ai\/#organization"},"potentialAction":[{"@type":"SearchAction","target":{"@type":"EntryPoint","urlTemplate":"https:\/\/flypix.ai\/?s={search_term_string}"},"query-input":{"@type":"PropertyValueSpecification","valueRequired":true,"valueName":"search_term_string"}}],"inLanguage":"es"},{"@type":"Organization","@id":"https:\/\/flypix.ai\/#organization","name":"Flypix IA","url":"https:\/\/flypix.ai\/","logo":{"@type":"ImageObject","inLanguage":"es","@id":"https:\/\/flypix.ai\/#\/schema\/logo\/image\/","url":"https:\/\/flypix.ai\/wp-content\/uploads\/2024\/07\/logo.svg","contentUrl":"https:\/\/flypix.ai\/wp-content\/uploads\/2024\/07\/logo.svg","width":346,"height":40,"caption":"Flypix AI"},"image":{"@id":"https:\/\/flypix.ai\/#\/schema\/logo\/image\/"}}]}},"_links":{"self":[{"href":"https:\/\/flypix.ai\/es\/wp-json\/wp\/v2\/pages\/154511","targetHints":{"allow":["GET"]}}],"collection":[{"href":"https:\/\/flypix.ai\/es\/wp-json\/wp\/v2\/pages"}],"about":[{"href":"https:\/\/flypix.ai\/es\/wp-json\/wp\/v2\/types\/page"}],"author":[{"embeddable":true,"href":"https:\/\/flypix.ai\/es\/wp-json\/wp\/v2\/users\/1"}],"replies":[{"embeddable":true,"href":"https:\/\/flypix.ai\/es\/wp-json\/wp\/v2\/comments?post=154511"}],"version-history":[{"count":0,"href":"https:\/\/flypix.ai\/es\/wp-json\/wp\/v2\/pages\/154511\/revisions"}],"wp:featuredmedia":[{"embeddable":true,"href":"https:\/\/flypix.ai\/es\/wp-json\/wp\/v2\/media\/3653"}],"wp:attachment":[{"href":"https:\/\/flypix.ai\/es\/wp-json\/wp\/v2\/media?parent=154511"}],"curies":[{"name":"gracias","href":"https:\/\/api.w.org\/{rel}","templated":true}]}}