{"id":154824,"date":"2023-04-10T14:41:24","date_gmt":"2023-04-10T14:41:24","guid":{"rendered":"https:\/\/flypix.ai\/?page_id=154824"},"modified":"2024-07-11T13:30:09","modified_gmt":"2024-07-11T13:30:09","slug":"privacy-policy","status":"publish","type":"page","link":"https:\/\/flypix.ai\/es\/privacy-policy\/","title":{"rendered":"Pol\u00edtica de privacidad"},"content":{"rendered":"<div data-elementor-type=\"wp-page\" data-elementor-id=\"154824\" class=\"elementor elementor-154824\" data-elementor-post-type=\"page\">\n\t\t\t\t<div class=\"elementor-element elementor-element-50ff507 e-flex e-con-boxed e-con e-parent\" data-id=\"50ff507\" data-element_type=\"container\" data-e-type=\"container\">\n\t\t\t\t\t<div class=\"e-con-inner\">\n\t\t<div class=\"elementor-element elementor-element-9e5cf30 e-con-full e-flex e-con e-child\" data-id=\"9e5cf30\" data-element_type=\"container\" data-e-type=\"container\">\n\t\t\t\t<div class=\"elementor-element elementor-element-e16a1a9 elementor-widget elementor-widget-heading\" data-id=\"e16a1a9\" data-element_type=\"widget\" data-e-type=\"widget\" data-widget_type=\"heading.default\">\n\t\t\t\t\t<h1 class=\"elementor-heading-title elementor-size-default\">Pol\u00edtica de privacidad<\/h1>\t\t\t\t<\/div>\n\t\t\t\t<div class=\"elementor-element elementor-element-8c9517d elementor-widget elementor-widget-heading\" data-id=\"8c9517d\" data-element_type=\"widget\" data-e-type=\"widget\" data-widget_type=\"heading.default\">\n\t\t\t\t\t<h2 class=\"elementor-heading-title elementor-size-default\">Introducci\u00f3n<\/h2>\t\t\t\t<\/div>\n\t\t\t\t<div class=\"elementor-element elementor-element-1c15ca4 elementor-widget elementor-widget-text-editor\" data-id=\"1c15ca4\" data-element_type=\"widget\" data-e-type=\"widget\" data-widget_type=\"text-editor.default\">\n\t\t\t\t\t\t\t\t\t<p>Esta Pol\u00edtica de Privacidad se aplica a los servicios en l\u00ednea ofrecidos por FlyPix AI GmbH, accesibles a trav\u00e9s de www.flypix.ai (\u201cel sitio web\u201d) o app.flypix.tech (\u201cla aplicaci\u00f3n\u201d). Nuestro compromiso con la privacidad es primordial y este documento explica c\u00f3mo manejamos la informaci\u00f3n recopilada y registrada desde el sitio web o la aplicaci\u00f3n. Para consultas adicionales o informaci\u00f3n sobre nuestra Pol\u00edtica de Privacidad, por favor cont\u00e1ctenos.<\/p>\t\t\t\t\t\t\t\t<\/div>\n\t\t\t\t<div class=\"elementor-element elementor-element-2c7bebb elementor-widget elementor-widget-heading\" data-id=\"2c7bebb\" data-element_type=\"widget\" data-e-type=\"widget\" data-widget_type=\"heading.default\">\n\t\t\t\t\t<h2 class=\"elementor-heading-title elementor-size-default\">Cambios y actualizaciones de la pol\u00edtica de privacidad<\/h2>\t\t\t\t<\/div>\n\t\t\t\t<div class=\"elementor-element elementor-element-e42499a elementor-widget elementor-widget-text-editor\" data-id=\"e42499a\" data-element_type=\"widget\" data-e-type=\"widget\" data-widget_type=\"text-editor.default\">\n\t\t\t\t\t\t\t\t\t<p>Nos reservamos el derecho de modificar esta Pol\u00edtica de Privacidad. Los cambios notables se le comunicar\u00e1n a trav\u00e9s de nuestro sitio web u otros medios, asegur\u00e1ndonos de que siempre est\u00e9 al tanto de la informaci\u00f3n que recopilamos, c\u00f3mo la usamos y bajo qu\u00e9 circunstancias, si corresponde, la divulgamos.<\/p>\t\t\t\t\t\t\t\t<\/div>\n\t\t\t\t<div class=\"elementor-element elementor-element-6774740 elementor-widget elementor-widget-heading\" data-id=\"6774740\" data-element_type=\"widget\" data-e-type=\"widget\" data-widget_type=\"heading.default\">\n\t\t\t\t\t<h2 class=\"elementor-heading-title elementor-size-default\">Recopilaci\u00f3n y uso de datos<\/h2>\t\t\t\t<\/div>\n\t\t\t\t<div class=\"elementor-element elementor-element-ebbdb2b elementor-widget elementor-widget-heading\" data-id=\"ebbdb2b\" data-element_type=\"widget\" data-e-type=\"widget\" data-widget_type=\"heading.default\">\n\t\t\t\t\t<h3 class=\"elementor-heading-title elementor-size-default\">Archivos de registro<\/h3>\t\t\t\t<\/div>\n\t\t\t\t<div class=\"elementor-element elementor-element-c4b61ba elementor-widget elementor-widget-text-editor\" data-id=\"c4b61ba\" data-element_type=\"widget\" data-e-type=\"widget\" data-widget_type=\"text-editor.default\">\n\t\t\t\t\t\t\t\t\t<p>Como parte de nuestra pr\u00e1ctica est\u00e1ndar, recopilamos datos a trav\u00e9s de archivos de registro. Estos datos pueden incluir direcciones de protocolo de Internet (IP), tipos de navegadores, ISP, marcas de fecha\/hora, p\u00e1ginas de referencia\/salida y n\u00fameros de clics, lo que ayuda en el an\u00e1lisis de tendencias, la administraci\u00f3n del sitio, el seguimiento del movimiento de los usuarios y la recopilaci\u00f3n de informaci\u00f3n demogr\u00e1fica.<\/p>\t\t\t\t\t\t\t\t<\/div>\n\t\t\t\t<div class=\"elementor-element elementor-element-a25f90c elementor-widget elementor-widget-heading\" data-id=\"a25f90c\" data-element_type=\"widget\" data-e-type=\"widget\" data-widget_type=\"heading.default\">\n\t\t\t\t\t<h3 class=\"elementor-heading-title elementor-size-default\">Cookies y balizas web<\/h3>\t\t\t\t<\/div>\n\t\t\t\t<div class=\"elementor-element elementor-element-0f27532 elementor-widget elementor-widget-text-editor\" data-id=\"0f27532\" data-element_type=\"widget\" data-e-type=\"widget\" data-widget_type=\"text-editor.default\">\n\t\t\t\t\t\t\t\t\t<p>Utilizamos cookies para almacenar informaci\u00f3n sobre las preferencias de los visitantes y las p\u00e1ginas del sitio web o la aplicaci\u00f3n a la que el visitante accedi\u00f3 o visit\u00f3, para optimizar la experiencia del usuario personalizando el contenido de la p\u00e1gina web seg\u00fan los tipos de navegador de los visitantes y\/u otra informaci\u00f3n.<\/p>\t\t\t\t\t\t\t\t<\/div>\n\t\t\t\t<div class=\"elementor-element elementor-element-c2717d0 elementor-widget elementor-widget-heading\" data-id=\"c2717d0\" data-element_type=\"widget\" data-e-type=\"widget\" data-widget_type=\"heading.default\">\n\t\t\t\t\t<h3 class=\"elementor-heading-title elementor-size-default\">Servicios API de Google\n<\/h3>\t\t\t\t<\/div>\n\t\t\t\t<div class=\"elementor-element elementor-element-1bbe262 elementor-widget elementor-widget-text-editor\" data-id=\"1bbe262\" data-element_type=\"widget\" data-e-type=\"widget\" data-widget_type=\"text-editor.default\">\n\t\t\t\t\t\t\t\t\t<p>De conformidad con la Pol\u00edtica de datos de usuario de los servicios API de Google, representamos con precisi\u00f3n nuestra identidad e intenci\u00f3n cuando solicitamos datos de usuario de Google. Revelamos claramente:<\/p>\n<ul>\n<li><strong>Identidad<\/strong>: La identidad de nuestra aplicaci\u00f3n accediendo a los datos del usuario de Google.<\/li>\n<li><strong>Datos solicitados<\/strong>: Tipos de datos de usuario de Google que solicitamos.<\/li>\n<li><strong>Objetivo<\/strong>: Las finalidades para las que solicitamos datos de los usuarios de Google.<\/li>\n<\/ul>\t\t\t\t\t\t\t\t<\/div>\n\t\t\t\t<div class=\"elementor-element elementor-element-7cf02dd elementor-widget elementor-widget-heading\" data-id=\"7cf02dd\" data-element_type=\"widget\" data-e-type=\"widget\" data-widget_type=\"heading.default\">\n\t\t\t\t\t<h2 class=\"elementor-heading-title elementor-size-default\">Anunciantes externos y pol\u00edticas de privacidad<\/h2>\t\t\t\t<\/div>\n\t\t\t\t<div class=\"elementor-element elementor-element-4cde19d elementor-widget elementor-widget-text-editor\" data-id=\"4cde19d\" data-element_type=\"widget\" data-e-type=\"widget\" data-widget_type=\"text-editor.default\">\n\t\t\t\t\t\t\t\t\t<p>Utilizamos servidores o redes de anuncios de terceros, que utilizan tecnolog\u00edas como cookies, JavaScript o Web Beacons en sus anuncios y enlaces en el sitio web o la aplicaci\u00f3n. Sus pr\u00e1cticas se detallan en sus respectivas pol\u00edticas de privacidad.<\/p>\n<p><strong>Iniciar sesi\u00f3n en Google<\/strong>: Utilizamos el inicio de sesi\u00f3n de Google para la autenticaci\u00f3n, adhiri\u00e9ndose a la Pol\u00edtica de datos de usuario de los servicios API de Google, incluido el acceso transparente a los datos y las divulgaciones de uso.<\/p>\t\t\t\t\t\t\t\t<\/div>\n\t\t\t\t<div class=\"elementor-element elementor-element-85f5890 elementor-widget elementor-widget-heading\" data-id=\"85f5890\" data-element_type=\"widget\" data-e-type=\"widget\" data-widget_type=\"heading.default\">\n\t\t\t\t\t<h2 class=\"elementor-heading-title elementor-size-default\">Informaci\u00f3n para ni\u00f1os<\/h2>\t\t\t\t<\/div>\n\t\t\t\t<div class=\"elementor-element elementor-element-cc2d6ad elementor-widget elementor-widget-text-editor\" data-id=\"cc2d6ad\" data-element_type=\"widget\" data-e-type=\"widget\" data-widget_type=\"text-editor.default\">\n\t\t\t\t\t\t\t\t\t<p>No recopilamos intencionalmente informaci\u00f3n personal de ni\u00f1os menores de 13 a\u00f1os. Nuestro uso de tecnolog\u00edas publicitarias de terceros se rige por sus respectivas pol\u00edticas de privacidad.<\/p>\n<p><strong>Aplicaciones dirigidas a ni\u00f1os<\/strong>: Cumplimos con la Ley de Protecci\u00f3n de la Privacidad Infantil en L\u00ednea (COPPA) y no utilizamos el inicio de sesi\u00f3n de Google ni otros servicios API de Google que acceden a datos asociados con una cuenta de Google en aplicaciones dirigidas principalmente a ni\u00f1os.<\/p>\t\t\t\t\t\t\t\t<\/div>\n\t\t\t\t<div class=\"elementor-element elementor-element-4f3f1a9 elementor-widget elementor-widget-heading\" data-id=\"4f3f1a9\" data-element_type=\"widget\" data-e-type=\"widget\" data-widget_type=\"heading.default\">\n\t\t\t\t\t<h2 class=\"elementor-heading-title elementor-size-default\">Seguridad y Protecci\u00f3n de Datos\n<\/h2>\t\t\t\t<\/div>\n\t\t\t\t<div class=\"elementor-element elementor-element-73c78ca elementor-widget elementor-widget-text-editor\" data-id=\"73c78ca\" data-element_type=\"widget\" data-e-type=\"widget\" data-widget_type=\"text-editor.default\">\n\t\t\t\t\t\t\t\t\t<p>Garantizamos la seguridad de los datos en tr\u00e1nsito y en reposo y tomamos las medidas adecuadas para protegerlos contra el acceso, uso, destrucci\u00f3n, p\u00e9rdida, alteraci\u00f3n o divulgaci\u00f3n no autorizados o ilegales.<\/p>\n<p><strong>Servicios API de Google<\/strong>: Mantenemos un entorno operativo seguro para aplicaciones y sistemas que utilizan los servicios API de Google, cumpliendo con los requisitos de seguridad y privacidad de Google.<\/p>\t\t\t\t\t\t\t\t<\/div>\n\t\t\t\t<div class=\"elementor-element elementor-element-dd9bbb1 elementor-widget elementor-widget-heading\" data-id=\"dd9bbb1\" data-element_type=\"widget\" data-e-type=\"widget\" data-widget_type=\"heading.default\">\n\t\t\t\t\t<h2 class=\"elementor-heading-title elementor-size-default\">Consentimiento y derechos del usuario\n<\/h2>\t\t\t\t<\/div>\n\t\t\t\t<div class=\"elementor-element elementor-element-1c3b767 elementor-widget elementor-widget-text-editor\" data-id=\"1c3b767\" data-element_type=\"widget\" data-e-type=\"widget\" data-widget_type=\"text-editor.default\">\n\t\t\t\t\t\t\t\t\t<p>Al utilizar nuestro sitio web o aplicaci\u00f3n, usted acepta nuestra Pol\u00edtica de privacidad y acepta sus T\u00e9rminos y condiciones.<\/p>\n<p>Los usuarios tienen derecho a comprender c\u00f3mo se utilizan sus datos y pueden solicitar el acceso o la eliminaci\u00f3n de sus datos personales.<\/p>\t\t\t\t\t\t\t\t<\/div>\n\t\t\t\t<div class=\"elementor-element elementor-element-79d6ff4 elementor-widget elementor-widget-heading\" data-id=\"79d6ff4\" data-element_type=\"widget\" data-e-type=\"widget\" data-widget_type=\"heading.default\">\n\t\t\t\t\t<h2 class=\"elementor-heading-title elementor-size-default\">Informaci\u00f3n de contacto\n<\/h2>\t\t\t\t<\/div>\n\t\t\t\t<div class=\"elementor-element elementor-element-5ee2fe0 elementor-widget elementor-widget-text-editor\" data-id=\"5ee2fe0\" data-element_type=\"widget\" data-e-type=\"widget\" data-widget_type=\"text-editor.default\">\n\t\t\t\t\t\t\t\t\t<p>Si tiene alguna pregunta o inquietud sobre nuestra Pol\u00edtica de privacidad o pr\u00e1cticas de datos, cont\u00e1ctenos en support@flypix.ai<\/p>\n<div id=\"fl-main-content\" class=\"fl-page-content\" role=\"main\">\n<div class=\"fl-content-full container\">\n<div class=\"row\">\n<div class=\"fl-content col-md-12\">\n<article id=\"fl-post-154824\" class=\"fl-post post-154824 page type-page status-publish hentry\">\n<div class=\"fl-post-content clearfix\">\n<p>Fecha de vigencia: 09.02.2024<\/p>\n<\/div>\n<\/article>\n<\/div>\n<\/div>\n<\/div>\n<\/div>\t\t\t\t\t\t\t\t<\/div>\n\t\t\t\t<\/div>\n\t\t\t\t\t<\/div>\n\t\t\t\t<\/div>\n\t\t\t\t<\/div>","protected":false},"excerpt":{"rendered":"<p>Privacy Policy Introduction This Privacy Policy applies to the online services offered by FlyPix AI GmbH, accessible via www.flypix.ai (\u201cthe website\u201d) or app.flypix.tech (\u201cthe application\u201d). Our commitment to privacy is paramount, and this document explains how we handle information collected and recorded from the website or the application. For additional inquiries or information about our [&hellip;]<\/p>\n","protected":false},"author":1,"featured_media":0,"parent":0,"menu_order":0,"comment_status":"closed","ping_status":"closed","template":"","meta":{"_acf_changed":false,"footnotes":""},"class_list":["post-154824","page","type-page","status-publish","hentry"],"acf":[],"yoast_head":"<!-- This site is optimized with the Yoast SEO plugin v27.3 - https:\/\/yoast.com\/product\/yoast-seo-wordpress\/ -->\n<title>Privacy Policy<\/title>\n<meta name=\"description\" content=\"The services we offer are governed by the privacy policy. Please ensure that you review the terms and conditions regarding the information we gather, how we use it, and any sharing practices.\" \/>\n<meta name=\"robots\" content=\"index, follow, max-snippet:-1, max-image-preview:large, max-video-preview:-1\" \/>\n<link rel=\"canonical\" href=\"https:\/\/flypix.ai\/es\/privacy-policy\/\" \/>\n<meta property=\"og:locale\" content=\"es_ES\" \/>\n<meta property=\"og:type\" content=\"article\" \/>\n<meta property=\"og:title\" content=\"Privacy Policy\" \/>\n<meta property=\"og:description\" content=\"The services we offer are governed by the privacy policy. Please ensure that you review the terms and conditions regarding the information we gather, how we use it, and any sharing practices.\" \/>\n<meta property=\"og:url\" content=\"https:\/\/flypix.ai\/es\/privacy-policy\/\" \/>\n<meta property=\"og:site_name\" content=\"Flypix\" \/>\n<meta property=\"article:modified_time\" content=\"2024-07-11T13:30:09+00:00\" \/>\n<meta name=\"twitter:card\" content=\"summary_large_image\" \/>\n<meta name=\"twitter:label1\" content=\"Tiempo de lectura\" \/>\n\t<meta name=\"twitter:data1\" content=\"3 minutos\" \/>\n<script type=\"application\/ld+json\" class=\"yoast-schema-graph\">{\"@context\":\"https:\\\/\\\/schema.org\",\"@graph\":[{\"@type\":\"WebPage\",\"@id\":\"https:\\\/\\\/flypix.ai\\\/es\\\/privacy-policy\\\/\",\"url\":\"https:\\\/\\\/flypix.ai\\\/es\\\/privacy-policy\\\/\",\"name\":\"Privacy Policy\",\"isPartOf\":{\"@id\":\"https:\\\/\\\/flypix.ai\\\/#website\"},\"datePublished\":\"2023-04-10T14:41:24+00:00\",\"dateModified\":\"2024-07-11T13:30:09+00:00\",\"description\":\"The services we offer are governed by the privacy policy. Please ensure that you review the terms and conditions regarding the information we gather, how we use it, and any sharing practices.\",\"breadcrumb\":{\"@id\":\"https:\\\/\\\/flypix.ai\\\/es\\\/privacy-policy\\\/#breadcrumb\"},\"inLanguage\":\"es\",\"potentialAction\":[{\"@type\":\"ReadAction\",\"target\":[\"https:\\\/\\\/flypix.ai\\\/es\\\/privacy-policy\\\/\"]}]},{\"@type\":\"BreadcrumbList\",\"@id\":\"https:\\\/\\\/flypix.ai\\\/es\\\/privacy-policy\\\/#breadcrumb\",\"itemListElement\":[{\"@type\":\"ListItem\",\"position\":1,\"name\":\"Home\",\"item\":\"https:\\\/\\\/flypix.ai\\\/\"},{\"@type\":\"ListItem\",\"position\":2,\"name\":\"Privacy Policy\"}]},{\"@type\":\"WebSite\",\"@id\":\"https:\\\/\\\/flypix.ai\\\/#website\",\"url\":\"https:\\\/\\\/flypix.ai\\\/\",\"name\":\"Flypix\",\"description\":\"AN END-TO-END PLATFORM FOR ENTITY DETECTION, LOCALIZATION AND SEGMENTATION POWERED BY ARTIFICIAL INTELLIGENCE\",\"publisher\":{\"@id\":\"https:\\\/\\\/flypix.ai\\\/#organization\"},\"potentialAction\":[{\"@type\":\"SearchAction\",\"target\":{\"@type\":\"EntryPoint\",\"urlTemplate\":\"https:\\\/\\\/flypix.ai\\\/?s={search_term_string}\"},\"query-input\":{\"@type\":\"PropertyValueSpecification\",\"valueRequired\":true,\"valueName\":\"search_term_string\"}}],\"inLanguage\":\"es\"},{\"@type\":\"Organization\",\"@id\":\"https:\\\/\\\/flypix.ai\\\/#organization\",\"name\":\"Flypix AI\",\"url\":\"https:\\\/\\\/flypix.ai\\\/\",\"logo\":{\"@type\":\"ImageObject\",\"inLanguage\":\"es\",\"@id\":\"https:\\\/\\\/flypix.ai\\\/#\\\/schema\\\/logo\\\/image\\\/\",\"url\":\"https:\\\/\\\/flypix.ai\\\/wp-content\\\/uploads\\\/2024\\\/07\\\/logo.svg\",\"contentUrl\":\"https:\\\/\\\/flypix.ai\\\/wp-content\\\/uploads\\\/2024\\\/07\\\/logo.svg\",\"width\":346,\"height\":40,\"caption\":\"Flypix AI\"},\"image\":{\"@id\":\"https:\\\/\\\/flypix.ai\\\/#\\\/schema\\\/logo\\\/image\\\/\"}}]}<\/script>\n<!-- \/ Yoast SEO plugin. -->","yoast_head_json":{"title":"Pol\u00edtica de privacidad","description":"Los servicios que ofrecemos se rigen por la pol\u00edtica de privacidad. Aseg\u00farese de revisar los t\u00e9rminos y condiciones relativos a la informaci\u00f3n que recopilamos, c\u00f3mo la utilizamos y cualquier pr\u00e1ctica para compartirla.","robots":{"index":"index","follow":"follow","max-snippet":"max-snippet:-1","max-image-preview":"max-image-preview:large","max-video-preview":"max-video-preview:-1"},"canonical":"https:\/\/flypix.ai\/es\/privacy-policy\/","og_locale":"es_ES","og_type":"article","og_title":"Privacy Policy","og_description":"The services we offer are governed by the privacy policy. Please ensure that you review the terms and conditions regarding the information we gather, how we use it, and any sharing practices.","og_url":"https:\/\/flypix.ai\/es\/privacy-policy\/","og_site_name":"Flypix","article_modified_time":"2024-07-11T13:30:09+00:00","twitter_card":"summary_large_image","twitter_misc":{"Tiempo de lectura":"3 minutos"},"schema":{"@context":"https:\/\/schema.org","@graph":[{"@type":"WebPage","@id":"https:\/\/flypix.ai\/es\/privacy-policy\/","url":"https:\/\/flypix.ai\/es\/privacy-policy\/","name":"Pol\u00edtica de privacidad","isPartOf":{"@id":"https:\/\/flypix.ai\/#website"},"datePublished":"2023-04-10T14:41:24+00:00","dateModified":"2024-07-11T13:30:09+00:00","description":"Los servicios que ofrecemos se rigen por la pol\u00edtica de privacidad. Aseg\u00farese de revisar los t\u00e9rminos y condiciones relativos a la informaci\u00f3n que recopilamos, c\u00f3mo la utilizamos y cualquier pr\u00e1ctica para compartirla.","breadcrumb":{"@id":"https:\/\/flypix.ai\/es\/privacy-policy\/#breadcrumb"},"inLanguage":"es","potentialAction":[{"@type":"ReadAction","target":["https:\/\/flypix.ai\/es\/privacy-policy\/"]}]},{"@type":"BreadcrumbList","@id":"https:\/\/flypix.ai\/es\/privacy-policy\/#breadcrumb","itemListElement":[{"@type":"ListItem","position":1,"name":"Home","item":"https:\/\/flypix.ai\/"},{"@type":"ListItem","position":2,"name":"Privacy Policy"}]},{"@type":"WebSite","@id":"https:\/\/flypix.ai\/#website","url":"https:\/\/flypix.ai\/","name":"Flypix","description":"UNA PLATAFORMA INTEGRAL PARA DETECCI\u00d3N, LOCALIZACI\u00d3N Y SEGMENTACI\u00d3N DE ENTIDADES IMPULSADA POR INTELIGENCIA ARTIFICIAL","publisher":{"@id":"https:\/\/flypix.ai\/#organization"},"potentialAction":[{"@type":"SearchAction","target":{"@type":"EntryPoint","urlTemplate":"https:\/\/flypix.ai\/?s={search_term_string}"},"query-input":{"@type":"PropertyValueSpecification","valueRequired":true,"valueName":"search_term_string"}}],"inLanguage":"es"},{"@type":"Organization","@id":"https:\/\/flypix.ai\/#organization","name":"Flypix IA","url":"https:\/\/flypix.ai\/","logo":{"@type":"ImageObject","inLanguage":"es","@id":"https:\/\/flypix.ai\/#\/schema\/logo\/image\/","url":"https:\/\/flypix.ai\/wp-content\/uploads\/2024\/07\/logo.svg","contentUrl":"https:\/\/flypix.ai\/wp-content\/uploads\/2024\/07\/logo.svg","width":346,"height":40,"caption":"Flypix AI"},"image":{"@id":"https:\/\/flypix.ai\/#\/schema\/logo\/image\/"}}]}},"_links":{"self":[{"href":"https:\/\/flypix.ai\/es\/wp-json\/wp\/v2\/pages\/154824","targetHints":{"allow":["GET"]}}],"collection":[{"href":"https:\/\/flypix.ai\/es\/wp-json\/wp\/v2\/pages"}],"about":[{"href":"https:\/\/flypix.ai\/es\/wp-json\/wp\/v2\/types\/page"}],"author":[{"embeddable":true,"href":"https:\/\/flypix.ai\/es\/wp-json\/wp\/v2\/users\/1"}],"replies":[{"embeddable":true,"href":"https:\/\/flypix.ai\/es\/wp-json\/wp\/v2\/comments?post=154824"}],"version-history":[{"count":0,"href":"https:\/\/flypix.ai\/es\/wp-json\/wp\/v2\/pages\/154824\/revisions"}],"wp:attachment":[{"href":"https:\/\/flypix.ai\/es\/wp-json\/wp\/v2\/media?parent=154824"}],"curies":[{"name":"gracias","href":"https:\/\/api.w.org\/{rel}","templated":true}]}}