{"id":154909,"date":"2023-07-28T14:29:58","date_gmt":"2023-07-28T14:29:58","guid":{"rendered":"https:\/\/flypix.ai\/?page_id=154909"},"modified":"2024-07-11T10:22:10","modified_gmt":"2024-07-11T10:22:10","slug":"data-privacy","status":"publish","type":"page","link":"https:\/\/flypix.ai\/es\/data-privacy\/","title":{"rendered":"Protecci\u00f3n de datos"},"content":{"rendered":"<div data-elementor-type=\"wp-page\" data-elementor-id=\"154909\" class=\"elementor elementor-154909\" data-elementor-post-type=\"page\">\n\t\t\t\t<div class=\"elementor-element elementor-element-96acffe e-flex e-con-boxed e-con e-parent\" data-id=\"96acffe\" data-element_type=\"container\" data-e-type=\"container\">\n\t\t\t\t\t<div class=\"e-con-inner\">\n\t\t<div class=\"elementor-element elementor-element-8524e41 e-con-full e-flex e-con e-child\" data-id=\"8524e41\" data-element_type=\"container\" data-e-type=\"container\">\n\t\t\t\t<div class=\"elementor-element elementor-element-9576d29 elementor-widget elementor-widget-heading\" data-id=\"9576d29\" data-element_type=\"widget\" data-e-type=\"widget\" data-widget_type=\"heading.default\">\n\t\t\t\t\t<h1 class=\"elementor-heading-title elementor-size-default\">Datos y privacidad<\/h1>\t\t\t\t<\/div>\n\t\t\t\t<div class=\"elementor-element elementor-element-1438bb8 elementor-widget elementor-widget-heading\" data-id=\"1438bb8\" data-element_type=\"widget\" data-e-type=\"widget\" data-widget_type=\"heading.default\">\n\t\t\t\t\t<h2 class=\"elementor-heading-title elementor-size-default\">GDPR (Reglamento General de Protecci\u00f3n de Datos)<\/h2>\t\t\t\t<\/div>\n\t\t\t\t<div class=\"elementor-element elementor-element-63b86fb elementor-widget elementor-widget-text-editor\" data-id=\"63b86fb\" data-element_type=\"widget\" data-e-type=\"widget\" data-widget_type=\"text-editor.default\">\n\t\t\t\t\t\t\t\t\t<p>Manejo de datos: FlyPix AI cumple con las regulaciones GDPR<br \/>FlyPix AI concede gran importancia al respeto de la privacidad de todos los clientes, especialmente en lo que respecta al uso de datos. Todos los datos e informaci\u00f3n involucrados en los proyectos se recopilan y almacenan de acuerdo con los principios establecidos en el Reglamento General de Protecci\u00f3n de Datos (GDPR).<\/p>\t\t\t\t\t\t\t\t<\/div>\n\t\t\t\t<div class=\"elementor-element elementor-element-9e84351 elementor-widget elementor-widget-heading\" data-id=\"9e84351\" data-element_type=\"widget\" data-e-type=\"widget\" data-widget_type=\"heading.default\">\n\t\t\t\t\t<h2 class=\"elementor-heading-title elementor-size-default\">C\u00f3mo manejamos los datos<\/h2>\t\t\t\t<\/div>\n\t\t\t\t<div class=\"elementor-element elementor-element-836cb4d elementor-widget elementor-widget-text-editor\" data-id=\"836cb4d\" data-element_type=\"widget\" data-e-type=\"widget\" data-widget_type=\"text-editor.default\">\n\t\t\t\t\t\t\t\t\t<p>Para demostrar nuestra dedicaci\u00f3n, manejamos los datos con sumo cuidado, siguiendo las directrices del RGPD, y tomamos medidas para anonimizarlos para mejorar la privacidad. Todas las preparaciones de datos se llevan a cabo meticulosamente, aline\u00e1ndose con los est\u00e1ndares globales. Se proporcionan a todos los clientes t\u00e9rminos y condiciones detallados, relevantes para el tipo de datos espec\u00edfico, en relaci\u00f3n con la recopilaci\u00f3n de datos y su utilizaci\u00f3n.<\/p>\n<p>Todos los datos recopilados por FlyPix AI se procesan de manera legal, justa y transparente, respetando los derechos del interesado. Los prop\u00f3sitos y m\u00e9todos de c\u00f3mo AI Superior puede utilizar los datos recopilados est\u00e1n completamente definidos. Los datos recogidos son espec\u00edficos, expl\u00edcitos y utilizados \u00fanicamente con fines leg\u00edtimos. Nos aseguramos de que sus datos sean administrados de forma segura por especialistas capacitados que comprendan la importancia de la privacidad.<\/p>\t\t\t\t\t\t\t\t<\/div>\n\t\t\t\t<div class=\"elementor-element elementor-element-9eddd7e elementor-widget elementor-widget-heading\" data-id=\"9eddd7e\" data-element_type=\"widget\" data-e-type=\"widget\" data-widget_type=\"heading.default\">\n\t\t\t\t\t<h2 class=\"elementor-heading-title elementor-size-default\">C\u00f3mo protegemos los datos<\/h2>\t\t\t\t<\/div>\n\t\t\t\t<div class=\"elementor-element elementor-element-fd99be5 elementor-widget elementor-widget-text-editor\" data-id=\"fd99be5\" data-element_type=\"widget\" data-e-type=\"widget\" data-widget_type=\"text-editor.default\">\n\t\t\t\t\t\t\t\t\t<p>FlyPix AI garantiza una protecci\u00f3n de datos de alto nivel para todos los clientes. Dado que los datos desempe\u00f1an un papel crucial en los procesos de IA y aprendizaje autom\u00e1tico, tomamos todas las medidas necesarias para garantizar la calidad de los datos y priorizamos su privacidad. El proceso GDPR es de suma importancia para nosotros.<\/p>\n<p>Valoramos los datos de los clientes como un activo valioso y, al recibirlos, garantizamos una protecci\u00f3n completa dentro de nuestros sistemas. Se implementan todas las medidas de seguridad necesarias y relevantes para salvaguardar los datos y sus fines previstos. Adem\u00e1s, mantenemos los datos en un formato que permite su identificaci\u00f3n y los procesamos de forma segura, protegi\u00e9ndolos contra p\u00e9rdidas accidentales, da\u00f1os, procesamiento no autorizado y otros riesgos potenciales.<\/p>\n<div id=\"fl-main-content\" class=\"fl-page-content\" role=\"main\">\n<div class=\"fl-content-full container\">\n<div class=\"row\">\n<div class=\"fl-content col-md-12\">\n<article id=\"fl-post-154909\" class=\"fl-post post-154909 page type-page status-publish hentry\">\n<div class=\"fl-post-content clearfix\">\n<div class=\"fl-builder-content fl-builder-content-154909 fl-builder-content-primary fl-builder-global-templates-locked\" data-post-id=\"154909\">\n<div class=\"fl-row fl-row-full-width fl-row-bg-none fl-node-cvwm345hy8x9\" data-node=\"cvwm345hy8x9\">\n<div class=\"fl-row-content-wrap\">\n<div class=\"fl-row-content fl-row-fixed-width fl-node-content\">\n<div class=\"fl-col-group fl-node-5ox8hiv4lb2s\" data-node=\"5ox8hiv4lb2s\">\n<div class=\"fl-col fl-node-m6y4a1usq02i fl-animation fl-fade-in fl-animated\" data-node=\"m6y4a1usq02i\" data-animation-delay=\"0\" data-animation-duration=\"1\">\n<div class=\"fl-col-content fl-node-content\">\n<div class=\"fl-module fl-module-rich-text fl-node-85ihqmev23rg\" data-node=\"85ihqmev23rg\">\n<div class=\"fl-module-content fl-node-content\">\n<div class=\"fl-rich-text\">\n<p>FlyPix AI siempre se mantiene a la vanguardia, reafirmando nuestro compromiso de brindar soluciones de primer nivel. Puede estar seguro de que nuestra dedicaci\u00f3n a brindar servicios premium sigue siendo inquebrantable.<\/p>\n<\/div>\n<\/div>\n<\/div>\n<\/div>\n<\/div>\n<\/div>\n<\/div>\n<\/div>\n<\/div>\n<\/div>\n<\/div>\n<\/article>\n<\/div>\n<\/div>\n<\/div>\n<\/div>\n<footer class=\"fl-builder-content fl-builder-content-3698 fl-builder-global-templates-locked\" data-post-id=\"3698\" data-type=\"footer\">\n<div class=\"fl-row fl-row-full-width fl-row-bg-color fl-node-j8aztpmhsxv9\" data-node=\"j8aztpmhsxv9\">\n<div class=\"fl-row-content-wrap\">\n<div class=\"uabb-row-separator uabb-top-row-separator\">\u00a0<\/div>\n<div class=\"fl-row-content fl-row-fixed-width fl-node-content\">\n<div class=\"fl-col-group fl-node-c92rzpf6gbhk fl-col-group-equal-height fl-col-group-align-top fl-col-group-custom-width\" data-node=\"c92rzpf6gbhk\">\n<div class=\"fl-col fl-node-is4o69ughkv1 fl-col-small\" data-node=\"is4o69ughkv1\">\n<div class=\"fl-col-content fl-node-content\">\n<div class=\"fl-module fl-module-photo fl-node-qhfo3yz1mtuw\" data-node=\"qhfo3yz1mtuw\">\n<div class=\"fl-module-content fl-node-content\">\u00a0<\/div>\n<\/div>\n<\/div>\n<\/div>\n<\/div>\n<\/div>\n<\/div>\n<\/div>\n<\/footer>\t\t\t\t\t\t\t\t<\/div>\n\t\t\t\t<\/div>\n\t\t\t\t\t<\/div>\n\t\t\t\t<\/div>\n\t\t\t\t<\/div>","protected":false},"excerpt":{"rendered":"<p>Data and Privacy GDPR (General Data Protection Regulation) Data Handling: FlyPix AI adheres to GDPR regulationsFlyPix AI places great importance on respecting the privacy of all customers, particularly when it comes to data usage. Any data and information involved in projects are collected and stored in accordance with the principles set forth in the General [&hellip;]<\/p>\n","protected":false},"author":1,"featured_media":0,"parent":0,"menu_order":0,"comment_status":"closed","ping_status":"closed","template":"","meta":{"_acf_changed":false,"footnotes":""},"class_list":["post-154909","page","type-page","status-publish","hentry"],"acf":[],"yoast_head":"<!-- This site is optimized with the Yoast SEO plugin v27.3 - https:\/\/yoast.com\/product\/yoast-seo-wordpress\/ -->\n<title>Data Privacy<\/title>\n<meta name=\"description\" content=\"Discover FlyPix AI&#039;s GDPR-compliant data handling and protection practices\" \/>\n<meta name=\"robots\" content=\"index, follow, max-snippet:-1, max-image-preview:large, max-video-preview:-1\" \/>\n<link rel=\"canonical\" href=\"https:\/\/flypix.ai\/es\/data-privacy\/\" \/>\n<meta property=\"og:locale\" content=\"es_ES\" \/>\n<meta property=\"og:type\" content=\"article\" \/>\n<meta property=\"og:title\" content=\"Data Privacy\" \/>\n<meta property=\"og:description\" content=\"Discover FlyPix AI&#039;s GDPR-compliant data handling and protection practices\" \/>\n<meta property=\"og:url\" content=\"https:\/\/flypix.ai\/es\/data-privacy\/\" \/>\n<meta property=\"og:site_name\" content=\"Flypix\" \/>\n<meta property=\"article:modified_time\" content=\"2024-07-11T10:22:10+00:00\" \/>\n<meta name=\"twitter:card\" content=\"summary_large_image\" \/>\n<meta name=\"twitter:label1\" content=\"Tiempo de lectura\" \/>\n\t<meta name=\"twitter:data1\" content=\"2 minutos\" \/>\n<script type=\"application\/ld+json\" class=\"yoast-schema-graph\">{\"@context\":\"https:\\\/\\\/schema.org\",\"@graph\":[{\"@type\":\"WebPage\",\"@id\":\"https:\\\/\\\/flypix.ai\\\/data-privacy\\\/\",\"url\":\"https:\\\/\\\/flypix.ai\\\/data-privacy\\\/\",\"name\":\"Data Privacy\",\"isPartOf\":{\"@id\":\"https:\\\/\\\/flypix.ai\\\/#website\"},\"datePublished\":\"2023-07-28T14:29:58+00:00\",\"dateModified\":\"2024-07-11T10:22:10+00:00\",\"description\":\"Discover FlyPix AI's GDPR-compliant data handling and protection practices\",\"breadcrumb\":{\"@id\":\"https:\\\/\\\/flypix.ai\\\/data-privacy\\\/#breadcrumb\"},\"inLanguage\":\"es\",\"potentialAction\":[{\"@type\":\"ReadAction\",\"target\":[\"https:\\\/\\\/flypix.ai\\\/data-privacy\\\/\"]}]},{\"@type\":\"BreadcrumbList\",\"@id\":\"https:\\\/\\\/flypix.ai\\\/data-privacy\\\/#breadcrumb\",\"itemListElement\":[{\"@type\":\"ListItem\",\"position\":1,\"name\":\"Home\",\"item\":\"https:\\\/\\\/flypix.ai\\\/\"},{\"@type\":\"ListItem\",\"position\":2,\"name\":\"Data Privacy\"}]},{\"@type\":\"WebSite\",\"@id\":\"https:\\\/\\\/flypix.ai\\\/#website\",\"url\":\"https:\\\/\\\/flypix.ai\\\/\",\"name\":\"Flypix\",\"description\":\"AN END-TO-END PLATFORM FOR ENTITY DETECTION, LOCALIZATION AND SEGMENTATION POWERED BY ARTIFICIAL INTELLIGENCE\",\"publisher\":{\"@id\":\"https:\\\/\\\/flypix.ai\\\/#organization\"},\"potentialAction\":[{\"@type\":\"SearchAction\",\"target\":{\"@type\":\"EntryPoint\",\"urlTemplate\":\"https:\\\/\\\/flypix.ai\\\/?s={search_term_string}\"},\"query-input\":{\"@type\":\"PropertyValueSpecification\",\"valueRequired\":true,\"valueName\":\"search_term_string\"}}],\"inLanguage\":\"es\"},{\"@type\":\"Organization\",\"@id\":\"https:\\\/\\\/flypix.ai\\\/#organization\",\"name\":\"Flypix AI\",\"url\":\"https:\\\/\\\/flypix.ai\\\/\",\"logo\":{\"@type\":\"ImageObject\",\"inLanguage\":\"es\",\"@id\":\"https:\\\/\\\/flypix.ai\\\/#\\\/schema\\\/logo\\\/image\\\/\",\"url\":\"https:\\\/\\\/flypix.ai\\\/wp-content\\\/uploads\\\/2024\\\/07\\\/logo.svg\",\"contentUrl\":\"https:\\\/\\\/flypix.ai\\\/wp-content\\\/uploads\\\/2024\\\/07\\\/logo.svg\",\"width\":346,\"height\":40,\"caption\":\"Flypix AI\"},\"image\":{\"@id\":\"https:\\\/\\\/flypix.ai\\\/#\\\/schema\\\/logo\\\/image\\\/\"}}]}<\/script>\n<!-- \/ Yoast SEO plugin. -->","yoast_head_json":{"title":"Protecci\u00f3n de datos","description":"Descubra las pr\u00e1cticas de protecci\u00f3n y manejo de datos que cumplen con el RGPD de FlyPix AI","robots":{"index":"index","follow":"follow","max-snippet":"max-snippet:-1","max-image-preview":"max-image-preview:large","max-video-preview":"max-video-preview:-1"},"canonical":"https:\/\/flypix.ai\/es\/data-privacy\/","og_locale":"es_ES","og_type":"article","og_title":"Data Privacy","og_description":"Discover FlyPix AI's GDPR-compliant data handling and protection practices","og_url":"https:\/\/flypix.ai\/es\/data-privacy\/","og_site_name":"Flypix","article_modified_time":"2024-07-11T10:22:10+00:00","twitter_card":"summary_large_image","twitter_misc":{"Tiempo de lectura":"2 minutos"},"schema":{"@context":"https:\/\/schema.org","@graph":[{"@type":"WebPage","@id":"https:\/\/flypix.ai\/data-privacy\/","url":"https:\/\/flypix.ai\/data-privacy\/","name":"Protecci\u00f3n de datos","isPartOf":{"@id":"https:\/\/flypix.ai\/#website"},"datePublished":"2023-07-28T14:29:58+00:00","dateModified":"2024-07-11T10:22:10+00:00","description":"Descubra las pr\u00e1cticas de protecci\u00f3n y manejo de datos que cumplen con el RGPD de FlyPix AI","breadcrumb":{"@id":"https:\/\/flypix.ai\/data-privacy\/#breadcrumb"},"inLanguage":"es","potentialAction":[{"@type":"ReadAction","target":["https:\/\/flypix.ai\/data-privacy\/"]}]},{"@type":"BreadcrumbList","@id":"https:\/\/flypix.ai\/data-privacy\/#breadcrumb","itemListElement":[{"@type":"ListItem","position":1,"name":"Home","item":"https:\/\/flypix.ai\/"},{"@type":"ListItem","position":2,"name":"Data Privacy"}]},{"@type":"WebSite","@id":"https:\/\/flypix.ai\/#website","url":"https:\/\/flypix.ai\/","name":"Flypix","description":"UNA PLATAFORMA INTEGRAL PARA DETECCI\u00d3N, LOCALIZACI\u00d3N Y SEGMENTACI\u00d3N DE ENTIDADES IMPULSADA POR INTELIGENCIA ARTIFICIAL","publisher":{"@id":"https:\/\/flypix.ai\/#organization"},"potentialAction":[{"@type":"SearchAction","target":{"@type":"EntryPoint","urlTemplate":"https:\/\/flypix.ai\/?s={search_term_string}"},"query-input":{"@type":"PropertyValueSpecification","valueRequired":true,"valueName":"search_term_string"}}],"inLanguage":"es"},{"@type":"Organization","@id":"https:\/\/flypix.ai\/#organization","name":"Flypix IA","url":"https:\/\/flypix.ai\/","logo":{"@type":"ImageObject","inLanguage":"es","@id":"https:\/\/flypix.ai\/#\/schema\/logo\/image\/","url":"https:\/\/flypix.ai\/wp-content\/uploads\/2024\/07\/logo.svg","contentUrl":"https:\/\/flypix.ai\/wp-content\/uploads\/2024\/07\/logo.svg","width":346,"height":40,"caption":"Flypix AI"},"image":{"@id":"https:\/\/flypix.ai\/#\/schema\/logo\/image\/"}}]}},"_links":{"self":[{"href":"https:\/\/flypix.ai\/es\/wp-json\/wp\/v2\/pages\/154909","targetHints":{"allow":["GET"]}}],"collection":[{"href":"https:\/\/flypix.ai\/es\/wp-json\/wp\/v2\/pages"}],"about":[{"href":"https:\/\/flypix.ai\/es\/wp-json\/wp\/v2\/types\/page"}],"author":[{"embeddable":true,"href":"https:\/\/flypix.ai\/es\/wp-json\/wp\/v2\/users\/1"}],"replies":[{"embeddable":true,"href":"https:\/\/flypix.ai\/es\/wp-json\/wp\/v2\/comments?post=154909"}],"version-history":[{"count":0,"href":"https:\/\/flypix.ai\/es\/wp-json\/wp\/v2\/pages\/154909\/revisions"}],"wp:attachment":[{"href":"https:\/\/flypix.ai\/es\/wp-json\/wp\/v2\/media?parent=154909"}],"curies":[{"name":"gracias","href":"https:\/\/api.w.org\/{rel}","templated":true}]}}