{"id":154480,"date":"2023-01-16T10:28:59","date_gmt":"2023-01-16T10:28:59","guid":{"rendered":"https:\/\/flypix.ai\/?page_id=154480"},"modified":"2024-09-23T15:11:38","modified_gmt":"2024-09-23T15:11:38","slug":"object-detection-software-for-government-institutions","status":"publish","type":"page","link":"https:\/\/flypix.ai\/fr\/object-detection-software-for-government-institutions\/","title":{"rendered":"Gouvernement"},"content":{"rendered":"<div data-elementor-type=\"wp-page\" data-elementor-id=\"154480\" class=\"elementor elementor-154480\" data-elementor-post-type=\"page\">\n\t\t\t\t<div class=\"elementor-element elementor-element-5c49439c e-flex e-con-boxed e-con e-parent\" data-id=\"5c49439c\" data-element_type=\"container\" data-e-type=\"container\" data-settings=\"{&quot;background_background&quot;:&quot;classic&quot;}\">\n\t\t\t\t\t<div class=\"e-con-inner\">\n\t\t<div class=\"elementor-element elementor-element-2a68cf24 e-con-full e-flex e-con e-child\" data-id=\"2a68cf24\" data-element_type=\"container\" data-e-type=\"container\">\n\t\t\t\t<div class=\"elementor-element elementor-element-6c6c6f64 elementor-widget elementor-widget-heading\" data-id=\"6c6c6f64\" data-element_type=\"widget\" data-e-type=\"widget\" data-widget_type=\"heading.default\">\n\t\t\t\t\t<h1 class=\"elementor-heading-title elementor-size-default\">D\u00c9TECTION D&#039;OBJETS POUR LES INSTITUTIONS GOUVERNEMENTALES\n<\/h1>\t\t\t\t<\/div>\n\t\t<div class=\"elementor-element elementor-element-796ba1f8 e-con-full e-flex e-con e-child\" data-id=\"796ba1f8\" data-element_type=\"container\" data-e-type=\"container\">\n\t\t\t\t<div class=\"elementor-element elementor-element-14706d42 elementor-widget-divider--view-line elementor-widget elementor-widget-divider\" data-id=\"14706d42\" data-element_type=\"widget\" data-e-type=\"widget\" data-widget_type=\"divider.default\">\n\t\t\t\t\t\t\t<div class=\"elementor-divider\">\n\t\t\t<span class=\"elementor-divider-separator\">\n\t\t\t\t\t\t<\/span>\n\t\t<\/div>\n\t\t\t\t\t\t<\/div>\n\t\t\t\t<\/div>\n\t\t<div class=\"elementor-element elementor-element-3da2c0d8 e-con-full e-flex e-con e-child\" data-id=\"3da2c0d8\" data-element_type=\"container\" data-e-type=\"container\">\n\t\t\t\t<div class=\"elementor-element elementor-element-7275d10 elementor-widget elementor-widget-heading\" data-id=\"7275d10\" data-element_type=\"widget\" data-e-type=\"widget\" data-widget_type=\"heading.default\">\n\t\t\t\t\t<h2 class=\"elementor-heading-title elementor-size-default\">Exploitez la puissance de notre plateforme avanc\u00e9e de d\u00e9tection d&#039;objets pour l&#039;imagerie a\u00e9rienne afin d&#039;optimiser l&#039;entretien des routes et la gestion des d\u00e9chets<\/h2>\t\t\t\t<\/div>\n\t\t\t\t<\/div>\n\t\t\t\t<\/div>\n\t\t\t\t\t<\/div>\n\t\t\t\t<\/div>\n\t\t<div class=\"elementor-element elementor-element-282227e4 e-flex e-con-boxed e-con e-parent\" data-id=\"282227e4\" data-element_type=\"container\" data-e-type=\"container\" data-settings=\"{&quot;background_background&quot;:&quot;classic&quot;}\">\n\t\t\t\t\t<div class=\"e-con-inner\">\n\t\t<div class=\"elementor-element elementor-element-4e20b1be e-con-full e-flex e-con e-child\" data-id=\"4e20b1be\" data-element_type=\"container\" data-e-type=\"container\">\n\t\t<div class=\"elementor-element elementor-element-41bd1dbb e-con-full e-flex e-con e-child\" data-id=\"41bd1dbb\" data-element_type=\"container\" data-e-type=\"container\" data-settings=\"{&quot;background_background&quot;:&quot;classic&quot;}\">\n\t\t\t\t<\/div>\n\t\t<div class=\"elementor-element elementor-element-348f0e14 e-con-full e-flex e-con e-child\" data-id=\"348f0e14\" data-element_type=\"container\" data-e-type=\"container\" data-settings=\"{&quot;background_background&quot;:&quot;classic&quot;}\">\n\t\t\t\t<div class=\"elementor-element elementor-element-39bee73f elementor-widget elementor-widget-heading\" data-id=\"39bee73f\" data-element_type=\"widget\" data-e-type=\"widget\" data-widget_type=\"heading.default\">\n\t\t\t\t\t<h3 class=\"elementor-heading-title elementor-size-default\">D\u00e9tection des d\u00e9chets et des d\u00e9bris<\/h3>\t\t\t\t<\/div>\n\t\t\t\t<div class=\"elementor-element elementor-element-65e1eacc elementor-widget elementor-widget-text-editor\" data-id=\"65e1eacc\" data-element_type=\"widget\" data-e-type=\"widget\" data-widget_type=\"text-editor.default\">\n\t\t\t\t\t\t\t\t\t<p>L&#039;identification et la classification des d\u00e9chets n\u00e9cessitent des efforts et des ressources consid\u00e9rables. Cependant, FlyPix AI peut automatiser la d\u00e9tection des d\u00e9chets gr\u00e2ce \u00e0 l&#039;intelligence artificielle. Notre logiciel de pointe exploite des algorithmes d&#039;apprentissage automatique pour d\u00e9tecter et identifier divers objets sur des images a\u00e9riennes haute r\u00e9solution, notamment diff\u00e9rents types de d\u00e9chets, tels que les d\u00e9bris de construction, les d\u00e9chets dangereux, les d\u00e9chets \u00e9lectroniques et autres d\u00e9chets. La d\u00e9tection des d\u00e9chets par traitement d&#039;images permet un gain de temps et de ressources consid\u00e9rable par rapport aux m\u00e9thodes de d\u00e9tection manuelle et peut fournir des informations cruciales aux agences gouvernementales, leur permettant ainsi de mieux comprendre l&#039;ampleur et la port\u00e9e de la pollution par les d\u00e9chets dans une zone donn\u00e9e. FlyPix AI peut \u00e9galement aider \u00e0 identifier les d\u00e9chets recyclables. En analysant les images pour identifier des mod\u00e8les et des caract\u00e9ristiques sp\u00e9cifiques correspondant \u00e0 diff\u00e9rents types de mat\u00e9riaux recyclables, tels que le plastique, le papier et les m\u00e9taux, FlyPix peut identifier ces mat\u00e9riaux et les classer en cons\u00e9quence. L&#039;utilisation de l&#039;intelligence artificielle pour d\u00e9tecter les d\u00e9chets recyclables peut contribuer \u00e0 r\u00e9duire la quantit\u00e9 de d\u00e9chets qui finissent dans les d\u00e9charges ou dans l&#039;environnement, contribuant ainsi \u00e0 un syst\u00e8me de gestion des d\u00e9chets plus durable et plus respectueux de l&#039;environnement.<\/p>\t\t\t\t\t\t\t\t<\/div>\n\t\t\t\t<\/div>\n\t\t\t\t<\/div>\n\t\t<div class=\"elementor-element elementor-element-35423e0f e-con-full e-flex e-con e-child\" data-id=\"35423e0f\" data-element_type=\"container\" data-e-type=\"container\" data-settings=\"{&quot;background_background&quot;:&quot;classic&quot;}\">\n\t\t<div class=\"elementor-element elementor-element-1d1e1b1 e-con-full e-flex e-con e-child\" data-id=\"1d1e1b1\" data-element_type=\"container\" data-e-type=\"container\">\n\t\t\t\t<div class=\"elementor-element elementor-element-1045f58d elementor-widget elementor-widget-heading\" data-id=\"1045f58d\" data-element_type=\"widget\" data-e-type=\"widget\" data-widget_type=\"heading.default\">\n\t\t\t\t\t<h3 class=\"elementor-heading-title elementor-size-default\">Inspections des routes et des chauss\u00e9es<\/h3>\t\t\t\t<\/div>\n\t\t\t\t<div class=\"elementor-element elementor-element-545ec8c6 elementor-widget elementor-widget-text-editor\" data-id=\"545ec8c6\" data-element_type=\"widget\" data-e-type=\"widget\" data-widget_type=\"text-editor.default\">\n\t\t\t\t\t\t\t\t\t<p>FlyPix AI peut \u00eatre utilis\u00e9 pour l&#039;entretien des routes et l&#039;inspection des chauss\u00e9es, permettant une identification efficace et pr\u00e9cise des dommages et de la d\u00e9t\u00e9rioration. Notre plateforme utilise des algorithmes d&#039;apprentissage automatique pour identifier et d\u00e9tecter les nids-de-poule et les fissures sur les routes et les chauss\u00e9es en analysant des images a\u00e9riennes haute r\u00e9solution \u00e0 la recherche de motifs et de caract\u00e9ristiques r\u00e9v\u00e9lateurs, tels que des changements de texture, de couleur et de forme de surface. Une fois identifi\u00e9es, FlyPix AI peut ensuite classer et cartographier les zones endommag\u00e9es, permettant aux \u00e9quipes d&#039;entretien des routes et des chauss\u00e9es de prioriser les r\u00e9parations et d&#039;allouer les ressources plus efficacement. L&#039;utilisation de l&#039;intelligence artificielle pour l&#039;inspection des routes et des chauss\u00e9es peut accro\u00eetre l&#039;efficacit\u00e9 et la pr\u00e9cision globales de ces processus, car elle permet de couvrir rapidement de vastes zones et de d\u00e9tecter des dommages qui pourraient passer inaper\u00e7us lors d&#039;inspections au sol traditionnelles.<\/p>\t\t\t\t\t\t\t\t<\/div>\n\t\t\t\t<\/div>\n\t\t<div class=\"elementor-element elementor-element-74a3f6ab e-con-full e-flex e-con e-child\" data-id=\"74a3f6ab\" data-element_type=\"container\" data-e-type=\"container\" data-settings=\"{&quot;background_background&quot;:&quot;classic&quot;}\">\n\t\t\t\t<\/div>\n\t\t\t\t<\/div>\n\t\t<div class=\"elementor-element elementor-element-4afe710 e-con-full e-flex e-con e-child\" data-id=\"4afe710\" data-element_type=\"container\" data-e-type=\"container\" data-settings=\"{&quot;background_background&quot;:&quot;classic&quot;}\">\n\t\t<div class=\"elementor-element elementor-element-ad724d9 e-con-full e-flex e-con e-child\" data-id=\"ad724d9\" data-element_type=\"container\" data-e-type=\"container\" data-settings=\"{&quot;background_background&quot;:&quot;classic&quot;}\">\n\t\t\t\t<\/div>\n\t\t<div class=\"elementor-element elementor-element-e2223da e-con-full e-flex e-con e-child\" data-id=\"e2223da\" data-element_type=\"container\" data-e-type=\"container\">\n\t\t\t\t<div class=\"elementor-element elementor-element-a5ddf81 elementor-widget elementor-widget-heading\" data-id=\"a5ddf81\" data-element_type=\"widget\" data-e-type=\"widget\" data-widget_type=\"heading.default\">\n\t\t\t\t\t<h3 class=\"elementor-heading-title elementor-size-default\">Urbanisme et d\u00e9veloppement des infrastructures<\/h3>\t\t\t\t<\/div>\n\t\t\t\t<div class=\"elementor-element elementor-element-c7f2690 elementor-widget elementor-widget-text-editor\" data-id=\"c7f2690\" data-element_type=\"widget\" data-e-type=\"widget\" data-widget_type=\"text-editor.default\">\n\t\t\t\t\t\t\t\t\t<p>FlyPix AI peut aider les agences gouvernementales dans leur planification urbaine en fournissant une analyse g\u00e9ospatiale d\u00e9taill\u00e9e des paysages urbains. L&#039;IA peut aider \u00e0 identifier les emplacements propices \u00e0 l&#039;implantation de nouvelles infrastructures, \u00e0 suivre l&#039;avancement des travaux et \u00e0 garantir la conformit\u00e9 des projets aux r\u00e9glementations de zonage et aux normes environnementales.<\/p>\t\t\t\t\t\t\t\t<\/div>\n\t\t\t\t<\/div>\n\t\t\t\t<\/div>\n\t\t<div class=\"elementor-element elementor-element-2261fc4 e-con-full e-flex e-con e-child\" data-id=\"2261fc4\" data-element_type=\"container\" data-e-type=\"container\" data-settings=\"{&quot;background_background&quot;:&quot;classic&quot;}\">\n\t\t<div class=\"elementor-element elementor-element-ef25468 e-con-full e-flex e-con e-child\" data-id=\"ef25468\" data-element_type=\"container\" data-e-type=\"container\">\n\t\t\t\t<div class=\"elementor-element elementor-element-2107b5d elementor-widget elementor-widget-heading\" data-id=\"2107b5d\" data-element_type=\"widget\" data-e-type=\"widget\" data-widget_type=\"heading.default\">\n\t\t\t\t\t<h3 class=\"elementor-heading-title elementor-size-default\">Gestion des catastrophes et intervention d&#039;urgence<\/h3>\t\t\t\t<\/div>\n\t\t\t\t<div class=\"elementor-element elementor-element-ab1ebec elementor-widget elementor-widget-text-editor\" data-id=\"ab1ebec\" data-element_type=\"widget\" data-e-type=\"widget\" data-widget_type=\"text-editor.default\">\n\t\t\t\t\t\t\t\t\t<p>Les institutions gouvernementales peuvent exploiter l&#039;IA FlyPix pour surveiller en temps r\u00e9el les catastrophes naturelles, telles que les inondations, les ouragans ou les incendies de for\u00eat. L&#039;IA analyse les images satellites et de drones pour \u00e9valuer l&#039;\u00e9tendue des d\u00e9g\u00e2ts, identifier les zones critiques n\u00e9cessitant une intervention d&#039;urgence et coordonner plus efficacement les op\u00e9rations de sauvetage.<\/p>\t\t\t\t\t\t\t\t<\/div>\n\t\t\t\t<\/div>\n\t\t<div class=\"elementor-element elementor-element-6a9d17c e-con-full e-flex e-con e-child\" data-id=\"6a9d17c\" data-element_type=\"container\" data-e-type=\"container\" data-settings=\"{&quot;background_background&quot;:&quot;classic&quot;}\">\n\t\t\t\t<\/div>\n\t\t\t\t<\/div>\n\t\t<div class=\"elementor-element elementor-element-868eefc e-con-full e-flex e-con e-child\" data-id=\"868eefc\" data-element_type=\"container\" data-e-type=\"container\" data-settings=\"{&quot;background_background&quot;:&quot;classic&quot;}\">\n\t\t<div class=\"elementor-element elementor-element-4bfbaf8 e-con-full e-flex e-con e-child\" data-id=\"4bfbaf8\" data-element_type=\"container\" data-e-type=\"container\" data-settings=\"{&quot;background_background&quot;:&quot;classic&quot;}\">\n\t\t\t\t<\/div>\n\t\t<div class=\"elementor-element elementor-element-2832cdd e-con-full e-flex e-con e-child\" data-id=\"2832cdd\" data-element_type=\"container\" data-e-type=\"container\">\n\t\t\t\t<div class=\"elementor-element elementor-element-529c5df elementor-widget elementor-widget-heading\" data-id=\"529c5df\" data-element_type=\"widget\" data-e-type=\"widget\" data-widget_type=\"heading.default\">\n\t\t\t\t\t<h3 class=\"elementor-heading-title elementor-size-default\">Surveillance environnementale et application de la r\u00e9glementation<\/h3>\t\t\t\t<\/div>\n\t\t\t\t<div class=\"elementor-element elementor-element-d9617d4 elementor-widget elementor-widget-text-editor\" data-id=\"d9617d4\" data-element_type=\"widget\" data-e-type=\"widget\" data-widget_type=\"text-editor.default\">\n\t\t\t\t\t\t\t\t\t<p>FlyPix AI peut aider les agences gouvernementales \u00e0 surveiller les changements environnementaux et \u00e0 faire respecter les r\u00e9glementations. L&#039;IA peut d\u00e9tecter la d\u00e9forestation ill\u00e9gale, l&#039;utilisation non autoris\u00e9e des terres et la pollution, permettant ainsi des mesures d&#039;application rapides et contribuant \u00e0 la protection des ressources naturelles.<\/p>\t\t\t\t\t\t\t\t<\/div>\n\t\t\t\t<\/div>\n\t\t\t\t<\/div>\n\t\t<div class=\"elementor-element elementor-element-fbc8c5a e-con-full e-flex e-con e-child\" data-id=\"fbc8c5a\" data-element_type=\"container\" data-e-type=\"container\" data-settings=\"{&quot;background_background&quot;:&quot;classic&quot;}\">\n\t\t<div class=\"elementor-element elementor-element-49af5c1 e-con-full e-flex e-con e-child\" data-id=\"49af5c1\" data-element_type=\"container\" data-e-type=\"container\">\n\t\t\t\t<div class=\"elementor-element elementor-element-d88d8ed elementor-widget elementor-widget-heading\" data-id=\"d88d8ed\" data-element_type=\"widget\" data-e-type=\"widget\" data-widget_type=\"heading.default\">\n\t\t\t\t\t<h3 class=\"elementor-heading-title elementor-size-default\">Surveillance de la s\u00e9curit\u00e9 et de la s\u00fbret\u00e9 publiques<\/h3>\t\t\t\t<\/div>\n\t\t\t\t<div class=\"elementor-element elementor-element-b1a25c4 elementor-widget elementor-widget-text-editor\" data-id=\"b1a25c4\" data-element_type=\"widget\" data-e-type=\"widget\" data-widget_type=\"text-editor.default\">\n\t\t\t\t\t\t\t\t\t<p>FlyPix AI peut am\u00e9liorer la s\u00e9curit\u00e9 publique en assurant une surveillance en temps r\u00e9el des espaces publics et des infrastructures critiques. L&#039;IA peut d\u00e9tecter les activit\u00e9s inhabituelles, surveiller les mouvements de foule et identifier les menaces \u00e0 la s\u00e9curit\u00e9, aidant ainsi les forces de l&#039;ordre et les agences de s\u00e9curit\u00e9 \u00e0 maintenir l&#039;ordre et la s\u00e9curit\u00e9 publics.<\/p>\t\t\t\t\t\t\t\t<\/div>\n\t\t\t\t<\/div>\n\t\t<div class=\"elementor-element elementor-element-63b5ee1 e-con-full e-flex e-con e-child\" data-id=\"63b5ee1\" data-element_type=\"container\" data-e-type=\"container\" data-settings=\"{&quot;background_background&quot;:&quot;classic&quot;}\">\n\t\t\t\t<\/div>\n\t\t\t\t<\/div>\n\t\t\t\t\t<\/div>\n\t\t\t\t<\/div>\n\t\t\t\t<\/div>","protected":false},"excerpt":{"rendered":"<p>OBJECT DETECTION FOR GOVERNMENT INSTITUTIONS Harness the power of our advanced object detection platform for aerial imagery to optimize road maintenance and waste management Waste and Debris Detection Identifying and classifying waste requires significant effort and resources, however, FlyPix AI can automate waste detection using artificial intelligence. Our cutting-edge software leverages machine learning algorithms to [&hellip;]<\/p>\n","protected":false},"author":1,"featured_media":3645,"parent":0,"menu_order":0,"comment_status":"closed","ping_status":"closed","template":"","meta":{"_acf_changed":false,"footnotes":""},"class_list":["post-154480","page","type-page","status-publish","has-post-thumbnail","hentry"],"acf":[],"yoast_head":"<!-- This site is optimized with the Yoast SEO plugin v27.3 - https:\/\/yoast.com\/product\/yoast-seo-wordpress\/ -->\n<title>Object Detection Software for Government Institutions - Flypix<\/title>\n<meta name=\"description\" content=\"FlyPix&#039;s object detection technology for aerial imagery allows government institutions to optimize road maintenance and waste management\" \/>\n<meta name=\"robots\" content=\"index, follow, max-snippet:-1, max-image-preview:large, max-video-preview:-1\" \/>\n<link rel=\"canonical\" href=\"https:\/\/flypix.ai\/fr\/object-detection-software-for-government-institutions\/\" \/>\n<meta property=\"og:locale\" content=\"fr_FR\" \/>\n<meta property=\"og:type\" content=\"article\" \/>\n<meta property=\"og:title\" content=\"Object Detection Software for Government Institutions - Flypix\" \/>\n<meta property=\"og:description\" content=\"FlyPix&#039;s object detection technology for aerial imagery allows government institutions to optimize road maintenance and waste management\" \/>\n<meta property=\"og:url\" content=\"https:\/\/flypix.ai\/fr\/object-detection-software-for-government-institutions\/\" \/>\n<meta property=\"og:site_name\" content=\"Flypix\" \/>\n<meta property=\"article:modified_time\" content=\"2024-09-23T15:11:38+00:00\" \/>\n<meta property=\"og:image\" content=\"https:\/\/flypix.ai\/wp-content\/uploads\/2022\/10\/Flip-01.jpg\" \/>\n\t<meta property=\"og:image:width\" content=\"590\" \/>\n\t<meta property=\"og:image:height\" content=\"715\" \/>\n\t<meta property=\"og:image:type\" content=\"image\/jpeg\" \/>\n<meta name=\"twitter:card\" content=\"summary_large_image\" \/>\n<meta name=\"twitter:label1\" content=\"Dur\u00e9e de lecture estim\u00e9e\" \/>\n\t<meta name=\"twitter:data1\" content=\"3 minutes\" \/>\n<script type=\"application\/ld+json\" class=\"yoast-schema-graph\">{\"@context\":\"https:\\\/\\\/schema.org\",\"@graph\":[{\"@type\":\"WebPage\",\"@id\":\"https:\\\/\\\/flypix.ai\\\/object-detection-software-for-government-institutions\\\/\",\"url\":\"https:\\\/\\\/flypix.ai\\\/object-detection-software-for-government-institutions\\\/\",\"name\":\"Object Detection Software for Government Institutions - Flypix\",\"isPartOf\":{\"@id\":\"https:\\\/\\\/flypix.ai\\\/#website\"},\"primaryImageOfPage\":{\"@id\":\"https:\\\/\\\/flypix.ai\\\/object-detection-software-for-government-institutions\\\/#primaryimage\"},\"image\":{\"@id\":\"https:\\\/\\\/flypix.ai\\\/object-detection-software-for-government-institutions\\\/#primaryimage\"},\"thumbnailUrl\":\"https:\\\/\\\/flypix.ai\\\/wp-content\\\/uploads\\\/2022\\\/10\\\/Flip-01.jpg\",\"datePublished\":\"2023-01-16T10:28:59+00:00\",\"dateModified\":\"2024-09-23T15:11:38+00:00\",\"description\":\"FlyPix's object detection technology for aerial imagery allows government institutions to optimize road maintenance and waste management\",\"breadcrumb\":{\"@id\":\"https:\\\/\\\/flypix.ai\\\/object-detection-software-for-government-institutions\\\/#breadcrumb\"},\"inLanguage\":\"fr-FR\",\"potentialAction\":[{\"@type\":\"ReadAction\",\"target\":[\"https:\\\/\\\/flypix.ai\\\/object-detection-software-for-government-institutions\\\/\"]}]},{\"@type\":\"ImageObject\",\"inLanguage\":\"fr-FR\",\"@id\":\"https:\\\/\\\/flypix.ai\\\/object-detection-software-for-government-institutions\\\/#primaryimage\",\"url\":\"https:\\\/\\\/flypix.ai\\\/wp-content\\\/uploads\\\/2022\\\/10\\\/Flip-01.jpg\",\"contentUrl\":\"https:\\\/\\\/flypix.ai\\\/wp-content\\\/uploads\\\/2022\\\/10\\\/Flip-01.jpg\",\"width\":590,\"height\":715},{\"@type\":\"BreadcrumbList\",\"@id\":\"https:\\\/\\\/flypix.ai\\\/object-detection-software-for-government-institutions\\\/#breadcrumb\",\"itemListElement\":[{\"@type\":\"ListItem\",\"position\":1,\"name\":\"Home\",\"item\":\"https:\\\/\\\/flypix.ai\\\/\"},{\"@type\":\"ListItem\",\"position\":2,\"name\":\"Government\"}]},{\"@type\":\"WebSite\",\"@id\":\"https:\\\/\\\/flypix.ai\\\/#website\",\"url\":\"https:\\\/\\\/flypix.ai\\\/\",\"name\":\"Flypix\",\"description\":\"AN END-TO-END PLATFORM FOR ENTITY DETECTION, LOCALIZATION AND SEGMENTATION POWERED BY ARTIFICIAL INTELLIGENCE\",\"publisher\":{\"@id\":\"https:\\\/\\\/flypix.ai\\\/#organization\"},\"potentialAction\":[{\"@type\":\"SearchAction\",\"target\":{\"@type\":\"EntryPoint\",\"urlTemplate\":\"https:\\\/\\\/flypix.ai\\\/?s={search_term_string}\"},\"query-input\":{\"@type\":\"PropertyValueSpecification\",\"valueRequired\":true,\"valueName\":\"search_term_string\"}}],\"inLanguage\":\"fr-FR\"},{\"@type\":\"Organization\",\"@id\":\"https:\\\/\\\/flypix.ai\\\/#organization\",\"name\":\"Flypix AI\",\"url\":\"https:\\\/\\\/flypix.ai\\\/\",\"logo\":{\"@type\":\"ImageObject\",\"inLanguage\":\"fr-FR\",\"@id\":\"https:\\\/\\\/flypix.ai\\\/#\\\/schema\\\/logo\\\/image\\\/\",\"url\":\"https:\\\/\\\/flypix.ai\\\/wp-content\\\/uploads\\\/2024\\\/07\\\/logo.svg\",\"contentUrl\":\"https:\\\/\\\/flypix.ai\\\/wp-content\\\/uploads\\\/2024\\\/07\\\/logo.svg\",\"width\":346,\"height\":40,\"caption\":\"Flypix AI\"},\"image\":{\"@id\":\"https:\\\/\\\/flypix.ai\\\/#\\\/schema\\\/logo\\\/image\\\/\"}}]}<\/script>\n<!-- \/ Yoast SEO plugin. -->","yoast_head_json":{"title":"Logiciel de d\u00e9tection d&#039;objets pour les institutions gouvernementales - Flypix","description":"La technologie de d\u00e9tection d&#039;objets de FlyPix pour l&#039;imagerie a\u00e9rienne permet aux institutions gouvernementales d&#039;optimiser l&#039;entretien des routes et la gestion des d\u00e9chets","robots":{"index":"index","follow":"follow","max-snippet":"max-snippet:-1","max-image-preview":"max-image-preview:large","max-video-preview":"max-video-preview:-1"},"canonical":"https:\/\/flypix.ai\/fr\/object-detection-software-for-government-institutions\/","og_locale":"fr_FR","og_type":"article","og_title":"Object Detection Software for Government Institutions - Flypix","og_description":"FlyPix's object detection technology for aerial imagery allows government institutions to optimize road maintenance and waste management","og_url":"https:\/\/flypix.ai\/fr\/object-detection-software-for-government-institutions\/","og_site_name":"Flypix","article_modified_time":"2024-09-23T15:11:38+00:00","og_image":[{"width":590,"height":715,"url":"https:\/\/flypix.ai\/wp-content\/uploads\/2022\/10\/Flip-01.jpg","type":"image\/jpeg"}],"twitter_card":"summary_large_image","twitter_misc":{"Dur\u00e9e de lecture estim\u00e9e":"3 minutes"},"schema":{"@context":"https:\/\/schema.org","@graph":[{"@type":"WebPage","@id":"https:\/\/flypix.ai\/object-detection-software-for-government-institutions\/","url":"https:\/\/flypix.ai\/object-detection-software-for-government-institutions\/","name":"Logiciel de d\u00e9tection d&#039;objets pour les institutions gouvernementales - Flypix","isPartOf":{"@id":"https:\/\/flypix.ai\/#website"},"primaryImageOfPage":{"@id":"https:\/\/flypix.ai\/object-detection-software-for-government-institutions\/#primaryimage"},"image":{"@id":"https:\/\/flypix.ai\/object-detection-software-for-government-institutions\/#primaryimage"},"thumbnailUrl":"https:\/\/flypix.ai\/wp-content\/uploads\/2022\/10\/Flip-01.jpg","datePublished":"2023-01-16T10:28:59+00:00","dateModified":"2024-09-23T15:11:38+00:00","description":"La technologie de d\u00e9tection d&#039;objets de FlyPix pour l&#039;imagerie a\u00e9rienne permet aux institutions gouvernementales d&#039;optimiser l&#039;entretien des routes et la gestion des d\u00e9chets","breadcrumb":{"@id":"https:\/\/flypix.ai\/object-detection-software-for-government-institutions\/#breadcrumb"},"inLanguage":"fr-FR","potentialAction":[{"@type":"ReadAction","target":["https:\/\/flypix.ai\/object-detection-software-for-government-institutions\/"]}]},{"@type":"ImageObject","inLanguage":"fr-FR","@id":"https:\/\/flypix.ai\/object-detection-software-for-government-institutions\/#primaryimage","url":"https:\/\/flypix.ai\/wp-content\/uploads\/2022\/10\/Flip-01.jpg","contentUrl":"https:\/\/flypix.ai\/wp-content\/uploads\/2022\/10\/Flip-01.jpg","width":590,"height":715},{"@type":"BreadcrumbList","@id":"https:\/\/flypix.ai\/object-detection-software-for-government-institutions\/#breadcrumb","itemListElement":[{"@type":"ListItem","position":1,"name":"Home","item":"https:\/\/flypix.ai\/"},{"@type":"ListItem","position":2,"name":"Government"}]},{"@type":"WebSite","@id":"https:\/\/flypix.ai\/#website","url":"https:\/\/flypix.ai\/","name":"Flypix","description":"UNE PLATEFORME DE BOUT EN BOUT POUR LA D\u00c9TECTION, LA LOCALISATION ET LA SEGMENTATION D&#039;ENTIT\u00c9S ALIMENT\u00c9E PAR L&#039;INTELLIGENCE ARTIFICIELLE","publisher":{"@id":"https:\/\/flypix.ai\/#organization"},"potentialAction":[{"@type":"SearchAction","target":{"@type":"EntryPoint","urlTemplate":"https:\/\/flypix.ai\/?s={search_term_string}"},"query-input":{"@type":"PropertyValueSpecification","valueRequired":true,"valueName":"search_term_string"}}],"inLanguage":"fr-FR"},{"@type":"Organization","@id":"https:\/\/flypix.ai\/#organization","name":"Flypix AI","url":"https:\/\/flypix.ai\/","logo":{"@type":"ImageObject","inLanguage":"fr-FR","@id":"https:\/\/flypix.ai\/#\/schema\/logo\/image\/","url":"https:\/\/flypix.ai\/wp-content\/uploads\/2024\/07\/logo.svg","contentUrl":"https:\/\/flypix.ai\/wp-content\/uploads\/2024\/07\/logo.svg","width":346,"height":40,"caption":"Flypix AI"},"image":{"@id":"https:\/\/flypix.ai\/#\/schema\/logo\/image\/"}}]}},"_links":{"self":[{"href":"https:\/\/flypix.ai\/fr\/wp-json\/wp\/v2\/pages\/154480","targetHints":{"allow":["GET"]}}],"collection":[{"href":"https:\/\/flypix.ai\/fr\/wp-json\/wp\/v2\/pages"}],"about":[{"href":"https:\/\/flypix.ai\/fr\/wp-json\/wp\/v2\/types\/page"}],"author":[{"embeddable":true,"href":"https:\/\/flypix.ai\/fr\/wp-json\/wp\/v2\/users\/1"}],"replies":[{"embeddable":true,"href":"https:\/\/flypix.ai\/fr\/wp-json\/wp\/v2\/comments?post=154480"}],"version-history":[{"count":0,"href":"https:\/\/flypix.ai\/fr\/wp-json\/wp\/v2\/pages\/154480\/revisions"}],"wp:featuredmedia":[{"embeddable":true,"href":"https:\/\/flypix.ai\/fr\/wp-json\/wp\/v2\/media\/3645"}],"wp:attachment":[{"href":"https:\/\/flypix.ai\/fr\/wp-json\/wp\/v2\/media?parent=154480"}],"curies":[{"name":"wp","href":"https:\/\/api.w.org\/{rel}","templated":true}]}}