{"id":154497,"date":"2023-01-16T11:43:52","date_gmt":"2023-01-16T11:43:52","guid":{"rendered":"https:\/\/flypix.ai\/?page_id=154497"},"modified":"2024-09-23T15:01:49","modified_gmt":"2024-09-23T15:01:49","slug":"object-detection-software-for-construction-automation","status":"publish","type":"page","link":"https:\/\/flypix.ai\/fr\/object-detection-software-for-construction-automation\/","title":{"rendered":"Construction"},"content":{"rendered":"<div data-elementor-type=\"wp-page\" data-elementor-id=\"154497\" class=\"elementor elementor-154497\" data-elementor-post-type=\"page\">\n\t\t\t\t<div class=\"elementor-element elementor-element-2a120cdc e-flex e-con-boxed e-con e-parent\" data-id=\"2a120cdc\" data-element_type=\"container\" data-e-type=\"container\" data-settings=\"{&quot;background_background&quot;:&quot;classic&quot;}\">\n\t\t\t\t\t<div class=\"e-con-inner\">\n\t\t<div class=\"elementor-element elementor-element-fb9674f e-con-full e-flex e-con e-child\" data-id=\"fb9674f\" data-element_type=\"container\" data-e-type=\"container\">\n\t\t\t\t<div class=\"elementor-element elementor-element-5632cb34 elementor-widget elementor-widget-heading\" data-id=\"5632cb34\" data-element_type=\"widget\" data-e-type=\"widget\" data-widget_type=\"heading.default\">\n\t\t\t\t\t<h1 class=\"elementor-heading-title elementor-size-default\">D\u00c9TECTION D&#039;OBJETS POUR L&#039;INDUSTRIE MANUFACTURI\u00c8RE ET DE LA CONSTRUCTION\n<\/h1>\t\t\t\t<\/div>\n\t\t<div class=\"elementor-element elementor-element-691cc0d3 e-con-full e-flex e-con e-child\" data-id=\"691cc0d3\" data-element_type=\"container\" data-e-type=\"container\">\n\t\t\t\t<div class=\"elementor-element elementor-element-38a60774 elementor-widget-divider--view-line elementor-widget elementor-widget-divider\" data-id=\"38a60774\" data-element_type=\"widget\" data-e-type=\"widget\" data-widget_type=\"divider.default\">\n\t\t\t\t\t\t\t<div class=\"elementor-divider\">\n\t\t\t<span class=\"elementor-divider-separator\">\n\t\t\t\t\t\t<\/span>\n\t\t<\/div>\n\t\t\t\t\t\t<\/div>\n\t\t\t\t<\/div>\n\t\t<div class=\"elementor-element elementor-element-668a8b5e e-con-full e-flex e-con e-child\" data-id=\"668a8b5e\" data-element_type=\"container\" data-e-type=\"container\">\n\t\t\t\t<div class=\"elementor-element elementor-element-7ad04919 elementor-widget elementor-widget-heading\" data-id=\"7ad04919\" data-element_type=\"widget\" data-e-type=\"widget\" data-widget_type=\"heading.default\">\n\t\t\t\t\t<h2 class=\"elementor-heading-title elementor-size-default\">La technologie de d\u00e9tection d&#039;objets de FlyPix pour l&#039;imagerie a\u00e9rienne permet aux superviseurs de construction d&#039;identifier \u00e0 distance les mat\u00e9riaux de construction, de d\u00e9tecter les d\u00e9fauts et de g\u00e9n\u00e9rer des rapports d&#039;avancement.<\/h2>\t\t\t\t<\/div>\n\t\t\t\t<\/div>\n\t\t\t\t<\/div>\n\t\t\t\t\t<\/div>\n\t\t\t\t<\/div>\n\t\t<div class=\"elementor-element elementor-element-5f156e6 e-flex e-con-boxed e-con e-parent\" data-id=\"5f156e6\" data-element_type=\"container\" data-e-type=\"container\" data-settings=\"{&quot;background_background&quot;:&quot;classic&quot;}\">\n\t\t\t\t\t<div class=\"e-con-inner\">\n\t\t<div class=\"elementor-element elementor-element-7321e92b e-con-full e-flex e-con e-child\" data-id=\"7321e92b\" data-element_type=\"container\" data-e-type=\"container\">\n\t\t<div class=\"elementor-element elementor-element-3a6862c0 e-con-full e-flex e-con e-child\" data-id=\"3a6862c0\" data-element_type=\"container\" data-e-type=\"container\">\n\t\t\t\t<div class=\"elementor-element elementor-element-74377a80 elementor-widget__width-initial elementor-widget elementor-widget-heading\" data-id=\"74377a80\" data-element_type=\"widget\" data-e-type=\"widget\" data-widget_type=\"heading.default\">\n\t\t\t\t\t<div class=\"elementor-heading-title elementor-size-default\">01<\/div>\t\t\t\t<\/div>\n\t\t\t\t<div class=\"elementor-element elementor-element-71f0aac4 elementor-widget elementor-widget-heading\" data-id=\"71f0aac4\" data-element_type=\"widget\" data-e-type=\"widget\" data-widget_type=\"heading.default\">\n\t\t\t\t\t<h3 class=\"elementor-heading-title elementor-size-default\">Identifier les mat\u00e9riaux de construction, d\u00e9tecter les d\u00e9fauts et les risques potentiels \u00e0 distance<\/h3>\t\t\t\t<\/div>\n\t\t\t\t<\/div>\n\t\t<div class=\"elementor-element elementor-element-19a746f e-con-full e-flex e-con e-child\" data-id=\"19a746f\" data-element_type=\"container\" data-e-type=\"container\">\n\t\t\t\t<div class=\"elementor-element elementor-element-7a902a40 elementor-widget__width-initial elementor-widget elementor-widget-heading\" data-id=\"7a902a40\" data-element_type=\"widget\" data-e-type=\"widget\" data-widget_type=\"heading.default\">\n\t\t\t\t\t<div class=\"elementor-heading-title elementor-size-default\">02<\/div>\t\t\t\t<\/div>\n\t\t\t\t<div class=\"elementor-element elementor-element-19fa3a57 elementor-widget elementor-widget-heading\" data-id=\"19fa3a57\" data-element_type=\"widget\" data-e-type=\"widget\" data-widget_type=\"heading.default\">\n\t\t\t\t\t<h3 class=\"elementor-heading-title elementor-size-default\">R\u00e9duire le besoin d&#039;inspections sur site et am\u00e9liorer la s\u00e9curit\u00e9<\/h3>\t\t\t\t<\/div>\n\t\t\t\t<\/div>\n\t\t<div class=\"elementor-element elementor-element-4284a25d e-con-full e-flex e-con e-child\" data-id=\"4284a25d\" data-element_type=\"container\" data-e-type=\"container\">\n\t\t\t\t<div class=\"elementor-element elementor-element-3aca3aad elementor-widget__width-initial elementor-widget elementor-widget-heading\" data-id=\"3aca3aad\" data-element_type=\"widget\" data-e-type=\"widget\" data-widget_type=\"heading.default\">\n\t\t\t\t\t<div class=\"elementor-heading-title elementor-size-default\">03<\/div>\t\t\t\t<\/div>\n\t\t\t\t<div class=\"elementor-element elementor-element-6e4ccd97 elementor-widget elementor-widget-heading\" data-id=\"6e4ccd97\" data-element_type=\"widget\" data-e-type=\"widget\" data-widget_type=\"heading.default\">\n\t\t\t\t\t<h3 class=\"elementor-heading-title elementor-size-default\">Cr\u00e9er des rapports d\u00e9taill\u00e9s sur l&#039;avancement des travaux<\/h3>\t\t\t\t<\/div>\n\t\t\t\t<\/div>\n\t\t\t\t<\/div>\n\t\t<div class=\"elementor-element elementor-element-3b36bf14 e-con-full e-flex e-con e-child\" data-id=\"3b36bf14\" data-element_type=\"container\" data-e-type=\"container\" data-settings=\"{&quot;background_background&quot;:&quot;classic&quot;}\">\n\t\t<div class=\"elementor-element elementor-element-65256419 e-con-full e-flex e-con e-child\" data-id=\"65256419\" data-element_type=\"container\" data-e-type=\"container\" data-settings=\"{&quot;background_background&quot;:&quot;classic&quot;}\">\n\t\t\t\t<\/div>\n\t\t<div class=\"elementor-element elementor-element-19b842d e-con-full e-flex e-con e-child\" data-id=\"19b842d\" data-element_type=\"container\" data-e-type=\"container\" data-settings=\"{&quot;background_background&quot;:&quot;classic&quot;}\">\n\t\t\t\t<div class=\"elementor-element elementor-element-34e54134 elementor-widget elementor-widget-heading\" data-id=\"34e54134\" data-element_type=\"widget\" data-e-type=\"widget\" data-widget_type=\"heading.default\">\n\t\t\t\t\t<p class=\"elementor-heading-title elementor-size-default\">Inspection \u00e0 distance du chantier de construction<\/p>\t\t\t\t<\/div>\n\t\t\t\t<div class=\"elementor-element elementor-element-26597b5f elementor-widget elementor-widget-text-editor\" data-id=\"26597b5f\" data-element_type=\"widget\" data-e-type=\"widget\" data-widget_type=\"text-editor.default\">\n\t\t\t\t\t\t\t\t\t<p>FlyPix exploite une technologie avanc\u00e9e d&#039;intelligence artificielle (IA) pour analyser et d\u00e9tecter automatiquement les objets sur les images satellite et drone. Cela permet aux entreprises de r\u00e9aliser des inspections de chantier \u00e0 distance efficaces, de r\u00e9duire les heures de travail sur site et d&#039;am\u00e9liorer la s\u00e9curit\u00e9 en \u00e9vitant le contact direct avec des zones ou des hauteurs dangereuses. L&#039;exploitation de la puissance de l&#039;IA pour les inspections de chantier permet aux superviseurs de chantier d&#039;identifier facilement \u00e0 distance les mat\u00e9riaux de construction, de d\u00e9tecter les anomalies, d&#039;identifier les risques potentiels et de g\u00e9n\u00e9rer des rapports d&#039;avancement d\u00e9taill\u00e9s du chantier.<\/p>\t\t\t\t\t\t\t\t<\/div>\n\t\t\t\t<\/div>\n\t\t\t\t<\/div>\n\t\t<div class=\"elementor-element elementor-element-cd0059d e-con-full e-flex e-con e-child\" data-id=\"cd0059d\" data-element_type=\"container\" data-e-type=\"container\" data-settings=\"{&quot;background_background&quot;:&quot;classic&quot;}\">\n\t\t<div class=\"elementor-element elementor-element-8cdc5a8 e-con-full e-flex e-con e-child\" data-id=\"8cdc5a8\" data-element_type=\"container\" data-e-type=\"container\" data-settings=\"{&quot;background_background&quot;:&quot;classic&quot;}\">\n\t\t\t\t<div class=\"elementor-element elementor-element-e8a194c elementor-widget elementor-widget-heading\" data-id=\"e8a194c\" data-element_type=\"widget\" data-e-type=\"widget\" data-widget_type=\"heading.default\">\n\t\t\t\t\t<p class=\"elementor-heading-title elementor-size-default\">Surveillance du site et suivi des progr\u00e8s<\/p>\t\t\t\t<\/div>\n\t\t\t\t<div class=\"elementor-element elementor-element-16e7b0e elementor-widget elementor-widget-text-editor\" data-id=\"16e7b0e\" data-element_type=\"widget\" data-e-type=\"widget\" data-widget_type=\"text-editor.default\">\n\t\t\t\t\t\t\t\t\t<p>FlyPix AI automatise la surveillance des chantiers gr\u00e2ce \u00e0 l&#039;imagerie par drone et satellite. L&#039;IA peut suivre l&#039;avancement des projets, d\u00e9tecter les \u00e9carts par rapport aux plans pr\u00e9vus et fournir des mises \u00e0 jour en temps r\u00e9el. Cela garantit le respect des d\u00e9lais et du budget des projets, tout en am\u00e9liorant la gestion globale du chantier.<\/p>\t\t\t\t\t\t\t\t<\/div>\n\t\t\t\t<\/div>\n\t\t<div class=\"elementor-element elementor-element-070c6d5 e-con-full e-flex e-con e-child\" data-id=\"070c6d5\" data-element_type=\"container\" data-e-type=\"container\" data-settings=\"{&quot;background_background&quot;:&quot;classic&quot;}\">\n\t\t\t\t<\/div>\n\t\t\t\t<\/div>\n\t\t<div class=\"elementor-element elementor-element-f532860 e-con-full e-flex e-con e-child\" data-id=\"f532860\" data-element_type=\"container\" data-e-type=\"container\" data-settings=\"{&quot;background_background&quot;:&quot;classic&quot;}\">\n\t\t<div class=\"elementor-element elementor-element-cdd08ee e-con-full e-flex e-con e-child\" data-id=\"cdd08ee\" data-element_type=\"container\" data-e-type=\"container\" data-settings=\"{&quot;background_background&quot;:&quot;classic&quot;}\">\n\t\t\t\t<\/div>\n\t\t<div class=\"elementor-element elementor-element-58c84cc e-con-full e-flex e-con e-child\" data-id=\"58c84cc\" data-element_type=\"container\" data-e-type=\"container\" data-settings=\"{&quot;background_background&quot;:&quot;classic&quot;}\">\n\t\t\t\t<div class=\"elementor-element elementor-element-b587084 elementor-widget elementor-widget-heading\" data-id=\"b587084\" data-element_type=\"widget\" data-e-type=\"widget\" data-widget_type=\"heading.default\">\n\t\t\t\t\t<p class=\"elementor-heading-title elementor-size-default\">Conformit\u00e9 en mati\u00e8re de s\u00e9curit\u00e9 et d\u00e9tection des dangers<\/p>\t\t\t\t<\/div>\n\t\t\t\t<div class=\"elementor-element elementor-element-5486497 elementor-widget elementor-widget-text-editor\" data-id=\"5486497\" data-element_type=\"widget\" data-e-type=\"widget\" data-widget_type=\"text-editor.default\">\n\t\t\t\t\t\t\t\t\t<p>L&#039;IA FlyPix peut am\u00e9liorer la s\u00e9curit\u00e9 sur les chantiers de construction en identifiant les dangers potentiels, tels que les dysfonctionnements des \u00e9quipements, les conditions de travail dangereuses ou le personnel non autoris\u00e9. En analysant les donn\u00e9es d&#039;imagerie, l&#039;IA contribue au respect des r\u00e8gles de s\u00e9curit\u00e9 et r\u00e9duit les risques d&#039;accident.<\/p>\t\t\t\t\t\t\t\t<\/div>\n\t\t\t\t<\/div>\n\t\t\t\t<\/div>\n\t\t<div class=\"elementor-element elementor-element-1729061 e-con-full e-flex e-con e-child\" data-id=\"1729061\" data-element_type=\"container\" data-e-type=\"container\" data-settings=\"{&quot;background_background&quot;:&quot;classic&quot;}\">\n\t\t<div class=\"elementor-element elementor-element-4836acc e-con-full e-flex e-con e-child\" data-id=\"4836acc\" data-element_type=\"container\" data-e-type=\"container\" data-settings=\"{&quot;background_background&quot;:&quot;classic&quot;}\">\n\t\t\t\t<div class=\"elementor-element elementor-element-1da758d elementor-widget elementor-widget-heading\" data-id=\"1da758d\" data-element_type=\"widget\" data-e-type=\"widget\" data-widget_type=\"heading.default\">\n\t\t\t\t\t<p class=\"elementor-heading-title elementor-size-default\">Gestion automatis\u00e9e des actifs<\/p>\t\t\t\t<\/div>\n\t\t\t\t<div class=\"elementor-element elementor-element-4ad3f23 elementor-widget elementor-widget-text-editor\" data-id=\"4ad3f23\" data-element_type=\"widget\" data-e-type=\"widget\" data-widget_type=\"text-editor.default\">\n\t\t\t\t\t\t\t\t\t<p>FlyPix AI permet de suivre et de g\u00e9rer les actifs de construction, tels que les machines, les mat\u00e9riaux et les \u00e9quipements. L&#039;IA fournit des informations sur l&#039;utilisation et l&#039;\u00e9tat de ces actifs, permettant une meilleure gestion des stocks, une r\u00e9duction des vols et une optimisation de l&#039;allocation des ressources.<\/p>\t\t\t\t\t\t\t\t<\/div>\n\t\t\t\t<\/div>\n\t\t<div class=\"elementor-element elementor-element-3e5bcad e-con-full e-flex e-con e-child\" data-id=\"3e5bcad\" data-element_type=\"container\" data-e-type=\"container\" data-settings=\"{&quot;background_background&quot;:&quot;classic&quot;}\">\n\t\t\t\t<\/div>\n\t\t\t\t<\/div>\n\t\t<div class=\"elementor-element elementor-element-7c78739 e-con-full e-flex e-con e-child\" data-id=\"7c78739\" data-element_type=\"container\" data-e-type=\"container\" data-settings=\"{&quot;background_background&quot;:&quot;classic&quot;}\">\n\t\t<div class=\"elementor-element elementor-element-13a8be3 e-con-full e-flex e-con e-child\" data-id=\"13a8be3\" data-element_type=\"container\" data-e-type=\"container\" data-settings=\"{&quot;background_background&quot;:&quot;classic&quot;}\">\n\t\t\t\t<\/div>\n\t\t<div class=\"elementor-element elementor-element-d9d1536 e-con-full e-flex e-con e-child\" data-id=\"d9d1536\" data-element_type=\"container\" data-e-type=\"container\" data-settings=\"{&quot;background_background&quot;:&quot;classic&quot;}\">\n\t\t\t\t<div class=\"elementor-element elementor-element-0a7e858 elementor-widget elementor-widget-heading\" data-id=\"0a7e858\" data-element_type=\"widget\" data-e-type=\"widget\" data-widget_type=\"heading.default\">\n\t\t\t\t\t<p class=\"elementor-heading-title elementor-size-default\">Contr\u00f4le qualit\u00e9 et d\u00e9tection des d\u00e9fauts<\/p>\t\t\t\t<\/div>\n\t\t\t\t<div class=\"elementor-element elementor-element-46a6c52 elementor-widget elementor-widget-text-editor\" data-id=\"46a6c52\" data-element_type=\"widget\" data-e-type=\"widget\" data-widget_type=\"text-editor.default\">\n\t\t\t\t\t\t\t\t\t<p>FlyPix AI peut effectuer des inspections d\u00e9taill\u00e9es de la qualit\u00e9 de construction en analysant les images des travaux termin\u00e9s. L&#039;IA peut d\u00e9tecter les d\u00e9fauts, les probl\u00e8mes structurels ou les \u00e9carts par rapport aux sp\u00e9cifications de conception, permettant ainsi des actions correctives imm\u00e9diates. Cela am\u00e9liore la qualit\u00e9 de la construction finale et r\u00e9duit le besoin de reprises co\u00fbteuses.<\/p>\t\t\t\t\t\t\t\t<\/div>\n\t\t\t\t<\/div>\n\t\t\t\t<\/div>\n\t\t\t\t\t<\/div>\n\t\t\t\t<\/div>\n\t\t\t\t<\/div>","protected":false},"excerpt":{"rendered":"<p>OBJECT DETECTION FOR MANUFACTURING AND CONSTRUCTION INDUSTRY FlyPix&#8217;s Object Detection Technology for Aerial Imagery Allows Construction Supervisors to Remotely Identify Construction Materials, Detect Defects, and Generate Progress Reports 01 Identify construction materials, detect defects and potential risks remotely 02 Reduce the need for on-site inspections and improve safety 03 Create detailed construction progress reports Remote [&hellip;]<\/p>\n","protected":false},"author":1,"featured_media":3646,"parent":0,"menu_order":0,"comment_status":"closed","ping_status":"closed","template":"","meta":{"_acf_changed":false,"footnotes":""},"class_list":["post-154497","page","type-page","status-publish","has-post-thumbnail","hentry"],"acf":[],"yoast_head":"<!-- This site is optimized with the Yoast SEO plugin v27.3 - https:\/\/yoast.com\/product\/yoast-seo-wordpress\/ -->\n<title>Object Detection in Manufacturing and Construction Industry - Flypix<\/title>\n<meta name=\"description\" content=\"Identify construction materials, detect potential risks, and generate detailed progress reports with FlyPix&#039;s object detection technology\" \/>\n<meta name=\"robots\" content=\"index, follow, max-snippet:-1, max-image-preview:large, max-video-preview:-1\" \/>\n<link rel=\"canonical\" href=\"https:\/\/flypix.ai\/fr\/object-detection-software-for-construction-automation\/\" \/>\n<meta property=\"og:locale\" content=\"fr_FR\" \/>\n<meta property=\"og:type\" content=\"article\" \/>\n<meta property=\"og:title\" content=\"Object Detection in Manufacturing and Construction Industry - Flypix\" \/>\n<meta property=\"og:description\" content=\"Identify construction materials, detect potential risks, and generate detailed progress reports with FlyPix&#039;s object detection technology\" \/>\n<meta property=\"og:url\" content=\"https:\/\/flypix.ai\/fr\/object-detection-software-for-construction-automation\/\" \/>\n<meta property=\"og:site_name\" content=\"Flypix\" \/>\n<meta property=\"article:modified_time\" content=\"2024-09-23T15:01:49+00:00\" \/>\n<meta property=\"og:image\" content=\"https:\/\/flypix.ai\/wp-content\/uploads\/2022\/10\/Flip-02.jpg\" \/>\n\t<meta property=\"og:image:width\" content=\"590\" \/>\n\t<meta property=\"og:image:height\" content=\"715\" \/>\n\t<meta property=\"og:image:type\" content=\"image\/jpeg\" \/>\n<meta name=\"twitter:card\" content=\"summary_large_image\" \/>\n<meta name=\"twitter:label1\" content=\"Dur\u00e9e de lecture estim\u00e9e\" \/>\n\t<meta name=\"twitter:data1\" content=\"2 minutes\" \/>\n<script type=\"application\/ld+json\" class=\"yoast-schema-graph\">{\"@context\":\"https:\\\/\\\/schema.org\",\"@graph\":[{\"@type\":\"WebPage\",\"@id\":\"https:\\\/\\\/flypix.ai\\\/object-detection-software-for-construction-automation\\\/\",\"url\":\"https:\\\/\\\/flypix.ai\\\/object-detection-software-for-construction-automation\\\/\",\"name\":\"Object Detection in Manufacturing and Construction Industry - Flypix\",\"isPartOf\":{\"@id\":\"https:\\\/\\\/flypix.ai\\\/#website\"},\"primaryImageOfPage\":{\"@id\":\"https:\\\/\\\/flypix.ai\\\/object-detection-software-for-construction-automation\\\/#primaryimage\"},\"image\":{\"@id\":\"https:\\\/\\\/flypix.ai\\\/object-detection-software-for-construction-automation\\\/#primaryimage\"},\"thumbnailUrl\":\"https:\\\/\\\/flypix.ai\\\/wp-content\\\/uploads\\\/2022\\\/10\\\/Flip-02.jpg\",\"datePublished\":\"2023-01-16T11:43:52+00:00\",\"dateModified\":\"2024-09-23T15:01:49+00:00\",\"description\":\"Identify construction materials, detect potential risks, and generate detailed progress reports with FlyPix's object detection technology\",\"breadcrumb\":{\"@id\":\"https:\\\/\\\/flypix.ai\\\/object-detection-software-for-construction-automation\\\/#breadcrumb\"},\"inLanguage\":\"fr-FR\",\"potentialAction\":[{\"@type\":\"ReadAction\",\"target\":[\"https:\\\/\\\/flypix.ai\\\/object-detection-software-for-construction-automation\\\/\"]}]},{\"@type\":\"ImageObject\",\"inLanguage\":\"fr-FR\",\"@id\":\"https:\\\/\\\/flypix.ai\\\/object-detection-software-for-construction-automation\\\/#primaryimage\",\"url\":\"https:\\\/\\\/flypix.ai\\\/wp-content\\\/uploads\\\/2022\\\/10\\\/Flip-02.jpg\",\"contentUrl\":\"https:\\\/\\\/flypix.ai\\\/wp-content\\\/uploads\\\/2022\\\/10\\\/Flip-02.jpg\",\"width\":590,\"height\":715},{\"@type\":\"BreadcrumbList\",\"@id\":\"https:\\\/\\\/flypix.ai\\\/object-detection-software-for-construction-automation\\\/#breadcrumb\",\"itemListElement\":[{\"@type\":\"ListItem\",\"position\":1,\"name\":\"Home\",\"item\":\"https:\\\/\\\/flypix.ai\\\/\"},{\"@type\":\"ListItem\",\"position\":2,\"name\":\"Construction\"}]},{\"@type\":\"WebSite\",\"@id\":\"https:\\\/\\\/flypix.ai\\\/#website\",\"url\":\"https:\\\/\\\/flypix.ai\\\/\",\"name\":\"Flypix\",\"description\":\"AN END-TO-END PLATFORM FOR ENTITY DETECTION, LOCALIZATION AND SEGMENTATION POWERED BY ARTIFICIAL INTELLIGENCE\",\"publisher\":{\"@id\":\"https:\\\/\\\/flypix.ai\\\/#organization\"},\"potentialAction\":[{\"@type\":\"SearchAction\",\"target\":{\"@type\":\"EntryPoint\",\"urlTemplate\":\"https:\\\/\\\/flypix.ai\\\/?s={search_term_string}\"},\"query-input\":{\"@type\":\"PropertyValueSpecification\",\"valueRequired\":true,\"valueName\":\"search_term_string\"}}],\"inLanguage\":\"fr-FR\"},{\"@type\":\"Organization\",\"@id\":\"https:\\\/\\\/flypix.ai\\\/#organization\",\"name\":\"Flypix AI\",\"url\":\"https:\\\/\\\/flypix.ai\\\/\",\"logo\":{\"@type\":\"ImageObject\",\"inLanguage\":\"fr-FR\",\"@id\":\"https:\\\/\\\/flypix.ai\\\/#\\\/schema\\\/logo\\\/image\\\/\",\"url\":\"https:\\\/\\\/flypix.ai\\\/wp-content\\\/uploads\\\/2024\\\/07\\\/logo.svg\",\"contentUrl\":\"https:\\\/\\\/flypix.ai\\\/wp-content\\\/uploads\\\/2024\\\/07\\\/logo.svg\",\"width\":346,\"height\":40,\"caption\":\"Flypix AI\"},\"image\":{\"@id\":\"https:\\\/\\\/flypix.ai\\\/#\\\/schema\\\/logo\\\/image\\\/\"}}]}<\/script>\n<!-- \/ Yoast SEO plugin. -->","yoast_head_json":{"title":"D\u00e9tection d&#039;objets dans l&#039;industrie manufacturi\u00e8re et la construction - Flypix","description":"Identifiez les mat\u00e9riaux de construction, d\u00e9tectez les risques potentiels et g\u00e9n\u00e9rez des rapports d&#039;avancement d\u00e9taill\u00e9s avec la technologie de d\u00e9tection d&#039;objets de FlyPix","robots":{"index":"index","follow":"follow","max-snippet":"max-snippet:-1","max-image-preview":"max-image-preview:large","max-video-preview":"max-video-preview:-1"},"canonical":"https:\/\/flypix.ai\/fr\/object-detection-software-for-construction-automation\/","og_locale":"fr_FR","og_type":"article","og_title":"Object Detection in Manufacturing and Construction Industry - Flypix","og_description":"Identify construction materials, detect potential risks, and generate detailed progress reports with FlyPix's object detection technology","og_url":"https:\/\/flypix.ai\/fr\/object-detection-software-for-construction-automation\/","og_site_name":"Flypix","article_modified_time":"2024-09-23T15:01:49+00:00","og_image":[{"width":590,"height":715,"url":"https:\/\/flypix.ai\/wp-content\/uploads\/2022\/10\/Flip-02.jpg","type":"image\/jpeg"}],"twitter_card":"summary_large_image","twitter_misc":{"Dur\u00e9e de lecture estim\u00e9e":"2 minutes"},"schema":{"@context":"https:\/\/schema.org","@graph":[{"@type":"WebPage","@id":"https:\/\/flypix.ai\/object-detection-software-for-construction-automation\/","url":"https:\/\/flypix.ai\/object-detection-software-for-construction-automation\/","name":"D\u00e9tection d&#039;objets dans l&#039;industrie manufacturi\u00e8re et la construction - Flypix","isPartOf":{"@id":"https:\/\/flypix.ai\/#website"},"primaryImageOfPage":{"@id":"https:\/\/flypix.ai\/object-detection-software-for-construction-automation\/#primaryimage"},"image":{"@id":"https:\/\/flypix.ai\/object-detection-software-for-construction-automation\/#primaryimage"},"thumbnailUrl":"https:\/\/flypix.ai\/wp-content\/uploads\/2022\/10\/Flip-02.jpg","datePublished":"2023-01-16T11:43:52+00:00","dateModified":"2024-09-23T15:01:49+00:00","description":"Identifiez les mat\u00e9riaux de construction, d\u00e9tectez les risques potentiels et g\u00e9n\u00e9rez des rapports d&#039;avancement d\u00e9taill\u00e9s avec la technologie de d\u00e9tection d&#039;objets de FlyPix","breadcrumb":{"@id":"https:\/\/flypix.ai\/object-detection-software-for-construction-automation\/#breadcrumb"},"inLanguage":"fr-FR","potentialAction":[{"@type":"ReadAction","target":["https:\/\/flypix.ai\/object-detection-software-for-construction-automation\/"]}]},{"@type":"ImageObject","inLanguage":"fr-FR","@id":"https:\/\/flypix.ai\/object-detection-software-for-construction-automation\/#primaryimage","url":"https:\/\/flypix.ai\/wp-content\/uploads\/2022\/10\/Flip-02.jpg","contentUrl":"https:\/\/flypix.ai\/wp-content\/uploads\/2022\/10\/Flip-02.jpg","width":590,"height":715},{"@type":"BreadcrumbList","@id":"https:\/\/flypix.ai\/object-detection-software-for-construction-automation\/#breadcrumb","itemListElement":[{"@type":"ListItem","position":1,"name":"Home","item":"https:\/\/flypix.ai\/"},{"@type":"ListItem","position":2,"name":"Construction"}]},{"@type":"WebSite","@id":"https:\/\/flypix.ai\/#website","url":"https:\/\/flypix.ai\/","name":"Flypix","description":"UNE PLATEFORME DE BOUT EN BOUT POUR LA D\u00c9TECTION, LA LOCALISATION ET LA SEGMENTATION D&#039;ENTIT\u00c9S ALIMENT\u00c9E PAR L&#039;INTELLIGENCE ARTIFICIELLE","publisher":{"@id":"https:\/\/flypix.ai\/#organization"},"potentialAction":[{"@type":"SearchAction","target":{"@type":"EntryPoint","urlTemplate":"https:\/\/flypix.ai\/?s={search_term_string}"},"query-input":{"@type":"PropertyValueSpecification","valueRequired":true,"valueName":"search_term_string"}}],"inLanguage":"fr-FR"},{"@type":"Organization","@id":"https:\/\/flypix.ai\/#organization","name":"Flypix AI","url":"https:\/\/flypix.ai\/","logo":{"@type":"ImageObject","inLanguage":"fr-FR","@id":"https:\/\/flypix.ai\/#\/schema\/logo\/image\/","url":"https:\/\/flypix.ai\/wp-content\/uploads\/2024\/07\/logo.svg","contentUrl":"https:\/\/flypix.ai\/wp-content\/uploads\/2024\/07\/logo.svg","width":346,"height":40,"caption":"Flypix AI"},"image":{"@id":"https:\/\/flypix.ai\/#\/schema\/logo\/image\/"}}]}},"_links":{"self":[{"href":"https:\/\/flypix.ai\/fr\/wp-json\/wp\/v2\/pages\/154497","targetHints":{"allow":["GET"]}}],"collection":[{"href":"https:\/\/flypix.ai\/fr\/wp-json\/wp\/v2\/pages"}],"about":[{"href":"https:\/\/flypix.ai\/fr\/wp-json\/wp\/v2\/types\/page"}],"author":[{"embeddable":true,"href":"https:\/\/flypix.ai\/fr\/wp-json\/wp\/v2\/users\/1"}],"replies":[{"embeddable":true,"href":"https:\/\/flypix.ai\/fr\/wp-json\/wp\/v2\/comments?post=154497"}],"version-history":[{"count":0,"href":"https:\/\/flypix.ai\/fr\/wp-json\/wp\/v2\/pages\/154497\/revisions"}],"wp:featuredmedia":[{"embeddable":true,"href":"https:\/\/flypix.ai\/fr\/wp-json\/wp\/v2\/media\/3646"}],"wp:attachment":[{"href":"https:\/\/flypix.ai\/fr\/wp-json\/wp\/v2\/media?parent=154497"}],"curies":[{"name":"wp","href":"https:\/\/api.w.org\/{rel}","templated":true}]}}