{"id":154499,"date":"2023-01-16T11:44:43","date_gmt":"2023-01-16T11:44:43","guid":{"rendered":"https:\/\/flypix.ai\/?page_id=154499"},"modified":"2024-09-23T14:55:01","modified_gmt":"2024-09-23T14:55:01","slug":"object-detection-software-for-the-energy-industry","status":"publish","type":"page","link":"https:\/\/flypix.ai\/fr\/object-detection-software-for-the-energy-industry\/","title":{"rendered":"\u00c9nergie renouvelable"},"content":{"rendered":"<div data-elementor-type=\"wp-page\" data-elementor-id=\"154499\" class=\"elementor elementor-154499\" data-elementor-post-type=\"page\">\n\t\t\t\t<div class=\"elementor-element elementor-element-19eb128b e-flex e-con-boxed e-con e-parent\" data-id=\"19eb128b\" data-element_type=\"container\" data-e-type=\"container\" data-settings=\"{&quot;background_background&quot;:&quot;classic&quot;}\">\n\t\t\t\t\t<div class=\"e-con-inner\">\n\t\t<div class=\"elementor-element elementor-element-687b3dcf e-con-full e-flex e-con e-child\" data-id=\"687b3dcf\" data-element_type=\"container\" data-e-type=\"container\">\n\t\t\t\t<div class=\"elementor-element elementor-element-91c183c elementor-widget elementor-widget-heading\" data-id=\"91c183c\" data-element_type=\"widget\" data-e-type=\"widget\" data-widget_type=\"heading.default\">\n\t\t\t\t\t<h1 class=\"elementor-heading-title elementor-size-default\">LOGICIEL DE D\u00c9TECTION D&#039;OBJETS POUR LES \u00c9NERGIES RENOUVELABLES<\/h1>\t\t\t\t<\/div>\n\t\t<div class=\"elementor-element elementor-element-3bac6f4a e-con-full e-flex e-con e-child\" data-id=\"3bac6f4a\" data-element_type=\"container\" data-e-type=\"container\">\n\t\t\t\t<div class=\"elementor-element elementor-element-df3e1a8 elementor-widget-divider--view-line elementor-widget elementor-widget-divider\" data-id=\"df3e1a8\" data-element_type=\"widget\" data-e-type=\"widget\" data-widget_type=\"divider.default\">\n\t\t\t\t\t\t\t<div class=\"elementor-divider\">\n\t\t\t<span class=\"elementor-divider-separator\">\n\t\t\t\t\t\t<\/span>\n\t\t<\/div>\n\t\t\t\t\t\t<\/div>\n\t\t\t\t<\/div>\n\t\t<div class=\"elementor-element elementor-element-40ac4b78 e-con-full e-flex e-con e-child\" data-id=\"40ac4b78\" data-element_type=\"container\" data-e-type=\"container\">\n\t\t\t\t<div class=\"elementor-element elementor-element-691bb40f elementor-widget elementor-widget-heading\" data-id=\"691bb40f\" data-element_type=\"widget\" data-e-type=\"widget\" data-widget_type=\"heading.default\">\n\t\t\t\t\t<h2 class=\"elementor-heading-title elementor-size-default\">Surveillez les infrastructures critiques telles que les panneaux solaires et les \u00e9oliennes avec notre plateforme avanc\u00e9e de d\u00e9tection d&#039;objets pour l&#039;imagerie a\u00e9rienne\n<\/h2>\t\t\t\t<\/div>\n\t\t\t\t<\/div>\n\t\t\t\t<\/div>\n\t\t\t\t\t<\/div>\n\t\t\t\t<\/div>\n\t\t<div class=\"elementor-element elementor-element-7abcfdae e-flex e-con-boxed e-con e-parent\" data-id=\"7abcfdae\" data-element_type=\"container\" data-e-type=\"container\" data-settings=\"{&quot;background_background&quot;:&quot;classic&quot;}\">\n\t\t\t\t\t<div class=\"e-con-inner\">\n\t\t<div class=\"elementor-element elementor-element-23077b4c e-con-full e-flex e-con e-child\" data-id=\"23077b4c\" data-element_type=\"container\" data-e-type=\"container\">\n\t\t<div class=\"elementor-element elementor-element-20be8576 e-con-full e-flex e-con e-child\" data-id=\"20be8576\" data-element_type=\"container\" data-e-type=\"container\" data-settings=\"{&quot;background_background&quot;:&quot;classic&quot;}\">\n\t\t\t\t<\/div>\n\t\t<div class=\"elementor-element elementor-element-6ee40481 e-con-full e-flex e-con e-child\" data-id=\"6ee40481\" data-element_type=\"container\" data-e-type=\"container\" data-settings=\"{&quot;background_background&quot;:&quot;classic&quot;}\">\n\t\t\t\t<div class=\"elementor-element elementor-element-7f0cf3d8 elementor-widget elementor-widget-heading\" data-id=\"7f0cf3d8\" data-element_type=\"widget\" data-e-type=\"widget\" data-widget_type=\"heading.default\">\n\t\t\t\t\t<span class=\"elementor-heading-title elementor-size-default\">Surveillance des infrastructures critiques<\/span>\t\t\t\t<\/div>\n\t\t\t\t<div class=\"elementor-element elementor-element-124db62e elementor-widget elementor-widget-text-editor\" data-id=\"124db62e\" data-element_type=\"widget\" data-e-type=\"widget\" data-widget_type=\"text-editor.default\">\n\t\t\t\t\t\t\t\t\t<p>FlyPix est la plateforme leader du secteur pour la d\u00e9tection d&#039;objets en imagerie a\u00e9rienne et offre une solution compl\u00e8te aux entreprises du secteur des \u00e9nergies renouvelables qui souhaitent garder une longueur d&#039;avance sur leurs concurrents. FlyPix s&#039;appuie sur une technologie avanc\u00e9e d&#039;intelligence artificielle (IA) pour analyser des images haute r\u00e9solution prises par satellite ou autres capteurs de t\u00e9l\u00e9d\u00e9tection afin de d\u00e9tecter les panneaux solaires et les \u00e9oliennes. Sa pr\u00e9cision et son \u00e9volutivit\u00e9 en font un outil puissant pour surveiller rapidement les infrastructures critiques et d\u00e9tecter rapidement tout dommage sur les structures externes.<\/p>\t\t\t\t\t\t\t\t<\/div>\n\t\t\t\t<\/div>\n\t\t\t\t<\/div>\n\t\t<div class=\"elementor-element elementor-element-0b004ac e-con-full e-flex e-con e-child\" data-id=\"0b004ac\" data-element_type=\"container\" data-e-type=\"container\">\n\t\t<div class=\"elementor-element elementor-element-33114bb e-con-full e-flex e-con e-child\" data-id=\"33114bb\" data-element_type=\"container\" data-e-type=\"container\" data-settings=\"{&quot;background_background&quot;:&quot;classic&quot;}\">\n\t\t\t\t<div class=\"elementor-element elementor-element-bef26cd elementor-widget elementor-widget-heading\" data-id=\"bef26cd\" data-element_type=\"widget\" data-e-type=\"widget\" data-widget_type=\"heading.default\">\n\t\t\t\t\t<span class=\"elementor-heading-title elementor-size-default\">Surveillance des pipelines et d\u00e9tection des fuites<\/span>\t\t\t\t<\/div>\n\t\t\t\t<div class=\"elementor-element elementor-element-32493b7 elementor-widget elementor-widget-text-editor\" data-id=\"32493b7\" data-element_type=\"widget\" data-e-type=\"widget\" data-widget_type=\"text-editor.default\">\n\t\t\t\t\t\t\t\t\t<div id=\"formula-bar-name-box-wrapper\" class=\"name-box-enabled formula-bar-with-name-box-wrapper\"><div id=\"formula-bar\" class=\"formula-bar formulabar-disabled\"><div id=\"t-formula-bar-input-container\"><div dir=\"ltr\"><div id=\"t-formula-bar-input\" spellcheck=\"false\"><div class=\"cell-input disabled-input\" dir=\"ltr\" tabindex=\"0\" role=\"combobox\" contenteditable=\"false\" aria-autocomplete=\"list\">FlyPix AI utilise l&#039;imagerie satellite et drone pour surveiller les infrastructures \u00e9nerg\u00e9tiques \u00e9tendues, telles que les pipelines. L&#039;IA peut d\u00e9tecter en temps r\u00e9el les fuites potentielles, la corrosion et autres anomalies, permettant une maintenance rapide et la pr\u00e9vention des dommages environnementaux. Cela garantit un fonctionnement s\u00fbr et efficace des r\u00e9seaux de distribution d&#039;\u00e9nergie.<\/div><\/div><\/div><\/div><\/div><\/div>\t\t\t\t\t\t\t\t<\/div>\n\t\t\t\t<\/div>\n\t\t<div class=\"elementor-element elementor-element-e3a90a7 e-con-full e-flex e-con e-child\" data-id=\"e3a90a7\" data-element_type=\"container\" data-e-type=\"container\" data-settings=\"{&quot;background_background&quot;:&quot;classic&quot;}\">\n\t\t\t\t<\/div>\n\t\t\t\t<\/div>\n\t\t<div class=\"elementor-element elementor-element-c49c86a e-con-full e-flex e-con e-child\" data-id=\"c49c86a\" data-element_type=\"container\" data-e-type=\"container\">\n\t\t<div class=\"elementor-element elementor-element-0ddf5d3 e-con-full e-flex e-con e-child\" data-id=\"0ddf5d3\" data-element_type=\"container\" data-e-type=\"container\" data-settings=\"{&quot;background_background&quot;:&quot;classic&quot;}\">\n\t\t\t\t<\/div>\n\t\t<div class=\"elementor-element elementor-element-fb4f146 e-con-full e-flex e-con e-child\" data-id=\"fb4f146\" data-element_type=\"container\" data-e-type=\"container\" data-settings=\"{&quot;background_background&quot;:&quot;classic&quot;}\">\n\t\t\t\t<div class=\"elementor-element elementor-element-2d5d53b elementor-widget elementor-widget-heading\" data-id=\"2d5d53b\" data-element_type=\"widget\" data-e-type=\"widget\" data-widget_type=\"heading.default\">\n\t\t\t\t\t<span class=\"elementor-heading-title elementor-size-default\">Inspection des infrastructures \u00e9nerg\u00e9tiques<\/span>\t\t\t\t<\/div>\n\t\t\t\t<div class=\"elementor-element elementor-element-dacbb81 elementor-widget elementor-widget-text-editor\" data-id=\"dacbb81\" data-element_type=\"widget\" data-e-type=\"widget\" data-widget_type=\"text-editor.default\">\n\t\t\t\t\t\t\t\t\t<p>Gr\u00e2ce \u00e0 FlyPix AI, les entreprises du secteur de l&#039;\u00e9nergie peuvent automatiser l&#039;inspection des infrastructures critiques telles que les lignes \u00e9lectriques, les parcs solaires et les \u00e9oliennes. L&#039;IA traite les donn\u00e9es d&#039;imagerie pour identifier l&#039;usure, les dommages structurels et les risques potentiels pour la s\u00e9curit\u00e9, permettant ainsi des r\u00e9parations rapides et une r\u00e9duction des temps d&#039;arr\u00eat op\u00e9rationnels.<\/p>\t\t\t\t\t\t\t\t<\/div>\n\t\t\t\t<\/div>\n\t\t\t\t<\/div>\n\t\t<div class=\"elementor-element elementor-element-b95f52a e-con-full e-flex e-con e-child\" data-id=\"b95f52a\" data-element_type=\"container\" data-e-type=\"container\">\n\t\t<div class=\"elementor-element elementor-element-782e370 e-con-full e-flex e-con e-child\" data-id=\"782e370\" data-element_type=\"container\" data-e-type=\"container\" data-settings=\"{&quot;background_background&quot;:&quot;classic&quot;}\">\n\t\t\t\t<div class=\"elementor-element elementor-element-fe7f8b8 elementor-widget elementor-widget-heading\" data-id=\"fe7f8b8\" data-element_type=\"widget\" data-e-type=\"widget\" data-widget_type=\"heading.default\">\n\t\t\t\t\t<span class=\"elementor-heading-title elementor-size-default\">\u00c9valuation de l&#039;impact environnemental<\/span>\t\t\t\t<\/div>\n\t\t\t\t<div class=\"elementor-element elementor-element-1b99513 elementor-widget elementor-widget-text-editor\" data-id=\"1b99513\" data-element_type=\"widget\" data-e-type=\"widget\" data-widget_type=\"text-editor.default\">\n\t\t\t\t\t\t\t\t\t<p>FlyPix AI permet aux entreprises du secteur de l&#039;\u00e9nergie de surveiller et d&#039;\u00e9valuer l&#039;impact environnemental de leurs activit\u00e9s. En analysant l&#039;\u00e9volution de l&#039;utilisation des terres, de la v\u00e9g\u00e9tation et des plans d&#039;eau, l&#039;IA contribue au respect des r\u00e9glementations environnementales et favorise des pratiques \u00e9nerg\u00e9tiques durables.<\/p>\t\t\t\t\t\t\t\t<\/div>\n\t\t\t\t<\/div>\n\t\t<div class=\"elementor-element elementor-element-47d044d e-con-full e-flex e-con e-child\" data-id=\"47d044d\" data-element_type=\"container\" data-e-type=\"container\" data-settings=\"{&quot;background_background&quot;:&quot;classic&quot;}\">\n\t\t\t\t<\/div>\n\t\t\t\t<\/div>\n\t\t<div class=\"elementor-element elementor-element-4ec5071 e-con-full e-flex e-con e-child\" data-id=\"4ec5071\" data-element_type=\"container\" data-e-type=\"container\">\n\t\t<div class=\"elementor-element elementor-element-acb2508 e-con-full e-flex e-con e-child\" data-id=\"acb2508\" data-element_type=\"container\" data-e-type=\"container\" data-settings=\"{&quot;background_background&quot;:&quot;classic&quot;}\">\n\t\t\t\t<\/div>\n\t\t<div class=\"elementor-element elementor-element-3fadc5b e-con-full e-flex e-con e-child\" data-id=\"3fadc5b\" data-element_type=\"container\" data-e-type=\"container\" data-settings=\"{&quot;background_background&quot;:&quot;classic&quot;}\">\n\t\t\t\t<div class=\"elementor-element elementor-element-edb3acf elementor-widget elementor-widget-heading\" data-id=\"edb3acf\" data-element_type=\"widget\" data-e-type=\"widget\" data-widget_type=\"heading.default\">\n\t\t\t\t\t<span class=\"elementor-heading-title elementor-size-default\">S\u00e9lection de sites d&#039;\u00e9nergie renouvelable<\/span>\t\t\t\t<\/div>\n\t\t\t\t<div class=\"elementor-element elementor-element-c992fa3 elementor-widget elementor-widget-text-editor\" data-id=\"c992fa3\" data-element_type=\"widget\" data-e-type=\"widget\" data-widget_type=\"text-editor.default\">\n\t\t\t\t\t\t\t\t\t<p>FlyPix AI peut analyser des donn\u00e9es g\u00e9ospatiales pour identifier les emplacements optimaux pour les projets d&#039;\u00e9nergie renouvelable, tels que les parcs solaires ou \u00e9oliens. L&#039;IA prend en compte des facteurs tels que l&#039;exposition au soleil, les r\u00e9gimes de vent et l&#039;utilisation des sols, aidant ainsi les entreprises \u00e0 maximiser leur production \u00e9nerg\u00e9tique tout en minimisant leur impact environnemental.<\/p>\t\t\t\t\t\t\t\t<\/div>\n\t\t\t\t<\/div>\n\t\t\t\t<\/div>\n\t\t\t\t\t<\/div>\n\t\t\t\t<\/div>\n\t\t\t\t<\/div>","protected":false},"excerpt":{"rendered":"<p>OBJECT DETECTION SOFTWARE FOR RENEWABLE ENERGY Monitor Critical Infrastructure Like Solar Panels and Windmills with our Advanced Object Detection Platform for Aerial Imagery Monitoring of Critical Infrastructure FlyPix is the industry-leading platform for object detection in aerial imagery and provides a comprehensive solution for renewable energy companies looking to stay ahead of their competition. FlyPix [&hellip;]<\/p>\n","protected":false},"author":1,"featured_media":3647,"parent":0,"menu_order":0,"comment_status":"closed","ping_status":"closed","template":"","meta":{"_acf_changed":false,"footnotes":""},"class_list":["post-154499","page","type-page","status-publish","has-post-thumbnail","hentry"],"acf":[],"yoast_head":"<!-- This site is optimized with the Yoast SEO plugin v27.3 - https:\/\/yoast.com\/product\/yoast-seo-wordpress\/ -->\n<title>Object Detection Software for the Energy Industry - Flypix<\/title>\n<meta name=\"description\" content=\"Monitor critical infrastructure like solar panels and windmills with our advanced object detection platform for aerial imagery\" \/>\n<meta name=\"robots\" content=\"index, follow, max-snippet:-1, max-image-preview:large, max-video-preview:-1\" \/>\n<link rel=\"canonical\" href=\"https:\/\/flypix.ai\/fr\/object-detection-software-for-the-energy-industry\/\" \/>\n<meta property=\"og:locale\" content=\"fr_FR\" \/>\n<meta property=\"og:type\" content=\"article\" \/>\n<meta property=\"og:title\" content=\"Object Detection Software for the Energy Industry - Flypix\" \/>\n<meta property=\"og:description\" content=\"Monitor critical infrastructure like solar panels and windmills with our advanced object detection platform for aerial imagery\" \/>\n<meta property=\"og:url\" content=\"https:\/\/flypix.ai\/fr\/object-detection-software-for-the-energy-industry\/\" \/>\n<meta property=\"og:site_name\" content=\"Flypix\" \/>\n<meta property=\"article:modified_time\" content=\"2024-09-23T14:55:01+00:00\" \/>\n<meta property=\"og:image\" content=\"https:\/\/flypix.ai\/wp-content\/uploads\/2022\/10\/Flip-03.jpg\" \/>\n\t<meta property=\"og:image:width\" content=\"590\" \/>\n\t<meta property=\"og:image:height\" content=\"715\" \/>\n\t<meta property=\"og:image:type\" content=\"image\/jpeg\" \/>\n<meta name=\"twitter:card\" content=\"summary_large_image\" \/>\n<meta name=\"twitter:label1\" content=\"Dur\u00e9e de lecture estim\u00e9e\" \/>\n\t<meta name=\"twitter:data1\" content=\"2 minutes\" \/>\n<script type=\"application\/ld+json\" class=\"yoast-schema-graph\">{\"@context\":\"https:\\\/\\\/schema.org\",\"@graph\":[{\"@type\":\"WebPage\",\"@id\":\"https:\\\/\\\/flypix.ai\\\/object-detection-software-for-the-energy-industry\\\/\",\"url\":\"https:\\\/\\\/flypix.ai\\\/object-detection-software-for-the-energy-industry\\\/\",\"name\":\"Object Detection Software for the Energy Industry - Flypix\",\"isPartOf\":{\"@id\":\"https:\\\/\\\/flypix.ai\\\/#website\"},\"primaryImageOfPage\":{\"@id\":\"https:\\\/\\\/flypix.ai\\\/object-detection-software-for-the-energy-industry\\\/#primaryimage\"},\"image\":{\"@id\":\"https:\\\/\\\/flypix.ai\\\/object-detection-software-for-the-energy-industry\\\/#primaryimage\"},\"thumbnailUrl\":\"https:\\\/\\\/flypix.ai\\\/wp-content\\\/uploads\\\/2022\\\/10\\\/Flip-03.jpg\",\"datePublished\":\"2023-01-16T11:44:43+00:00\",\"dateModified\":\"2024-09-23T14:55:01+00:00\",\"description\":\"Monitor critical infrastructure like solar panels and windmills with our advanced object detection platform for aerial imagery\",\"breadcrumb\":{\"@id\":\"https:\\\/\\\/flypix.ai\\\/object-detection-software-for-the-energy-industry\\\/#breadcrumb\"},\"inLanguage\":\"fr-FR\",\"potentialAction\":[{\"@type\":\"ReadAction\",\"target\":[\"https:\\\/\\\/flypix.ai\\\/object-detection-software-for-the-energy-industry\\\/\"]}]},{\"@type\":\"ImageObject\",\"inLanguage\":\"fr-FR\",\"@id\":\"https:\\\/\\\/flypix.ai\\\/object-detection-software-for-the-energy-industry\\\/#primaryimage\",\"url\":\"https:\\\/\\\/flypix.ai\\\/wp-content\\\/uploads\\\/2022\\\/10\\\/Flip-03.jpg\",\"contentUrl\":\"https:\\\/\\\/flypix.ai\\\/wp-content\\\/uploads\\\/2022\\\/10\\\/Flip-03.jpg\",\"width\":590,\"height\":715},{\"@type\":\"BreadcrumbList\",\"@id\":\"https:\\\/\\\/flypix.ai\\\/object-detection-software-for-the-energy-industry\\\/#breadcrumb\",\"itemListElement\":[{\"@type\":\"ListItem\",\"position\":1,\"name\":\"Home\",\"item\":\"https:\\\/\\\/flypix.ai\\\/\"},{\"@type\":\"ListItem\",\"position\":2,\"name\":\"Renewable Energy\"}]},{\"@type\":\"WebSite\",\"@id\":\"https:\\\/\\\/flypix.ai\\\/#website\",\"url\":\"https:\\\/\\\/flypix.ai\\\/\",\"name\":\"Flypix\",\"description\":\"AN END-TO-END PLATFORM FOR ENTITY DETECTION, LOCALIZATION AND SEGMENTATION POWERED BY ARTIFICIAL INTELLIGENCE\",\"publisher\":{\"@id\":\"https:\\\/\\\/flypix.ai\\\/#organization\"},\"potentialAction\":[{\"@type\":\"SearchAction\",\"target\":{\"@type\":\"EntryPoint\",\"urlTemplate\":\"https:\\\/\\\/flypix.ai\\\/?s={search_term_string}\"},\"query-input\":{\"@type\":\"PropertyValueSpecification\",\"valueRequired\":true,\"valueName\":\"search_term_string\"}}],\"inLanguage\":\"fr-FR\"},{\"@type\":\"Organization\",\"@id\":\"https:\\\/\\\/flypix.ai\\\/#organization\",\"name\":\"Flypix AI\",\"url\":\"https:\\\/\\\/flypix.ai\\\/\",\"logo\":{\"@type\":\"ImageObject\",\"inLanguage\":\"fr-FR\",\"@id\":\"https:\\\/\\\/flypix.ai\\\/#\\\/schema\\\/logo\\\/image\\\/\",\"url\":\"https:\\\/\\\/flypix.ai\\\/wp-content\\\/uploads\\\/2024\\\/07\\\/logo.svg\",\"contentUrl\":\"https:\\\/\\\/flypix.ai\\\/wp-content\\\/uploads\\\/2024\\\/07\\\/logo.svg\",\"width\":346,\"height\":40,\"caption\":\"Flypix AI\"},\"image\":{\"@id\":\"https:\\\/\\\/flypix.ai\\\/#\\\/schema\\\/logo\\\/image\\\/\"}}]}<\/script>\n<!-- \/ Yoast SEO plugin. -->","yoast_head_json":{"title":"Logiciel de d\u00e9tection d&#039;objets pour le secteur de l&#039;\u00e9nergie - Flypix","description":"Surveillez les infrastructures critiques telles que les panneaux solaires et les \u00e9oliennes avec notre plate-forme avanc\u00e9e de d\u00e9tection d&#039;objets pour l&#039;imagerie a\u00e9rienne","robots":{"index":"index","follow":"follow","max-snippet":"max-snippet:-1","max-image-preview":"max-image-preview:large","max-video-preview":"max-video-preview:-1"},"canonical":"https:\/\/flypix.ai\/fr\/object-detection-software-for-the-energy-industry\/","og_locale":"fr_FR","og_type":"article","og_title":"Object Detection Software for the Energy Industry - Flypix","og_description":"Monitor critical infrastructure like solar panels and windmills with our advanced object detection platform for aerial imagery","og_url":"https:\/\/flypix.ai\/fr\/object-detection-software-for-the-energy-industry\/","og_site_name":"Flypix","article_modified_time":"2024-09-23T14:55:01+00:00","og_image":[{"width":590,"height":715,"url":"https:\/\/flypix.ai\/wp-content\/uploads\/2022\/10\/Flip-03.jpg","type":"image\/jpeg"}],"twitter_card":"summary_large_image","twitter_misc":{"Dur\u00e9e de lecture estim\u00e9e":"2 minutes"},"schema":{"@context":"https:\/\/schema.org","@graph":[{"@type":"WebPage","@id":"https:\/\/flypix.ai\/object-detection-software-for-the-energy-industry\/","url":"https:\/\/flypix.ai\/object-detection-software-for-the-energy-industry\/","name":"Logiciel de d\u00e9tection d&#039;objets pour le secteur de l&#039;\u00e9nergie - Flypix","isPartOf":{"@id":"https:\/\/flypix.ai\/#website"},"primaryImageOfPage":{"@id":"https:\/\/flypix.ai\/object-detection-software-for-the-energy-industry\/#primaryimage"},"image":{"@id":"https:\/\/flypix.ai\/object-detection-software-for-the-energy-industry\/#primaryimage"},"thumbnailUrl":"https:\/\/flypix.ai\/wp-content\/uploads\/2022\/10\/Flip-03.jpg","datePublished":"2023-01-16T11:44:43+00:00","dateModified":"2024-09-23T14:55:01+00:00","description":"Surveillez les infrastructures critiques telles que les panneaux solaires et les \u00e9oliennes avec notre plate-forme avanc\u00e9e de d\u00e9tection d&#039;objets pour l&#039;imagerie a\u00e9rienne","breadcrumb":{"@id":"https:\/\/flypix.ai\/object-detection-software-for-the-energy-industry\/#breadcrumb"},"inLanguage":"fr-FR","potentialAction":[{"@type":"ReadAction","target":["https:\/\/flypix.ai\/object-detection-software-for-the-energy-industry\/"]}]},{"@type":"ImageObject","inLanguage":"fr-FR","@id":"https:\/\/flypix.ai\/object-detection-software-for-the-energy-industry\/#primaryimage","url":"https:\/\/flypix.ai\/wp-content\/uploads\/2022\/10\/Flip-03.jpg","contentUrl":"https:\/\/flypix.ai\/wp-content\/uploads\/2022\/10\/Flip-03.jpg","width":590,"height":715},{"@type":"BreadcrumbList","@id":"https:\/\/flypix.ai\/object-detection-software-for-the-energy-industry\/#breadcrumb","itemListElement":[{"@type":"ListItem","position":1,"name":"Home","item":"https:\/\/flypix.ai\/"},{"@type":"ListItem","position":2,"name":"Renewable Energy"}]},{"@type":"WebSite","@id":"https:\/\/flypix.ai\/#website","url":"https:\/\/flypix.ai\/","name":"Flypix","description":"UNE PLATEFORME DE BOUT EN BOUT POUR LA D\u00c9TECTION, LA LOCALISATION ET LA SEGMENTATION D&#039;ENTIT\u00c9S ALIMENT\u00c9E PAR L&#039;INTELLIGENCE ARTIFICIELLE","publisher":{"@id":"https:\/\/flypix.ai\/#organization"},"potentialAction":[{"@type":"SearchAction","target":{"@type":"EntryPoint","urlTemplate":"https:\/\/flypix.ai\/?s={search_term_string}"},"query-input":{"@type":"PropertyValueSpecification","valueRequired":true,"valueName":"search_term_string"}}],"inLanguage":"fr-FR"},{"@type":"Organization","@id":"https:\/\/flypix.ai\/#organization","name":"Flypix AI","url":"https:\/\/flypix.ai\/","logo":{"@type":"ImageObject","inLanguage":"fr-FR","@id":"https:\/\/flypix.ai\/#\/schema\/logo\/image\/","url":"https:\/\/flypix.ai\/wp-content\/uploads\/2024\/07\/logo.svg","contentUrl":"https:\/\/flypix.ai\/wp-content\/uploads\/2024\/07\/logo.svg","width":346,"height":40,"caption":"Flypix AI"},"image":{"@id":"https:\/\/flypix.ai\/#\/schema\/logo\/image\/"}}]}},"_links":{"self":[{"href":"https:\/\/flypix.ai\/fr\/wp-json\/wp\/v2\/pages\/154499","targetHints":{"allow":["GET"]}}],"collection":[{"href":"https:\/\/flypix.ai\/fr\/wp-json\/wp\/v2\/pages"}],"about":[{"href":"https:\/\/flypix.ai\/fr\/wp-json\/wp\/v2\/types\/page"}],"author":[{"embeddable":true,"href":"https:\/\/flypix.ai\/fr\/wp-json\/wp\/v2\/users\/1"}],"replies":[{"embeddable":true,"href":"https:\/\/flypix.ai\/fr\/wp-json\/wp\/v2\/comments?post=154499"}],"version-history":[{"count":0,"href":"https:\/\/flypix.ai\/fr\/wp-json\/wp\/v2\/pages\/154499\/revisions"}],"wp:featuredmedia":[{"embeddable":true,"href":"https:\/\/flypix.ai\/fr\/wp-json\/wp\/v2\/media\/3647"}],"wp:attachment":[{"href":"https:\/\/flypix.ai\/fr\/wp-json\/wp\/v2\/media?parent=154499"}],"curies":[{"name":"wp","href":"https:\/\/api.w.org\/{rel}","templated":true}]}}