{"id":154509,"date":"2023-01-16T11:48:12","date_gmt":"2023-01-16T11:48:12","guid":{"rendered":"https:\/\/flypix.ai\/?page_id=154509"},"modified":"2024-09-23T12:59:49","modified_gmt":"2024-09-23T12:59:49","slug":"object-detection-software-for-port-operations","status":"publish","type":"page","link":"https:\/\/flypix.ai\/fr\/object-detection-software-for-port-operations\/","title":{"rendered":"Op\u00e9rations portuaires"},"content":{"rendered":"<div data-elementor-type=\"wp-page\" data-elementor-id=\"154509\" class=\"elementor elementor-154509\" data-elementor-post-type=\"page\">\n\t\t\t\t<div class=\"elementor-element elementor-element-116fb596 e-flex e-con-boxed e-con e-parent\" data-id=\"116fb596\" data-element_type=\"container\" data-e-type=\"container\" data-settings=\"{&quot;background_background&quot;:&quot;classic&quot;}\">\n\t\t\t\t\t<div class=\"e-con-inner\">\n\t\t<div class=\"elementor-element elementor-element-617b76bd e-con-full e-flex e-con e-child\" data-id=\"617b76bd\" data-element_type=\"container\" data-e-type=\"container\">\n\t\t\t\t<div class=\"elementor-element elementor-element-2ac39072 elementor-widget elementor-widget-heading\" data-id=\"2ac39072\" data-element_type=\"widget\" data-e-type=\"widget\" data-widget_type=\"heading.default\">\n\t\t\t\t\t<h1 class=\"elementor-heading-title elementor-size-default\">D\u00c9TECTION D&#039;OBJETS POUR LES OP\u00c9RATIONS PORTUAIRES<\/h1>\t\t\t\t<\/div>\n\t\t<div class=\"elementor-element elementor-element-225a4866 e-con-full e-flex e-con e-child\" data-id=\"225a4866\" data-element_type=\"container\" data-e-type=\"container\">\n\t\t\t\t<div class=\"elementor-element elementor-element-1abf214c elementor-widget-divider--view-line elementor-widget elementor-widget-divider\" data-id=\"1abf214c\" data-element_type=\"widget\" data-e-type=\"widget\" data-widget_type=\"divider.default\">\n\t\t\t\t\t\t\t<div class=\"elementor-divider\">\n\t\t\t<span class=\"elementor-divider-separator\">\n\t\t\t\t\t\t<\/span>\n\t\t<\/div>\n\t\t\t\t\t\t<\/div>\n\t\t\t\t<\/div>\n\t\t<div class=\"elementor-element elementor-element-6f79a761 e-con-full e-flex e-con e-child\" data-id=\"6f79a761\" data-element_type=\"container\" data-e-type=\"container\">\n\t\t\t\t<div class=\"elementor-element elementor-element-5ee60290 elementor-widget elementor-widget-heading\" data-id=\"5ee60290\" data-element_type=\"widget\" data-e-type=\"widget\" data-widget_type=\"heading.default\">\n\t\t\t\t\t<p class=\"elementor-heading-title elementor-size-default\">FlyPix permet aux op\u00e9rateurs portuaires de surveiller leurs actifs \u00e0 distance et d&#039;optimiser leurs op\u00e9rations pour une efficacit\u00e9 et une s\u00e9curit\u00e9 maximales\n\n<\/p>\t\t\t\t<\/div>\n\t\t\t\t<\/div>\n\t\t\t\t<\/div>\n\t\t\t\t\t<\/div>\n\t\t\t\t<\/div>\n\t\t<div class=\"elementor-element elementor-element-f8dd2a9 e-flex e-con-boxed e-con e-parent\" data-id=\"f8dd2a9\" data-element_type=\"container\" data-e-type=\"container\" data-settings=\"{&quot;background_background&quot;:&quot;classic&quot;}\">\n\t\t\t\t\t<div class=\"e-con-inner\">\n\t\t<div class=\"elementor-element elementor-element-224c0e29 e-con-full e-flex e-con e-child\" data-id=\"224c0e29\" data-element_type=\"container\" data-e-type=\"container\">\n\t\t<div class=\"elementor-element elementor-element-36a6a9bd e-con-full e-flex e-con e-child\" data-id=\"36a6a9bd\" data-element_type=\"container\" data-e-type=\"container\" data-settings=\"{&quot;background_background&quot;:&quot;classic&quot;}\">\n\t\t\t\t<\/div>\n\t\t<div class=\"elementor-element elementor-element-557ed970 e-con-full e-flex e-con e-child\" data-id=\"557ed970\" data-element_type=\"container\" data-e-type=\"container\" data-settings=\"{&quot;background_background&quot;:&quot;classic&quot;}\">\n\t\t\t\t<div class=\"elementor-element elementor-element-1b0f9bad elementor-widget elementor-widget-heading\" data-id=\"1b0f9bad\" data-element_type=\"widget\" data-e-type=\"widget\" data-widget_type=\"heading.default\">\n\t\t\t\t\t<p class=\"elementor-heading-title elementor-size-default\">Surveillance des ports et des havres<\/p>\t\t\t\t<\/div>\n\t\t\t\t<div class=\"elementor-element elementor-element-7e14cbdf elementor-widget elementor-widget-text-editor\" data-id=\"7e14cbdf\" data-element_type=\"widget\" data-e-type=\"widget\" data-widget_type=\"text-editor.default\">\n\t\t\t\t\t\t\t\t\t<p>FlyPix AI peut aider les op\u00e9rateurs portuaires \u00e0 am\u00e9liorer la s\u00e9curit\u00e9, \u00e0 r\u00e9duire les temps d&#039;arr\u00eat et \u00e0 optimiser leurs op\u00e9rations en assurant une surveillance efficace et pr\u00e9cise des infrastructures et des activit\u00e9s portuaires. Notre logiciel utilise des algorithmes d&#039;apprentissage automatique pour surveiller les ports et leurs actifs en analysant des images a\u00e9riennes haute r\u00e9solution afin d&#039;identifier des mod\u00e8les et des caract\u00e9ristiques sp\u00e9cifiques correspondant \u00e0 diff\u00e9rents types d&#039;actifs. FlyPix peut ainsi identifier et suivre avec pr\u00e9cision les navires, conteneurs et autres \u00e9quipements, fournissant ainsi des donn\u00e9es pr\u00e9cieuses sur le trafic et la capacit\u00e9 portuaires.<\/p>\t\t\t\t\t\t\t\t<\/div>\n\t\t\t\t<\/div>\n\t\t\t\t<\/div>\n\t\t\t\t\t<\/div>\n\t\t\t\t<\/div>\n\t\t<div class=\"elementor-element elementor-element-ce7838d e-flex e-con-boxed e-con e-parent\" data-id=\"ce7838d\" data-element_type=\"container\" data-e-type=\"container\" data-settings=\"{&quot;background_background&quot;:&quot;classic&quot;}\">\n\t\t\t\t\t<div class=\"e-con-inner\">\n\t\t<div class=\"elementor-element elementor-element-a250c28 e-con-full e-flex e-con e-child\" data-id=\"a250c28\" data-element_type=\"container\" data-e-type=\"container\">\n\t\t<div class=\"elementor-element elementor-element-0480388 e-con-full e-flex e-con e-child\" data-id=\"0480388\" data-element_type=\"container\" data-e-type=\"container\" data-settings=\"{&quot;background_background&quot;:&quot;classic&quot;}\">\n\t\t\t\t<div class=\"elementor-element elementor-element-288d499 elementor-widget elementor-widget-heading\" data-id=\"288d499\" data-element_type=\"widget\" data-e-type=\"widget\" data-widget_type=\"heading.default\">\n\t\t\t\t\t<p class=\"elementor-heading-title elementor-size-default\">Suivi automatis\u00e9 des cargaisons et des conteneurs<\/p>\t\t\t\t<\/div>\n\t\t\t\t<div class=\"elementor-element elementor-element-386fd02 elementor-widget elementor-widget-text-editor\" data-id=\"386fd02\" data-element_type=\"widget\" data-e-type=\"widget\" data-widget_type=\"text-editor.default\">\n\t\t\t\t\t\t\t\t\t<p>FlyPix AI permet de surveiller et de g\u00e9rer les flux de marchandises et de conteneurs dans les ports. En analysant les images satellites et de drones, le syst\u00e8me d&#039;IA peut automatiquement suivre le mouvement des conteneurs, d\u00e9tecter les anomalies et optimiser les processus d&#039;empilage, garantissant ainsi une utilisation optimale de l&#039;espace et r\u00e9duisant le risque de perte ou d&#039;\u00e9garement de marchandises.<\/p>\t\t\t\t\t\t\t\t<\/div>\n\t\t\t\t<\/div>\n\t\t<div class=\"elementor-element elementor-element-e098f51 e-con-full e-flex e-con e-child\" data-id=\"e098f51\" data-element_type=\"container\" data-e-type=\"container\" data-settings=\"{&quot;background_background&quot;:&quot;classic&quot;}\">\n\t\t\t\t<\/div>\n\t\t\t\t<\/div>\n\t\t\t\t\t<\/div>\n\t\t\t\t<\/div>\n\t\t<div class=\"elementor-element elementor-element-88af077 e-flex e-con-boxed e-con e-parent\" data-id=\"88af077\" data-element_type=\"container\" data-e-type=\"container\" data-settings=\"{&quot;background_background&quot;:&quot;classic&quot;}\">\n\t\t\t\t\t<div class=\"e-con-inner\">\n\t\t<div class=\"elementor-element elementor-element-0441a81 e-con-full e-flex e-con e-child\" data-id=\"0441a81\" data-element_type=\"container\" data-e-type=\"container\">\n\t\t<div class=\"elementor-element elementor-element-e0b72cd e-con-full e-flex e-con e-child\" data-id=\"e0b72cd\" data-element_type=\"container\" data-e-type=\"container\" data-settings=\"{&quot;background_background&quot;:&quot;classic&quot;}\">\n\t\t\t\t<\/div>\n\t\t<div class=\"elementor-element elementor-element-869fa4c e-con-full e-flex e-con e-child\" data-id=\"869fa4c\" data-element_type=\"container\" data-e-type=\"container\" data-settings=\"{&quot;background_background&quot;:&quot;classic&quot;}\">\n\t\t\t\t<div class=\"elementor-element elementor-element-49c9525 elementor-widget elementor-widget-heading\" data-id=\"49c9525\" data-element_type=\"widget\" data-e-type=\"widget\" data-widget_type=\"heading.default\">\n\t\t\t\t\t<p class=\"elementor-heading-title elementor-size-default\">S\u00e9curit\u00e9 et surveillance portuaires<\/p>\t\t\t\t<\/div>\n\t\t\t\t<div class=\"elementor-element elementor-element-9adeeab elementor-widget elementor-widget-text-editor\" data-id=\"9adeeab\" data-element_type=\"widget\" data-e-type=\"widget\" data-widget_type=\"text-editor.default\">\n\t\t\t\t\t\t\t\t\t<p>Gr\u00e2ce \u00e0 la d\u00e9tection d&#039;objets par IA, FlyPix AI renforce la s\u00e9curit\u00e9 portuaire en surveillant en permanence les zones \u00e0 fort trafic, les points d&#039;entr\u00e9e et de sortie, ainsi que les zones r\u00e9glement\u00e9es. Le syst\u00e8me d\u00e9tecte en temps r\u00e9el le personnel non autoris\u00e9, les activit\u00e9s suspectes et les menaces potentielles, permettant ainsi une intervention rapide et garantissant la s\u00e9curit\u00e9 des op\u00e9rations portuaires.<\/p>\t\t\t\t\t\t\t\t<\/div>\n\t\t\t\t<\/div>\n\t\t\t\t<\/div>\n\t\t\t\t\t<\/div>\n\t\t\t\t<\/div>\n\t\t<div class=\"elementor-element elementor-element-7b8290c e-flex e-con-boxed e-con e-parent\" data-id=\"7b8290c\" data-element_type=\"container\" data-e-type=\"container\" data-settings=\"{&quot;background_background&quot;:&quot;classic&quot;}\">\n\t\t\t\t\t<div class=\"e-con-inner\">\n\t\t<div class=\"elementor-element elementor-element-00b3ecc e-con-full e-flex e-con e-child\" data-id=\"00b3ecc\" data-element_type=\"container\" data-e-type=\"container\">\n\t\t<div class=\"elementor-element elementor-element-1d84b96 e-con-full e-flex e-con e-child\" data-id=\"1d84b96\" data-element_type=\"container\" data-e-type=\"container\" data-settings=\"{&quot;background_background&quot;:&quot;classic&quot;}\">\n\t\t\t\t<div class=\"elementor-element elementor-element-5f8e8dd elementor-widget elementor-widget-heading\" data-id=\"5f8e8dd\" data-element_type=\"widget\" data-e-type=\"widget\" data-widget_type=\"heading.default\">\n\t\t\t\t\t<p class=\"elementor-heading-title elementor-size-default\">Gestion et optimisation du trafic maritime<\/p>\t\t\t\t<\/div>\n\t\t\t\t<div class=\"elementor-element elementor-element-0963409 elementor-widget elementor-widget-text-editor\" data-id=\"0963409\" data-element_type=\"widget\" data-e-type=\"widget\" data-widget_type=\"text-editor.default\">\n\t\t\t\t\t\t\t\t\t<p>FlyPix AI peut analyser des images satellite et a\u00e9riennes pour surveiller le trafic maritime dans et autour du port. Ce syst\u00e8me d&#039;IA permet d&#039;optimiser les horaires d&#039;accostage, de r\u00e9duire les temps d&#039;attente et de g\u00e9rer efficacement le flux des navires, ce qui permet d&#039;augmenter le d\u00e9bit et de r\u00e9duire les goulots d&#039;\u00e9tranglement op\u00e9rationnels.<\/p>\t\t\t\t\t\t\t\t<\/div>\n\t\t\t\t<\/div>\n\t\t<div class=\"elementor-element elementor-element-af77d5a e-con-full e-flex e-con e-child\" data-id=\"af77d5a\" data-element_type=\"container\" data-e-type=\"container\" data-settings=\"{&quot;background_background&quot;:&quot;classic&quot;}\">\n\t\t\t\t<\/div>\n\t\t\t\t<\/div>\n\t\t\t\t\t<\/div>\n\t\t\t\t<\/div>\n\t\t<div class=\"elementor-element elementor-element-f7df404 e-flex e-con-boxed e-con e-parent\" data-id=\"f7df404\" data-element_type=\"container\" data-e-type=\"container\" data-settings=\"{&quot;background_background&quot;:&quot;classic&quot;}\">\n\t\t\t\t\t<div class=\"e-con-inner\">\n\t\t<div class=\"elementor-element elementor-element-83e84c2 e-con-full e-flex e-con e-child\" data-id=\"83e84c2\" data-element_type=\"container\" data-e-type=\"container\">\n\t\t<div class=\"elementor-element elementor-element-88bcabf e-con-full e-flex e-con e-child\" data-id=\"88bcabf\" data-element_type=\"container\" data-e-type=\"container\" data-settings=\"{&quot;background_background&quot;:&quot;classic&quot;}\">\n\t\t\t\t<\/div>\n\t\t<div class=\"elementor-element elementor-element-e37479d e-con-full e-flex e-con e-child\" data-id=\"e37479d\" data-element_type=\"container\" data-e-type=\"container\" data-settings=\"{&quot;background_background&quot;:&quot;classic&quot;}\">\n\t\t\t\t<div class=\"elementor-element elementor-element-a7e8939 elementor-widget elementor-widget-heading\" data-id=\"a7e8939\" data-element_type=\"widget\" data-e-type=\"widget\" data-widget_type=\"heading.default\">\n\t\t\t\t\t<p class=\"elementor-heading-title elementor-size-default\">Inspection et entretien des infrastructures<\/p>\t\t\t\t<\/div>\n\t\t\t\t<div class=\"elementor-element elementor-element-6a407e5 elementor-widget elementor-widget-text-editor\" data-id=\"6a407e5\" data-element_type=\"widget\" data-e-type=\"widget\" data-widget_type=\"text-editor.default\">\n\t\t\t\t\t\t\t\t\t<p>Gr\u00e2ce \u00e0 la reconnaissance d&#039;images par drone et \u00e0 l&#039;IA FlyPix, les ports peuvent inspecter r\u00e9guli\u00e8rement les infrastructures critiques telles que les quais, les grues et les entrep\u00f4ts. L&#039;IA d\u00e9tecte les signes d&#039;usure, les dommages structurels et autres besoins de maintenance, permettant ainsi des r\u00e9parations rapides et \u00e9vitant des temps d&#039;arr\u00eat co\u00fbteux.<\/p>\t\t\t\t\t\t\t\t<\/div>\n\t\t\t\t<\/div>\n\t\t\t\t<\/div>\n\t\t\t\t\t<\/div>\n\t\t\t\t<\/div>\n\t\t\t\t<\/div>","protected":false},"excerpt":{"rendered":"<p>OBJECT DETECTION FOR PORT OPERATIONS FlyPix Empowers Port Operators to Monitor Assets Remotely and Optimize Operations for Maximum Efficiency and Safety Port &amp; Harbor Monitoring FlyPix AI can help port operators improve safety, reduce downtime, and optimize operations by providing efficient and accurate monitoring of port infrastructure and activities. Our software utilizes machine learning algorithms [&hellip;]<\/p>\n","protected":false},"author":1,"featured_media":3652,"parent":0,"menu_order":0,"comment_status":"closed","ping_status":"closed","template":"","meta":{"_acf_changed":false,"footnotes":""},"class_list":["post-154509","page","type-page","status-publish","has-post-thumbnail","hentry"],"acf":[],"yoast_head":"<!-- This site is optimized with the Yoast SEO plugin v27.3 - https:\/\/yoast.com\/product\/yoast-seo-wordpress\/ -->\n<title>Object Detection Software for Port Operations - Flypix<\/title>\n<meta name=\"description\" content=\"FlyPix Empowers Port Operators to Monitor Assets Remotely and Optimize Operations for Maximum Efficiency and Safety\" \/>\n<meta name=\"robots\" content=\"index, follow, max-snippet:-1, max-image-preview:large, max-video-preview:-1\" \/>\n<link rel=\"canonical\" href=\"https:\/\/flypix.ai\/fr\/object-detection-software-for-port-operations\/\" \/>\n<meta property=\"og:locale\" content=\"fr_FR\" \/>\n<meta property=\"og:type\" content=\"article\" \/>\n<meta property=\"og:title\" content=\"Object Detection Software for Port Operations - Flypix\" \/>\n<meta property=\"og:description\" content=\"FlyPix Empowers Port Operators to Monitor Assets Remotely and Optimize Operations for Maximum Efficiency and Safety\" \/>\n<meta property=\"og:url\" content=\"https:\/\/flypix.ai\/fr\/object-detection-software-for-port-operations\/\" \/>\n<meta property=\"og:site_name\" content=\"Flypix\" \/>\n<meta property=\"article:modified_time\" content=\"2024-09-23T12:59:49+00:00\" \/>\n<meta property=\"og:image\" content=\"https:\/\/flypix.ai\/wp-content\/uploads\/2022\/10\/Flip-08.jpg\" \/>\n\t<meta property=\"og:image:width\" content=\"590\" \/>\n\t<meta property=\"og:image:height\" content=\"715\" \/>\n\t<meta property=\"og:image:type\" content=\"image\/jpeg\" \/>\n<meta name=\"twitter:card\" content=\"summary_large_image\" \/>\n<meta name=\"twitter:label1\" content=\"Dur\u00e9e de lecture estim\u00e9e\" \/>\n\t<meta name=\"twitter:data1\" content=\"2 minutes\" \/>\n<script type=\"application\/ld+json\" class=\"yoast-schema-graph\">{\"@context\":\"https:\\\/\\\/schema.org\",\"@graph\":[{\"@type\":\"WebPage\",\"@id\":\"https:\\\/\\\/flypix.ai\\\/es\\\/object-detection-software-for-port-operations\\\/\",\"url\":\"https:\\\/\\\/flypix.ai\\\/es\\\/object-detection-software-for-port-operations\\\/\",\"name\":\"Object Detection Software for Port Operations - Flypix\",\"isPartOf\":{\"@id\":\"https:\\\/\\\/flypix.ai\\\/#website\"},\"primaryImageOfPage\":{\"@id\":\"https:\\\/\\\/flypix.ai\\\/es\\\/object-detection-software-for-port-operations\\\/#primaryimage\"},\"image\":{\"@id\":\"https:\\\/\\\/flypix.ai\\\/es\\\/object-detection-software-for-port-operations\\\/#primaryimage\"},\"thumbnailUrl\":\"https:\\\/\\\/flypix.ai\\\/wp-content\\\/uploads\\\/2022\\\/10\\\/Flip-08.jpg\",\"datePublished\":\"2023-01-16T11:48:12+00:00\",\"dateModified\":\"2024-09-23T12:59:49+00:00\",\"description\":\"FlyPix Empowers Port Operators to Monitor Assets Remotely and Optimize Operations for Maximum Efficiency and Safety\",\"breadcrumb\":{\"@id\":\"https:\\\/\\\/flypix.ai\\\/es\\\/object-detection-software-for-port-operations\\\/#breadcrumb\"},\"inLanguage\":\"fr-FR\",\"potentialAction\":[{\"@type\":\"ReadAction\",\"target\":[\"https:\\\/\\\/flypix.ai\\\/es\\\/object-detection-software-for-port-operations\\\/\"]}]},{\"@type\":\"ImageObject\",\"inLanguage\":\"fr-FR\",\"@id\":\"https:\\\/\\\/flypix.ai\\\/es\\\/object-detection-software-for-port-operations\\\/#primaryimage\",\"url\":\"https:\\\/\\\/flypix.ai\\\/wp-content\\\/uploads\\\/2022\\\/10\\\/Flip-08.jpg\",\"contentUrl\":\"https:\\\/\\\/flypix.ai\\\/wp-content\\\/uploads\\\/2022\\\/10\\\/Flip-08.jpg\",\"width\":590,\"height\":715,\"caption\":\"port containers\"},{\"@type\":\"BreadcrumbList\",\"@id\":\"https:\\\/\\\/flypix.ai\\\/es\\\/object-detection-software-for-port-operations\\\/#breadcrumb\",\"itemListElement\":[{\"@type\":\"ListItem\",\"position\":1,\"name\":\"Home\",\"item\":\"https:\\\/\\\/flypix.ai\\\/\"},{\"@type\":\"ListItem\",\"position\":2,\"name\":\"Port operations\"}]},{\"@type\":\"WebSite\",\"@id\":\"https:\\\/\\\/flypix.ai\\\/#website\",\"url\":\"https:\\\/\\\/flypix.ai\\\/\",\"name\":\"Flypix\",\"description\":\"AN END-TO-END PLATFORM FOR ENTITY DETECTION, LOCALIZATION AND SEGMENTATION POWERED BY ARTIFICIAL INTELLIGENCE\",\"publisher\":{\"@id\":\"https:\\\/\\\/flypix.ai\\\/#organization\"},\"potentialAction\":[{\"@type\":\"SearchAction\",\"target\":{\"@type\":\"EntryPoint\",\"urlTemplate\":\"https:\\\/\\\/flypix.ai\\\/?s={search_term_string}\"},\"query-input\":{\"@type\":\"PropertyValueSpecification\",\"valueRequired\":true,\"valueName\":\"search_term_string\"}}],\"inLanguage\":\"fr-FR\"},{\"@type\":\"Organization\",\"@id\":\"https:\\\/\\\/flypix.ai\\\/#organization\",\"name\":\"Flypix AI\",\"url\":\"https:\\\/\\\/flypix.ai\\\/\",\"logo\":{\"@type\":\"ImageObject\",\"inLanguage\":\"fr-FR\",\"@id\":\"https:\\\/\\\/flypix.ai\\\/#\\\/schema\\\/logo\\\/image\\\/\",\"url\":\"https:\\\/\\\/flypix.ai\\\/wp-content\\\/uploads\\\/2024\\\/07\\\/logo.svg\",\"contentUrl\":\"https:\\\/\\\/flypix.ai\\\/wp-content\\\/uploads\\\/2024\\\/07\\\/logo.svg\",\"width\":346,\"height\":40,\"caption\":\"Flypix AI\"},\"image\":{\"@id\":\"https:\\\/\\\/flypix.ai\\\/#\\\/schema\\\/logo\\\/image\\\/\"}}]}<\/script>\n<!-- \/ Yoast SEO plugin. -->","yoast_head_json":{"title":"Logiciel de d\u00e9tection d&#039;objets pour les op\u00e9rations portuaires - Flypix","description":"FlyPix permet aux op\u00e9rateurs portuaires de surveiller leurs actifs \u00e0 distance et d&#039;optimiser leurs op\u00e9rations pour une efficacit\u00e9 et une s\u00e9curit\u00e9 maximales","robots":{"index":"index","follow":"follow","max-snippet":"max-snippet:-1","max-image-preview":"max-image-preview:large","max-video-preview":"max-video-preview:-1"},"canonical":"https:\/\/flypix.ai\/fr\/object-detection-software-for-port-operations\/","og_locale":"fr_FR","og_type":"article","og_title":"Object Detection Software for Port Operations - Flypix","og_description":"FlyPix Empowers Port Operators to Monitor Assets Remotely and Optimize Operations for Maximum Efficiency and Safety","og_url":"https:\/\/flypix.ai\/fr\/object-detection-software-for-port-operations\/","og_site_name":"Flypix","article_modified_time":"2024-09-23T12:59:49+00:00","og_image":[{"width":590,"height":715,"url":"https:\/\/flypix.ai\/wp-content\/uploads\/2022\/10\/Flip-08.jpg","type":"image\/jpeg"}],"twitter_card":"summary_large_image","twitter_misc":{"Dur\u00e9e de lecture estim\u00e9e":"2 minutes"},"schema":{"@context":"https:\/\/schema.org","@graph":[{"@type":"WebPage","@id":"https:\/\/flypix.ai\/es\/object-detection-software-for-port-operations\/","url":"https:\/\/flypix.ai\/es\/object-detection-software-for-port-operations\/","name":"Logiciel de d\u00e9tection d&#039;objets pour les op\u00e9rations portuaires - Flypix","isPartOf":{"@id":"https:\/\/flypix.ai\/#website"},"primaryImageOfPage":{"@id":"https:\/\/flypix.ai\/es\/object-detection-software-for-port-operations\/#primaryimage"},"image":{"@id":"https:\/\/flypix.ai\/es\/object-detection-software-for-port-operations\/#primaryimage"},"thumbnailUrl":"https:\/\/flypix.ai\/wp-content\/uploads\/2022\/10\/Flip-08.jpg","datePublished":"2023-01-16T11:48:12+00:00","dateModified":"2024-09-23T12:59:49+00:00","description":"FlyPix permet aux op\u00e9rateurs portuaires de surveiller leurs actifs \u00e0 distance et d&#039;optimiser leurs op\u00e9rations pour une efficacit\u00e9 et une s\u00e9curit\u00e9 maximales","breadcrumb":{"@id":"https:\/\/flypix.ai\/es\/object-detection-software-for-port-operations\/#breadcrumb"},"inLanguage":"fr-FR","potentialAction":[{"@type":"ReadAction","target":["https:\/\/flypix.ai\/es\/object-detection-software-for-port-operations\/"]}]},{"@type":"ImageObject","inLanguage":"fr-FR","@id":"https:\/\/flypix.ai\/es\/object-detection-software-for-port-operations\/#primaryimage","url":"https:\/\/flypix.ai\/wp-content\/uploads\/2022\/10\/Flip-08.jpg","contentUrl":"https:\/\/flypix.ai\/wp-content\/uploads\/2022\/10\/Flip-08.jpg","width":590,"height":715,"caption":"port containers"},{"@type":"BreadcrumbList","@id":"https:\/\/flypix.ai\/es\/object-detection-software-for-port-operations\/#breadcrumb","itemListElement":[{"@type":"ListItem","position":1,"name":"Home","item":"https:\/\/flypix.ai\/"},{"@type":"ListItem","position":2,"name":"Port operations"}]},{"@type":"WebSite","@id":"https:\/\/flypix.ai\/#website","url":"https:\/\/flypix.ai\/","name":"Flypix","description":"UNE PLATEFORME DE BOUT EN BOUT POUR LA D\u00c9TECTION, LA LOCALISATION ET LA SEGMENTATION D&#039;ENTIT\u00c9S ALIMENT\u00c9E PAR L&#039;INTELLIGENCE ARTIFICIELLE","publisher":{"@id":"https:\/\/flypix.ai\/#organization"},"potentialAction":[{"@type":"SearchAction","target":{"@type":"EntryPoint","urlTemplate":"https:\/\/flypix.ai\/?s={search_term_string}"},"query-input":{"@type":"PropertyValueSpecification","valueRequired":true,"valueName":"search_term_string"}}],"inLanguage":"fr-FR"},{"@type":"Organization","@id":"https:\/\/flypix.ai\/#organization","name":"Flypix AI","url":"https:\/\/flypix.ai\/","logo":{"@type":"ImageObject","inLanguage":"fr-FR","@id":"https:\/\/flypix.ai\/#\/schema\/logo\/image\/","url":"https:\/\/flypix.ai\/wp-content\/uploads\/2024\/07\/logo.svg","contentUrl":"https:\/\/flypix.ai\/wp-content\/uploads\/2024\/07\/logo.svg","width":346,"height":40,"caption":"Flypix AI"},"image":{"@id":"https:\/\/flypix.ai\/#\/schema\/logo\/image\/"}}]}},"_links":{"self":[{"href":"https:\/\/flypix.ai\/fr\/wp-json\/wp\/v2\/pages\/154509","targetHints":{"allow":["GET"]}}],"collection":[{"href":"https:\/\/flypix.ai\/fr\/wp-json\/wp\/v2\/pages"}],"about":[{"href":"https:\/\/flypix.ai\/fr\/wp-json\/wp\/v2\/types\/page"}],"author":[{"embeddable":true,"href":"https:\/\/flypix.ai\/fr\/wp-json\/wp\/v2\/users\/1"}],"replies":[{"embeddable":true,"href":"https:\/\/flypix.ai\/fr\/wp-json\/wp\/v2\/comments?post=154509"}],"version-history":[{"count":0,"href":"https:\/\/flypix.ai\/fr\/wp-json\/wp\/v2\/pages\/154509\/revisions"}],"wp:featuredmedia":[{"embeddable":true,"href":"https:\/\/flypix.ai\/fr\/wp-json\/wp\/v2\/media\/3652"}],"wp:attachment":[{"href":"https:\/\/flypix.ai\/fr\/wp-json\/wp\/v2\/media?parent=154509"}],"curies":[{"name":"wp","href":"https:\/\/api.w.org\/{rel}","templated":true}]}}