{"id":154511,"date":"2023-01-16T11:48:53","date_gmt":"2023-01-16T11:48:53","guid":{"rendered":"https:\/\/flypix.ai\/?page_id=154511"},"modified":"2024-09-23T11:00:56","modified_gmt":"2024-09-23T11:00:56","slug":"object-detection-software-for-mine-monitoring","status":"publish","type":"page","link":"https:\/\/flypix.ai\/fr\/object-detection-software-for-mine-monitoring\/","title":{"rendered":"Exploitation mini\u00e8re"},"content":{"rendered":"<div data-elementor-type=\"wp-page\" data-elementor-id=\"154511\" class=\"elementor elementor-154511\" data-elementor-post-type=\"page\">\n\t\t\t\t<div class=\"elementor-element elementor-element-67e2f61d e-flex e-con-boxed e-con e-parent\" data-id=\"67e2f61d\" data-element_type=\"container\" data-e-type=\"container\" data-settings=\"{&quot;background_background&quot;:&quot;classic&quot;}\">\n\t\t\t\t\t<div class=\"e-con-inner\">\n\t\t<div class=\"elementor-element elementor-element-3f9ad3a2 e-con-full e-flex e-con e-child\" data-id=\"3f9ad3a2\" data-element_type=\"container\" data-e-type=\"container\">\n\t\t\t\t<div class=\"elementor-element elementor-element-21f4bac8 elementor-widget elementor-widget-heading\" data-id=\"21f4bac8\" data-element_type=\"widget\" data-e-type=\"widget\" data-widget_type=\"heading.default\">\n\t\t\t\t\t<h1 class=\"elementor-heading-title elementor-size-default\">D\u00c9TECTION D&#039;OBJETS POUR L&#039;INDUSTRIE MINI\u00c8RE<\/h1>\t\t\t\t<\/div>\n\t\t<div class=\"elementor-element elementor-element-25312a4e e-con-full e-flex e-con e-child\" data-id=\"25312a4e\" data-element_type=\"container\" data-e-type=\"container\">\n\t\t\t\t<div class=\"elementor-element elementor-element-490ac508 elementor-widget-divider--view-line elementor-widget elementor-widget-divider\" data-id=\"490ac508\" data-element_type=\"widget\" data-e-type=\"widget\" data-widget_type=\"divider.default\">\n\t\t\t\t\t\t\t<div class=\"elementor-divider\">\n\t\t\t<span class=\"elementor-divider-separator\">\n\t\t\t\t\t\t<\/span>\n\t\t<\/div>\n\t\t\t\t\t\t<\/div>\n\t\t\t\t<\/div>\n\t\t<div class=\"elementor-element elementor-element-25b8196b e-con-full e-flex e-con e-child\" data-id=\"25b8196b\" data-element_type=\"container\" data-e-type=\"container\">\n\t\t\t\t<div class=\"elementor-element elementor-element-2dcb69b4 elementor-widget elementor-widget-heading\" data-id=\"2dcb69b4\" data-element_type=\"widget\" data-e-type=\"widget\" data-widget_type=\"heading.default\">\n\t\t\t\t\t<h2 class=\"elementor-heading-title elementor-size-default\">La technologie de d\u00e9tection d&#039;objets de FlyPix permet aux exploitants miniers de surveiller les routes de transport et les mines \u00e0 ciel ouvert avec pr\u00e9cision et s\u00e9curit\u00e9.<\/h2>\t\t\t\t<\/div>\n\t\t\t\t<\/div>\n\t\t\t\t<\/div>\n\t\t\t\t\t<\/div>\n\t\t\t\t<\/div>\n\t\t<div class=\"elementor-element elementor-element-38a4d895 e-flex e-con-boxed e-con e-parent\" data-id=\"38a4d895\" data-element_type=\"container\" data-e-type=\"container\" data-settings=\"{&quot;background_background&quot;:&quot;classic&quot;}\">\n\t\t\t\t\t<div class=\"e-con-inner\">\n\t\t<div class=\"elementor-element elementor-element-456bbf57 e-con-full e-flex e-con e-child\" data-id=\"456bbf57\" data-element_type=\"container\" data-e-type=\"container\">\n\t\t<div class=\"elementor-element elementor-element-1e831c80 e-con-full e-flex e-con e-child\" data-id=\"1e831c80\" data-element_type=\"container\" data-e-type=\"container\" data-settings=\"{&quot;background_background&quot;:&quot;classic&quot;}\">\n\t\t\t\t<\/div>\n\t\t<div class=\"elementor-element elementor-element-4cc8ef05 e-con-full e-flex e-con e-child\" data-id=\"4cc8ef05\" data-element_type=\"container\" data-e-type=\"container\" data-settings=\"{&quot;background_background&quot;:&quot;classic&quot;}\">\n\t\t\t\t<div class=\"elementor-element elementor-element-526f3f71 elementor-widget elementor-widget-heading\" data-id=\"526f3f71\" data-element_type=\"widget\" data-e-type=\"widget\" data-widget_type=\"heading.default\">\n\t\t\t\t\t<p class=\"elementor-heading-title elementor-size-default\">Surveillance et entretien des routes de transport<\/p>\t\t\t\t<\/div>\n\t\t\t\t<div class=\"elementor-element elementor-element-34a7b056 elementor-widget elementor-widget-text-editor\" data-id=\"34a7b056\" data-element_type=\"widget\" data-e-type=\"widget\" data-widget_type=\"text-editor.default\">\n\t\t\t\t\t\t\t\t\t<p>FlyPix AI peut aider les soci\u00e9t\u00e9s mini\u00e8res \u00e0 am\u00e9liorer la s\u00e9curit\u00e9, \u00e0 r\u00e9duire les temps d&#039;arr\u00eat et \u00e0 optimiser la maintenance en assurant une surveillance efficace et pr\u00e9cise de l&#039;\u00e9tat des routes de transport. Le logiciel de d\u00e9tection d&#039;objets de FlyPix analyse les images a\u00e9riennes pour d\u00e9tecter des motifs et des caract\u00e9ristiques sp\u00e9cifiques correspondant aux dommages caus\u00e9s aux routes, tels que des fissures, des nids-de-poule et des orni\u00e8res.<\/p>\n<p>En d\u00e9tectant et en cartographiant les zones endommag\u00e9es, FlyPix AI peut fournir des informations sur l&#039;\u00e9tat des routes de transport, permettant aux soci\u00e9t\u00e9s mini\u00e8res d&#039;am\u00e9liorer consid\u00e9rablement l&#039;efficacit\u00e9 de la surveillance des routes de transport en couvrant rapidement de vastes zones et en d\u00e9tectant les dommages qui pourraient \u00eatre manqu\u00e9s lors des inspections traditionnelles au niveau du sol.<\/p>\t\t\t\t\t\t\t\t<\/div>\n\t\t\t\t<\/div>\n\t\t\t\t<\/div>\n\t\t<div class=\"elementor-element elementor-element-119db40d e-con-full e-flex e-con e-child\" data-id=\"119db40d\" data-element_type=\"container\" data-e-type=\"container\" data-settings=\"{&quot;background_background&quot;:&quot;classic&quot;}\">\n\t\t<div class=\"elementor-element elementor-element-74e4b127 e-con-full e-flex e-con e-child\" data-id=\"74e4b127\" data-element_type=\"container\" data-e-type=\"container\">\n\t\t\t\t<div class=\"elementor-element elementor-element-43e46e01 elementor-widget elementor-widget-heading\" data-id=\"43e46e01\" data-element_type=\"widget\" data-e-type=\"widget\" data-widget_type=\"heading.default\">\n\t\t\t\t\t<p class=\"elementor-heading-title elementor-size-default\">Surveillance des mines \u00e0 ciel ouvert\n<\/p>\t\t\t\t<\/div>\n\t\t\t\t<div class=\"elementor-element elementor-element-56459ded elementor-widget elementor-widget-text-editor\" data-id=\"56459ded\" data-element_type=\"widget\" data-e-type=\"widget\" data-widget_type=\"text-editor.default\">\n\t\t\t\t\t\t\t\t\t<p>FlyPix AI peut aider les soci\u00e9t\u00e9s mini\u00e8res \u00e0 am\u00e9liorer la s\u00e9curit\u00e9, \u00e0 r\u00e9duire les temps d&#039;arr\u00eat et \u00e0 optimiser leurs op\u00e9rations en assurant une surveillance efficace et pr\u00e9cise de l&#039;\u00e9tat des mines. Notre logiciel de d\u00e9tection d&#039;objets analyse les images a\u00e9riennes pour identifier des sch\u00e9mas et des caract\u00e9ristiques sp\u00e9cifiques correspondant \u00e0 des changements dans l&#039;\u00e9tat des mines, tels que des modifications de la topographie, des activit\u00e9s mini\u00e8res ou de l&#039;emplacement des \u00e9quipements. En d\u00e9tectant et en cartographiant ces changements, FlyPix AI peut fournir des informations sur l&#039;\u00e9tat des mines, permettant ainsi aux soci\u00e9t\u00e9s mini\u00e8res d&#039;optimiser leurs op\u00e9rations et d&#039;allouer leurs ressources plus efficacement. De plus, notre syst\u00e8me de surveillance mini\u00e8re peut am\u00e9liorer consid\u00e9rablement l&#039;efficacit\u00e9 de la surveillance des mines \u00e0 ciel ouvert en couvrant rapidement de vastes zones et en d\u00e9tectant des changements qui pourraient passer inaper\u00e7us lors d&#039;inspections au sol traditionnelles. Cela peut aider les soci\u00e9t\u00e9s mini\u00e8res \u00e0 r\u00e9duire les co\u00fbts d&#039;entretien et de remplacement des \u00e9quipements, ainsi qu&#039;\u00e0 minimiser les risques d&#039;accidents et de blessures pour les travailleurs.<\/p>\t\t\t\t\t\t\t\t<\/div>\n\t\t\t\t<\/div>\n\t\t<div class=\"elementor-element elementor-element-16db5b5f e-con-full e-flex e-con e-child\" data-id=\"16db5b5f\" data-element_type=\"container\" data-e-type=\"container\" data-settings=\"{&quot;background_background&quot;:&quot;classic&quot;}\">\n\t\t\t\t<\/div>\n\t\t\t\t<\/div>\n\t\t\t\t\t<\/div>\n\t\t\t\t<\/div>\n\t\t<div class=\"elementor-element elementor-element-4d1ddaf e-flex e-con-boxed e-con e-parent\" data-id=\"4d1ddaf\" data-element_type=\"container\" data-e-type=\"container\" data-settings=\"{&quot;background_background&quot;:&quot;classic&quot;}\">\n\t\t\t\t\t<div class=\"e-con-inner\">\n\t\t<div class=\"elementor-element elementor-element-2cefae9 e-con-full e-flex e-con e-child\" data-id=\"2cefae9\" data-element_type=\"container\" data-e-type=\"container\">\n\t\t<div class=\"elementor-element elementor-element-658cea0 e-con-full e-flex e-con e-child\" data-id=\"658cea0\" data-element_type=\"container\" data-e-type=\"container\" data-settings=\"{&quot;background_background&quot;:&quot;classic&quot;}\">\n\t\t\t\t<\/div>\n\t\t<div class=\"elementor-element elementor-element-a25c67d e-con-full e-flex e-con e-child\" data-id=\"a25c67d\" data-element_type=\"container\" data-e-type=\"container\" data-settings=\"{&quot;background_background&quot;:&quot;classic&quot;}\">\n\t\t\t\t<div class=\"elementor-element elementor-element-c5514c0 elementor-widget elementor-widget-heading\" data-id=\"c5514c0\" data-element_type=\"widget\" data-e-type=\"widget\" data-widget_type=\"heading.default\">\n\t\t\t\t\t<p class=\"elementor-heading-title elementor-size-default\">Analyse des donn\u00e9es g\u00e9ospatiales pour l&#039;exploration mini\u00e8re<\/p>\t\t\t\t<\/div>\n\t\t\t\t<div class=\"elementor-element elementor-element-fbfacd3 elementor-widget elementor-widget-text-editor\" data-id=\"fbfacd3\" data-element_type=\"widget\" data-e-type=\"widget\" data-widget_type=\"text-editor.default\">\n\t\t\t\t\t\t\t\t\t<p>FlyPix AI permet d&#039;analyser des images satellite et de drone haute r\u00e9solution afin d&#039;identifier des sites miniers potentiels. En d\u00e9tectant des formations g\u00e9ologiques sp\u00e9cifiques, des gisements min\u00e9raux et des anomalies de sol, l&#039;analyse pilot\u00e9e par IA simplifie consid\u00e9rablement les efforts d&#039;exploration, r\u00e9duisant ainsi le temps et les co\u00fbts associ\u00e9s aux m\u00e9thodes de prospection traditionnelles.<\/p><p><br><\/p><p><br><\/p><p><br><\/p>\n<p><\/p>\n<p><\/p>\t\t\t\t\t\t\t\t<\/div>\n\t\t\t\t<\/div>\n\t\t\t\t<\/div>\n\t\t<div class=\"elementor-element elementor-element-9e60654 e-con-full e-flex e-con e-child\" data-id=\"9e60654\" data-element_type=\"container\" data-e-type=\"container\" data-settings=\"{&quot;background_background&quot;:&quot;classic&quot;}\">\n\t\t<div class=\"elementor-element elementor-element-08f4dcd e-con-full e-flex e-con e-child\" data-id=\"08f4dcd\" data-element_type=\"container\" data-e-type=\"container\">\n\t\t\t\t<div class=\"elementor-element elementor-element-fc47a0d elementor-widget elementor-widget-heading\" data-id=\"fc47a0d\" data-element_type=\"widget\" data-e-type=\"widget\" data-widget_type=\"heading.default\">\n\t\t\t\t\t<p class=\"elementor-heading-title elementor-size-default\">Surveillance automatis\u00e9e des sites miniers et conformit\u00e9 en mati\u00e8re de s\u00e9curit\u00e9\n<\/p>\t\t\t\t<\/div>\n\t\t\t\t<div class=\"elementor-element elementor-element-d76fbc4 elementor-widget elementor-widget-text-editor\" data-id=\"d76fbc4\" data-element_type=\"widget\" data-e-type=\"widget\" data-widget_type=\"text-editor.default\">\n\t\t\t\t\t\t\t\t\t<p>Gr\u00e2ce \u00e0 FlyPix AI, les soci\u00e9t\u00e9s mini\u00e8res peuvent surveiller en continu leurs sites gr\u00e2ce \u00e0 des drones et \u00e0 des images satellite. L&#039;IA peut d\u00e9tecter les activit\u00e9s non autoris\u00e9es, suivre l&#039;utilisation des \u00e9quipements et surveiller la s\u00e9curit\u00e9 des travailleurs en temps r\u00e9el. Ce syst\u00e8me de surveillance automatis\u00e9 garantit le respect des r\u00e9glementations de s\u00e9curit\u00e9, minimise les erreurs humaines et am\u00e9liore l&#039;efficacit\u00e9 op\u00e9rationnelle.<\/p><p>\u00a0<\/p><p>\u00a0<\/p><p>\u00a0<\/p>\t\t\t\t\t\t\t\t<\/div>\n\t\t\t\t<\/div>\n\t\t<div class=\"elementor-element elementor-element-1adb1a6 e-con-full e-flex e-con e-child\" data-id=\"1adb1a6\" data-element_type=\"container\" data-e-type=\"container\" data-settings=\"{&quot;background_background&quot;:&quot;classic&quot;}\">\n\t\t\t\t<\/div>\n\t\t\t\t<\/div>\n\t\t\t\t\t<\/div>\n\t\t\t\t<\/div>\n\t\t<div class=\"elementor-element elementor-element-10d06bc e-flex e-con-boxed e-con e-parent\" data-id=\"10d06bc\" data-element_type=\"container\" data-e-type=\"container\" data-settings=\"{&quot;background_background&quot;:&quot;classic&quot;}\">\n\t\t\t\t\t<div class=\"e-con-inner\">\n\t\t<div class=\"elementor-element elementor-element-c416a04 e-con-full e-flex e-con e-child\" data-id=\"c416a04\" data-element_type=\"container\" data-e-type=\"container\">\n\t\t<div class=\"elementor-element elementor-element-fb7c5a5 e-con-full e-flex e-con e-child\" data-id=\"fb7c5a5\" data-element_type=\"container\" data-e-type=\"container\" data-settings=\"{&quot;background_background&quot;:&quot;classic&quot;}\">\n\t\t\t\t<\/div>\n\t\t<div class=\"elementor-element elementor-element-21161e3 e-con-full e-flex e-con e-child\" data-id=\"21161e3\" data-element_type=\"container\" data-e-type=\"container\" data-settings=\"{&quot;background_background&quot;:&quot;classic&quot;}\">\n\t\t\t\t<div class=\"elementor-element elementor-element-5dfa3d0 elementor-widget elementor-widget-heading\" data-id=\"5dfa3d0\" data-element_type=\"widget\" data-e-type=\"widget\" data-widget_type=\"heading.default\">\n\t\t\t\t\t<p class=\"elementor-heading-title elementor-size-default\">Surveillance et att\u00e9nuation de l&#039;impact environnemental<\/p>\t\t\t\t<\/div>\n\t\t\t\t<div class=\"elementor-element elementor-element-aea4a1a elementor-widget elementor-widget-text-editor\" data-id=\"aea4a1a\" data-element_type=\"widget\" data-e-type=\"widget\" data-widget_type=\"text-editor.default\">\n\t\t\t\t\t\t\t\t\t<p>FlyPix AI permet aux soci\u00e9t\u00e9s mini\u00e8res de r\u00e9aliser des \u00e9valuations d\u00e9taill\u00e9es de leur impact environnemental en analysant l&#039;\u00e9volution de la v\u00e9g\u00e9tation, de l&#039;utilisation des terres et des plans d&#039;eau autour des zones mini\u00e8res. La capacit\u00e9 de l&#039;IA \u00e0 traiter de vastes ensembles de donn\u00e9es au fil du temps permet d&#039;identifier la d\u00e9gradation de l&#039;environnement, permettant ainsi aux entreprises de mettre en \u0153uvre des strat\u00e9gies d&#039;att\u00e9nuation en temps opportun et de garantir des pratiques mini\u00e8res durables.<\/p><p>\u00a0<\/p><p>\u00a0<\/p><p>\u00a0<\/p>\t\t\t\t\t\t\t\t<\/div>\n\t\t\t\t<\/div>\n\t\t\t\t<\/div>\n\t\t<div class=\"elementor-element elementor-element-c01d926 e-con-full e-flex e-con e-child\" data-id=\"c01d926\" data-element_type=\"container\" data-e-type=\"container\" data-settings=\"{&quot;background_background&quot;:&quot;classic&quot;}\">\n\t\t<div class=\"elementor-element elementor-element-1226d6f e-con-full e-flex e-con e-child\" data-id=\"1226d6f\" data-element_type=\"container\" data-e-type=\"container\">\n\t\t\t\t<div class=\"elementor-element elementor-element-251cf3e elementor-widget elementor-widget-heading\" data-id=\"251cf3e\" data-element_type=\"widget\" data-e-type=\"widget\" data-widget_type=\"heading.default\">\n\t\t\t\t\t<p class=\"elementor-heading-title elementor-size-default\">Maintenance des infrastructures et efficacit\u00e9 op\u00e9rationnelle<\/p>\t\t\t\t<\/div>\n\t\t\t\t<div class=\"elementor-element elementor-element-32e40c0 elementor-widget elementor-widget-text-editor\" data-id=\"32e40c0\" data-element_type=\"widget\" data-e-type=\"widget\" data-widget_type=\"text-editor.default\">\n\t\t\t\t\t\t\t\t\t<p>FlyPix AI peut \u00eatre utilis\u00e9 pour l&#039;inspection et la maintenance des infrastructures mini\u00e8res critiques, telles que les pipelines, les routes et les installations de traitement. Gr\u00e2ce \u00e0 l&#039;imagerie par drone et \u00e0 la d\u00e9tection d&#039;objets pilot\u00e9e par l&#039;IA, le syst\u00e8me peut identifier les faiblesses structurelles, surveiller l&#039;\u00e9tat des \u00e9quipements et anticiper les besoins de maintenance. Cette approche proactive permet de r\u00e9duire les temps d&#039;arr\u00eat, d&#039;\u00e9viter les pannes co\u00fbteuses et de garantir le bon fonctionnement des activit\u00e9s mini\u00e8res.<\/p><p>\u00a0<\/p><p>\u00a0<\/p><p>\u00a0<\/p>\t\t\t\t\t\t\t\t<\/div>\n\t\t\t\t<\/div>\n\t\t<div class=\"elementor-element elementor-element-0bff9c3 e-con-full e-flex e-con e-child\" data-id=\"0bff9c3\" data-element_type=\"container\" data-e-type=\"container\" data-settings=\"{&quot;background_background&quot;:&quot;classic&quot;}\">\n\t\t\t\t<\/div>\n\t\t\t\t<\/div>\n\t\t\t\t\t<\/div>\n\t\t\t\t<\/div>\n\t\t\t\t<\/div>","protected":false},"excerpt":{"rendered":"<p>OBJECT DETECTION FOR MINING INDUSTRY FlyPix&#8217;s Object Detection Technology Empowers Mine Operators to Monitor Haul Roads and Open Pit Mines with Precision and Safety. Haul Road Monitoring &amp; Maintenance FlyPix AI can help mining companies improve safety, reduce downtime, and optimize maintenance by providing efficient and accurate monitoring of haul road conditions. FlyPix&#8217;s object detection [&hellip;]<\/p>\n","protected":false},"author":1,"featured_media":3653,"parent":0,"menu_order":0,"comment_status":"closed","ping_status":"closed","template":"","meta":{"_acf_changed":false,"footnotes":""},"class_list":["post-154511","page","type-page","status-publish","has-post-thumbnail","hentry"],"acf":[],"yoast_head":"<!-- This site is optimized with the Yoast SEO plugin v27.3 - https:\/\/yoast.com\/product\/yoast-seo-wordpress\/ -->\n<title>Object Detection Software for Mine Monitoring - Flypix<\/title>\n<meta name=\"description\" content=\"FlyPix&#039;s Object Detection Technology Empowers Mine Operators to Monitor Haul Roads and Open Pit Mines with Precision and Safety.\" \/>\n<meta name=\"robots\" content=\"index, follow, max-snippet:-1, max-image-preview:large, max-video-preview:-1\" \/>\n<link rel=\"canonical\" href=\"https:\/\/flypix.ai\/fr\/object-detection-software-for-mine-monitoring\/\" \/>\n<meta property=\"og:locale\" content=\"fr_FR\" \/>\n<meta property=\"og:type\" content=\"article\" \/>\n<meta property=\"og:title\" content=\"Object Detection Software for Mine Monitoring - Flypix\" \/>\n<meta property=\"og:description\" content=\"FlyPix&#039;s Object Detection Technology Empowers Mine Operators to Monitor Haul Roads and Open Pit Mines with Precision and Safety.\" \/>\n<meta property=\"og:url\" content=\"https:\/\/flypix.ai\/fr\/object-detection-software-for-mine-monitoring\/\" \/>\n<meta property=\"og:site_name\" content=\"Flypix\" \/>\n<meta property=\"article:modified_time\" content=\"2024-09-23T11:00:56+00:00\" \/>\n<meta property=\"og:image\" content=\"https:\/\/flypix.ai\/wp-content\/uploads\/2022\/10\/Flip-09.jpg\" \/>\n\t<meta property=\"og:image:width\" content=\"590\" \/>\n\t<meta property=\"og:image:height\" content=\"715\" \/>\n\t<meta property=\"og:image:type\" content=\"image\/jpeg\" \/>\n<meta name=\"twitter:card\" content=\"summary_large_image\" \/>\n<meta name=\"twitter:label1\" content=\"Dur\u00e9e de lecture estim\u00e9e\" \/>\n\t<meta name=\"twitter:data1\" content=\"3 minutes\" \/>\n<script type=\"application\/ld+json\" class=\"yoast-schema-graph\">{\"@context\":\"https:\\\/\\\/schema.org\",\"@graph\":[{\"@type\":\"WebPage\",\"@id\":\"https:\\\/\\\/flypix.ai\\\/object-detection-software-for-mine-monitoring\\\/\",\"url\":\"https:\\\/\\\/flypix.ai\\\/object-detection-software-for-mine-monitoring\\\/\",\"name\":\"Object Detection Software for Mine Monitoring - Flypix\",\"isPartOf\":{\"@id\":\"https:\\\/\\\/flypix.ai\\\/#website\"},\"primaryImageOfPage\":{\"@id\":\"https:\\\/\\\/flypix.ai\\\/object-detection-software-for-mine-monitoring\\\/#primaryimage\"},\"image\":{\"@id\":\"https:\\\/\\\/flypix.ai\\\/object-detection-software-for-mine-monitoring\\\/#primaryimage\"},\"thumbnailUrl\":\"https:\\\/\\\/flypix.ai\\\/wp-content\\\/uploads\\\/2022\\\/10\\\/Flip-09.jpg\",\"datePublished\":\"2023-01-16T11:48:53+00:00\",\"dateModified\":\"2024-09-23T11:00:56+00:00\",\"description\":\"FlyPix's Object Detection Technology Empowers Mine Operators to Monitor Haul Roads and Open Pit Mines with Precision and Safety.\",\"breadcrumb\":{\"@id\":\"https:\\\/\\\/flypix.ai\\\/object-detection-software-for-mine-monitoring\\\/#breadcrumb\"},\"inLanguage\":\"fr-FR\",\"potentialAction\":[{\"@type\":\"ReadAction\",\"target\":[\"https:\\\/\\\/flypix.ai\\\/object-detection-software-for-mine-monitoring\\\/\"]}]},{\"@type\":\"ImageObject\",\"inLanguage\":\"fr-FR\",\"@id\":\"https:\\\/\\\/flypix.ai\\\/object-detection-software-for-mine-monitoring\\\/#primaryimage\",\"url\":\"https:\\\/\\\/flypix.ai\\\/wp-content\\\/uploads\\\/2022\\\/10\\\/Flip-09.jpg\",\"contentUrl\":\"https:\\\/\\\/flypix.ai\\\/wp-content\\\/uploads\\\/2022\\\/10\\\/Flip-09.jpg\",\"width\":590,\"height\":715},{\"@type\":\"BreadcrumbList\",\"@id\":\"https:\\\/\\\/flypix.ai\\\/object-detection-software-for-mine-monitoring\\\/#breadcrumb\",\"itemListElement\":[{\"@type\":\"ListItem\",\"position\":1,\"name\":\"Home\",\"item\":\"https:\\\/\\\/flypix.ai\\\/\"},{\"@type\":\"ListItem\",\"position\":2,\"name\":\"Mining\"}]},{\"@type\":\"WebSite\",\"@id\":\"https:\\\/\\\/flypix.ai\\\/#website\",\"url\":\"https:\\\/\\\/flypix.ai\\\/\",\"name\":\"Flypix\",\"description\":\"AN END-TO-END PLATFORM FOR ENTITY DETECTION, LOCALIZATION AND SEGMENTATION POWERED BY ARTIFICIAL INTELLIGENCE\",\"publisher\":{\"@id\":\"https:\\\/\\\/flypix.ai\\\/#organization\"},\"potentialAction\":[{\"@type\":\"SearchAction\",\"target\":{\"@type\":\"EntryPoint\",\"urlTemplate\":\"https:\\\/\\\/flypix.ai\\\/?s={search_term_string}\"},\"query-input\":{\"@type\":\"PropertyValueSpecification\",\"valueRequired\":true,\"valueName\":\"search_term_string\"}}],\"inLanguage\":\"fr-FR\"},{\"@type\":\"Organization\",\"@id\":\"https:\\\/\\\/flypix.ai\\\/#organization\",\"name\":\"Flypix AI\",\"url\":\"https:\\\/\\\/flypix.ai\\\/\",\"logo\":{\"@type\":\"ImageObject\",\"inLanguage\":\"fr-FR\",\"@id\":\"https:\\\/\\\/flypix.ai\\\/#\\\/schema\\\/logo\\\/image\\\/\",\"url\":\"https:\\\/\\\/flypix.ai\\\/wp-content\\\/uploads\\\/2024\\\/07\\\/logo.svg\",\"contentUrl\":\"https:\\\/\\\/flypix.ai\\\/wp-content\\\/uploads\\\/2024\\\/07\\\/logo.svg\",\"width\":346,\"height\":40,\"caption\":\"Flypix AI\"},\"image\":{\"@id\":\"https:\\\/\\\/flypix.ai\\\/#\\\/schema\\\/logo\\\/image\\\/\"}}]}<\/script>\n<!-- \/ Yoast SEO plugin. -->","yoast_head_json":{"title":"Logiciel de d\u00e9tection d&#039;objets pour la surveillance des mines - Flypix","description":"La technologie de d\u00e9tection d&#039;objets de FlyPix permet aux exploitants miniers de surveiller les routes de transport et les mines \u00e0 ciel ouvert avec pr\u00e9cision et s\u00e9curit\u00e9.","robots":{"index":"index","follow":"follow","max-snippet":"max-snippet:-1","max-image-preview":"max-image-preview:large","max-video-preview":"max-video-preview:-1"},"canonical":"https:\/\/flypix.ai\/fr\/object-detection-software-for-mine-monitoring\/","og_locale":"fr_FR","og_type":"article","og_title":"Object Detection Software for Mine Monitoring - Flypix","og_description":"FlyPix's Object Detection Technology Empowers Mine Operators to Monitor Haul Roads and Open Pit Mines with Precision and Safety.","og_url":"https:\/\/flypix.ai\/fr\/object-detection-software-for-mine-monitoring\/","og_site_name":"Flypix","article_modified_time":"2024-09-23T11:00:56+00:00","og_image":[{"width":590,"height":715,"url":"https:\/\/flypix.ai\/wp-content\/uploads\/2022\/10\/Flip-09.jpg","type":"image\/jpeg"}],"twitter_card":"summary_large_image","twitter_misc":{"Dur\u00e9e de lecture estim\u00e9e":"3 minutes"},"schema":{"@context":"https:\/\/schema.org","@graph":[{"@type":"WebPage","@id":"https:\/\/flypix.ai\/object-detection-software-for-mine-monitoring\/","url":"https:\/\/flypix.ai\/object-detection-software-for-mine-monitoring\/","name":"Logiciel de d\u00e9tection d&#039;objets pour la surveillance des mines - Flypix","isPartOf":{"@id":"https:\/\/flypix.ai\/#website"},"primaryImageOfPage":{"@id":"https:\/\/flypix.ai\/object-detection-software-for-mine-monitoring\/#primaryimage"},"image":{"@id":"https:\/\/flypix.ai\/object-detection-software-for-mine-monitoring\/#primaryimage"},"thumbnailUrl":"https:\/\/flypix.ai\/wp-content\/uploads\/2022\/10\/Flip-09.jpg","datePublished":"2023-01-16T11:48:53+00:00","dateModified":"2024-09-23T11:00:56+00:00","description":"La technologie de d\u00e9tection d&#039;objets de FlyPix permet aux exploitants miniers de surveiller les routes de transport et les mines \u00e0 ciel ouvert avec pr\u00e9cision et s\u00e9curit\u00e9.","breadcrumb":{"@id":"https:\/\/flypix.ai\/object-detection-software-for-mine-monitoring\/#breadcrumb"},"inLanguage":"fr-FR","potentialAction":[{"@type":"ReadAction","target":["https:\/\/flypix.ai\/object-detection-software-for-mine-monitoring\/"]}]},{"@type":"ImageObject","inLanguage":"fr-FR","@id":"https:\/\/flypix.ai\/object-detection-software-for-mine-monitoring\/#primaryimage","url":"https:\/\/flypix.ai\/wp-content\/uploads\/2022\/10\/Flip-09.jpg","contentUrl":"https:\/\/flypix.ai\/wp-content\/uploads\/2022\/10\/Flip-09.jpg","width":590,"height":715},{"@type":"BreadcrumbList","@id":"https:\/\/flypix.ai\/object-detection-software-for-mine-monitoring\/#breadcrumb","itemListElement":[{"@type":"ListItem","position":1,"name":"Home","item":"https:\/\/flypix.ai\/"},{"@type":"ListItem","position":2,"name":"Mining"}]},{"@type":"WebSite","@id":"https:\/\/flypix.ai\/#website","url":"https:\/\/flypix.ai\/","name":"Flypix","description":"UNE PLATEFORME DE BOUT EN BOUT POUR LA D\u00c9TECTION, LA LOCALISATION ET LA SEGMENTATION D&#039;ENTIT\u00c9S ALIMENT\u00c9E PAR L&#039;INTELLIGENCE ARTIFICIELLE","publisher":{"@id":"https:\/\/flypix.ai\/#organization"},"potentialAction":[{"@type":"SearchAction","target":{"@type":"EntryPoint","urlTemplate":"https:\/\/flypix.ai\/?s={search_term_string}"},"query-input":{"@type":"PropertyValueSpecification","valueRequired":true,"valueName":"search_term_string"}}],"inLanguage":"fr-FR"},{"@type":"Organization","@id":"https:\/\/flypix.ai\/#organization","name":"Flypix AI","url":"https:\/\/flypix.ai\/","logo":{"@type":"ImageObject","inLanguage":"fr-FR","@id":"https:\/\/flypix.ai\/#\/schema\/logo\/image\/","url":"https:\/\/flypix.ai\/wp-content\/uploads\/2024\/07\/logo.svg","contentUrl":"https:\/\/flypix.ai\/wp-content\/uploads\/2024\/07\/logo.svg","width":346,"height":40,"caption":"Flypix AI"},"image":{"@id":"https:\/\/flypix.ai\/#\/schema\/logo\/image\/"}}]}},"_links":{"self":[{"href":"https:\/\/flypix.ai\/fr\/wp-json\/wp\/v2\/pages\/154511","targetHints":{"allow":["GET"]}}],"collection":[{"href":"https:\/\/flypix.ai\/fr\/wp-json\/wp\/v2\/pages"}],"about":[{"href":"https:\/\/flypix.ai\/fr\/wp-json\/wp\/v2\/types\/page"}],"author":[{"embeddable":true,"href":"https:\/\/flypix.ai\/fr\/wp-json\/wp\/v2\/users\/1"}],"replies":[{"embeddable":true,"href":"https:\/\/flypix.ai\/fr\/wp-json\/wp\/v2\/comments?post=154511"}],"version-history":[{"count":0,"href":"https:\/\/flypix.ai\/fr\/wp-json\/wp\/v2\/pages\/154511\/revisions"}],"wp:featuredmedia":[{"embeddable":true,"href":"https:\/\/flypix.ai\/fr\/wp-json\/wp\/v2\/media\/3653"}],"wp:attachment":[{"href":"https:\/\/flypix.ai\/fr\/wp-json\/wp\/v2\/media?parent=154511"}],"curies":[{"name":"wp","href":"https:\/\/api.w.org\/{rel}","templated":true}]}}