{"id":154824,"date":"2023-04-10T14:41:24","date_gmt":"2023-04-10T14:41:24","guid":{"rendered":"https:\/\/flypix.ai\/?page_id=154824"},"modified":"2024-07-11T13:30:09","modified_gmt":"2024-07-11T13:30:09","slug":"privacy-policy","status":"publish","type":"page","link":"https:\/\/flypix.ai\/fr\/privacy-policy\/","title":{"rendered":"politique de confidentialit\u00e9"},"content":{"rendered":"<div data-elementor-type=\"wp-page\" data-elementor-id=\"154824\" class=\"elementor elementor-154824\" data-elementor-post-type=\"page\">\n\t\t\t\t<div class=\"elementor-element elementor-element-50ff507 e-flex e-con-boxed e-con e-parent\" data-id=\"50ff507\" data-element_type=\"container\" data-e-type=\"container\">\n\t\t\t\t\t<div class=\"e-con-inner\">\n\t\t<div class=\"elementor-element elementor-element-9e5cf30 e-con-full e-flex e-con e-child\" data-id=\"9e5cf30\" data-element_type=\"container\" data-e-type=\"container\">\n\t\t\t\t<div class=\"elementor-element elementor-element-e16a1a9 elementor-widget elementor-widget-heading\" data-id=\"e16a1a9\" data-element_type=\"widget\" data-e-type=\"widget\" data-widget_type=\"heading.default\">\n\t\t\t\t\t<h1 class=\"elementor-heading-title elementor-size-default\">politique de confidentialit\u00e9<\/h1>\t\t\t\t<\/div>\n\t\t\t\t<div class=\"elementor-element elementor-element-8c9517d elementor-widget elementor-widget-heading\" data-id=\"8c9517d\" data-element_type=\"widget\" data-e-type=\"widget\" data-widget_type=\"heading.default\">\n\t\t\t\t\t<h2 class=\"elementor-heading-title elementor-size-default\">Introduction<\/h2>\t\t\t\t<\/div>\n\t\t\t\t<div class=\"elementor-element elementor-element-1c15ca4 elementor-widget elementor-widget-text-editor\" data-id=\"1c15ca4\" data-element_type=\"widget\" data-e-type=\"widget\" data-widget_type=\"text-editor.default\">\n\t\t\t\t\t\t\t\t\t<p>Cette politique de confidentialit\u00e9 s&#039;applique aux services en ligne propos\u00e9s par FlyPix AI GmbH, accessibles via www.flypix.ai (\u00ab\u00a0le site web\u00a0\u00bb) ou app.flypix.tech (\u00ab\u00a0l&#039;application\u00a0\u00bb). Notre engagement en mati\u00e8re de confidentialit\u00e9 est primordial, et ce document explique comment nous traitons les informations collect\u00e9es et enregistr\u00e9es sur le site web ou l&#039;application. Pour toute question ou information compl\u00e9mentaire concernant notre politique de confidentialit\u00e9, veuillez nous contacter.<\/p>\t\t\t\t\t\t\t\t<\/div>\n\t\t\t\t<div class=\"elementor-element elementor-element-2c7bebb elementor-widget elementor-widget-heading\" data-id=\"2c7bebb\" data-element_type=\"widget\" data-e-type=\"widget\" data-widget_type=\"heading.default\">\n\t\t\t\t\t<h2 class=\"elementor-heading-title elementor-size-default\">Modifications et mises \u00e0 jour de la politique de confidentialit\u00e9<\/h2>\t\t\t\t<\/div>\n\t\t\t\t<div class=\"elementor-element elementor-element-e42499a elementor-widget elementor-widget-text-editor\" data-id=\"e42499a\" data-element_type=\"widget\" data-e-type=\"widget\" data-widget_type=\"text-editor.default\">\n\t\t\t\t\t\t\t\t\t<p>Nous nous r\u00e9servons le droit de modifier la pr\u00e9sente Politique de confidentialit\u00e9. Les modifications importantes vous seront communiqu\u00e9es via notre site web ou par d&#039;autres moyens, afin que vous soyez toujours inform\u00e9 des informations que nous collectons, de la mani\u00e8re dont nous les utilisons et des circonstances, le cas \u00e9ch\u00e9ant, dans lesquelles nous les divulguons.<\/p>\t\t\t\t\t\t\t\t<\/div>\n\t\t\t\t<div class=\"elementor-element elementor-element-6774740 elementor-widget elementor-widget-heading\" data-id=\"6774740\" data-element_type=\"widget\" data-e-type=\"widget\" data-widget_type=\"heading.default\">\n\t\t\t\t\t<h2 class=\"elementor-heading-title elementor-size-default\">Collecte et utilisation des donn\u00e9es<\/h2>\t\t\t\t<\/div>\n\t\t\t\t<div class=\"elementor-element elementor-element-ebbdb2b elementor-widget elementor-widget-heading\" data-id=\"ebbdb2b\" data-element_type=\"widget\" data-e-type=\"widget\" data-widget_type=\"heading.default\">\n\t\t\t\t\t<h3 class=\"elementor-heading-title elementor-size-default\">Fichiers journaux<\/h3>\t\t\t\t<\/div>\n\t\t\t\t<div class=\"elementor-element elementor-element-c4b61ba elementor-widget elementor-widget-text-editor\" data-id=\"c4b61ba\" data-element_type=\"widget\" data-e-type=\"widget\" data-widget_type=\"text-editor.default\">\n\t\t\t\t\t\t\t\t\t<p>Dans le cadre de nos pratiques habituelles, nous collectons des donn\u00e9es via des fichiers journaux. Ces donn\u00e9es peuvent inclure les adresses IP (protocole Internet), les types de navigateurs, les FAI, les horodatages, les pages de renvoi\/sortie et le nombre de clics. Ces donn\u00e9es facilitent l&#039;analyse des tendances, l&#039;administration du site, le suivi des mouvements des utilisateurs et la collecte d&#039;informations d\u00e9mographiques.<\/p>\t\t\t\t\t\t\t\t<\/div>\n\t\t\t\t<div class=\"elementor-element elementor-element-a25f90c elementor-widget elementor-widget-heading\" data-id=\"a25f90c\" data-element_type=\"widget\" data-e-type=\"widget\" data-widget_type=\"heading.default\">\n\t\t\t\t\t<h3 class=\"elementor-heading-title elementor-size-default\">Cookies et balises Web<\/h3>\t\t\t\t<\/div>\n\t\t\t\t<div class=\"elementor-element elementor-element-0f27532 elementor-widget elementor-widget-text-editor\" data-id=\"0f27532\" data-element_type=\"widget\" data-e-type=\"widget\" data-widget_type=\"text-editor.default\">\n\t\t\t\t\t\t\t\t\t<p>Nous utilisons des cookies pour stocker des informations sur les pr\u00e9f\u00e9rences des visiteurs et les pages du site Web ou de l&#039;application auxquelles le visiteur a acc\u00e9d\u00e9 ou visit\u00e9, afin d&#039;optimiser l&#039;exp\u00e9rience utilisateur en personnalisant le contenu de la page Web en fonction des types de navigateur des visiteurs et\/ou d&#039;autres informations.<\/p>\t\t\t\t\t\t\t\t<\/div>\n\t\t\t\t<div class=\"elementor-element elementor-element-c2717d0 elementor-widget elementor-widget-heading\" data-id=\"c2717d0\" data-element_type=\"widget\" data-e-type=\"widget\" data-widget_type=\"heading.default\">\n\t\t\t\t\t<h3 class=\"elementor-heading-title elementor-size-default\">Services API Google\n<\/h3>\t\t\t\t<\/div>\n\t\t\t\t<div class=\"elementor-element elementor-element-1bbe262 elementor-widget elementor-widget-text-editor\" data-id=\"1bbe262\" data-element_type=\"widget\" data-e-type=\"widget\" data-widget_type=\"text-editor.default\">\n\t\t\t\t\t\t\t\t\t<p>Conform\u00e9ment \u00e0 la Politique relative aux donn\u00e9es utilisateur des services API de Google, nous d\u00e9clarons avec pr\u00e9cision notre identit\u00e9 et nos intentions lorsque nous demandons des donn\u00e9es utilisateur Google. Nous divulguons clairement\u00a0:<\/p>\n<ul>\n<li><strong>Identit\u00e9<\/strong>: L&#039;identit\u00e9 de notre application acc\u00e9dant aux donn\u00e9es utilisateur de Google.<\/li>\n<li><strong>Donn\u00e9es demand\u00e9es<\/strong>: Types de donn\u00e9es utilisateur Google que nous demandons.<\/li>\n<li><strong>But<\/strong>:Les finalit\u00e9s pour lesquelles nous demandons les donn\u00e9es utilisateur de Google.<\/li>\n<\/ul>\t\t\t\t\t\t\t\t<\/div>\n\t\t\t\t<div class=\"elementor-element elementor-element-7cf02dd elementor-widget elementor-widget-heading\" data-id=\"7cf02dd\" data-element_type=\"widget\" data-e-type=\"widget\" data-widget_type=\"heading.default\">\n\t\t\t\t\t<h2 class=\"elementor-heading-title elementor-size-default\">Annonceurs tiers et politiques de confidentialit\u00e9<\/h2>\t\t\t\t<\/div>\n\t\t\t\t<div class=\"elementor-element elementor-element-4cde19d elementor-widget elementor-widget-text-editor\" data-id=\"4cde19d\" data-element_type=\"widget\" data-e-type=\"widget\" data-widget_type=\"text-editor.default\">\n\t\t\t\t\t\t\t\t\t<p>Nous utilisons des serveurs ou r\u00e9seaux publicitaires tiers, qui utilisent des technologies telles que les cookies, JavaScript ou les balises web dans leurs publicit\u00e9s et liens sur le site web ou l&#039;application. Leurs pratiques sont d\u00e9taill\u00e9es dans leurs politiques de confidentialit\u00e9 respectives.<\/p>\n<p><strong>Connexion Google<\/strong>:Nous utilisons Google Sign-In pour l&#039;authentification, conform\u00e9ment \u00e0 la politique relative aux donn\u00e9es utilisateur des services API de Google, y compris l&#039;acc\u00e8s transparent aux donn\u00e9es et les divulgations d&#039;utilisation.<\/p>\t\t\t\t\t\t\t\t<\/div>\n\t\t\t\t<div class=\"elementor-element elementor-element-85f5890 elementor-widget elementor-widget-heading\" data-id=\"85f5890\" data-element_type=\"widget\" data-e-type=\"widget\" data-widget_type=\"heading.default\">\n\t\t\t\t\t<h2 class=\"elementor-heading-title elementor-size-default\">Informations pour les enfants<\/h2>\t\t\t\t<\/div>\n\t\t\t\t<div class=\"elementor-element elementor-element-cc2d6ad elementor-widget elementor-widget-text-editor\" data-id=\"cc2d6ad\" data-element_type=\"widget\" data-e-type=\"widget\" data-widget_type=\"text-editor.default\">\n\t\t\t\t\t\t\t\t\t<p>Nous ne collectons pas sciemment d&#039;informations personnelles aupr\u00e8s d&#039;enfants de moins de 13 ans. Notre utilisation de technologies publicitaires tierces est r\u00e9gie par leurs politiques de confidentialit\u00e9 respectives.<\/p>\n<p><strong>Applications destin\u00e9es aux enfants<\/strong>:Nous respectons la loi sur la protection de la vie priv\u00e9e des enfants en ligne (COPPA) et n&#039;utilisons pas Google Sign-In ni d&#039;autres services API Google qui acc\u00e8dent aux donn\u00e9es associ\u00e9es \u00e0 un compte Google dans des applications destin\u00e9es principalement aux enfants.<\/p>\t\t\t\t\t\t\t\t<\/div>\n\t\t\t\t<div class=\"elementor-element elementor-element-4f3f1a9 elementor-widget elementor-widget-heading\" data-id=\"4f3f1a9\" data-element_type=\"widget\" data-e-type=\"widget\" data-widget_type=\"heading.default\">\n\t\t\t\t\t<h2 class=\"elementor-heading-title elementor-size-default\">S\u00e9curit\u00e9 et protection des donn\u00e9es\n<\/h2>\t\t\t\t<\/div>\n\t\t\t\t<div class=\"elementor-element elementor-element-73c78ca elementor-widget elementor-widget-text-editor\" data-id=\"73c78ca\" data-element_type=\"widget\" data-e-type=\"widget\" data-widget_type=\"text-editor.default\">\n\t\t\t\t\t\t\t\t\t<p>Nous garantissons la s\u00e9curit\u00e9 des donn\u00e9es en transit et au repos et prenons les mesures appropri\u00e9es pour les prot\u00e9ger contre tout acc\u00e8s, utilisation, destruction, perte, alt\u00e9ration ou divulgation non autoris\u00e9s ou ill\u00e9gaux.<\/p>\n<p><strong>Services API Google<\/strong>:Nous maintenons un environnement d&#039;exploitation s\u00e9curis\u00e9 pour les applications et les syst\u00e8mes utilisant les services API Google, conform\u00e9ment aux exigences de s\u00e9curit\u00e9 et de confidentialit\u00e9 de Google.<\/p>\t\t\t\t\t\t\t\t<\/div>\n\t\t\t\t<div class=\"elementor-element elementor-element-dd9bbb1 elementor-widget elementor-widget-heading\" data-id=\"dd9bbb1\" data-element_type=\"widget\" data-e-type=\"widget\" data-widget_type=\"heading.default\">\n\t\t\t\t\t<h2 class=\"elementor-heading-title elementor-size-default\">Consentement et droits de l&#039;utilisateur\n<\/h2>\t\t\t\t<\/div>\n\t\t\t\t<div class=\"elementor-element elementor-element-1c3b767 elementor-widget elementor-widget-text-editor\" data-id=\"1c3b767\" data-element_type=\"widget\" data-e-type=\"widget\" data-widget_type=\"text-editor.default\">\n\t\t\t\t\t\t\t\t\t<p>En utilisant notre site Web ou notre application, vous consentez \u00e0 notre politique de confidentialit\u00e9 et acceptez ses conditions g\u00e9n\u00e9rales.<\/p>\n<p>Les utilisateurs ont le droit de comprendre comment leurs donn\u00e9es sont utilis\u00e9es et peuvent demander l\u2019acc\u00e8s ou la suppression de leurs donn\u00e9es personnelles.<\/p>\t\t\t\t\t\t\t\t<\/div>\n\t\t\t\t<div class=\"elementor-element elementor-element-79d6ff4 elementor-widget elementor-widget-heading\" data-id=\"79d6ff4\" data-element_type=\"widget\" data-e-type=\"widget\" data-widget_type=\"heading.default\">\n\t\t\t\t\t<h2 class=\"elementor-heading-title elementor-size-default\">Coordonn\u00e9es\n<\/h2>\t\t\t\t<\/div>\n\t\t\t\t<div class=\"elementor-element elementor-element-5ee2fe0 elementor-widget elementor-widget-text-editor\" data-id=\"5ee2fe0\" data-element_type=\"widget\" data-e-type=\"widget\" data-widget_type=\"text-editor.default\">\n\t\t\t\t\t\t\t\t\t<p>Pour toute question ou pr\u00e9occupation concernant notre politique de confidentialit\u00e9 ou nos pratiques en mati\u00e8re de donn\u00e9es, veuillez nous contacter \u00e0 support@flypix.ai<\/p>\n<div id=\"fl-main-content\" class=\"fl-page-content\" role=\"main\">\n<div class=\"fl-content-full container\">\n<div class=\"row\">\n<div class=\"fl-content col-md-12\">\n<article id=\"fl-post-154824\" class=\"fl-post post-154824 page type-page status-publish hentry\">\n<div class=\"fl-post-content clearfix\">\n<p>Date d&#039;entr\u00e9e en vigueur : 09.02.2024<\/p>\n<\/div>\n<\/article>\n<\/div>\n<\/div>\n<\/div>\n<\/div>\t\t\t\t\t\t\t\t<\/div>\n\t\t\t\t<\/div>\n\t\t\t\t\t<\/div>\n\t\t\t\t<\/div>\n\t\t\t\t<\/div>","protected":false},"excerpt":{"rendered":"<p>Privacy Policy Introduction This Privacy Policy applies to the online services offered by FlyPix AI GmbH, accessible via www.flypix.ai (\u201cthe website\u201d) or app.flypix.tech (\u201cthe application\u201d). Our commitment to privacy is paramount, and this document explains how we handle information collected and recorded from the website or the application. For additional inquiries or information about our [&hellip;]<\/p>\n","protected":false},"author":1,"featured_media":0,"parent":0,"menu_order":0,"comment_status":"closed","ping_status":"closed","template":"","meta":{"_acf_changed":false,"footnotes":""},"class_list":["post-154824","page","type-page","status-publish","hentry"],"acf":[],"yoast_head":"<!-- This site is optimized with the Yoast SEO plugin v27.3 - https:\/\/yoast.com\/product\/yoast-seo-wordpress\/ -->\n<title>Privacy Policy<\/title>\n<meta name=\"description\" content=\"The services we offer are governed by the privacy policy. Please ensure that you review the terms and conditions regarding the information we gather, how we use it, and any sharing practices.\" \/>\n<meta name=\"robots\" content=\"index, follow, max-snippet:-1, max-image-preview:large, max-video-preview:-1\" \/>\n<link rel=\"canonical\" href=\"https:\/\/flypix.ai\/fr\/privacy-policy\/\" \/>\n<meta property=\"og:locale\" content=\"fr_FR\" \/>\n<meta property=\"og:type\" content=\"article\" \/>\n<meta property=\"og:title\" content=\"Privacy Policy\" \/>\n<meta property=\"og:description\" content=\"The services we offer are governed by the privacy policy. Please ensure that you review the terms and conditions regarding the information we gather, how we use it, and any sharing practices.\" \/>\n<meta property=\"og:url\" content=\"https:\/\/flypix.ai\/fr\/privacy-policy\/\" \/>\n<meta property=\"og:site_name\" content=\"Flypix\" \/>\n<meta property=\"article:modified_time\" content=\"2024-07-11T13:30:09+00:00\" \/>\n<meta name=\"twitter:card\" content=\"summary_large_image\" \/>\n<meta name=\"twitter:label1\" content=\"Dur\u00e9e de lecture estim\u00e9e\" \/>\n\t<meta name=\"twitter:data1\" content=\"3 minutes\" \/>\n<script type=\"application\/ld+json\" class=\"yoast-schema-graph\">{\"@context\":\"https:\\\/\\\/schema.org\",\"@graph\":[{\"@type\":\"WebPage\",\"@id\":\"https:\\\/\\\/flypix.ai\\\/es\\\/privacy-policy\\\/\",\"url\":\"https:\\\/\\\/flypix.ai\\\/es\\\/privacy-policy\\\/\",\"name\":\"Privacy Policy\",\"isPartOf\":{\"@id\":\"https:\\\/\\\/flypix.ai\\\/#website\"},\"datePublished\":\"2023-04-10T14:41:24+00:00\",\"dateModified\":\"2024-07-11T13:30:09+00:00\",\"description\":\"The services we offer are governed by the privacy policy. Please ensure that you review the terms and conditions regarding the information we gather, how we use it, and any sharing practices.\",\"breadcrumb\":{\"@id\":\"https:\\\/\\\/flypix.ai\\\/es\\\/privacy-policy\\\/#breadcrumb\"},\"inLanguage\":\"fr-FR\",\"potentialAction\":[{\"@type\":\"ReadAction\",\"target\":[\"https:\\\/\\\/flypix.ai\\\/es\\\/privacy-policy\\\/\"]}]},{\"@type\":\"BreadcrumbList\",\"@id\":\"https:\\\/\\\/flypix.ai\\\/es\\\/privacy-policy\\\/#breadcrumb\",\"itemListElement\":[{\"@type\":\"ListItem\",\"position\":1,\"name\":\"Home\",\"item\":\"https:\\\/\\\/flypix.ai\\\/\"},{\"@type\":\"ListItem\",\"position\":2,\"name\":\"Privacy Policy\"}]},{\"@type\":\"WebSite\",\"@id\":\"https:\\\/\\\/flypix.ai\\\/#website\",\"url\":\"https:\\\/\\\/flypix.ai\\\/\",\"name\":\"Flypix\",\"description\":\"AN END-TO-END PLATFORM FOR ENTITY DETECTION, LOCALIZATION AND SEGMENTATION POWERED BY ARTIFICIAL INTELLIGENCE\",\"publisher\":{\"@id\":\"https:\\\/\\\/flypix.ai\\\/#organization\"},\"potentialAction\":[{\"@type\":\"SearchAction\",\"target\":{\"@type\":\"EntryPoint\",\"urlTemplate\":\"https:\\\/\\\/flypix.ai\\\/?s={search_term_string}\"},\"query-input\":{\"@type\":\"PropertyValueSpecification\",\"valueRequired\":true,\"valueName\":\"search_term_string\"}}],\"inLanguage\":\"fr-FR\"},{\"@type\":\"Organization\",\"@id\":\"https:\\\/\\\/flypix.ai\\\/#organization\",\"name\":\"Flypix AI\",\"url\":\"https:\\\/\\\/flypix.ai\\\/\",\"logo\":{\"@type\":\"ImageObject\",\"inLanguage\":\"fr-FR\",\"@id\":\"https:\\\/\\\/flypix.ai\\\/#\\\/schema\\\/logo\\\/image\\\/\",\"url\":\"https:\\\/\\\/flypix.ai\\\/wp-content\\\/uploads\\\/2024\\\/07\\\/logo.svg\",\"contentUrl\":\"https:\\\/\\\/flypix.ai\\\/wp-content\\\/uploads\\\/2024\\\/07\\\/logo.svg\",\"width\":346,\"height\":40,\"caption\":\"Flypix AI\"},\"image\":{\"@id\":\"https:\\\/\\\/flypix.ai\\\/#\\\/schema\\\/logo\\\/image\\\/\"}}]}<\/script>\n<!-- \/ Yoast SEO plugin. -->","yoast_head_json":{"title":"politique de confidentialit\u00e9","description":"Les services que nous proposons sont r\u00e9gis par notre politique de confidentialit\u00e9. Veuillez consulter les conditions g\u00e9n\u00e9rales concernant les informations que nous collectons, leur utilisation et nos pratiques de partage.","robots":{"index":"index","follow":"follow","max-snippet":"max-snippet:-1","max-image-preview":"max-image-preview:large","max-video-preview":"max-video-preview:-1"},"canonical":"https:\/\/flypix.ai\/fr\/privacy-policy\/","og_locale":"fr_FR","og_type":"article","og_title":"Privacy Policy","og_description":"The services we offer are governed by the privacy policy. Please ensure that you review the terms and conditions regarding the information we gather, how we use it, and any sharing practices.","og_url":"https:\/\/flypix.ai\/fr\/privacy-policy\/","og_site_name":"Flypix","article_modified_time":"2024-07-11T13:30:09+00:00","twitter_card":"summary_large_image","twitter_misc":{"Dur\u00e9e de lecture estim\u00e9e":"3 minutes"},"schema":{"@context":"https:\/\/schema.org","@graph":[{"@type":"WebPage","@id":"https:\/\/flypix.ai\/es\/privacy-policy\/","url":"https:\/\/flypix.ai\/es\/privacy-policy\/","name":"politique de confidentialit\u00e9","isPartOf":{"@id":"https:\/\/flypix.ai\/#website"},"datePublished":"2023-04-10T14:41:24+00:00","dateModified":"2024-07-11T13:30:09+00:00","description":"Les services que nous proposons sont r\u00e9gis par notre politique de confidentialit\u00e9. Veuillez consulter les conditions g\u00e9n\u00e9rales concernant les informations que nous collectons, leur utilisation et nos pratiques de partage.","breadcrumb":{"@id":"https:\/\/flypix.ai\/es\/privacy-policy\/#breadcrumb"},"inLanguage":"fr-FR","potentialAction":[{"@type":"ReadAction","target":["https:\/\/flypix.ai\/es\/privacy-policy\/"]}]},{"@type":"BreadcrumbList","@id":"https:\/\/flypix.ai\/es\/privacy-policy\/#breadcrumb","itemListElement":[{"@type":"ListItem","position":1,"name":"Home","item":"https:\/\/flypix.ai\/"},{"@type":"ListItem","position":2,"name":"Privacy Policy"}]},{"@type":"WebSite","@id":"https:\/\/flypix.ai\/#website","url":"https:\/\/flypix.ai\/","name":"Flypix","description":"UNE PLATEFORME DE BOUT EN BOUT POUR LA D\u00c9TECTION, LA LOCALISATION ET LA SEGMENTATION D&#039;ENTIT\u00c9S ALIMENT\u00c9E PAR L&#039;INTELLIGENCE ARTIFICIELLE","publisher":{"@id":"https:\/\/flypix.ai\/#organization"},"potentialAction":[{"@type":"SearchAction","target":{"@type":"EntryPoint","urlTemplate":"https:\/\/flypix.ai\/?s={search_term_string}"},"query-input":{"@type":"PropertyValueSpecification","valueRequired":true,"valueName":"search_term_string"}}],"inLanguage":"fr-FR"},{"@type":"Organization","@id":"https:\/\/flypix.ai\/#organization","name":"Flypix AI","url":"https:\/\/flypix.ai\/","logo":{"@type":"ImageObject","inLanguage":"fr-FR","@id":"https:\/\/flypix.ai\/#\/schema\/logo\/image\/","url":"https:\/\/flypix.ai\/wp-content\/uploads\/2024\/07\/logo.svg","contentUrl":"https:\/\/flypix.ai\/wp-content\/uploads\/2024\/07\/logo.svg","width":346,"height":40,"caption":"Flypix AI"},"image":{"@id":"https:\/\/flypix.ai\/#\/schema\/logo\/image\/"}}]}},"_links":{"self":[{"href":"https:\/\/flypix.ai\/fr\/wp-json\/wp\/v2\/pages\/154824","targetHints":{"allow":["GET"]}}],"collection":[{"href":"https:\/\/flypix.ai\/fr\/wp-json\/wp\/v2\/pages"}],"about":[{"href":"https:\/\/flypix.ai\/fr\/wp-json\/wp\/v2\/types\/page"}],"author":[{"embeddable":true,"href":"https:\/\/flypix.ai\/fr\/wp-json\/wp\/v2\/users\/1"}],"replies":[{"embeddable":true,"href":"https:\/\/flypix.ai\/fr\/wp-json\/wp\/v2\/comments?post=154824"}],"version-history":[{"count":0,"href":"https:\/\/flypix.ai\/fr\/wp-json\/wp\/v2\/pages\/154824\/revisions"}],"wp:attachment":[{"href":"https:\/\/flypix.ai\/fr\/wp-json\/wp\/v2\/media?parent=154824"}],"curies":[{"name":"wp","href":"https:\/\/api.w.org\/{rel}","templated":true}]}}