{"id":154909,"date":"2023-07-28T14:29:58","date_gmt":"2023-07-28T14:29:58","guid":{"rendered":"https:\/\/flypix.ai\/?page_id=154909"},"modified":"2024-07-11T10:22:10","modified_gmt":"2024-07-11T10:22:10","slug":"data-privacy","status":"publish","type":"page","link":"https:\/\/flypix.ai\/fr\/data-privacy\/","title":{"rendered":"Confidentialit\u00e9 des donn\u00e9es"},"content":{"rendered":"<div data-elementor-type=\"wp-page\" data-elementor-id=\"154909\" class=\"elementor elementor-154909\" data-elementor-post-type=\"page\">\n\t\t\t\t<div class=\"elementor-element elementor-element-96acffe e-flex e-con-boxed e-con e-parent\" data-id=\"96acffe\" data-element_type=\"container\" data-e-type=\"container\">\n\t\t\t\t\t<div class=\"e-con-inner\">\n\t\t<div class=\"elementor-element elementor-element-8524e41 e-con-full e-flex e-con e-child\" data-id=\"8524e41\" data-element_type=\"container\" data-e-type=\"container\">\n\t\t\t\t<div class=\"elementor-element elementor-element-9576d29 elementor-widget elementor-widget-heading\" data-id=\"9576d29\" data-element_type=\"widget\" data-e-type=\"widget\" data-widget_type=\"heading.default\">\n\t\t\t\t\t<h1 class=\"elementor-heading-title elementor-size-default\">Donn\u00e9es et confidentialit\u00e9<\/h1>\t\t\t\t<\/div>\n\t\t\t\t<div class=\"elementor-element elementor-element-1438bb8 elementor-widget elementor-widget-heading\" data-id=\"1438bb8\" data-element_type=\"widget\" data-e-type=\"widget\" data-widget_type=\"heading.default\">\n\t\t\t\t\t<h2 class=\"elementor-heading-title elementor-size-default\">RGPD (R\u00e8glement g\u00e9n\u00e9ral sur la protection des donn\u00e9es)<\/h2>\t\t\t\t<\/div>\n\t\t\t\t<div class=\"elementor-element elementor-element-63b86fb elementor-widget elementor-widget-text-editor\" data-id=\"63b86fb\" data-element_type=\"widget\" data-e-type=\"widget\" data-widget_type=\"text-editor.default\">\n\t\t\t\t\t\t\t\t\t<p>Traitement des donn\u00e9es : FlyPix AI adh\u00e8re \u00e0 la r\u00e9glementation RGPD<br \/>FlyPix AI accorde une grande importance au respect de la vie priv\u00e9e de ses clients, notamment en mati\u00e8re d&#039;utilisation des donn\u00e9es. Toutes les donn\u00e9es et informations li\u00e9es aux projets sont collect\u00e9es et stock\u00e9es conform\u00e9ment aux principes \u00e9nonc\u00e9s dans le R\u00e8glement g\u00e9n\u00e9ral sur la protection des donn\u00e9es (RGPD).<\/p>\t\t\t\t\t\t\t\t<\/div>\n\t\t\t\t<div class=\"elementor-element elementor-element-9e84351 elementor-widget elementor-widget-heading\" data-id=\"9e84351\" data-element_type=\"widget\" data-e-type=\"widget\" data-widget_type=\"heading.default\">\n\t\t\t\t\t<h2 class=\"elementor-heading-title elementor-size-default\">Comment nous traitons les donn\u00e9es<\/h2>\t\t\t\t<\/div>\n\t\t\t\t<div class=\"elementor-element elementor-element-836cb4d elementor-widget elementor-widget-text-editor\" data-id=\"836cb4d\" data-element_type=\"widget\" data-e-type=\"widget\" data-widget_type=\"text-editor.default\">\n\t\t\t\t\t\t\t\t\t<p>Pour d\u00e9montrer notre engagement, nous traitons les donn\u00e9es avec le plus grand soin, conform\u00e9ment aux directives du RGPD, et prenons des mesures pour les anonymiser afin de renforcer la confidentialit\u00e9. Toutes les pr\u00e9parations de donn\u00e9es sont effectu\u00e9es avec le plus grand soin, conform\u00e9ment aux normes internationales. Des conditions g\u00e9n\u00e9rales d\u00e9taill\u00e9es, propres \u00e0 chaque type de donn\u00e9es, sont fournies \u00e0 tous nos clients concernant la collecte et l&#039;utilisation des donn\u00e9es.<\/p>\n<p>Toutes les donn\u00e9es collect\u00e9es par FlyPix AI sont trait\u00e9es de mani\u00e8re l\u00e9gale, \u00e9quitable et transparente, dans le respect des droits des personnes concern\u00e9es. Les finalit\u00e9s et les modalit\u00e9s d&#039;utilisation des donn\u00e9es collect\u00e9es par AI Superior sont d\u00e9finies avec pr\u00e9cision. Les donn\u00e9es collect\u00e9es sont sp\u00e9cifiques, explicites et utilis\u00e9es uniquement \u00e0 des fins l\u00e9gitimes. Nous veillons \u00e0 ce que vos donn\u00e9es soient g\u00e9r\u00e9es en toute s\u00e9curit\u00e9 par des sp\u00e9cialistes form\u00e9s et conscients de l&#039;importance de la confidentialit\u00e9.<\/p>\t\t\t\t\t\t\t\t<\/div>\n\t\t\t\t<div class=\"elementor-element elementor-element-9eddd7e elementor-widget elementor-widget-heading\" data-id=\"9eddd7e\" data-element_type=\"widget\" data-e-type=\"widget\" data-widget_type=\"heading.default\">\n\t\t\t\t\t<h2 class=\"elementor-heading-title elementor-size-default\">Comment nous prot\u00e9geons les donn\u00e9es<\/h2>\t\t\t\t<\/div>\n\t\t\t\t<div class=\"elementor-element elementor-element-fd99be5 elementor-widget elementor-widget-text-editor\" data-id=\"fd99be5\" data-element_type=\"widget\" data-e-type=\"widget\" data-widget_type=\"text-editor.default\">\n\t\t\t\t\t\t\t\t\t<p>FlyPix AI garantit un niveau \u00e9lev\u00e9 de protection des donn\u00e9es \u00e0 tous ses clients. Les donn\u00e9es jouant un r\u00f4le crucial dans les processus d&#039;IA et d&#039;apprentissage automatique, nous mettons tout en \u0153uvre pour garantir leur qualit\u00e9 tout en garantissant votre confidentialit\u00e9. Le respect du RGPD est primordial pour nous.<\/p>\n<p>Nous consid\u00e9rons les donn\u00e9es clients comme un bien pr\u00e9cieux et, d\u00e8s leur r\u00e9ception, nous assurons une protection compl\u00e8te au sein de nos syst\u00e8mes. Toutes les mesures de s\u00e9curit\u00e9 n\u00e9cessaires et pertinentes sont mises en \u0153uvre pour prot\u00e9ger les donn\u00e9es et leurs finalit\u00e9s. De plus, nous conservons les donn\u00e9es dans un format permettant leur identification et leur traitement s\u00e9curis\u00e9, les prot\u00e9geant ainsi contre toute perte accidentelle, tout dommage, tout traitement non autoris\u00e9 et tout autre risque potentiel.<\/p>\n<div id=\"fl-main-content\" class=\"fl-page-content\" role=\"main\">\n<div class=\"fl-content-full container\">\n<div class=\"row\">\n<div class=\"fl-content col-md-12\">\n<article id=\"fl-post-154909\" class=\"fl-post post-154909 page type-page status-publish hentry\">\n<div class=\"fl-post-content clearfix\">\n<div class=\"fl-builder-content fl-builder-content-154909 fl-builder-content-primary fl-builder-global-templates-locked\" data-post-id=\"154909\">\n<div class=\"fl-row fl-row-full-width fl-row-bg-none fl-node-cvwm345hy8x9\" data-node=\"cvwm345hy8x9\">\n<div class=\"fl-row-content-wrap\">\n<div class=\"fl-row-content fl-row-fixed-width fl-node-content\">\n<div class=\"fl-col-group fl-node-5ox8hiv4lb2s\" data-node=\"5ox8hiv4lb2s\">\n<div class=\"fl-col fl-node-m6y4a1usq02i fl-animation fl-fade-in fl-animated\" data-node=\"m6y4a1usq02i\" data-animation-delay=\"0\" data-animation-duration=\"1\">\n<div class=\"fl-col-content fl-node-content\">\n<div class=\"fl-module fl-module-rich-text fl-node-85ihqmev23rg\" data-node=\"85ihqmev23rg\">\n<div class=\"fl-module-content fl-node-content\">\n<div class=\"fl-rich-text\">\n<p>FlyPix AI garde toujours une longueur d&#039;avance, r\u00e9affirmant ainsi notre engagement \u00e0 fournir des solutions de pointe. Soyez assur\u00e9s que notre engagement \u00e0 fournir des services haut de gamme reste in\u00e9branlable.<\/p>\n<\/div>\n<\/div>\n<\/div>\n<\/div>\n<\/div>\n<\/div>\n<\/div>\n<\/div>\n<\/div>\n<\/div>\n<\/div>\n<\/article>\n<\/div>\n<\/div>\n<\/div>\n<\/div>\n<footer class=\"fl-builder-content fl-builder-content-3698 fl-builder-global-templates-locked\" data-post-id=\"3698\" data-type=\"footer\">\n<div class=\"fl-row fl-row-full-width fl-row-bg-color fl-node-j8aztpmhsxv9\" data-node=\"j8aztpmhsxv9\">\n<div class=\"fl-row-content-wrap\">\n<div class=\"uabb-row-separator uabb-top-row-separator\">\u00a0<\/div>\n<div class=\"fl-row-content fl-row-fixed-width fl-node-content\">\n<div class=\"fl-col-group fl-node-c92rzpf6gbhk fl-col-group-equal-height fl-col-group-align-top fl-col-group-custom-width\" data-node=\"c92rzpf6gbhk\">\n<div class=\"fl-col fl-node-is4o69ughkv1 fl-col-small\" data-node=\"is4o69ughkv1\">\n<div class=\"fl-col-content fl-node-content\">\n<div class=\"fl-module fl-module-photo fl-node-qhfo3yz1mtuw\" data-node=\"qhfo3yz1mtuw\">\n<div class=\"fl-module-content fl-node-content\">\u00a0<\/div>\n<\/div>\n<\/div>\n<\/div>\n<\/div>\n<\/div>\n<\/div>\n<\/div>\n<\/footer>\t\t\t\t\t\t\t\t<\/div>\n\t\t\t\t<\/div>\n\t\t\t\t\t<\/div>\n\t\t\t\t<\/div>\n\t\t\t\t<\/div>","protected":false},"excerpt":{"rendered":"<p>Data and Privacy GDPR (General Data Protection Regulation) Data Handling: FlyPix AI adheres to GDPR regulationsFlyPix AI places great importance on respecting the privacy of all customers, particularly when it comes to data usage. Any data and information involved in projects are collected and stored in accordance with the principles set forth in the General [&hellip;]<\/p>\n","protected":false},"author":1,"featured_media":0,"parent":0,"menu_order":0,"comment_status":"closed","ping_status":"closed","template":"","meta":{"_acf_changed":false,"footnotes":""},"class_list":["post-154909","page","type-page","status-publish","hentry"],"acf":[],"yoast_head":"<!-- This site is optimized with the Yoast SEO plugin v27.3 - https:\/\/yoast.com\/product\/yoast-seo-wordpress\/ -->\n<title>Data Privacy<\/title>\n<meta name=\"description\" content=\"Discover FlyPix AI&#039;s GDPR-compliant data handling and protection practices\" \/>\n<meta name=\"robots\" content=\"index, follow, max-snippet:-1, max-image-preview:large, max-video-preview:-1\" \/>\n<link rel=\"canonical\" href=\"https:\/\/flypix.ai\/fr\/data-privacy\/\" \/>\n<meta property=\"og:locale\" content=\"fr_FR\" \/>\n<meta property=\"og:type\" content=\"article\" \/>\n<meta property=\"og:title\" content=\"Data Privacy\" \/>\n<meta property=\"og:description\" content=\"Discover FlyPix AI&#039;s GDPR-compliant data handling and protection practices\" \/>\n<meta property=\"og:url\" content=\"https:\/\/flypix.ai\/fr\/data-privacy\/\" \/>\n<meta property=\"og:site_name\" content=\"Flypix\" \/>\n<meta property=\"article:modified_time\" content=\"2024-07-11T10:22:10+00:00\" \/>\n<meta name=\"twitter:card\" content=\"summary_large_image\" \/>\n<meta name=\"twitter:label1\" content=\"Dur\u00e9e de lecture estim\u00e9e\" \/>\n\t<meta name=\"twitter:data1\" content=\"2 minutes\" \/>\n<script type=\"application\/ld+json\" class=\"yoast-schema-graph\">{\"@context\":\"https:\\\/\\\/schema.org\",\"@graph\":[{\"@type\":\"WebPage\",\"@id\":\"https:\\\/\\\/flypix.ai\\\/data-privacy\\\/\",\"url\":\"https:\\\/\\\/flypix.ai\\\/data-privacy\\\/\",\"name\":\"Data Privacy\",\"isPartOf\":{\"@id\":\"https:\\\/\\\/flypix.ai\\\/#website\"},\"datePublished\":\"2023-07-28T14:29:58+00:00\",\"dateModified\":\"2024-07-11T10:22:10+00:00\",\"description\":\"Discover FlyPix AI's GDPR-compliant data handling and protection practices\",\"breadcrumb\":{\"@id\":\"https:\\\/\\\/flypix.ai\\\/data-privacy\\\/#breadcrumb\"},\"inLanguage\":\"fr-FR\",\"potentialAction\":[{\"@type\":\"ReadAction\",\"target\":[\"https:\\\/\\\/flypix.ai\\\/data-privacy\\\/\"]}]},{\"@type\":\"BreadcrumbList\",\"@id\":\"https:\\\/\\\/flypix.ai\\\/data-privacy\\\/#breadcrumb\",\"itemListElement\":[{\"@type\":\"ListItem\",\"position\":1,\"name\":\"Home\",\"item\":\"https:\\\/\\\/flypix.ai\\\/\"},{\"@type\":\"ListItem\",\"position\":2,\"name\":\"Data Privacy\"}]},{\"@type\":\"WebSite\",\"@id\":\"https:\\\/\\\/flypix.ai\\\/#website\",\"url\":\"https:\\\/\\\/flypix.ai\\\/\",\"name\":\"Flypix\",\"description\":\"AN END-TO-END PLATFORM FOR ENTITY DETECTION, LOCALIZATION AND SEGMENTATION POWERED BY ARTIFICIAL INTELLIGENCE\",\"publisher\":{\"@id\":\"https:\\\/\\\/flypix.ai\\\/#organization\"},\"potentialAction\":[{\"@type\":\"SearchAction\",\"target\":{\"@type\":\"EntryPoint\",\"urlTemplate\":\"https:\\\/\\\/flypix.ai\\\/?s={search_term_string}\"},\"query-input\":{\"@type\":\"PropertyValueSpecification\",\"valueRequired\":true,\"valueName\":\"search_term_string\"}}],\"inLanguage\":\"fr-FR\"},{\"@type\":\"Organization\",\"@id\":\"https:\\\/\\\/flypix.ai\\\/#organization\",\"name\":\"Flypix AI\",\"url\":\"https:\\\/\\\/flypix.ai\\\/\",\"logo\":{\"@type\":\"ImageObject\",\"inLanguage\":\"fr-FR\",\"@id\":\"https:\\\/\\\/flypix.ai\\\/#\\\/schema\\\/logo\\\/image\\\/\",\"url\":\"https:\\\/\\\/flypix.ai\\\/wp-content\\\/uploads\\\/2024\\\/07\\\/logo.svg\",\"contentUrl\":\"https:\\\/\\\/flypix.ai\\\/wp-content\\\/uploads\\\/2024\\\/07\\\/logo.svg\",\"width\":346,\"height\":40,\"caption\":\"Flypix AI\"},\"image\":{\"@id\":\"https:\\\/\\\/flypix.ai\\\/#\\\/schema\\\/logo\\\/image\\\/\"}}]}<\/script>\n<!-- \/ Yoast SEO plugin. -->","yoast_head_json":{"title":"Confidentialit\u00e9 des donn\u00e9es","description":"D\u00e9couvrez les pratiques de traitement et de protection des donn\u00e9es conformes au RGPD de FlyPix AI","robots":{"index":"index","follow":"follow","max-snippet":"max-snippet:-1","max-image-preview":"max-image-preview:large","max-video-preview":"max-video-preview:-1"},"canonical":"https:\/\/flypix.ai\/fr\/data-privacy\/","og_locale":"fr_FR","og_type":"article","og_title":"Data Privacy","og_description":"Discover FlyPix AI's GDPR-compliant data handling and protection practices","og_url":"https:\/\/flypix.ai\/fr\/data-privacy\/","og_site_name":"Flypix","article_modified_time":"2024-07-11T10:22:10+00:00","twitter_card":"summary_large_image","twitter_misc":{"Dur\u00e9e de lecture estim\u00e9e":"2 minutes"},"schema":{"@context":"https:\/\/schema.org","@graph":[{"@type":"WebPage","@id":"https:\/\/flypix.ai\/data-privacy\/","url":"https:\/\/flypix.ai\/data-privacy\/","name":"Confidentialit\u00e9 des donn\u00e9es","isPartOf":{"@id":"https:\/\/flypix.ai\/#website"},"datePublished":"2023-07-28T14:29:58+00:00","dateModified":"2024-07-11T10:22:10+00:00","description":"D\u00e9couvrez les pratiques de traitement et de protection des donn\u00e9es conformes au RGPD de FlyPix AI","breadcrumb":{"@id":"https:\/\/flypix.ai\/data-privacy\/#breadcrumb"},"inLanguage":"fr-FR","potentialAction":[{"@type":"ReadAction","target":["https:\/\/flypix.ai\/data-privacy\/"]}]},{"@type":"BreadcrumbList","@id":"https:\/\/flypix.ai\/data-privacy\/#breadcrumb","itemListElement":[{"@type":"ListItem","position":1,"name":"Home","item":"https:\/\/flypix.ai\/"},{"@type":"ListItem","position":2,"name":"Data Privacy"}]},{"@type":"WebSite","@id":"https:\/\/flypix.ai\/#website","url":"https:\/\/flypix.ai\/","name":"Flypix","description":"UNE PLATEFORME DE BOUT EN BOUT POUR LA D\u00c9TECTION, LA LOCALISATION ET LA SEGMENTATION D&#039;ENTIT\u00c9S ALIMENT\u00c9E PAR L&#039;INTELLIGENCE ARTIFICIELLE","publisher":{"@id":"https:\/\/flypix.ai\/#organization"},"potentialAction":[{"@type":"SearchAction","target":{"@type":"EntryPoint","urlTemplate":"https:\/\/flypix.ai\/?s={search_term_string}"},"query-input":{"@type":"PropertyValueSpecification","valueRequired":true,"valueName":"search_term_string"}}],"inLanguage":"fr-FR"},{"@type":"Organization","@id":"https:\/\/flypix.ai\/#organization","name":"Flypix AI","url":"https:\/\/flypix.ai\/","logo":{"@type":"ImageObject","inLanguage":"fr-FR","@id":"https:\/\/flypix.ai\/#\/schema\/logo\/image\/","url":"https:\/\/flypix.ai\/wp-content\/uploads\/2024\/07\/logo.svg","contentUrl":"https:\/\/flypix.ai\/wp-content\/uploads\/2024\/07\/logo.svg","width":346,"height":40,"caption":"Flypix AI"},"image":{"@id":"https:\/\/flypix.ai\/#\/schema\/logo\/image\/"}}]}},"_links":{"self":[{"href":"https:\/\/flypix.ai\/fr\/wp-json\/wp\/v2\/pages\/154909","targetHints":{"allow":["GET"]}}],"collection":[{"href":"https:\/\/flypix.ai\/fr\/wp-json\/wp\/v2\/pages"}],"about":[{"href":"https:\/\/flypix.ai\/fr\/wp-json\/wp\/v2\/types\/page"}],"author":[{"embeddable":true,"href":"https:\/\/flypix.ai\/fr\/wp-json\/wp\/v2\/users\/1"}],"replies":[{"embeddable":true,"href":"https:\/\/flypix.ai\/fr\/wp-json\/wp\/v2\/comments?post=154909"}],"version-history":[{"count":0,"href":"https:\/\/flypix.ai\/fr\/wp-json\/wp\/v2\/pages\/154909\/revisions"}],"wp:attachment":[{"href":"https:\/\/flypix.ai\/fr\/wp-json\/wp\/v2\/media?parent=154909"}],"curies":[{"name":"wp","href":"https:\/\/api.w.org\/{rel}","templated":true}]}}