{"id":155353,"date":"2023-09-12T12:00:05","date_gmt":"2023-09-12T12:00:05","guid":{"rendered":"https:\/\/flypix.ai\/?page_id=155353"},"modified":"2024-08-27T12:08:40","modified_gmt":"2024-08-27T12:08:40","slug":"partners","status":"publish","type":"page","link":"https:\/\/flypix.ai\/fr\/partners\/","title":{"rendered":"Partenaires"},"content":{"rendered":"<div data-elementor-type=\"wp-page\" data-elementor-id=\"155353\" class=\"elementor elementor-155353\" data-elementor-post-type=\"page\">\n\t\t\t\t<div class=\"elementor-element elementor-element-cf61a63 e-flex e-con-boxed e-con e-parent\" data-id=\"cf61a63\" data-element_type=\"container\" data-e-type=\"container\">\n\t\t\t\t\t<div class=\"e-con-inner\">\n\t\t<div class=\"elementor-element elementor-element-4c91550 e-con-full e-flex e-con e-child\" data-id=\"4c91550\" data-element_type=\"container\" data-e-type=\"container\">\n\t\t\t\t<div class=\"elementor-element elementor-element-81ad3a3 elementor-widget elementor-widget-heading\" data-id=\"81ad3a3\" data-element_type=\"widget\" data-e-type=\"widget\" data-widget_type=\"heading.default\">\n\t\t\t\t\t<h1 class=\"elementor-heading-title elementor-size-default\">\/ NOS PARTENAIRES<\/h1>\t\t\t\t<\/div>\n\t\t\t\t<\/div>\n\t\t<div class=\"elementor-element elementor-element-58d6a99 e-con-full e-flex e-con e-child\" data-id=\"58d6a99\" data-element_type=\"container\" data-e-type=\"container\">\n\t\t\t\t<div class=\"elementor-element elementor-element-c08f817 elementor-widget elementor-widget-text-editor\" data-id=\"c08f817\" data-element_type=\"widget\" data-e-type=\"widget\" data-widget_type=\"text-editor.default\">\n\t\t\t\t\t\t\t\t\t<p>Chez FlyPix AI, nous sommes passionn\u00e9s par l&#039;exploitation de la puissance de l&#039;intelligence artificielle pour r\u00e9v\u00e9ler les secrets cach\u00e9s des images satellites et a\u00e9riennes. Notre engagement \u00e0 faire progresser l&#039;observation de la Terre est rendu possible gr\u00e2ce \u00e0 nos partenariats avec des organisations et des experts partageant notre vision.<\/p>\t\t\t\t\t\t\t\t<\/div>\n\t\t\t\t<\/div>\n\t\t\t\t\t<\/div>\n\t\t\t\t<\/div>\n\t\t<div class=\"elementor-element elementor-element-3aa9765 e-flex e-con-boxed e-con e-parent\" data-id=\"3aa9765\" data-element_type=\"container\" data-e-type=\"container\" id=\"esa\">\n\t\t\t\t\t<div class=\"e-con-inner\">\n\t\t<div class=\"elementor-element elementor-element-eb94eab e-con-full e-flex e-con e-child\" data-id=\"eb94eab\" data-element_type=\"container\" data-e-type=\"container\">\n\t\t\t\t<div class=\"elementor-element elementor-element-11717bc elementor-widget elementor-widget-image\" data-id=\"11717bc\" data-element_type=\"widget\" data-e-type=\"widget\" data-widget_type=\"image.default\">\n\t\t\t\t\t\t\t\t\t\t\t\t\t\t\t<img decoding=\"async\" width=\"600\" height=\"81\" src=\"https:\/\/flypix.ai\/wp-content\/uploads\/2023\/09\/business-incubation-centre.jpg\" class=\"attachment-large size-large wp-image-155356\" alt=\"\" srcset=\"https:\/\/flypix.ai\/wp-content\/uploads\/2023\/09\/business-incubation-centre.jpg 600w, https:\/\/flypix.ai\/wp-content\/uploads\/2023\/09\/business-incubation-centre-300x41.jpg 300w\" sizes=\"(max-width: 600px) 100vw, 600px\" \/>\t\t\t\t\t\t\t\t\t\t\t\t\t\t\t<\/div>\n\t\t\t\t<\/div>\n\t\t<div class=\"elementor-element elementor-element-480b8b8 e-con-full elementor-hidden-tablet elementor-hidden-mobile e-flex e-con e-child\" data-id=\"480b8b8\" data-element_type=\"container\" data-e-type=\"container\">\n\t\t\t\t<div class=\"elementor-element elementor-element-4186a81 elementor-widget-divider--view-line elementor-widget elementor-widget-divider\" data-id=\"4186a81\" data-element_type=\"widget\" data-e-type=\"widget\" data-widget_type=\"divider.default\">\n\t\t\t\t\t\t\t<div class=\"elementor-divider\">\n\t\t\t<span class=\"elementor-divider-separator\">\n\t\t\t\t\t\t<\/span>\n\t\t<\/div>\n\t\t\t\t\t\t<\/div>\n\t\t\t\t<\/div>\n\t\t<div class=\"elementor-element elementor-element-93f7e2f e-con-full e-flex e-con e-child\" data-id=\"93f7e2f\" data-element_type=\"container\" data-e-type=\"container\">\n\t\t\t\t<div class=\"elementor-element elementor-element-6c6a0ca elementor-widget elementor-widget-heading\" data-id=\"6c6a0ca\" data-element_type=\"widget\" data-e-type=\"widget\" data-widget_type=\"heading.default\">\n\t\t\t\t\t<h3 class=\"elementor-heading-title elementor-size-default\">\/ CENTRES D&#039;INCUBATION D&#039;ENTREPRISES DE L&#039;ESA<\/h3>\t\t\t\t<\/div>\n\t\t\t\t<div class=\"elementor-element elementor-element-403e221 elementor-widget elementor-widget-text-editor\" data-id=\"403e221\" data-element_type=\"widget\" data-e-type=\"widget\" data-widget_type=\"text-editor.default\">\n\t\t\t\t\t\t\t\t\tLes Centres d&#039;incubation d&#039;entreprises de l&#039;ESA (CIE) constituent le plus grand r\u00e9seau europ\u00e9en d&#039;incubateurs d\u00e9di\u00e9s au soutien des start-ups du secteur spatial. Leur objectif principal est d&#039;aider les entrepreneurs porteurs de projets spatiaux \u00e0 d\u00e9velopper leurs produits et \u00e0 cr\u00e9er leur entreprise. Ce faisant, ils favorisent la croissance de p\u00f4les de start-ups du secteur spatial dans toute l&#039;Europe.\t\t\t\t\t\t\t\t<\/div>\n\t\t\t\t<\/div>\n\t\t\t\t\t<\/div>\n\t\t\t\t<\/div>\n\t\t<div class=\"elementor-element elementor-element-444b9d7 e-flex e-con-boxed e-con e-parent\" data-id=\"444b9d7\" data-element_type=\"container\" data-e-type=\"container\" id=\"nvidia\">\n\t\t\t\t\t<div class=\"e-con-inner\">\n\t\t<div class=\"elementor-element elementor-element-7940790 e-con-full e-flex e-con e-child\" data-id=\"7940790\" data-element_type=\"container\" data-e-type=\"container\">\n\t\t\t\t<div class=\"elementor-element elementor-element-3dd0e60 elementor-widget elementor-widget-image\" data-id=\"3dd0e60\" data-element_type=\"widget\" data-e-type=\"widget\" data-widget_type=\"image.default\">\n\t\t\t\t\t\t\t\t\t\t\t\t\t\t\t<img fetchpriority=\"high\" decoding=\"async\" width=\"800\" height=\"595\" src=\"https:\/\/flypix.ai\/wp-content\/uploads\/2023\/09\/image-2.png\" class=\"attachment-large size-large wp-image-155386\" alt=\"logo du programme de cr\u00e9ation de Nvidia\" srcset=\"https:\/\/flypix.ai\/wp-content\/uploads\/2023\/09\/image-2.png 1024w, https:\/\/flypix.ai\/wp-content\/uploads\/2023\/09\/image-2-300x223.png 300w, https:\/\/flypix.ai\/wp-content\/uploads\/2023\/09\/image-2-768x571.png 768w\" sizes=\"(max-width: 800px) 100vw, 800px\" \/>\t\t\t\t\t\t\t\t\t\t\t\t\t\t\t<\/div>\n\t\t\t\t<\/div>\n\t\t<div class=\"elementor-element elementor-element-f913e37 e-con-full elementor-hidden-tablet elementor-hidden-mobile e-flex e-con e-child\" data-id=\"f913e37\" data-element_type=\"container\" data-e-type=\"container\">\n\t\t\t\t<div class=\"elementor-element elementor-element-a53b10c elementor-widget-divider--view-line elementor-widget elementor-widget-divider\" data-id=\"a53b10c\" data-element_type=\"widget\" data-e-type=\"widget\" data-widget_type=\"divider.default\">\n\t\t\t\t\t\t\t<div class=\"elementor-divider\">\n\t\t\t<span class=\"elementor-divider-separator\">\n\t\t\t\t\t\t<\/span>\n\t\t<\/div>\n\t\t\t\t\t\t<\/div>\n\t\t\t\t<\/div>\n\t\t<div class=\"elementor-element elementor-element-c73b773 e-con-full e-flex e-con e-child\" data-id=\"c73b773\" data-element_type=\"container\" data-e-type=\"container\">\n\t\t\t\t<div class=\"elementor-element elementor-element-5f98947 elementor-widget elementor-widget-heading\" data-id=\"5f98947\" data-element_type=\"widget\" data-e-type=\"widget\" data-widget_type=\"heading.default\">\n\t\t\t\t\t<h3 class=\"elementor-heading-title elementor-size-default\">\/ PROGRAMME DE CR\u00c9ATION NVIDIA\n<\/h3>\t\t\t\t<\/div>\n\t\t\t\t<div class=\"elementor-element elementor-element-3814574 elementor-widget elementor-widget-text-editor\" data-id=\"3814574\" data-element_type=\"widget\" data-e-type=\"widget\" data-widget_type=\"text-editor.default\">\n\t\t\t\t\t\t\t\t\t<p>NVIDIA Inception est un programme reconnu qui s&#039;engage \u00e0 soutenir la croissance des startups \u00e0 l&#039;\u00e9chelle mondiale. Fort d&#039;un vaste r\u00e9seau de plus de 15\u00a0000 startups technologiques \u00e0 travers le monde, il offre des ressources, des technologies de pointe et des connexions avec des investisseurs en capital-risque.<\/p>\t\t\t\t\t\t\t\t<\/div>\n\t\t\t\t<\/div>\n\t\t\t\t\t<\/div>\n\t\t\t\t<\/div>\n\t\t<div class=\"elementor-element elementor-element-9e24f59 e-flex e-con-boxed e-con e-parent\" data-id=\"9e24f59\" data-element_type=\"container\" data-e-type=\"container\" id=\"ibm\">\n\t\t\t\t\t<div class=\"e-con-inner\">\n\t\t<div class=\"elementor-element elementor-element-4654eac e-con-full e-flex e-con e-child\" data-id=\"4654eac\" data-element_type=\"container\" data-e-type=\"container\">\n\t\t\t\t<div class=\"elementor-element elementor-element-83f0b0b elementor-widget elementor-widget-image\" data-id=\"83f0b0b\" data-element_type=\"widget\" data-e-type=\"widget\" data-widget_type=\"image.default\">\n\t\t\t\t\t\t\t\t\t\t\t\t\t\t\t<img decoding=\"async\" width=\"800\" height=\"348\" src=\"https:\/\/flypix.ai\/wp-content\/uploads\/2024\/07\/ibm-1024x446.webp\" class=\"attachment-large size-large wp-image-160533\" alt=\"IBM\" srcset=\"https:\/\/flypix.ai\/wp-content\/uploads\/2024\/07\/ibm-1024x446.webp 1024w, https:\/\/flypix.ai\/wp-content\/uploads\/2024\/07\/ibm-300x131.webp 300w, https:\/\/flypix.ai\/wp-content\/uploads\/2024\/07\/ibm-768x334.webp 768w, https:\/\/flypix.ai\/wp-content\/uploads\/2024\/07\/ibm-1536x669.webp 1536w, https:\/\/flypix.ai\/wp-content\/uploads\/2024\/07\/ibm-2048x892.webp 2048w, https:\/\/flypix.ai\/wp-content\/uploads\/2024\/07\/ibm-18x8.webp 18w\" sizes=\"(max-width: 800px) 100vw, 800px\" \/>\t\t\t\t\t\t\t\t\t\t\t\t\t\t\t<\/div>\n\t\t\t\t<\/div>\n\t\t<div class=\"elementor-element elementor-element-0012bb8 e-con-full elementor-hidden-tablet elementor-hidden-mobile e-flex e-con e-child\" data-id=\"0012bb8\" data-element_type=\"container\" data-e-type=\"container\">\n\t\t\t\t<div class=\"elementor-element elementor-element-917f2e2 elementor-widget-divider--view-line elementor-widget elementor-widget-divider\" data-id=\"917f2e2\" data-element_type=\"widget\" data-e-type=\"widget\" data-widget_type=\"divider.default\">\n\t\t\t\t\t\t\t<div class=\"elementor-divider\">\n\t\t\t<span class=\"elementor-divider-separator\">\n\t\t\t\t\t\t<\/span>\n\t\t<\/div>\n\t\t\t\t\t\t<\/div>\n\t\t\t\t<\/div>\n\t\t<div class=\"elementor-element elementor-element-859d502 e-con-full e-flex e-con e-child\" data-id=\"859d502\" data-element_type=\"container\" data-e-type=\"container\">\n\t\t\t\t<div class=\"elementor-element elementor-element-5652208 elementor-widget elementor-widget-heading\" data-id=\"5652208\" data-element_type=\"widget\" data-e-type=\"widget\" data-widget_type=\"heading.default\">\n\t\t\t\t\t<h3 class=\"elementor-heading-title elementor-size-default\">IBM<\/h3>\t\t\t\t<\/div>\n\t\t\t\t<div class=\"elementor-element elementor-element-4197932 elementor-widget elementor-widget-text-editor\" data-id=\"4197932\" data-element_type=\"widget\" data-e-type=\"widget\" data-widget_type=\"text-editor.default\">\n\t\t\t\t\t\t\t\t\tIBM for Startups est un programme con\u00e7u pour soutenir les jeunes entreprises en leur donnant acc\u00e8s \u00e0 la technologie, \u00e0 l&#039;expertise et aux ressources d&#039;IBM. Ce programme offre aux startups des cr\u00e9dits cloud, un support technique et un mentorat pour les aider \u00e0 d\u00e9velopper leur activit\u00e9.\t\t\t\t\t\t\t\t<\/div>\n\t\t\t\t<\/div>\n\t\t\t\t\t<\/div>\n\t\t\t\t<\/div>\n\t\t<div class=\"elementor-element elementor-element-7e633a6 e-flex e-con-boxed e-con e-parent\" data-id=\"7e633a6\" data-element_type=\"container\" data-e-type=\"container\" id=\"google\">\n\t\t\t\t\t<div class=\"e-con-inner\">\n\t\t<div class=\"elementor-element elementor-element-1346cb9 e-con-full e-flex e-con e-child\" data-id=\"1346cb9\" data-element_type=\"container\" data-e-type=\"container\">\n\t\t\t\t<div class=\"elementor-element elementor-element-b8b86fa elementor-widget elementor-widget-image\" data-id=\"b8b86fa\" data-element_type=\"widget\" data-e-type=\"widget\" data-widget_type=\"image.default\">\n\t\t\t\t\t\t\t\t\t\t\t\t\t\t\t<img loading=\"lazy\" decoding=\"async\" width=\"342\" height=\"296\" src=\"https:\/\/flypix.ai\/wp-content\/uploads\/2024\/07\/google.webp\" class=\"attachment-full size-full wp-image-160523\" alt=\"\" srcset=\"https:\/\/flypix.ai\/wp-content\/uploads\/2024\/07\/google.webp 342w, https:\/\/flypix.ai\/wp-content\/uploads\/2024\/07\/google-300x260.webp 300w, https:\/\/flypix.ai\/wp-content\/uploads\/2024\/07\/google-14x12.webp 14w\" sizes=\"(max-width: 342px) 100vw, 342px\" \/>\t\t\t\t\t\t\t\t\t\t\t\t\t\t\t<\/div>\n\t\t\t\t<\/div>\n\t\t<div class=\"elementor-element elementor-element-53389bf e-con-full elementor-hidden-tablet elementor-hidden-mobile e-flex e-con e-child\" data-id=\"53389bf\" data-element_type=\"container\" data-e-type=\"container\">\n\t\t\t\t<div class=\"elementor-element elementor-element-384b73a elementor-widget-divider--view-line elementor-widget elementor-widget-divider\" data-id=\"384b73a\" data-element_type=\"widget\" data-e-type=\"widget\" data-widget_type=\"divider.default\">\n\t\t\t\t\t\t\t<div class=\"elementor-divider\">\n\t\t\t<span class=\"elementor-divider-separator\">\n\t\t\t\t\t\t<\/span>\n\t\t<\/div>\n\t\t\t\t\t\t<\/div>\n\t\t\t\t<\/div>\n\t\t<div class=\"elementor-element elementor-element-866153d e-con-full e-flex e-con e-child\" data-id=\"866153d\" data-element_type=\"container\" data-e-type=\"container\">\n\t\t\t\t<div class=\"elementor-element elementor-element-0c95fb6 elementor-widget elementor-widget-heading\" data-id=\"0c95fb6\" data-element_type=\"widget\" data-e-type=\"widget\" data-widget_type=\"heading.default\">\n\t\t\t\t\t<h3 class=\"elementor-heading-title elementor-size-default\">Google pour les startups<\/h3>\t\t\t\t<\/div>\n\t\t\t\t<div class=\"elementor-element elementor-element-1542e93 elementor-widget elementor-widget-text-editor\" data-id=\"1542e93\" data-element_type=\"widget\" data-e-type=\"widget\" data-widget_type=\"text-editor.default\">\n\t\t\t\t\t\t\t\t\tGoogle for Startups est un programme qui vise \u00e0 accompagner les jeunes entreprises dans leur croissance et leur r\u00e9ussite en leur donnant acc\u00e8s aux ressources, \u00e0 la technologie et au r\u00e9seau de Google. Ce programme comprend diverses initiatives, telles que des acc\u00e9l\u00e9rateurs, des espaces de coworking et des \u00e9v\u00e9nements con\u00e7us pour favoriser l&#039;innovation et la collaboration.\t\t\t\t\t\t\t\t<\/div>\n\t\t\t\t<\/div>\n\t\t\t\t\t<\/div>\n\t\t\t\t<\/div>\n\t\t\t\t<\/div>","protected":false},"excerpt":{"rendered":"<p>\/ OUR PARTNERS At FlyPix AI, we&#8217;re passionate about harnessing the power of artificial intelligence to unlock the hidden insights within satellite and aerial imagery. Our commitment to advancing the field of earth observation is made possible through our partnerships with like-minded organizations and experts who share our vision. \/ ESA BUSINESS INCUBATION CENTRES ESA [&hellip;]<\/p>\n","protected":false},"author":1,"featured_media":0,"parent":0,"menu_order":0,"comment_status":"closed","ping_status":"closed","template":"","meta":{"_acf_changed":false,"footnotes":""},"class_list":["post-155353","page","type-page","status-publish","hentry"],"acf":[],"yoast_head":"<!-- This site is optimized with the Yoast SEO plugin v27.3 - https:\/\/yoast.com\/product\/yoast-seo-wordpress\/ -->\n<title>Partners - Flypix<\/title>\n<meta name=\"robots\" content=\"index, follow, max-snippet:-1, max-image-preview:large, max-video-preview:-1\" \/>\n<link rel=\"canonical\" href=\"https:\/\/flypix.ai\/fr\/partners\/\" \/>\n<meta property=\"og:locale\" content=\"fr_FR\" \/>\n<meta property=\"og:type\" content=\"article\" \/>\n<meta property=\"og:title\" content=\"Partners - Flypix\" \/>\n<meta property=\"og:description\" content=\"\/ OUR PARTNERS At FlyPix AI, we&#8217;re passionate about harnessing the power of artificial intelligence to unlock the hidden insights within satellite and aerial imagery. Our commitment to advancing the field of earth observation is made possible through our partnerships with like-minded organizations and experts who share our vision. \/ ESA BUSINESS INCUBATION CENTRES ESA [&hellip;]\" \/>\n<meta property=\"og:url\" content=\"https:\/\/flypix.ai\/fr\/partners\/\" \/>\n<meta property=\"og:site_name\" content=\"Flypix\" \/>\n<meta property=\"article:modified_time\" content=\"2024-08-27T12:08:40+00:00\" \/>\n<meta property=\"og:image\" content=\"https:\/\/flypix.ai\/wp-content\/uploads\/2023\/09\/business-incubation-centre.jpg\" \/>\n<meta name=\"twitter:card\" content=\"summary_large_image\" \/>\n<meta name=\"twitter:label1\" content=\"Dur\u00e9e de lecture estim\u00e9e\" \/>\n\t<meta name=\"twitter:data1\" content=\"2 minutes\" \/>\n<script type=\"application\/ld+json\" class=\"yoast-schema-graph\">{\"@context\":\"https:\\\/\\\/schema.org\",\"@graph\":[{\"@type\":\"WebPage\",\"@id\":\"https:\\\/\\\/flypix.ai\\\/partners\\\/\",\"url\":\"https:\\\/\\\/flypix.ai\\\/partners\\\/\",\"name\":\"Partners - Flypix\",\"isPartOf\":{\"@id\":\"https:\\\/\\\/flypix.ai\\\/#website\"},\"primaryImageOfPage\":{\"@id\":\"https:\\\/\\\/flypix.ai\\\/partners\\\/#primaryimage\"},\"image\":{\"@id\":\"https:\\\/\\\/flypix.ai\\\/partners\\\/#primaryimage\"},\"thumbnailUrl\":\"https:\\\/\\\/flypix.ai\\\/wp-content\\\/uploads\\\/2023\\\/09\\\/business-incubation-centre.jpg\",\"datePublished\":\"2023-09-12T12:00:05+00:00\",\"dateModified\":\"2024-08-27T12:08:40+00:00\",\"breadcrumb\":{\"@id\":\"https:\\\/\\\/flypix.ai\\\/partners\\\/#breadcrumb\"},\"inLanguage\":\"fr-FR\",\"potentialAction\":[{\"@type\":\"ReadAction\",\"target\":[\"https:\\\/\\\/flypix.ai\\\/partners\\\/\"]}]},{\"@type\":\"ImageObject\",\"inLanguage\":\"fr-FR\",\"@id\":\"https:\\\/\\\/flypix.ai\\\/partners\\\/#primaryimage\",\"url\":\"https:\\\/\\\/flypix.ai\\\/wp-content\\\/uploads\\\/2023\\\/09\\\/business-incubation-centre.jpg\",\"contentUrl\":\"https:\\\/\\\/flypix.ai\\\/wp-content\\\/uploads\\\/2023\\\/09\\\/business-incubation-centre.jpg\"},{\"@type\":\"BreadcrumbList\",\"@id\":\"https:\\\/\\\/flypix.ai\\\/partners\\\/#breadcrumb\",\"itemListElement\":[{\"@type\":\"ListItem\",\"position\":1,\"name\":\"Home\",\"item\":\"https:\\\/\\\/flypix.ai\\\/\"},{\"@type\":\"ListItem\",\"position\":2,\"name\":\"Partners\"}]},{\"@type\":\"WebSite\",\"@id\":\"https:\\\/\\\/flypix.ai\\\/#website\",\"url\":\"https:\\\/\\\/flypix.ai\\\/\",\"name\":\"Flypix\",\"description\":\"AN END-TO-END PLATFORM FOR ENTITY DETECTION, LOCALIZATION AND SEGMENTATION POWERED BY ARTIFICIAL INTELLIGENCE\",\"publisher\":{\"@id\":\"https:\\\/\\\/flypix.ai\\\/#organization\"},\"potentialAction\":[{\"@type\":\"SearchAction\",\"target\":{\"@type\":\"EntryPoint\",\"urlTemplate\":\"https:\\\/\\\/flypix.ai\\\/?s={search_term_string}\"},\"query-input\":{\"@type\":\"PropertyValueSpecification\",\"valueRequired\":true,\"valueName\":\"search_term_string\"}}],\"inLanguage\":\"fr-FR\"},{\"@type\":\"Organization\",\"@id\":\"https:\\\/\\\/flypix.ai\\\/#organization\",\"name\":\"Flypix AI\",\"url\":\"https:\\\/\\\/flypix.ai\\\/\",\"logo\":{\"@type\":\"ImageObject\",\"inLanguage\":\"fr-FR\",\"@id\":\"https:\\\/\\\/flypix.ai\\\/#\\\/schema\\\/logo\\\/image\\\/\",\"url\":\"https:\\\/\\\/flypix.ai\\\/wp-content\\\/uploads\\\/2024\\\/07\\\/logo.svg\",\"contentUrl\":\"https:\\\/\\\/flypix.ai\\\/wp-content\\\/uploads\\\/2024\\\/07\\\/logo.svg\",\"width\":346,\"height\":40,\"caption\":\"Flypix AI\"},\"image\":{\"@id\":\"https:\\\/\\\/flypix.ai\\\/#\\\/schema\\\/logo\\\/image\\\/\"}}]}<\/script>\n<!-- \/ Yoast SEO plugin. -->","yoast_head_json":{"title":"Partenaires - Flypix","robots":{"index":"index","follow":"follow","max-snippet":"max-snippet:-1","max-image-preview":"max-image-preview:large","max-video-preview":"max-video-preview:-1"},"canonical":"https:\/\/flypix.ai\/fr\/partners\/","og_locale":"fr_FR","og_type":"article","og_title":"Partners - Flypix","og_description":"\/ OUR PARTNERS At FlyPix AI, we&#8217;re passionate about harnessing the power of artificial intelligence to unlock the hidden insights within satellite and aerial imagery. Our commitment to advancing the field of earth observation is made possible through our partnerships with like-minded organizations and experts who share our vision. \/ ESA BUSINESS INCUBATION CENTRES ESA [&hellip;]","og_url":"https:\/\/flypix.ai\/fr\/partners\/","og_site_name":"Flypix","article_modified_time":"2024-08-27T12:08:40+00:00","og_image":[{"url":"https:\/\/flypix.ai\/wp-content\/uploads\/2023\/09\/business-incubation-centre.jpg","type":"","width":"","height":""}],"twitter_card":"summary_large_image","twitter_misc":{"Dur\u00e9e de lecture estim\u00e9e":"2 minutes"},"schema":{"@context":"https:\/\/schema.org","@graph":[{"@type":"WebPage","@id":"https:\/\/flypix.ai\/partners\/","url":"https:\/\/flypix.ai\/partners\/","name":"Partenaires - Flypix","isPartOf":{"@id":"https:\/\/flypix.ai\/#website"},"primaryImageOfPage":{"@id":"https:\/\/flypix.ai\/partners\/#primaryimage"},"image":{"@id":"https:\/\/flypix.ai\/partners\/#primaryimage"},"thumbnailUrl":"https:\/\/flypix.ai\/wp-content\/uploads\/2023\/09\/business-incubation-centre.jpg","datePublished":"2023-09-12T12:00:05+00:00","dateModified":"2024-08-27T12:08:40+00:00","breadcrumb":{"@id":"https:\/\/flypix.ai\/partners\/#breadcrumb"},"inLanguage":"fr-FR","potentialAction":[{"@type":"ReadAction","target":["https:\/\/flypix.ai\/partners\/"]}]},{"@type":"ImageObject","inLanguage":"fr-FR","@id":"https:\/\/flypix.ai\/partners\/#primaryimage","url":"https:\/\/flypix.ai\/wp-content\/uploads\/2023\/09\/business-incubation-centre.jpg","contentUrl":"https:\/\/flypix.ai\/wp-content\/uploads\/2023\/09\/business-incubation-centre.jpg"},{"@type":"BreadcrumbList","@id":"https:\/\/flypix.ai\/partners\/#breadcrumb","itemListElement":[{"@type":"ListItem","position":1,"name":"Home","item":"https:\/\/flypix.ai\/"},{"@type":"ListItem","position":2,"name":"Partners"}]},{"@type":"WebSite","@id":"https:\/\/flypix.ai\/#website","url":"https:\/\/flypix.ai\/","name":"Flypix","description":"UNE PLATEFORME DE BOUT EN BOUT POUR LA D\u00c9TECTION, LA LOCALISATION ET LA SEGMENTATION D&#039;ENTIT\u00c9S ALIMENT\u00c9E PAR L&#039;INTELLIGENCE ARTIFICIELLE","publisher":{"@id":"https:\/\/flypix.ai\/#organization"},"potentialAction":[{"@type":"SearchAction","target":{"@type":"EntryPoint","urlTemplate":"https:\/\/flypix.ai\/?s={search_term_string}"},"query-input":{"@type":"PropertyValueSpecification","valueRequired":true,"valueName":"search_term_string"}}],"inLanguage":"fr-FR"},{"@type":"Organization","@id":"https:\/\/flypix.ai\/#organization","name":"Flypix AI","url":"https:\/\/flypix.ai\/","logo":{"@type":"ImageObject","inLanguage":"fr-FR","@id":"https:\/\/flypix.ai\/#\/schema\/logo\/image\/","url":"https:\/\/flypix.ai\/wp-content\/uploads\/2024\/07\/logo.svg","contentUrl":"https:\/\/flypix.ai\/wp-content\/uploads\/2024\/07\/logo.svg","width":346,"height":40,"caption":"Flypix AI"},"image":{"@id":"https:\/\/flypix.ai\/#\/schema\/logo\/image\/"}}]}},"_links":{"self":[{"href":"https:\/\/flypix.ai\/fr\/wp-json\/wp\/v2\/pages\/155353","targetHints":{"allow":["GET"]}}],"collection":[{"href":"https:\/\/flypix.ai\/fr\/wp-json\/wp\/v2\/pages"}],"about":[{"href":"https:\/\/flypix.ai\/fr\/wp-json\/wp\/v2\/types\/page"}],"author":[{"embeddable":true,"href":"https:\/\/flypix.ai\/fr\/wp-json\/wp\/v2\/users\/1"}],"replies":[{"embeddable":true,"href":"https:\/\/flypix.ai\/fr\/wp-json\/wp\/v2\/comments?post=155353"}],"version-history":[{"count":0,"href":"https:\/\/flypix.ai\/fr\/wp-json\/wp\/v2\/pages\/155353\/revisions"}],"wp:attachment":[{"href":"https:\/\/flypix.ai\/fr\/wp-json\/wp\/v2\/media?parent=155353"}],"curies":[{"name":"wp","href":"https:\/\/api.w.org\/{rel}","templated":true}]}}