{"id":154480,"date":"2023-01-16T10:28:59","date_gmt":"2023-01-16T10:28:59","guid":{"rendered":"https:\/\/flypix.ai\/?page_id=154480"},"modified":"2024-09-23T15:11:38","modified_gmt":"2024-09-23T15:11:38","slug":"object-detection-software-for-government-institutions","status":"publish","type":"page","link":"https:\/\/flypix.ai\/pt\/object-detection-software-for-government-institutions\/","title":{"rendered":"Governo"},"content":{"rendered":"<div data-elementor-type=\"wp-page\" data-elementor-id=\"154480\" class=\"elementor elementor-154480\" data-elementor-post-type=\"page\">\n\t\t\t\t<div class=\"elementor-element elementor-element-5c49439c e-flex e-con-boxed e-con e-parent\" data-id=\"5c49439c\" data-element_type=\"container\" data-e-type=\"container\" data-settings=\"{&quot;background_background&quot;:&quot;classic&quot;}\">\n\t\t\t\t\t<div class=\"e-con-inner\">\n\t\t<div class=\"elementor-element elementor-element-2a68cf24 e-con-full e-flex e-con e-child\" data-id=\"2a68cf24\" data-element_type=\"container\" data-e-type=\"container\">\n\t\t\t\t<div class=\"elementor-element elementor-element-6c6c6f64 elementor-widget elementor-widget-heading\" data-id=\"6c6c6f64\" data-element_type=\"widget\" data-e-type=\"widget\" data-widget_type=\"heading.default\">\n\t\t\t\t\t<h1 class=\"elementor-heading-title elementor-size-default\">DETEC\u00c7\u00c3O DE OBJETOS PARA INSTITUI\u00c7\u00d5ES GOVERNAMENTAIS\n<\/h1>\t\t\t\t<\/div>\n\t\t<div class=\"elementor-element elementor-element-796ba1f8 e-con-full e-flex e-con e-child\" data-id=\"796ba1f8\" data-element_type=\"container\" data-e-type=\"container\">\n\t\t\t\t<div class=\"elementor-element elementor-element-14706d42 elementor-widget-divider--view-line elementor-widget elementor-widget-divider\" data-id=\"14706d42\" data-element_type=\"widget\" data-e-type=\"widget\" data-widget_type=\"divider.default\">\n\t\t\t\t\t\t\t<div class=\"elementor-divider\">\n\t\t\t<span class=\"elementor-divider-separator\">\n\t\t\t\t\t\t<\/span>\n\t\t<\/div>\n\t\t\t\t\t\t<\/div>\n\t\t\t\t<\/div>\n\t\t<div class=\"elementor-element elementor-element-3da2c0d8 e-con-full e-flex e-con e-child\" data-id=\"3da2c0d8\" data-element_type=\"container\" data-e-type=\"container\">\n\t\t\t\t<div class=\"elementor-element elementor-element-7275d10 elementor-widget elementor-widget-heading\" data-id=\"7275d10\" data-element_type=\"widget\" data-e-type=\"widget\" data-widget_type=\"heading.default\">\n\t\t\t\t\t<h2 class=\"elementor-heading-title elementor-size-default\">Aproveite o poder da nossa plataforma avan\u00e7ada de detec\u00e7\u00e3o de objetos para imagens a\u00e9reas para otimizar a manuten\u00e7\u00e3o de estradas e o gerenciamento de res\u00edduos<\/h2>\t\t\t\t<\/div>\n\t\t\t\t<\/div>\n\t\t\t\t<\/div>\n\t\t\t\t\t<\/div>\n\t\t\t\t<\/div>\n\t\t<div class=\"elementor-element elementor-element-282227e4 e-flex e-con-boxed e-con e-parent\" data-id=\"282227e4\" data-element_type=\"container\" data-e-type=\"container\" data-settings=\"{&quot;background_background&quot;:&quot;classic&quot;}\">\n\t\t\t\t\t<div class=\"e-con-inner\">\n\t\t<div class=\"elementor-element elementor-element-4e20b1be e-con-full e-flex e-con e-child\" data-id=\"4e20b1be\" data-element_type=\"container\" data-e-type=\"container\">\n\t\t<div class=\"elementor-element elementor-element-41bd1dbb e-con-full e-flex e-con e-child\" data-id=\"41bd1dbb\" data-element_type=\"container\" data-e-type=\"container\" data-settings=\"{&quot;background_background&quot;:&quot;classic&quot;}\">\n\t\t\t\t<\/div>\n\t\t<div class=\"elementor-element elementor-element-348f0e14 e-con-full e-flex e-con e-child\" data-id=\"348f0e14\" data-element_type=\"container\" data-e-type=\"container\" data-settings=\"{&quot;background_background&quot;:&quot;classic&quot;}\">\n\t\t\t\t<div class=\"elementor-element elementor-element-39bee73f elementor-widget elementor-widget-heading\" data-id=\"39bee73f\" data-element_type=\"widget\" data-e-type=\"widget\" data-widget_type=\"heading.default\">\n\t\t\t\t\t<h3 class=\"elementor-heading-title elementor-size-default\">Detec\u00e7\u00e3o de res\u00edduos e detritos<\/h3>\t\t\t\t<\/div>\n\t\t\t\t<div class=\"elementor-element elementor-element-65e1eacc elementor-widget elementor-widget-text-editor\" data-id=\"65e1eacc\" data-element_type=\"widget\" data-e-type=\"widget\" data-widget_type=\"text-editor.default\">\n\t\t\t\t\t\t\t\t\t<p>Identificar e classificar res\u00edduos requer esfor\u00e7o e recursos significativos; no entanto, FlyPix AI pode automatizar a detec\u00e7\u00e3o de res\u00edduos usando intelig\u00eancia artificial. Nosso software de \u00faltima gera\u00e7\u00e3o utiliza algoritmos de aprendizado de m\u00e1quina para detectar e identificar v\u00e1rios objetos em imagens a\u00e9reas de alta resolu\u00e7\u00e3o, incluindo diferentes tipos de res\u00edduos, como entulhos de constru\u00e7\u00e3o, res\u00edduos perigosos, res\u00edduos eletr\u00f4nicos e outros tipos de lixo. A detec\u00e7\u00e3o de res\u00edduos usando processamento de imagens economiza tempo e recursos significativos em compara\u00e7\u00e3o com m\u00e9todos de detec\u00e7\u00e3o manual e pode fornecer informa\u00e7\u00f5es cr\u00edticas \u00e0s ag\u00eancias governamentais e para melhor compreender a escala e o escopo da polui\u00e7\u00e3o por res\u00edduos em uma \u00e1rea espec\u00edfica. FlyPix AI tamb\u00e9m pode ajudar a identificar res\u00edduos recicl\u00e1veis. Ao analisar as imagens em busca de padr\u00f5es e caracter\u00edsticas espec\u00edficas que correspondem a diferentes tipos de materiais recicl\u00e1veis, como pl\u00e1sticos, papel e metais, o FlyPix pode identificar esses materiais e classific\u00e1-los de acordo. A utiliza\u00e7\u00e3o da intelig\u00eancia artificial para detetar res\u00edduos recicl\u00e1veis pode ajudar a reduzir a quantidade de res\u00edduos que vai parar em aterros ou no ambiente, contribuindo para um sistema de gest\u00e3o de res\u00edduos mais sustent\u00e1vel e amigo do ambiente.<\/p>\t\t\t\t\t\t\t\t<\/div>\n\t\t\t\t<\/div>\n\t\t\t\t<\/div>\n\t\t<div class=\"elementor-element elementor-element-35423e0f e-con-full e-flex e-con e-child\" data-id=\"35423e0f\" data-element_type=\"container\" data-e-type=\"container\" data-settings=\"{&quot;background_background&quot;:&quot;classic&quot;}\">\n\t\t<div class=\"elementor-element elementor-element-1d1e1b1 e-con-full e-flex e-con e-child\" data-id=\"1d1e1b1\" data-element_type=\"container\" data-e-type=\"container\">\n\t\t\t\t<div class=\"elementor-element elementor-element-1045f58d elementor-widget elementor-widget-heading\" data-id=\"1045f58d\" data-element_type=\"widget\" data-e-type=\"widget\" data-widget_type=\"heading.default\">\n\t\t\t\t\t<h3 class=\"elementor-heading-title elementor-size-default\">Inspe\u00e7\u00f5es de estradas e pavimentos<\/h3>\t\t\t\t<\/div>\n\t\t\t\t<div class=\"elementor-element elementor-element-545ec8c6 elementor-widget elementor-widget-text-editor\" data-id=\"545ec8c6\" data-element_type=\"widget\" data-e-type=\"widget\" data-widget_type=\"text-editor.default\">\n\t\t\t\t\t\t\t\t\t<p>FlyPix AI pode ser usado para manuten\u00e7\u00e3o de estradas e inspe\u00e7\u00f5es de pavimentos, permitindo a identifica\u00e7\u00e3o eficiente e precisa de danos e deteriora\u00e7\u00e3o. Nossa plataforma utiliza algoritmos de aprendizado de m\u00e1quina para identificar e detectar buracos e rachaduras em estradas e cal\u00e7adas, analisando imagens a\u00e9reas de alta resolu\u00e7\u00e3o em busca de padr\u00f5es e caracter\u00edsticas que sejam indicativos deles, como mudan\u00e7as na textura, cor e forma da superf\u00edcie. Uma vez identificado, o FlyPix AI pode ent\u00e3o classificar e mapear as \u00e1reas danificadas, permitindo que as equipes de manuten\u00e7\u00e3o de estradas e pavimentos priorizem os reparos e aloquem recursos de forma mais eficaz. O uso de intelig\u00eancia artificial para inspe\u00e7\u00f5es de estradas e pavimentos pode aumentar a efici\u00eancia geral e a precis\u00e3o desses processos, pois pode cobrir rapidamente grandes \u00e1reas e detectar danos que podem passar despercebidos nas inspe\u00e7\u00f5es tradicionais no n\u00edvel do solo.<\/p>\t\t\t\t\t\t\t\t<\/div>\n\t\t\t\t<\/div>\n\t\t<div class=\"elementor-element elementor-element-74a3f6ab e-con-full e-flex e-con e-child\" data-id=\"74a3f6ab\" data-element_type=\"container\" data-e-type=\"container\" data-settings=\"{&quot;background_background&quot;:&quot;classic&quot;}\">\n\t\t\t\t<\/div>\n\t\t\t\t<\/div>\n\t\t<div class=\"elementor-element elementor-element-4afe710 e-con-full e-flex e-con e-child\" data-id=\"4afe710\" data-element_type=\"container\" data-e-type=\"container\" data-settings=\"{&quot;background_background&quot;:&quot;classic&quot;}\">\n\t\t<div class=\"elementor-element elementor-element-ad724d9 e-con-full e-flex e-con e-child\" data-id=\"ad724d9\" data-element_type=\"container\" data-e-type=\"container\" data-settings=\"{&quot;background_background&quot;:&quot;classic&quot;}\">\n\t\t\t\t<\/div>\n\t\t<div class=\"elementor-element elementor-element-e2223da e-con-full e-flex e-con e-child\" data-id=\"e2223da\" data-element_type=\"container\" data-e-type=\"container\">\n\t\t\t\t<div class=\"elementor-element elementor-element-a5ddf81 elementor-widget elementor-widget-heading\" data-id=\"a5ddf81\" data-element_type=\"widget\" data-e-type=\"widget\" data-widget_type=\"heading.default\">\n\t\t\t\t\t<h3 class=\"elementor-heading-title elementor-size-default\">Planejamento Urbano e Desenvolvimento de Infraestrutura<\/h3>\t\t\t\t<\/div>\n\t\t\t\t<div class=\"elementor-element elementor-element-c7f2690 elementor-widget elementor-widget-text-editor\" data-id=\"c7f2690\" data-element_type=\"widget\" data-e-type=\"widget\" data-widget_type=\"text-editor.default\">\n\t\t\t\t\t\t\t\t\t<p>A FlyPix AI pode auxiliar ag\u00eancias governamentais no planejamento urbano ao fornecer an\u00e1lises geoespaciais detalhadas de paisagens urbanas. A IA pode ajudar a identificar locais adequados para nova infraestrutura, monitorar o progresso da constru\u00e7\u00e3o e garantir que os desenvolvimentos estejam alinhados com os regulamentos de zoneamento e padr\u00f5es ambientais.<\/p>\t\t\t\t\t\t\t\t<\/div>\n\t\t\t\t<\/div>\n\t\t\t\t<\/div>\n\t\t<div class=\"elementor-element elementor-element-2261fc4 e-con-full e-flex e-con e-child\" data-id=\"2261fc4\" data-element_type=\"container\" data-e-type=\"container\" data-settings=\"{&quot;background_background&quot;:&quot;classic&quot;}\">\n\t\t<div class=\"elementor-element elementor-element-ef25468 e-con-full e-flex e-con e-child\" data-id=\"ef25468\" data-element_type=\"container\" data-e-type=\"container\">\n\t\t\t\t<div class=\"elementor-element elementor-element-2107b5d elementor-widget elementor-widget-heading\" data-id=\"2107b5d\" data-element_type=\"widget\" data-e-type=\"widget\" data-widget_type=\"heading.default\">\n\t\t\t\t\t<h3 class=\"elementor-heading-title elementor-size-default\">Gest\u00e3o de Desastres e Resposta a Emerg\u00eancias<\/h3>\t\t\t\t<\/div>\n\t\t\t\t<div class=\"elementor-element elementor-element-ab1ebec elementor-widget elementor-widget-text-editor\" data-id=\"ab1ebec\" data-element_type=\"widget\" data-e-type=\"widget\" data-widget_type=\"text-editor.default\">\n\t\t\t\t\t\t\t\t\t<p>Institui\u00e7\u00f5es governamentais podem aproveitar o FlyPix AI para monitorar desastres naturais em tempo real, como inunda\u00e7\u00f5es, furac\u00f5es ou inc\u00eandios florestais. A IA analisa imagens de sat\u00e9lite e drones para avaliar a extens\u00e3o dos danos, identificar \u00e1reas cr\u00edticas que precisam de resposta de emerg\u00eancia e coordenar opera\u00e7\u00f5es de resgate de forma mais eficaz.<\/p>\t\t\t\t\t\t\t\t<\/div>\n\t\t\t\t<\/div>\n\t\t<div class=\"elementor-element elementor-element-6a9d17c e-con-full e-flex e-con e-child\" data-id=\"6a9d17c\" data-element_type=\"container\" data-e-type=\"container\" data-settings=\"{&quot;background_background&quot;:&quot;classic&quot;}\">\n\t\t\t\t<\/div>\n\t\t\t\t<\/div>\n\t\t<div class=\"elementor-element elementor-element-868eefc e-con-full e-flex e-con e-child\" data-id=\"868eefc\" data-element_type=\"container\" data-e-type=\"container\" data-settings=\"{&quot;background_background&quot;:&quot;classic&quot;}\">\n\t\t<div class=\"elementor-element elementor-element-4bfbaf8 e-con-full e-flex e-con e-child\" data-id=\"4bfbaf8\" data-element_type=\"container\" data-e-type=\"container\" data-settings=\"{&quot;background_background&quot;:&quot;classic&quot;}\">\n\t\t\t\t<\/div>\n\t\t<div class=\"elementor-element elementor-element-2832cdd e-con-full e-flex e-con e-child\" data-id=\"2832cdd\" data-element_type=\"container\" data-e-type=\"container\">\n\t\t\t\t<div class=\"elementor-element elementor-element-529c5df elementor-widget elementor-widget-heading\" data-id=\"529c5df\" data-element_type=\"widget\" data-e-type=\"widget\" data-widget_type=\"heading.default\">\n\t\t\t\t\t<h3 class=\"elementor-heading-title elementor-size-default\">Monitoramento Ambiental e Aplica\u00e7\u00e3o de Regulamenta\u00e7\u00f5es<\/h3>\t\t\t\t<\/div>\n\t\t\t\t<div class=\"elementor-element elementor-element-d9617d4 elementor-widget elementor-widget-text-editor\" data-id=\"d9617d4\" data-element_type=\"widget\" data-e-type=\"widget\" data-widget_type=\"text-editor.default\">\n\t\t\t\t\t\t\t\t\t<p>FlyPix AI pode dar suporte a ag\u00eancias governamentais no monitoramento de mudan\u00e7as ambientais e na aplica\u00e7\u00e3o de regulamenta\u00e7\u00f5es. A IA pode detectar desmatamento ilegal, uso n\u00e3o autorizado de terras e polui\u00e7\u00e3o, permitindo a\u00e7\u00f5es de aplica\u00e7\u00e3o r\u00e1pidas e ajudando a proteger recursos naturais.<\/p>\t\t\t\t\t\t\t\t<\/div>\n\t\t\t\t<\/div>\n\t\t\t\t<\/div>\n\t\t<div class=\"elementor-element elementor-element-fbc8c5a e-con-full e-flex e-con e-child\" data-id=\"fbc8c5a\" data-element_type=\"container\" data-e-type=\"container\" data-settings=\"{&quot;background_background&quot;:&quot;classic&quot;}\">\n\t\t<div class=\"elementor-element elementor-element-49af5c1 e-con-full e-flex e-con e-child\" data-id=\"49af5c1\" data-element_type=\"container\" data-e-type=\"container\">\n\t\t\t\t<div class=\"elementor-element elementor-element-d88d8ed elementor-widget elementor-widget-heading\" data-id=\"d88d8ed\" data-element_type=\"widget\" data-e-type=\"widget\" data-widget_type=\"heading.default\">\n\t\t\t\t\t<h3 class=\"elementor-heading-title elementor-size-default\">Seguran\u00e7a P\u00fablica e Vigil\u00e2ncia de Seguran\u00e7a<\/h3>\t\t\t\t<\/div>\n\t\t\t\t<div class=\"elementor-element elementor-element-b1a25c4 elementor-widget elementor-widget-text-editor\" data-id=\"b1a25c4\" data-element_type=\"widget\" data-e-type=\"widget\" data-widget_type=\"text-editor.default\">\n\t\t\t\t\t\t\t\t\t<p>FlyPix AI pode melhorar a seguran\u00e7a p\u00fablica ao fornecer vigil\u00e2ncia em tempo real de espa\u00e7os p\u00fablicos e infraestrutura cr\u00edtica. A IA pode detectar atividades incomuns, monitorar movimentos de multid\u00f5es e identificar amea\u00e7as \u00e0 seguran\u00e7a, auxiliando as ag\u00eancias de seguran\u00e7a e aplica\u00e7\u00e3o da lei a manter a ordem e a seguran\u00e7a p\u00fablicas.<\/p>\t\t\t\t\t\t\t\t<\/div>\n\t\t\t\t<\/div>\n\t\t<div class=\"elementor-element elementor-element-63b5ee1 e-con-full e-flex e-con e-child\" data-id=\"63b5ee1\" data-element_type=\"container\" data-e-type=\"container\" data-settings=\"{&quot;background_background&quot;:&quot;classic&quot;}\">\n\t\t\t\t<\/div>\n\t\t\t\t<\/div>\n\t\t\t\t\t<\/div>\n\t\t\t\t<\/div>\n\t\t\t\t<\/div>","protected":false},"excerpt":{"rendered":"<p>OBJECT DETECTION FOR GOVERNMENT INSTITUTIONS Harness the power of our advanced object detection platform for aerial imagery to optimize road maintenance and waste management Waste and Debris Detection Identifying and classifying waste requires significant effort and resources, however, FlyPix AI can automate waste detection using artificial intelligence. Our cutting-edge software leverages machine learning algorithms to [&hellip;]<\/p>\n","protected":false},"author":1,"featured_media":3645,"parent":0,"menu_order":0,"comment_status":"closed","ping_status":"closed","template":"","meta":{"_acf_changed":false,"footnotes":""},"class_list":["post-154480","page","type-page","status-publish","has-post-thumbnail","hentry"],"acf":[],"yoast_head":"<!-- This site is optimized with the Yoast SEO plugin v27.3 - https:\/\/yoast.com\/product\/yoast-seo-wordpress\/ -->\n<title>Object Detection Software for Government Institutions - Flypix<\/title>\n<meta name=\"description\" content=\"FlyPix&#039;s object detection technology for aerial imagery allows government institutions to optimize road maintenance and waste management\" \/>\n<meta name=\"robots\" content=\"index, follow, max-snippet:-1, max-image-preview:large, max-video-preview:-1\" \/>\n<link rel=\"canonical\" href=\"https:\/\/flypix.ai\/pt\/object-detection-software-for-government-institutions\/\" \/>\n<meta property=\"og:locale\" content=\"pt_PT\" \/>\n<meta property=\"og:type\" content=\"article\" \/>\n<meta property=\"og:title\" content=\"Object Detection Software for Government Institutions - Flypix\" \/>\n<meta property=\"og:description\" content=\"FlyPix&#039;s object detection technology for aerial imagery allows government institutions to optimize road maintenance and waste management\" \/>\n<meta property=\"og:url\" content=\"https:\/\/flypix.ai\/pt\/object-detection-software-for-government-institutions\/\" \/>\n<meta property=\"og:site_name\" content=\"Flypix\" \/>\n<meta property=\"article:modified_time\" content=\"2024-09-23T15:11:38+00:00\" \/>\n<meta property=\"og:image\" content=\"https:\/\/flypix.ai\/wp-content\/uploads\/2022\/10\/Flip-01.jpg\" \/>\n\t<meta property=\"og:image:width\" content=\"590\" \/>\n\t<meta property=\"og:image:height\" content=\"715\" \/>\n\t<meta property=\"og:image:type\" content=\"image\/jpeg\" \/>\n<meta name=\"twitter:card\" content=\"summary_large_image\" \/>\n<meta name=\"twitter:label1\" content=\"Tempo estimado de leitura\" \/>\n\t<meta name=\"twitter:data1\" content=\"3 minutos\" \/>\n<script type=\"application\/ld+json\" class=\"yoast-schema-graph\">{\"@context\":\"https:\\\/\\\/schema.org\",\"@graph\":[{\"@type\":\"WebPage\",\"@id\":\"https:\\\/\\\/flypix.ai\\\/object-detection-software-for-government-institutions\\\/\",\"url\":\"https:\\\/\\\/flypix.ai\\\/object-detection-software-for-government-institutions\\\/\",\"name\":\"Object Detection Software for Government Institutions - Flypix\",\"isPartOf\":{\"@id\":\"https:\\\/\\\/flypix.ai\\\/#website\"},\"primaryImageOfPage\":{\"@id\":\"https:\\\/\\\/flypix.ai\\\/object-detection-software-for-government-institutions\\\/#primaryimage\"},\"image\":{\"@id\":\"https:\\\/\\\/flypix.ai\\\/object-detection-software-for-government-institutions\\\/#primaryimage\"},\"thumbnailUrl\":\"https:\\\/\\\/flypix.ai\\\/wp-content\\\/uploads\\\/2022\\\/10\\\/Flip-01.jpg\",\"datePublished\":\"2023-01-16T10:28:59+00:00\",\"dateModified\":\"2024-09-23T15:11:38+00:00\",\"description\":\"FlyPix's object detection technology for aerial imagery allows government institutions to optimize road maintenance and waste management\",\"breadcrumb\":{\"@id\":\"https:\\\/\\\/flypix.ai\\\/object-detection-software-for-government-institutions\\\/#breadcrumb\"},\"inLanguage\":\"pt-PT\",\"potentialAction\":[{\"@type\":\"ReadAction\",\"target\":[\"https:\\\/\\\/flypix.ai\\\/object-detection-software-for-government-institutions\\\/\"]}]},{\"@type\":\"ImageObject\",\"inLanguage\":\"pt-PT\",\"@id\":\"https:\\\/\\\/flypix.ai\\\/object-detection-software-for-government-institutions\\\/#primaryimage\",\"url\":\"https:\\\/\\\/flypix.ai\\\/wp-content\\\/uploads\\\/2022\\\/10\\\/Flip-01.jpg\",\"contentUrl\":\"https:\\\/\\\/flypix.ai\\\/wp-content\\\/uploads\\\/2022\\\/10\\\/Flip-01.jpg\",\"width\":590,\"height\":715},{\"@type\":\"BreadcrumbList\",\"@id\":\"https:\\\/\\\/flypix.ai\\\/object-detection-software-for-government-institutions\\\/#breadcrumb\",\"itemListElement\":[{\"@type\":\"ListItem\",\"position\":1,\"name\":\"Home\",\"item\":\"https:\\\/\\\/flypix.ai\\\/\"},{\"@type\":\"ListItem\",\"position\":2,\"name\":\"Government\"}]},{\"@type\":\"WebSite\",\"@id\":\"https:\\\/\\\/flypix.ai\\\/#website\",\"url\":\"https:\\\/\\\/flypix.ai\\\/\",\"name\":\"Flypix\",\"description\":\"AN END-TO-END PLATFORM FOR ENTITY DETECTION, LOCALIZATION AND SEGMENTATION POWERED BY ARTIFICIAL INTELLIGENCE\",\"publisher\":{\"@id\":\"https:\\\/\\\/flypix.ai\\\/#organization\"},\"potentialAction\":[{\"@type\":\"SearchAction\",\"target\":{\"@type\":\"EntryPoint\",\"urlTemplate\":\"https:\\\/\\\/flypix.ai\\\/?s={search_term_string}\"},\"query-input\":{\"@type\":\"PropertyValueSpecification\",\"valueRequired\":true,\"valueName\":\"search_term_string\"}}],\"inLanguage\":\"pt-PT\"},{\"@type\":\"Organization\",\"@id\":\"https:\\\/\\\/flypix.ai\\\/#organization\",\"name\":\"Flypix AI\",\"url\":\"https:\\\/\\\/flypix.ai\\\/\",\"logo\":{\"@type\":\"ImageObject\",\"inLanguage\":\"pt-PT\",\"@id\":\"https:\\\/\\\/flypix.ai\\\/#\\\/schema\\\/logo\\\/image\\\/\",\"url\":\"https:\\\/\\\/flypix.ai\\\/wp-content\\\/uploads\\\/2024\\\/07\\\/logo.svg\",\"contentUrl\":\"https:\\\/\\\/flypix.ai\\\/wp-content\\\/uploads\\\/2024\\\/07\\\/logo.svg\",\"width\":346,\"height\":40,\"caption\":\"Flypix AI\"},\"image\":{\"@id\":\"https:\\\/\\\/flypix.ai\\\/#\\\/schema\\\/logo\\\/image\\\/\"}}]}<\/script>\n<!-- \/ Yoast SEO plugin. -->","yoast_head_json":{"title":"Software de detec\u00e7\u00e3o de objetos para institui\u00e7\u00f5es governamentais - Flypix","description":"A tecnologia de detec\u00e7\u00e3o de objetos da FlyPix para imagens a\u00e9reas permite que institui\u00e7\u00f5es governamentais otimizem a manuten\u00e7\u00e3o de estradas e o gerenciamento de res\u00edduos","robots":{"index":"index","follow":"follow","max-snippet":"max-snippet:-1","max-image-preview":"max-image-preview:large","max-video-preview":"max-video-preview:-1"},"canonical":"https:\/\/flypix.ai\/pt\/object-detection-software-for-government-institutions\/","og_locale":"pt_PT","og_type":"article","og_title":"Object Detection Software for Government Institutions - Flypix","og_description":"FlyPix's object detection technology for aerial imagery allows government institutions to optimize road maintenance and waste management","og_url":"https:\/\/flypix.ai\/pt\/object-detection-software-for-government-institutions\/","og_site_name":"Flypix","article_modified_time":"2024-09-23T15:11:38+00:00","og_image":[{"width":590,"height":715,"url":"https:\/\/flypix.ai\/wp-content\/uploads\/2022\/10\/Flip-01.jpg","type":"image\/jpeg"}],"twitter_card":"summary_large_image","twitter_misc":{"Tempo estimado de leitura":"3 minutos"},"schema":{"@context":"https:\/\/schema.org","@graph":[{"@type":"WebPage","@id":"https:\/\/flypix.ai\/object-detection-software-for-government-institutions\/","url":"https:\/\/flypix.ai\/object-detection-software-for-government-institutions\/","name":"Software de detec\u00e7\u00e3o de objetos para institui\u00e7\u00f5es governamentais - Flypix","isPartOf":{"@id":"https:\/\/flypix.ai\/#website"},"primaryImageOfPage":{"@id":"https:\/\/flypix.ai\/object-detection-software-for-government-institutions\/#primaryimage"},"image":{"@id":"https:\/\/flypix.ai\/object-detection-software-for-government-institutions\/#primaryimage"},"thumbnailUrl":"https:\/\/flypix.ai\/wp-content\/uploads\/2022\/10\/Flip-01.jpg","datePublished":"2023-01-16T10:28:59+00:00","dateModified":"2024-09-23T15:11:38+00:00","description":"A tecnologia de detec\u00e7\u00e3o de objetos da FlyPix para imagens a\u00e9reas permite que institui\u00e7\u00f5es governamentais otimizem a manuten\u00e7\u00e3o de estradas e o gerenciamento de res\u00edduos","breadcrumb":{"@id":"https:\/\/flypix.ai\/object-detection-software-for-government-institutions\/#breadcrumb"},"inLanguage":"pt-PT","potentialAction":[{"@type":"ReadAction","target":["https:\/\/flypix.ai\/object-detection-software-for-government-institutions\/"]}]},{"@type":"ImageObject","inLanguage":"pt-PT","@id":"https:\/\/flypix.ai\/object-detection-software-for-government-institutions\/#primaryimage","url":"https:\/\/flypix.ai\/wp-content\/uploads\/2022\/10\/Flip-01.jpg","contentUrl":"https:\/\/flypix.ai\/wp-content\/uploads\/2022\/10\/Flip-01.jpg","width":590,"height":715},{"@type":"BreadcrumbList","@id":"https:\/\/flypix.ai\/object-detection-software-for-government-institutions\/#breadcrumb","itemListElement":[{"@type":"ListItem","position":1,"name":"Home","item":"https:\/\/flypix.ai\/"},{"@type":"ListItem","position":2,"name":"Government"}]},{"@type":"WebSite","@id":"https:\/\/flypix.ai\/#website","url":"https:\/\/flypix.ai\/","name":"Flypix","description":"UMA PLATAFORMA DE PONTA A PONTA PARA DETEC\u00c7\u00c3O, LOCALIZA\u00c7\u00c3O E SEGMENTA\u00c7\u00c3O DE ENTIDADES ALIMENTADA POR INTELIG\u00caNCIA ARTIFICIAL","publisher":{"@id":"https:\/\/flypix.ai\/#organization"},"potentialAction":[{"@type":"SearchAction","target":{"@type":"EntryPoint","urlTemplate":"https:\/\/flypix.ai\/?s={search_term_string}"},"query-input":{"@type":"PropertyValueSpecification","valueRequired":true,"valueName":"search_term_string"}}],"inLanguage":"pt-PT"},{"@type":"Organization","@id":"https:\/\/flypix.ai\/#organization","name":"IA Flypix","url":"https:\/\/flypix.ai\/","logo":{"@type":"ImageObject","inLanguage":"pt-PT","@id":"https:\/\/flypix.ai\/#\/schema\/logo\/image\/","url":"https:\/\/flypix.ai\/wp-content\/uploads\/2024\/07\/logo.svg","contentUrl":"https:\/\/flypix.ai\/wp-content\/uploads\/2024\/07\/logo.svg","width":346,"height":40,"caption":"Flypix AI"},"image":{"@id":"https:\/\/flypix.ai\/#\/schema\/logo\/image\/"}}]}},"_links":{"self":[{"href":"https:\/\/flypix.ai\/pt\/wp-json\/wp\/v2\/pages\/154480","targetHints":{"allow":["GET"]}}],"collection":[{"href":"https:\/\/flypix.ai\/pt\/wp-json\/wp\/v2\/pages"}],"about":[{"href":"https:\/\/flypix.ai\/pt\/wp-json\/wp\/v2\/types\/page"}],"author":[{"embeddable":true,"href":"https:\/\/flypix.ai\/pt\/wp-json\/wp\/v2\/users\/1"}],"replies":[{"embeddable":true,"href":"https:\/\/flypix.ai\/pt\/wp-json\/wp\/v2\/comments?post=154480"}],"version-history":[{"count":0,"href":"https:\/\/flypix.ai\/pt\/wp-json\/wp\/v2\/pages\/154480\/revisions"}],"wp:featuredmedia":[{"embeddable":true,"href":"https:\/\/flypix.ai\/pt\/wp-json\/wp\/v2\/media\/3645"}],"wp:attachment":[{"href":"https:\/\/flypix.ai\/pt\/wp-json\/wp\/v2\/media?parent=154480"}],"curies":[{"name":"wp","href":"https:\/\/api.w.org\/{rel}","templated":true}]}}