{"id":154497,"date":"2023-01-16T11:43:52","date_gmt":"2023-01-16T11:43:52","guid":{"rendered":"https:\/\/flypix.ai\/?page_id=154497"},"modified":"2024-09-23T15:01:49","modified_gmt":"2024-09-23T15:01:49","slug":"object-detection-software-for-construction-automation","status":"publish","type":"page","link":"https:\/\/flypix.ai\/pt\/object-detection-software-for-construction-automation\/","title":{"rendered":"Constru\u00e7\u00e3o"},"content":{"rendered":"<div data-elementor-type=\"wp-page\" data-elementor-id=\"154497\" class=\"elementor elementor-154497\" data-elementor-post-type=\"page\">\n\t\t\t\t<div class=\"elementor-element elementor-element-2a120cdc e-flex e-con-boxed e-con e-parent\" data-id=\"2a120cdc\" data-element_type=\"container\" data-e-type=\"container\" data-settings=\"{&quot;background_background&quot;:&quot;classic&quot;}\">\n\t\t\t\t\t<div class=\"e-con-inner\">\n\t\t<div class=\"elementor-element elementor-element-fb9674f e-con-full e-flex e-con e-child\" data-id=\"fb9674f\" data-element_type=\"container\" data-e-type=\"container\">\n\t\t\t\t<div class=\"elementor-element elementor-element-5632cb34 elementor-widget elementor-widget-heading\" data-id=\"5632cb34\" data-element_type=\"widget\" data-e-type=\"widget\" data-widget_type=\"heading.default\">\n\t\t\t\t\t<h1 class=\"elementor-heading-title elementor-size-default\">DETEC\u00c7\u00c3O DE OBJETOS PARA A IND\u00daSTRIA DE FABRICA\u00c7\u00c3O E CONSTRU\u00c7\u00c3O\n<\/h1>\t\t\t\t<\/div>\n\t\t<div class=\"elementor-element elementor-element-691cc0d3 e-con-full e-flex e-con e-child\" data-id=\"691cc0d3\" data-element_type=\"container\" data-e-type=\"container\">\n\t\t\t\t<div class=\"elementor-element elementor-element-38a60774 elementor-widget-divider--view-line elementor-widget elementor-widget-divider\" data-id=\"38a60774\" data-element_type=\"widget\" data-e-type=\"widget\" data-widget_type=\"divider.default\">\n\t\t\t\t\t\t\t<div class=\"elementor-divider\">\n\t\t\t<span class=\"elementor-divider-separator\">\n\t\t\t\t\t\t<\/span>\n\t\t<\/div>\n\t\t\t\t\t\t<\/div>\n\t\t\t\t<\/div>\n\t\t<div class=\"elementor-element elementor-element-668a8b5e e-con-full e-flex e-con e-child\" data-id=\"668a8b5e\" data-element_type=\"container\" data-e-type=\"container\">\n\t\t\t\t<div class=\"elementor-element elementor-element-7ad04919 elementor-widget elementor-widget-heading\" data-id=\"7ad04919\" data-element_type=\"widget\" data-e-type=\"widget\" data-widget_type=\"heading.default\">\n\t\t\t\t\t<h2 class=\"elementor-heading-title elementor-size-default\">A tecnologia de detec\u00e7\u00e3o de objetos da FlyPix para imagens a\u00e9reas permite que os supervisores de constru\u00e7\u00e3o identifiquem remotamente materiais de constru\u00e7\u00e3o, detectem defeitos e gerem relat\u00f3rios de progresso<\/h2>\t\t\t\t<\/div>\n\t\t\t\t<\/div>\n\t\t\t\t<\/div>\n\t\t\t\t\t<\/div>\n\t\t\t\t<\/div>\n\t\t<div class=\"elementor-element elementor-element-5f156e6 e-flex e-con-boxed e-con e-parent\" data-id=\"5f156e6\" data-element_type=\"container\" data-e-type=\"container\" data-settings=\"{&quot;background_background&quot;:&quot;classic&quot;}\">\n\t\t\t\t\t<div class=\"e-con-inner\">\n\t\t<div class=\"elementor-element elementor-element-7321e92b e-con-full e-flex e-con e-child\" data-id=\"7321e92b\" data-element_type=\"container\" data-e-type=\"container\">\n\t\t<div class=\"elementor-element elementor-element-3a6862c0 e-con-full e-flex e-con e-child\" data-id=\"3a6862c0\" data-element_type=\"container\" data-e-type=\"container\">\n\t\t\t\t<div class=\"elementor-element elementor-element-74377a80 elementor-widget__width-initial elementor-widget elementor-widget-heading\" data-id=\"74377a80\" data-element_type=\"widget\" data-e-type=\"widget\" data-widget_type=\"heading.default\">\n\t\t\t\t\t<div class=\"elementor-heading-title elementor-size-default\">01<\/div>\t\t\t\t<\/div>\n\t\t\t\t<div class=\"elementor-element elementor-element-71f0aac4 elementor-widget elementor-widget-heading\" data-id=\"71f0aac4\" data-element_type=\"widget\" data-e-type=\"widget\" data-widget_type=\"heading.default\">\n\t\t\t\t\t<h3 class=\"elementor-heading-title elementor-size-default\">Identifique materiais de constru\u00e7\u00e3o, detecte defeitos e riscos potenciais remotamente<\/h3>\t\t\t\t<\/div>\n\t\t\t\t<\/div>\n\t\t<div class=\"elementor-element elementor-element-19a746f e-con-full e-flex e-con e-child\" data-id=\"19a746f\" data-element_type=\"container\" data-e-type=\"container\">\n\t\t\t\t<div class=\"elementor-element elementor-element-7a902a40 elementor-widget__width-initial elementor-widget elementor-widget-heading\" data-id=\"7a902a40\" data-element_type=\"widget\" data-e-type=\"widget\" data-widget_type=\"heading.default\">\n\t\t\t\t\t<div class=\"elementor-heading-title elementor-size-default\">02<\/div>\t\t\t\t<\/div>\n\t\t\t\t<div class=\"elementor-element elementor-element-19fa3a57 elementor-widget elementor-widget-heading\" data-id=\"19fa3a57\" data-element_type=\"widget\" data-e-type=\"widget\" data-widget_type=\"heading.default\">\n\t\t\t\t\t<h3 class=\"elementor-heading-title elementor-size-default\">Reduza a necessidade de inspe\u00e7\u00f5es no local e melhore a seguran\u00e7a<\/h3>\t\t\t\t<\/div>\n\t\t\t\t<\/div>\n\t\t<div class=\"elementor-element elementor-element-4284a25d e-con-full e-flex e-con e-child\" data-id=\"4284a25d\" data-element_type=\"container\" data-e-type=\"container\">\n\t\t\t\t<div class=\"elementor-element elementor-element-3aca3aad elementor-widget__width-initial elementor-widget elementor-widget-heading\" data-id=\"3aca3aad\" data-element_type=\"widget\" data-e-type=\"widget\" data-widget_type=\"heading.default\">\n\t\t\t\t\t<div class=\"elementor-heading-title elementor-size-default\">03<\/div>\t\t\t\t<\/div>\n\t\t\t\t<div class=\"elementor-element elementor-element-6e4ccd97 elementor-widget elementor-widget-heading\" data-id=\"6e4ccd97\" data-element_type=\"widget\" data-e-type=\"widget\" data-widget_type=\"heading.default\">\n\t\t\t\t\t<h3 class=\"elementor-heading-title elementor-size-default\">Crie relat\u00f3rios detalhados de progresso da constru\u00e7\u00e3o<\/h3>\t\t\t\t<\/div>\n\t\t\t\t<\/div>\n\t\t\t\t<\/div>\n\t\t<div class=\"elementor-element elementor-element-3b36bf14 e-con-full e-flex e-con e-child\" data-id=\"3b36bf14\" data-element_type=\"container\" data-e-type=\"container\" data-settings=\"{&quot;background_background&quot;:&quot;classic&quot;}\">\n\t\t<div class=\"elementor-element elementor-element-65256419 e-con-full e-flex e-con e-child\" data-id=\"65256419\" data-element_type=\"container\" data-e-type=\"container\" data-settings=\"{&quot;background_background&quot;:&quot;classic&quot;}\">\n\t\t\t\t<\/div>\n\t\t<div class=\"elementor-element elementor-element-19b842d e-con-full e-flex e-con e-child\" data-id=\"19b842d\" data-element_type=\"container\" data-e-type=\"container\" data-settings=\"{&quot;background_background&quot;:&quot;classic&quot;}\">\n\t\t\t\t<div class=\"elementor-element elementor-element-34e54134 elementor-widget elementor-widget-heading\" data-id=\"34e54134\" data-element_type=\"widget\" data-e-type=\"widget\" data-widget_type=\"heading.default\">\n\t\t\t\t\t<p class=\"elementor-heading-title elementor-size-default\">Inspe\u00e7\u00e3o Remota de Canteiro de Obras<\/p>\t\t\t\t<\/div>\n\t\t\t\t<div class=\"elementor-element elementor-element-26597b5f elementor-widget elementor-widget-text-editor\" data-id=\"26597b5f\" data-element_type=\"widget\" data-e-type=\"widget\" data-widget_type=\"text-editor.default\">\n\t\t\t\t\t\t\t\t\t<p>FlyPix aproveita tecnologia avan\u00e7ada de intelig\u00eancia artificial (IA) para analisar e detectar automaticamente objetos em imagens de sat\u00e9lite e drones, permitindo que as empresas conduzam inspe\u00e7\u00f5es remotas eficientes em canteiros de obras, reduzindo horas de trabalho gastas em inspe\u00e7\u00f5es no local e melhorando a seguran\u00e7a, evitando contato direto com perigosos \u00e1reas ou alturas. Aproveitar o poder da IA para inspe\u00e7\u00f5es de constru\u00e7\u00e3o torna mais f\u00e1cil para os supervisores de constru\u00e7\u00e3o identificar remotamente materiais de constru\u00e7\u00e3o, detectar anomalias, identificar riscos potenciais e gerar relat\u00f3rios detalhados de progresso do local.<\/p>\t\t\t\t\t\t\t\t<\/div>\n\t\t\t\t<\/div>\n\t\t\t\t<\/div>\n\t\t<div class=\"elementor-element elementor-element-cd0059d e-con-full e-flex e-con e-child\" data-id=\"cd0059d\" data-element_type=\"container\" data-e-type=\"container\" data-settings=\"{&quot;background_background&quot;:&quot;classic&quot;}\">\n\t\t<div class=\"elementor-element elementor-element-8cdc5a8 e-con-full e-flex e-con e-child\" data-id=\"8cdc5a8\" data-element_type=\"container\" data-e-type=\"container\" data-settings=\"{&quot;background_background&quot;:&quot;classic&quot;}\">\n\t\t\t\t<div class=\"elementor-element elementor-element-e8a194c elementor-widget elementor-widget-heading\" data-id=\"e8a194c\" data-element_type=\"widget\" data-e-type=\"widget\" data-widget_type=\"heading.default\">\n\t\t\t\t\t<p class=\"elementor-heading-title elementor-size-default\">Monitoramento do Site e Acompanhamento do Progresso<\/p>\t\t\t\t<\/div>\n\t\t\t\t<div class=\"elementor-element elementor-element-16e7b0e elementor-widget elementor-widget-text-editor\" data-id=\"16e7b0e\" data-element_type=\"widget\" data-e-type=\"widget\" data-widget_type=\"text-editor.default\">\n\t\t\t\t\t\t\t\t\t<p>O FlyPix AI pode automatizar o monitoramento de canteiros de obras usando imagens de drones e sat\u00e9lites. A IA pode rastrear o progresso do projeto, detectar discrep\u00e2ncias de designs planejados e fornecer atualiza\u00e7\u00f5es em tempo real. Isso garante que os projetos permane\u00e7am dentro do cronograma e do or\u00e7amento, ao mesmo tempo em que melhora o gerenciamento geral do local.<\/p>\t\t\t\t\t\t\t\t<\/div>\n\t\t\t\t<\/div>\n\t\t<div class=\"elementor-element elementor-element-070c6d5 e-con-full e-flex e-con e-child\" data-id=\"070c6d5\" data-element_type=\"container\" data-e-type=\"container\" data-settings=\"{&quot;background_background&quot;:&quot;classic&quot;}\">\n\t\t\t\t<\/div>\n\t\t\t\t<\/div>\n\t\t<div class=\"elementor-element elementor-element-f532860 e-con-full e-flex e-con e-child\" data-id=\"f532860\" data-element_type=\"container\" data-e-type=\"container\" data-settings=\"{&quot;background_background&quot;:&quot;classic&quot;}\">\n\t\t<div class=\"elementor-element elementor-element-cdd08ee e-con-full e-flex e-con e-child\" data-id=\"cdd08ee\" data-element_type=\"container\" data-e-type=\"container\" data-settings=\"{&quot;background_background&quot;:&quot;classic&quot;}\">\n\t\t\t\t<\/div>\n\t\t<div class=\"elementor-element elementor-element-58c84cc e-con-full e-flex e-con e-child\" data-id=\"58c84cc\" data-element_type=\"container\" data-e-type=\"container\" data-settings=\"{&quot;background_background&quot;:&quot;classic&quot;}\">\n\t\t\t\t<div class=\"elementor-element elementor-element-b587084 elementor-widget elementor-widget-heading\" data-id=\"b587084\" data-element_type=\"widget\" data-e-type=\"widget\" data-widget_type=\"heading.default\">\n\t\t\t\t\t<p class=\"elementor-heading-title elementor-size-default\">Conformidade de seguran\u00e7a e detec\u00e7\u00e3o de riscos<\/p>\t\t\t\t<\/div>\n\t\t\t\t<div class=\"elementor-element elementor-element-5486497 elementor-widget elementor-widget-text-editor\" data-id=\"5486497\" data-element_type=\"widget\" data-e-type=\"widget\" data-widget_type=\"text-editor.default\">\n\t\t\t\t\t\t\t\t\t<p>FlyPix AI pode aumentar a seguran\u00e7a em canteiros de obras identificando perigos potenciais, como mau funcionamento de equipamentos, condi\u00e7\u00f5es de trabalho inseguras ou pessoal n\u00e3o autorizado. Ao analisar dados de imagens, a IA ajuda a garantir a conformidade com os regulamentos de seguran\u00e7a e reduz o risco de acidentes.<\/p>\t\t\t\t\t\t\t\t<\/div>\n\t\t\t\t<\/div>\n\t\t\t\t<\/div>\n\t\t<div class=\"elementor-element elementor-element-1729061 e-con-full e-flex e-con e-child\" data-id=\"1729061\" data-element_type=\"container\" data-e-type=\"container\" data-settings=\"{&quot;background_background&quot;:&quot;classic&quot;}\">\n\t\t<div class=\"elementor-element elementor-element-4836acc e-con-full e-flex e-con e-child\" data-id=\"4836acc\" data-element_type=\"container\" data-e-type=\"container\" data-settings=\"{&quot;background_background&quot;:&quot;classic&quot;}\">\n\t\t\t\t<div class=\"elementor-element elementor-element-1da758d elementor-widget elementor-widget-heading\" data-id=\"1da758d\" data-element_type=\"widget\" data-e-type=\"widget\" data-widget_type=\"heading.default\">\n\t\t\t\t\t<p class=\"elementor-heading-title elementor-size-default\">Gest\u00e3o automatizada de ativos<\/p>\t\t\t\t<\/div>\n\t\t\t\t<div class=\"elementor-element elementor-element-4ad3f23 elementor-widget elementor-widget-text-editor\" data-id=\"4ad3f23\" data-element_type=\"widget\" data-e-type=\"widget\" data-widget_type=\"text-editor.default\">\n\t\t\t\t\t\t\t\t\t<p>O FlyPix AI pode ser usado para rastrear e gerenciar ativos de constru\u00e7\u00e3o, como maquin\u00e1rio, materiais e equipamentos. O AI fornece insights sobre a utiliza\u00e7\u00e3o e condi\u00e7\u00e3o desses ativos, permitindo melhor gerenciamento de invent\u00e1rio, reduzindo roubos e otimizando a aloca\u00e7\u00e3o de recursos.<\/p>\t\t\t\t\t\t\t\t<\/div>\n\t\t\t\t<\/div>\n\t\t<div class=\"elementor-element elementor-element-3e5bcad e-con-full e-flex e-con e-child\" data-id=\"3e5bcad\" data-element_type=\"container\" data-e-type=\"container\" data-settings=\"{&quot;background_background&quot;:&quot;classic&quot;}\">\n\t\t\t\t<\/div>\n\t\t\t\t<\/div>\n\t\t<div class=\"elementor-element elementor-element-7c78739 e-con-full e-flex e-con e-child\" data-id=\"7c78739\" data-element_type=\"container\" data-e-type=\"container\" data-settings=\"{&quot;background_background&quot;:&quot;classic&quot;}\">\n\t\t<div class=\"elementor-element elementor-element-13a8be3 e-con-full e-flex e-con e-child\" data-id=\"13a8be3\" data-element_type=\"container\" data-e-type=\"container\" data-settings=\"{&quot;background_background&quot;:&quot;classic&quot;}\">\n\t\t\t\t<\/div>\n\t\t<div class=\"elementor-element elementor-element-d9d1536 e-con-full e-flex e-con e-child\" data-id=\"d9d1536\" data-element_type=\"container\" data-e-type=\"container\" data-settings=\"{&quot;background_background&quot;:&quot;classic&quot;}\">\n\t\t\t\t<div class=\"elementor-element elementor-element-0a7e858 elementor-widget elementor-widget-heading\" data-id=\"0a7e858\" data-element_type=\"widget\" data-e-type=\"widget\" data-widget_type=\"heading.default\">\n\t\t\t\t\t<p class=\"elementor-heading-title elementor-size-default\">Controle de Qualidade e Detec\u00e7\u00e3o de Defeitos<\/p>\t\t\t\t<\/div>\n\t\t\t\t<div class=\"elementor-element elementor-element-46a6c52 elementor-widget elementor-widget-text-editor\" data-id=\"46a6c52\" data-element_type=\"widget\" data-e-type=\"widget\" data-widget_type=\"text-editor.default\">\n\t\t\t\t\t\t\t\t\t<p>O FlyPix AI pode executar inspe\u00e7\u00f5es detalhadas da qualidade da constru\u00e7\u00e3o analisando imagens do trabalho conclu\u00eddo. A IA pode detectar defeitos, problemas estruturais ou desvios das especifica\u00e7\u00f5es do projeto, permitindo a\u00e7\u00f5es corretivas imediatas. Isso melhora a qualidade da constru\u00e7\u00e3o final e reduz a necessidade de retrabalho dispendioso.<\/p>\t\t\t\t\t\t\t\t<\/div>\n\t\t\t\t<\/div>\n\t\t\t\t<\/div>\n\t\t\t\t\t<\/div>\n\t\t\t\t<\/div>\n\t\t\t\t<\/div>","protected":false},"excerpt":{"rendered":"<p>OBJECT DETECTION FOR MANUFACTURING AND CONSTRUCTION INDUSTRY FlyPix&#8217;s Object Detection Technology for Aerial Imagery Allows Construction Supervisors to Remotely Identify Construction Materials, Detect Defects, and Generate Progress Reports 01 Identify construction materials, detect defects and potential risks remotely 02 Reduce the need for on-site inspections and improve safety 03 Create detailed construction progress reports Remote [&hellip;]<\/p>\n","protected":false},"author":1,"featured_media":3646,"parent":0,"menu_order":0,"comment_status":"closed","ping_status":"closed","template":"","meta":{"_acf_changed":false,"footnotes":""},"class_list":["post-154497","page","type-page","status-publish","has-post-thumbnail","hentry"],"acf":[],"yoast_head":"<!-- This site is optimized with the Yoast SEO plugin v27.3 - https:\/\/yoast.com\/product\/yoast-seo-wordpress\/ -->\n<title>Object Detection in Manufacturing and Construction Industry - Flypix<\/title>\n<meta name=\"description\" content=\"Identify construction materials, detect potential risks, and generate detailed progress reports with FlyPix&#039;s object detection technology\" \/>\n<meta name=\"robots\" content=\"index, follow, max-snippet:-1, max-image-preview:large, max-video-preview:-1\" \/>\n<link rel=\"canonical\" href=\"https:\/\/flypix.ai\/pt\/object-detection-software-for-construction-automation\/\" \/>\n<meta property=\"og:locale\" content=\"pt_PT\" \/>\n<meta property=\"og:type\" content=\"article\" \/>\n<meta property=\"og:title\" content=\"Object Detection in Manufacturing and Construction Industry - Flypix\" \/>\n<meta property=\"og:description\" content=\"Identify construction materials, detect potential risks, and generate detailed progress reports with FlyPix&#039;s object detection technology\" \/>\n<meta property=\"og:url\" content=\"https:\/\/flypix.ai\/pt\/object-detection-software-for-construction-automation\/\" \/>\n<meta property=\"og:site_name\" content=\"Flypix\" \/>\n<meta property=\"article:modified_time\" content=\"2024-09-23T15:01:49+00:00\" \/>\n<meta property=\"og:image\" content=\"https:\/\/flypix.ai\/wp-content\/uploads\/2022\/10\/Flip-02.jpg\" \/>\n\t<meta property=\"og:image:width\" content=\"590\" \/>\n\t<meta property=\"og:image:height\" content=\"715\" \/>\n\t<meta property=\"og:image:type\" content=\"image\/jpeg\" \/>\n<meta name=\"twitter:card\" content=\"summary_large_image\" \/>\n<meta name=\"twitter:label1\" content=\"Tempo estimado de leitura\" \/>\n\t<meta name=\"twitter:data1\" content=\"2 minutos\" \/>\n<script type=\"application\/ld+json\" class=\"yoast-schema-graph\">{\"@context\":\"https:\\\/\\\/schema.org\",\"@graph\":[{\"@type\":\"WebPage\",\"@id\":\"https:\\\/\\\/flypix.ai\\\/object-detection-software-for-construction-automation\\\/\",\"url\":\"https:\\\/\\\/flypix.ai\\\/object-detection-software-for-construction-automation\\\/\",\"name\":\"Object Detection in Manufacturing and Construction Industry - Flypix\",\"isPartOf\":{\"@id\":\"https:\\\/\\\/flypix.ai\\\/#website\"},\"primaryImageOfPage\":{\"@id\":\"https:\\\/\\\/flypix.ai\\\/object-detection-software-for-construction-automation\\\/#primaryimage\"},\"image\":{\"@id\":\"https:\\\/\\\/flypix.ai\\\/object-detection-software-for-construction-automation\\\/#primaryimage\"},\"thumbnailUrl\":\"https:\\\/\\\/flypix.ai\\\/wp-content\\\/uploads\\\/2022\\\/10\\\/Flip-02.jpg\",\"datePublished\":\"2023-01-16T11:43:52+00:00\",\"dateModified\":\"2024-09-23T15:01:49+00:00\",\"description\":\"Identify construction materials, detect potential risks, and generate detailed progress reports with FlyPix's object detection technology\",\"breadcrumb\":{\"@id\":\"https:\\\/\\\/flypix.ai\\\/object-detection-software-for-construction-automation\\\/#breadcrumb\"},\"inLanguage\":\"pt-PT\",\"potentialAction\":[{\"@type\":\"ReadAction\",\"target\":[\"https:\\\/\\\/flypix.ai\\\/object-detection-software-for-construction-automation\\\/\"]}]},{\"@type\":\"ImageObject\",\"inLanguage\":\"pt-PT\",\"@id\":\"https:\\\/\\\/flypix.ai\\\/object-detection-software-for-construction-automation\\\/#primaryimage\",\"url\":\"https:\\\/\\\/flypix.ai\\\/wp-content\\\/uploads\\\/2022\\\/10\\\/Flip-02.jpg\",\"contentUrl\":\"https:\\\/\\\/flypix.ai\\\/wp-content\\\/uploads\\\/2022\\\/10\\\/Flip-02.jpg\",\"width\":590,\"height\":715},{\"@type\":\"BreadcrumbList\",\"@id\":\"https:\\\/\\\/flypix.ai\\\/object-detection-software-for-construction-automation\\\/#breadcrumb\",\"itemListElement\":[{\"@type\":\"ListItem\",\"position\":1,\"name\":\"Home\",\"item\":\"https:\\\/\\\/flypix.ai\\\/\"},{\"@type\":\"ListItem\",\"position\":2,\"name\":\"Construction\"}]},{\"@type\":\"WebSite\",\"@id\":\"https:\\\/\\\/flypix.ai\\\/#website\",\"url\":\"https:\\\/\\\/flypix.ai\\\/\",\"name\":\"Flypix\",\"description\":\"AN END-TO-END PLATFORM FOR ENTITY DETECTION, LOCALIZATION AND SEGMENTATION POWERED BY ARTIFICIAL INTELLIGENCE\",\"publisher\":{\"@id\":\"https:\\\/\\\/flypix.ai\\\/#organization\"},\"potentialAction\":[{\"@type\":\"SearchAction\",\"target\":{\"@type\":\"EntryPoint\",\"urlTemplate\":\"https:\\\/\\\/flypix.ai\\\/?s={search_term_string}\"},\"query-input\":{\"@type\":\"PropertyValueSpecification\",\"valueRequired\":true,\"valueName\":\"search_term_string\"}}],\"inLanguage\":\"pt-PT\"},{\"@type\":\"Organization\",\"@id\":\"https:\\\/\\\/flypix.ai\\\/#organization\",\"name\":\"Flypix AI\",\"url\":\"https:\\\/\\\/flypix.ai\\\/\",\"logo\":{\"@type\":\"ImageObject\",\"inLanguage\":\"pt-PT\",\"@id\":\"https:\\\/\\\/flypix.ai\\\/#\\\/schema\\\/logo\\\/image\\\/\",\"url\":\"https:\\\/\\\/flypix.ai\\\/wp-content\\\/uploads\\\/2024\\\/07\\\/logo.svg\",\"contentUrl\":\"https:\\\/\\\/flypix.ai\\\/wp-content\\\/uploads\\\/2024\\\/07\\\/logo.svg\",\"width\":346,\"height\":40,\"caption\":\"Flypix AI\"},\"image\":{\"@id\":\"https:\\\/\\\/flypix.ai\\\/#\\\/schema\\\/logo\\\/image\\\/\"}}]}<\/script>\n<!-- \/ Yoast SEO plugin. -->","yoast_head_json":{"title":"Detec\u00e7\u00e3o de objetos na ind\u00fastria de manufatura e constru\u00e7\u00e3o - Flypix","description":"Identifique materiais de constru\u00e7\u00e3o, detecte riscos potenciais e gere relat\u00f3rios de progresso detalhados com a tecnologia de detec\u00e7\u00e3o de objetos FlyPix","robots":{"index":"index","follow":"follow","max-snippet":"max-snippet:-1","max-image-preview":"max-image-preview:large","max-video-preview":"max-video-preview:-1"},"canonical":"https:\/\/flypix.ai\/pt\/object-detection-software-for-construction-automation\/","og_locale":"pt_PT","og_type":"article","og_title":"Object Detection in Manufacturing and Construction Industry - Flypix","og_description":"Identify construction materials, detect potential risks, and generate detailed progress reports with FlyPix's object detection technology","og_url":"https:\/\/flypix.ai\/pt\/object-detection-software-for-construction-automation\/","og_site_name":"Flypix","article_modified_time":"2024-09-23T15:01:49+00:00","og_image":[{"width":590,"height":715,"url":"https:\/\/flypix.ai\/wp-content\/uploads\/2022\/10\/Flip-02.jpg","type":"image\/jpeg"}],"twitter_card":"summary_large_image","twitter_misc":{"Tempo estimado de leitura":"2 minutos"},"schema":{"@context":"https:\/\/schema.org","@graph":[{"@type":"WebPage","@id":"https:\/\/flypix.ai\/object-detection-software-for-construction-automation\/","url":"https:\/\/flypix.ai\/object-detection-software-for-construction-automation\/","name":"Detec\u00e7\u00e3o de objetos na ind\u00fastria de manufatura e constru\u00e7\u00e3o - Flypix","isPartOf":{"@id":"https:\/\/flypix.ai\/#website"},"primaryImageOfPage":{"@id":"https:\/\/flypix.ai\/object-detection-software-for-construction-automation\/#primaryimage"},"image":{"@id":"https:\/\/flypix.ai\/object-detection-software-for-construction-automation\/#primaryimage"},"thumbnailUrl":"https:\/\/flypix.ai\/wp-content\/uploads\/2022\/10\/Flip-02.jpg","datePublished":"2023-01-16T11:43:52+00:00","dateModified":"2024-09-23T15:01:49+00:00","description":"Identifique materiais de constru\u00e7\u00e3o, detecte riscos potenciais e gere relat\u00f3rios de progresso detalhados com a tecnologia de detec\u00e7\u00e3o de objetos FlyPix","breadcrumb":{"@id":"https:\/\/flypix.ai\/object-detection-software-for-construction-automation\/#breadcrumb"},"inLanguage":"pt-PT","potentialAction":[{"@type":"ReadAction","target":["https:\/\/flypix.ai\/object-detection-software-for-construction-automation\/"]}]},{"@type":"ImageObject","inLanguage":"pt-PT","@id":"https:\/\/flypix.ai\/object-detection-software-for-construction-automation\/#primaryimage","url":"https:\/\/flypix.ai\/wp-content\/uploads\/2022\/10\/Flip-02.jpg","contentUrl":"https:\/\/flypix.ai\/wp-content\/uploads\/2022\/10\/Flip-02.jpg","width":590,"height":715},{"@type":"BreadcrumbList","@id":"https:\/\/flypix.ai\/object-detection-software-for-construction-automation\/#breadcrumb","itemListElement":[{"@type":"ListItem","position":1,"name":"Home","item":"https:\/\/flypix.ai\/"},{"@type":"ListItem","position":2,"name":"Construction"}]},{"@type":"WebSite","@id":"https:\/\/flypix.ai\/#website","url":"https:\/\/flypix.ai\/","name":"Flypix","description":"UMA PLATAFORMA DE PONTA A PONTA PARA DETEC\u00c7\u00c3O, LOCALIZA\u00c7\u00c3O E SEGMENTA\u00c7\u00c3O DE ENTIDADES ALIMENTADA POR INTELIG\u00caNCIA ARTIFICIAL","publisher":{"@id":"https:\/\/flypix.ai\/#organization"},"potentialAction":[{"@type":"SearchAction","target":{"@type":"EntryPoint","urlTemplate":"https:\/\/flypix.ai\/?s={search_term_string}"},"query-input":{"@type":"PropertyValueSpecification","valueRequired":true,"valueName":"search_term_string"}}],"inLanguage":"pt-PT"},{"@type":"Organization","@id":"https:\/\/flypix.ai\/#organization","name":"IA Flypix","url":"https:\/\/flypix.ai\/","logo":{"@type":"ImageObject","inLanguage":"pt-PT","@id":"https:\/\/flypix.ai\/#\/schema\/logo\/image\/","url":"https:\/\/flypix.ai\/wp-content\/uploads\/2024\/07\/logo.svg","contentUrl":"https:\/\/flypix.ai\/wp-content\/uploads\/2024\/07\/logo.svg","width":346,"height":40,"caption":"Flypix AI"},"image":{"@id":"https:\/\/flypix.ai\/#\/schema\/logo\/image\/"}}]}},"_links":{"self":[{"href":"https:\/\/flypix.ai\/pt\/wp-json\/wp\/v2\/pages\/154497","targetHints":{"allow":["GET"]}}],"collection":[{"href":"https:\/\/flypix.ai\/pt\/wp-json\/wp\/v2\/pages"}],"about":[{"href":"https:\/\/flypix.ai\/pt\/wp-json\/wp\/v2\/types\/page"}],"author":[{"embeddable":true,"href":"https:\/\/flypix.ai\/pt\/wp-json\/wp\/v2\/users\/1"}],"replies":[{"embeddable":true,"href":"https:\/\/flypix.ai\/pt\/wp-json\/wp\/v2\/comments?post=154497"}],"version-history":[{"count":0,"href":"https:\/\/flypix.ai\/pt\/wp-json\/wp\/v2\/pages\/154497\/revisions"}],"wp:featuredmedia":[{"embeddable":true,"href":"https:\/\/flypix.ai\/pt\/wp-json\/wp\/v2\/media\/3646"}],"wp:attachment":[{"href":"https:\/\/flypix.ai\/pt\/wp-json\/wp\/v2\/media?parent=154497"}],"curies":[{"name":"wp","href":"https:\/\/api.w.org\/{rel}","templated":true}]}}