{"id":154499,"date":"2023-01-16T11:44:43","date_gmt":"2023-01-16T11:44:43","guid":{"rendered":"https:\/\/flypix.ai\/?page_id=154499"},"modified":"2024-09-23T14:55:01","modified_gmt":"2024-09-23T14:55:01","slug":"object-detection-software-for-the-energy-industry","status":"publish","type":"page","link":"https:\/\/flypix.ai\/pt\/object-detection-software-for-the-energy-industry\/","title":{"rendered":"Energia renov\u00e1vel"},"content":{"rendered":"<div data-elementor-type=\"wp-page\" data-elementor-id=\"154499\" class=\"elementor elementor-154499\" data-elementor-post-type=\"page\">\n\t\t\t\t<div class=\"elementor-element elementor-element-19eb128b e-flex e-con-boxed e-con e-parent\" data-id=\"19eb128b\" data-element_type=\"container\" data-e-type=\"container\" data-settings=\"{&quot;background_background&quot;:&quot;classic&quot;}\">\n\t\t\t\t\t<div class=\"e-con-inner\">\n\t\t<div class=\"elementor-element elementor-element-687b3dcf e-con-full e-flex e-con e-child\" data-id=\"687b3dcf\" data-element_type=\"container\" data-e-type=\"container\">\n\t\t\t\t<div class=\"elementor-element elementor-element-91c183c elementor-widget elementor-widget-heading\" data-id=\"91c183c\" data-element_type=\"widget\" data-e-type=\"widget\" data-widget_type=\"heading.default\">\n\t\t\t\t\t<h1 class=\"elementor-heading-title elementor-size-default\">SOFTWARE DE DETEC\u00c7\u00c3O DE OBJETOS PARA ENERGIA RENOV\u00c1VEL<\/h1>\t\t\t\t<\/div>\n\t\t<div class=\"elementor-element elementor-element-3bac6f4a e-con-full e-flex e-con e-child\" data-id=\"3bac6f4a\" data-element_type=\"container\" data-e-type=\"container\">\n\t\t\t\t<div class=\"elementor-element elementor-element-df3e1a8 elementor-widget-divider--view-line elementor-widget elementor-widget-divider\" data-id=\"df3e1a8\" data-element_type=\"widget\" data-e-type=\"widget\" data-widget_type=\"divider.default\">\n\t\t\t\t\t\t\t<div class=\"elementor-divider\">\n\t\t\t<span class=\"elementor-divider-separator\">\n\t\t\t\t\t\t<\/span>\n\t\t<\/div>\n\t\t\t\t\t\t<\/div>\n\t\t\t\t<\/div>\n\t\t<div class=\"elementor-element elementor-element-40ac4b78 e-con-full e-flex e-con e-child\" data-id=\"40ac4b78\" data-element_type=\"container\" data-e-type=\"container\">\n\t\t\t\t<div class=\"elementor-element elementor-element-691bb40f elementor-widget elementor-widget-heading\" data-id=\"691bb40f\" data-element_type=\"widget\" data-e-type=\"widget\" data-widget_type=\"heading.default\">\n\t\t\t\t\t<h2 class=\"elementor-heading-title elementor-size-default\">Monitore infraestruturas cr\u00edticas, como pain\u00e9is solares e moinhos de vento, com nossa plataforma avan\u00e7ada de detec\u00e7\u00e3o de objetos para imagens a\u00e9reas\n<\/h2>\t\t\t\t<\/div>\n\t\t\t\t<\/div>\n\t\t\t\t<\/div>\n\t\t\t\t\t<\/div>\n\t\t\t\t<\/div>\n\t\t<div class=\"elementor-element elementor-element-7abcfdae e-flex e-con-boxed e-con e-parent\" data-id=\"7abcfdae\" data-element_type=\"container\" data-e-type=\"container\" data-settings=\"{&quot;background_background&quot;:&quot;classic&quot;}\">\n\t\t\t\t\t<div class=\"e-con-inner\">\n\t\t<div class=\"elementor-element elementor-element-23077b4c e-con-full e-flex e-con e-child\" data-id=\"23077b4c\" data-element_type=\"container\" data-e-type=\"container\">\n\t\t<div class=\"elementor-element elementor-element-20be8576 e-con-full e-flex e-con e-child\" data-id=\"20be8576\" data-element_type=\"container\" data-e-type=\"container\" data-settings=\"{&quot;background_background&quot;:&quot;classic&quot;}\">\n\t\t\t\t<\/div>\n\t\t<div class=\"elementor-element elementor-element-6ee40481 e-con-full e-flex e-con e-child\" data-id=\"6ee40481\" data-element_type=\"container\" data-e-type=\"container\" data-settings=\"{&quot;background_background&quot;:&quot;classic&quot;}\">\n\t\t\t\t<div class=\"elementor-element elementor-element-7f0cf3d8 elementor-widget elementor-widget-heading\" data-id=\"7f0cf3d8\" data-element_type=\"widget\" data-e-type=\"widget\" data-widget_type=\"heading.default\">\n\t\t\t\t\t<span class=\"elementor-heading-title elementor-size-default\">Monitoramento de Infraestrutura Cr\u00edtica<\/span>\t\t\t\t<\/div>\n\t\t\t\t<div class=\"elementor-element elementor-element-124db62e elementor-widget elementor-widget-text-editor\" data-id=\"124db62e\" data-element_type=\"widget\" data-e-type=\"widget\" data-widget_type=\"text-editor.default\">\n\t\t\t\t\t\t\t\t\t<p>FlyPix \u00e9 a plataforma l\u00edder do setor para detec\u00e7\u00e3o de objetos em imagens a\u00e9reas e fornece uma solu\u00e7\u00e3o abrangente para empresas de energia renov\u00e1vel que buscam ficar \u00e0 frente da concorr\u00eancia. FlyPix aproveita tecnologia avan\u00e7ada de intelig\u00eancia artificial (IA) para analisar imagens de alta resolu\u00e7\u00e3o tiradas de sat\u00e9lites ou outros sensores de sensoriamento remoto, a fim de detectar pain\u00e9is solares e turbinas e\u00f3licas. Sua precis\u00e3o e escalabilidade tornam-no uma ferramenta poderosa para monitorar infraestruturas cr\u00edticas em tempo h\u00e1bil e detectar prontamente qualquer dano nas estruturas externas.<\/p>\t\t\t\t\t\t\t\t<\/div>\n\t\t\t\t<\/div>\n\t\t\t\t<\/div>\n\t\t<div class=\"elementor-element elementor-element-0b004ac e-con-full e-flex e-con e-child\" data-id=\"0b004ac\" data-element_type=\"container\" data-e-type=\"container\">\n\t\t<div class=\"elementor-element elementor-element-33114bb e-con-full e-flex e-con e-child\" data-id=\"33114bb\" data-element_type=\"container\" data-e-type=\"container\" data-settings=\"{&quot;background_background&quot;:&quot;classic&quot;}\">\n\t\t\t\t<div class=\"elementor-element elementor-element-bef26cd elementor-widget elementor-widget-heading\" data-id=\"bef26cd\" data-element_type=\"widget\" data-e-type=\"widget\" data-widget_type=\"heading.default\">\n\t\t\t\t\t<span class=\"elementor-heading-title elementor-size-default\">Monitoramento de dutos e detec\u00e7\u00e3o de vazamentos<\/span>\t\t\t\t<\/div>\n\t\t\t\t<div class=\"elementor-element elementor-element-32493b7 elementor-widget elementor-widget-text-editor\" data-id=\"32493b7\" data-element_type=\"widget\" data-e-type=\"widget\" data-widget_type=\"text-editor.default\">\n\t\t\t\t\t\t\t\t\t<div id=\"formula-bar-name-box-wrapper\" class=\"name-box-enabled formula-bar-with-name-box-wrapper\"><div id=\"formula-bar\" class=\"formula-bar formulabar-disabled\"><div id=\"t-formula-bar-input-container\"><div dir=\"ltr\"><div id=\"t-formula-bar-input\" spellcheck=\"false\"><div class=\"cell-input disabled-input\" dir=\"ltr\" tabindex=\"0\" role=\"combobox\" contenteditable=\"false\" aria-autocomplete=\"list\">FlyPix AI usa imagens de sat\u00e9lite e drones para monitorar uma infraestrutura de energia extensa, como oleodutos. A IA pode detectar vazamentos potenciais, corros\u00e3o e outras anomalias em tempo real, permitindo manuten\u00e7\u00e3o r\u00e1pida e prevenindo danos ambientais. Isso garante a opera\u00e7\u00e3o segura e eficiente de redes de distribui\u00e7\u00e3o de energia.<\/div><\/div><\/div><\/div><\/div><\/div>\t\t\t\t\t\t\t\t<\/div>\n\t\t\t\t<\/div>\n\t\t<div class=\"elementor-element elementor-element-e3a90a7 e-con-full e-flex e-con e-child\" data-id=\"e3a90a7\" data-element_type=\"container\" data-e-type=\"container\" data-settings=\"{&quot;background_background&quot;:&quot;classic&quot;}\">\n\t\t\t\t<\/div>\n\t\t\t\t<\/div>\n\t\t<div class=\"elementor-element elementor-element-c49c86a e-con-full e-flex e-con e-child\" data-id=\"c49c86a\" data-element_type=\"container\" data-e-type=\"container\">\n\t\t<div class=\"elementor-element elementor-element-0ddf5d3 e-con-full e-flex e-con e-child\" data-id=\"0ddf5d3\" data-element_type=\"container\" data-e-type=\"container\" data-settings=\"{&quot;background_background&quot;:&quot;classic&quot;}\">\n\t\t\t\t<\/div>\n\t\t<div class=\"elementor-element elementor-element-fb4f146 e-con-full e-flex e-con e-child\" data-id=\"fb4f146\" data-element_type=\"container\" data-e-type=\"container\" data-settings=\"{&quot;background_background&quot;:&quot;classic&quot;}\">\n\t\t\t\t<div class=\"elementor-element elementor-element-2d5d53b elementor-widget elementor-widget-heading\" data-id=\"2d5d53b\" data-element_type=\"widget\" data-e-type=\"widget\" data-widget_type=\"heading.default\">\n\t\t\t\t\t<span class=\"elementor-heading-title elementor-size-default\">Inspe\u00e7\u00e3o de Infraestrutura Energ\u00e9tica<\/span>\t\t\t\t<\/div>\n\t\t\t\t<div class=\"elementor-element elementor-element-dacbb81 elementor-widget elementor-widget-text-editor\" data-id=\"dacbb81\" data-element_type=\"widget\" data-e-type=\"widget\" data-widget_type=\"text-editor.default\">\n\t\t\t\t\t\t\t\t\t<p>Com o FlyPix AI, as empresas de energia podem automatizar a inspe\u00e7\u00e3o de infraestrutura cr\u00edtica, como linhas de energia, fazendas solares e turbinas e\u00f3licas. A IA processa dados de imagens para identificar desgaste, danos estruturais e potenciais riscos de seguran\u00e7a, permitindo reparos oportunos e reduzindo o tempo de inatividade operacional.<\/p>\t\t\t\t\t\t\t\t<\/div>\n\t\t\t\t<\/div>\n\t\t\t\t<\/div>\n\t\t<div class=\"elementor-element elementor-element-b95f52a e-con-full e-flex e-con e-child\" data-id=\"b95f52a\" data-element_type=\"container\" data-e-type=\"container\">\n\t\t<div class=\"elementor-element elementor-element-782e370 e-con-full e-flex e-con e-child\" data-id=\"782e370\" data-element_type=\"container\" data-e-type=\"container\" data-settings=\"{&quot;background_background&quot;:&quot;classic&quot;}\">\n\t\t\t\t<div class=\"elementor-element elementor-element-fe7f8b8 elementor-widget elementor-widget-heading\" data-id=\"fe7f8b8\" data-element_type=\"widget\" data-e-type=\"widget\" data-widget_type=\"heading.default\">\n\t\t\t\t\t<span class=\"elementor-heading-title elementor-size-default\">Avalia\u00e7\u00e3o de Impacto Ambiental<\/span>\t\t\t\t<\/div>\n\t\t\t\t<div class=\"elementor-element elementor-element-1b99513 elementor-widget elementor-widget-text-editor\" data-id=\"1b99513\" data-element_type=\"widget\" data-e-type=\"widget\" data-widget_type=\"text-editor.default\">\n\t\t\t\t\t\t\t\t\t<p>O FlyPix AI permite que empresas de energia monitorem e avaliem o impacto ambiental de suas opera\u00e7\u00f5es. Ao analisar mudan\u00e7as no uso da terra, vegeta\u00e7\u00e3o e corpos d&#039;\u00e1gua, a IA ajuda a garantir a conformidade com regulamenta\u00e7\u00f5es ambientais e d\u00e1 suporte a pr\u00e1ticas de energia sustent\u00e1vel.<\/p>\t\t\t\t\t\t\t\t<\/div>\n\t\t\t\t<\/div>\n\t\t<div class=\"elementor-element elementor-element-47d044d e-con-full e-flex e-con e-child\" data-id=\"47d044d\" data-element_type=\"container\" data-e-type=\"container\" data-settings=\"{&quot;background_background&quot;:&quot;classic&quot;}\">\n\t\t\t\t<\/div>\n\t\t\t\t<\/div>\n\t\t<div class=\"elementor-element elementor-element-4ec5071 e-con-full e-flex e-con e-child\" data-id=\"4ec5071\" data-element_type=\"container\" data-e-type=\"container\">\n\t\t<div class=\"elementor-element elementor-element-acb2508 e-con-full e-flex e-con e-child\" data-id=\"acb2508\" data-element_type=\"container\" data-e-type=\"container\" data-settings=\"{&quot;background_background&quot;:&quot;classic&quot;}\">\n\t\t\t\t<\/div>\n\t\t<div class=\"elementor-element elementor-element-3fadc5b e-con-full e-flex e-con e-child\" data-id=\"3fadc5b\" data-element_type=\"container\" data-e-type=\"container\" data-settings=\"{&quot;background_background&quot;:&quot;classic&quot;}\">\n\t\t\t\t<div class=\"elementor-element elementor-element-edb3acf elementor-widget elementor-widget-heading\" data-id=\"edb3acf\" data-element_type=\"widget\" data-e-type=\"widget\" data-widget_type=\"heading.default\">\n\t\t\t\t\t<span class=\"elementor-heading-title elementor-size-default\">Sele\u00e7\u00e3o de local para energia renov\u00e1vel<\/span>\t\t\t\t<\/div>\n\t\t\t\t<div class=\"elementor-element elementor-element-c992fa3 elementor-widget elementor-widget-text-editor\" data-id=\"c992fa3\" data-element_type=\"widget\" data-e-type=\"widget\" data-widget_type=\"text-editor.default\">\n\t\t\t\t\t\t\t\t\t<p>O FlyPix AI pode analisar dados geoespaciais para identificar localiza\u00e7\u00f5es ideais para projetos de energia renov\u00e1vel, como parques solares ou e\u00f3licos. O AI considera fatores como exposi\u00e7\u00e3o \u00e0 luz solar, padr\u00f5es de vento e uso do solo, ajudando as empresas a maximizar a produ\u00e7\u00e3o de energia enquanto minimizam o impacto ambiental.<\/p>\t\t\t\t\t\t\t\t<\/div>\n\t\t\t\t<\/div>\n\t\t\t\t<\/div>\n\t\t\t\t\t<\/div>\n\t\t\t\t<\/div>\n\t\t\t\t<\/div>","protected":false},"excerpt":{"rendered":"<p>OBJECT DETECTION SOFTWARE FOR RENEWABLE ENERGY Monitor Critical Infrastructure Like Solar Panels and Windmills with our Advanced Object Detection Platform for Aerial Imagery Monitoring of Critical Infrastructure FlyPix is the industry-leading platform for object detection in aerial imagery and provides a comprehensive solution for renewable energy companies looking to stay ahead of their competition. FlyPix [&hellip;]<\/p>\n","protected":false},"author":1,"featured_media":3647,"parent":0,"menu_order":0,"comment_status":"closed","ping_status":"closed","template":"","meta":{"_acf_changed":false,"footnotes":""},"class_list":["post-154499","page","type-page","status-publish","has-post-thumbnail","hentry"],"acf":[],"yoast_head":"<!-- This site is optimized with the Yoast SEO plugin v27.3 - https:\/\/yoast.com\/product\/yoast-seo-wordpress\/ -->\n<title>Object Detection Software for the Energy Industry - Flypix<\/title>\n<meta name=\"description\" content=\"Monitor critical infrastructure like solar panels and windmills with our advanced object detection platform for aerial imagery\" \/>\n<meta name=\"robots\" content=\"index, follow, max-snippet:-1, max-image-preview:large, max-video-preview:-1\" \/>\n<link rel=\"canonical\" href=\"https:\/\/flypix.ai\/pt\/object-detection-software-for-the-energy-industry\/\" \/>\n<meta property=\"og:locale\" content=\"pt_PT\" \/>\n<meta property=\"og:type\" content=\"article\" \/>\n<meta property=\"og:title\" content=\"Object Detection Software for the Energy Industry - Flypix\" \/>\n<meta property=\"og:description\" content=\"Monitor critical infrastructure like solar panels and windmills with our advanced object detection platform for aerial imagery\" \/>\n<meta property=\"og:url\" content=\"https:\/\/flypix.ai\/pt\/object-detection-software-for-the-energy-industry\/\" \/>\n<meta property=\"og:site_name\" content=\"Flypix\" \/>\n<meta property=\"article:modified_time\" content=\"2024-09-23T14:55:01+00:00\" \/>\n<meta property=\"og:image\" content=\"https:\/\/flypix.ai\/wp-content\/uploads\/2022\/10\/Flip-03.jpg\" \/>\n\t<meta property=\"og:image:width\" content=\"590\" \/>\n\t<meta property=\"og:image:height\" content=\"715\" \/>\n\t<meta property=\"og:image:type\" content=\"image\/jpeg\" \/>\n<meta name=\"twitter:card\" content=\"summary_large_image\" \/>\n<meta name=\"twitter:label1\" content=\"Tempo estimado de leitura\" \/>\n\t<meta name=\"twitter:data1\" content=\"2 minutos\" \/>\n<script type=\"application\/ld+json\" class=\"yoast-schema-graph\">{\"@context\":\"https:\\\/\\\/schema.org\",\"@graph\":[{\"@type\":\"WebPage\",\"@id\":\"https:\\\/\\\/flypix.ai\\\/object-detection-software-for-the-energy-industry\\\/\",\"url\":\"https:\\\/\\\/flypix.ai\\\/object-detection-software-for-the-energy-industry\\\/\",\"name\":\"Object Detection Software for the Energy Industry - Flypix\",\"isPartOf\":{\"@id\":\"https:\\\/\\\/flypix.ai\\\/#website\"},\"primaryImageOfPage\":{\"@id\":\"https:\\\/\\\/flypix.ai\\\/object-detection-software-for-the-energy-industry\\\/#primaryimage\"},\"image\":{\"@id\":\"https:\\\/\\\/flypix.ai\\\/object-detection-software-for-the-energy-industry\\\/#primaryimage\"},\"thumbnailUrl\":\"https:\\\/\\\/flypix.ai\\\/wp-content\\\/uploads\\\/2022\\\/10\\\/Flip-03.jpg\",\"datePublished\":\"2023-01-16T11:44:43+00:00\",\"dateModified\":\"2024-09-23T14:55:01+00:00\",\"description\":\"Monitor critical infrastructure like solar panels and windmills with our advanced object detection platform for aerial imagery\",\"breadcrumb\":{\"@id\":\"https:\\\/\\\/flypix.ai\\\/object-detection-software-for-the-energy-industry\\\/#breadcrumb\"},\"inLanguage\":\"pt-PT\",\"potentialAction\":[{\"@type\":\"ReadAction\",\"target\":[\"https:\\\/\\\/flypix.ai\\\/object-detection-software-for-the-energy-industry\\\/\"]}]},{\"@type\":\"ImageObject\",\"inLanguage\":\"pt-PT\",\"@id\":\"https:\\\/\\\/flypix.ai\\\/object-detection-software-for-the-energy-industry\\\/#primaryimage\",\"url\":\"https:\\\/\\\/flypix.ai\\\/wp-content\\\/uploads\\\/2022\\\/10\\\/Flip-03.jpg\",\"contentUrl\":\"https:\\\/\\\/flypix.ai\\\/wp-content\\\/uploads\\\/2022\\\/10\\\/Flip-03.jpg\",\"width\":590,\"height\":715},{\"@type\":\"BreadcrumbList\",\"@id\":\"https:\\\/\\\/flypix.ai\\\/object-detection-software-for-the-energy-industry\\\/#breadcrumb\",\"itemListElement\":[{\"@type\":\"ListItem\",\"position\":1,\"name\":\"Home\",\"item\":\"https:\\\/\\\/flypix.ai\\\/\"},{\"@type\":\"ListItem\",\"position\":2,\"name\":\"Renewable Energy\"}]},{\"@type\":\"WebSite\",\"@id\":\"https:\\\/\\\/flypix.ai\\\/#website\",\"url\":\"https:\\\/\\\/flypix.ai\\\/\",\"name\":\"Flypix\",\"description\":\"AN END-TO-END PLATFORM FOR ENTITY DETECTION, LOCALIZATION AND SEGMENTATION POWERED BY ARTIFICIAL INTELLIGENCE\",\"publisher\":{\"@id\":\"https:\\\/\\\/flypix.ai\\\/#organization\"},\"potentialAction\":[{\"@type\":\"SearchAction\",\"target\":{\"@type\":\"EntryPoint\",\"urlTemplate\":\"https:\\\/\\\/flypix.ai\\\/?s={search_term_string}\"},\"query-input\":{\"@type\":\"PropertyValueSpecification\",\"valueRequired\":true,\"valueName\":\"search_term_string\"}}],\"inLanguage\":\"pt-PT\"},{\"@type\":\"Organization\",\"@id\":\"https:\\\/\\\/flypix.ai\\\/#organization\",\"name\":\"Flypix AI\",\"url\":\"https:\\\/\\\/flypix.ai\\\/\",\"logo\":{\"@type\":\"ImageObject\",\"inLanguage\":\"pt-PT\",\"@id\":\"https:\\\/\\\/flypix.ai\\\/#\\\/schema\\\/logo\\\/image\\\/\",\"url\":\"https:\\\/\\\/flypix.ai\\\/wp-content\\\/uploads\\\/2024\\\/07\\\/logo.svg\",\"contentUrl\":\"https:\\\/\\\/flypix.ai\\\/wp-content\\\/uploads\\\/2024\\\/07\\\/logo.svg\",\"width\":346,\"height\":40,\"caption\":\"Flypix AI\"},\"image\":{\"@id\":\"https:\\\/\\\/flypix.ai\\\/#\\\/schema\\\/logo\\\/image\\\/\"}}]}<\/script>\n<!-- \/ Yoast SEO plugin. -->","yoast_head_json":{"title":"Software de detec\u00e7\u00e3o de objetos para a ind\u00fastria de energia - Flypix","description":"Monitore infraestruturas cr\u00edticas, como pain\u00e9is solares e moinhos de vento, com nossa plataforma avan\u00e7ada de detec\u00e7\u00e3o de objetos para imagens a\u00e9reas","robots":{"index":"index","follow":"follow","max-snippet":"max-snippet:-1","max-image-preview":"max-image-preview:large","max-video-preview":"max-video-preview:-1"},"canonical":"https:\/\/flypix.ai\/pt\/object-detection-software-for-the-energy-industry\/","og_locale":"pt_PT","og_type":"article","og_title":"Object Detection Software for the Energy Industry - Flypix","og_description":"Monitor critical infrastructure like solar panels and windmills with our advanced object detection platform for aerial imagery","og_url":"https:\/\/flypix.ai\/pt\/object-detection-software-for-the-energy-industry\/","og_site_name":"Flypix","article_modified_time":"2024-09-23T14:55:01+00:00","og_image":[{"width":590,"height":715,"url":"https:\/\/flypix.ai\/wp-content\/uploads\/2022\/10\/Flip-03.jpg","type":"image\/jpeg"}],"twitter_card":"summary_large_image","twitter_misc":{"Tempo estimado de leitura":"2 minutos"},"schema":{"@context":"https:\/\/schema.org","@graph":[{"@type":"WebPage","@id":"https:\/\/flypix.ai\/object-detection-software-for-the-energy-industry\/","url":"https:\/\/flypix.ai\/object-detection-software-for-the-energy-industry\/","name":"Software de detec\u00e7\u00e3o de objetos para a ind\u00fastria de energia - Flypix","isPartOf":{"@id":"https:\/\/flypix.ai\/#website"},"primaryImageOfPage":{"@id":"https:\/\/flypix.ai\/object-detection-software-for-the-energy-industry\/#primaryimage"},"image":{"@id":"https:\/\/flypix.ai\/object-detection-software-for-the-energy-industry\/#primaryimage"},"thumbnailUrl":"https:\/\/flypix.ai\/wp-content\/uploads\/2022\/10\/Flip-03.jpg","datePublished":"2023-01-16T11:44:43+00:00","dateModified":"2024-09-23T14:55:01+00:00","description":"Monitore infraestruturas cr\u00edticas, como pain\u00e9is solares e moinhos de vento, com nossa plataforma avan\u00e7ada de detec\u00e7\u00e3o de objetos para imagens a\u00e9reas","breadcrumb":{"@id":"https:\/\/flypix.ai\/object-detection-software-for-the-energy-industry\/#breadcrumb"},"inLanguage":"pt-PT","potentialAction":[{"@type":"ReadAction","target":["https:\/\/flypix.ai\/object-detection-software-for-the-energy-industry\/"]}]},{"@type":"ImageObject","inLanguage":"pt-PT","@id":"https:\/\/flypix.ai\/object-detection-software-for-the-energy-industry\/#primaryimage","url":"https:\/\/flypix.ai\/wp-content\/uploads\/2022\/10\/Flip-03.jpg","contentUrl":"https:\/\/flypix.ai\/wp-content\/uploads\/2022\/10\/Flip-03.jpg","width":590,"height":715},{"@type":"BreadcrumbList","@id":"https:\/\/flypix.ai\/object-detection-software-for-the-energy-industry\/#breadcrumb","itemListElement":[{"@type":"ListItem","position":1,"name":"Home","item":"https:\/\/flypix.ai\/"},{"@type":"ListItem","position":2,"name":"Renewable Energy"}]},{"@type":"WebSite","@id":"https:\/\/flypix.ai\/#website","url":"https:\/\/flypix.ai\/","name":"Flypix","description":"UMA PLATAFORMA DE PONTA A PONTA PARA DETEC\u00c7\u00c3O, LOCALIZA\u00c7\u00c3O E SEGMENTA\u00c7\u00c3O DE ENTIDADES ALIMENTADA POR INTELIG\u00caNCIA ARTIFICIAL","publisher":{"@id":"https:\/\/flypix.ai\/#organization"},"potentialAction":[{"@type":"SearchAction","target":{"@type":"EntryPoint","urlTemplate":"https:\/\/flypix.ai\/?s={search_term_string}"},"query-input":{"@type":"PropertyValueSpecification","valueRequired":true,"valueName":"search_term_string"}}],"inLanguage":"pt-PT"},{"@type":"Organization","@id":"https:\/\/flypix.ai\/#organization","name":"IA Flypix","url":"https:\/\/flypix.ai\/","logo":{"@type":"ImageObject","inLanguage":"pt-PT","@id":"https:\/\/flypix.ai\/#\/schema\/logo\/image\/","url":"https:\/\/flypix.ai\/wp-content\/uploads\/2024\/07\/logo.svg","contentUrl":"https:\/\/flypix.ai\/wp-content\/uploads\/2024\/07\/logo.svg","width":346,"height":40,"caption":"Flypix AI"},"image":{"@id":"https:\/\/flypix.ai\/#\/schema\/logo\/image\/"}}]}},"_links":{"self":[{"href":"https:\/\/flypix.ai\/pt\/wp-json\/wp\/v2\/pages\/154499","targetHints":{"allow":["GET"]}}],"collection":[{"href":"https:\/\/flypix.ai\/pt\/wp-json\/wp\/v2\/pages"}],"about":[{"href":"https:\/\/flypix.ai\/pt\/wp-json\/wp\/v2\/types\/page"}],"author":[{"embeddable":true,"href":"https:\/\/flypix.ai\/pt\/wp-json\/wp\/v2\/users\/1"}],"replies":[{"embeddable":true,"href":"https:\/\/flypix.ai\/pt\/wp-json\/wp\/v2\/comments?post=154499"}],"version-history":[{"count":0,"href":"https:\/\/flypix.ai\/pt\/wp-json\/wp\/v2\/pages\/154499\/revisions"}],"wp:featuredmedia":[{"embeddable":true,"href":"https:\/\/flypix.ai\/pt\/wp-json\/wp\/v2\/media\/3647"}],"wp:attachment":[{"href":"https:\/\/flypix.ai\/pt\/wp-json\/wp\/v2\/media?parent=154499"}],"curies":[{"name":"wp","href":"https:\/\/api.w.org\/{rel}","templated":true}]}}