{"id":154509,"date":"2023-01-16T11:48:12","date_gmt":"2023-01-16T11:48:12","guid":{"rendered":"https:\/\/flypix.ai\/?page_id=154509"},"modified":"2024-09-23T12:59:49","modified_gmt":"2024-09-23T12:59:49","slug":"object-detection-software-for-port-operations","status":"publish","type":"page","link":"https:\/\/flypix.ai\/pt\/object-detection-software-for-port-operations\/","title":{"rendered":"Opera\u00e7\u00f5es portu\u00e1rias"},"content":{"rendered":"<div data-elementor-type=\"wp-page\" data-elementor-id=\"154509\" class=\"elementor elementor-154509\" data-elementor-post-type=\"page\">\n\t\t\t\t<div class=\"elementor-element elementor-element-116fb596 e-flex e-con-boxed e-con e-parent\" data-id=\"116fb596\" data-element_type=\"container\" data-e-type=\"container\" data-settings=\"{&quot;background_background&quot;:&quot;classic&quot;}\">\n\t\t\t\t\t<div class=\"e-con-inner\">\n\t\t<div class=\"elementor-element elementor-element-617b76bd e-con-full e-flex e-con e-child\" data-id=\"617b76bd\" data-element_type=\"container\" data-e-type=\"container\">\n\t\t\t\t<div class=\"elementor-element elementor-element-2ac39072 elementor-widget elementor-widget-heading\" data-id=\"2ac39072\" data-element_type=\"widget\" data-e-type=\"widget\" data-widget_type=\"heading.default\">\n\t\t\t\t\t<h1 class=\"elementor-heading-title elementor-size-default\">DETEC\u00c7\u00c3O DE OBJETOS PARA OPERA\u00c7\u00d5ES PORTU\u00c1RIAS<\/h1>\t\t\t\t<\/div>\n\t\t<div class=\"elementor-element elementor-element-225a4866 e-con-full e-flex e-con e-child\" data-id=\"225a4866\" data-element_type=\"container\" data-e-type=\"container\">\n\t\t\t\t<div class=\"elementor-element elementor-element-1abf214c elementor-widget-divider--view-line elementor-widget elementor-widget-divider\" data-id=\"1abf214c\" data-element_type=\"widget\" data-e-type=\"widget\" data-widget_type=\"divider.default\">\n\t\t\t\t\t\t\t<div class=\"elementor-divider\">\n\t\t\t<span class=\"elementor-divider-separator\">\n\t\t\t\t\t\t<\/span>\n\t\t<\/div>\n\t\t\t\t\t\t<\/div>\n\t\t\t\t<\/div>\n\t\t<div class=\"elementor-element elementor-element-6f79a761 e-con-full e-flex e-con e-child\" data-id=\"6f79a761\" data-element_type=\"container\" data-e-type=\"container\">\n\t\t\t\t<div class=\"elementor-element elementor-element-5ee60290 elementor-widget elementor-widget-heading\" data-id=\"5ee60290\" data-element_type=\"widget\" data-e-type=\"widget\" data-widget_type=\"heading.default\">\n\t\t\t\t\t<p class=\"elementor-heading-title elementor-size-default\">FlyPix capacita operadores portu\u00e1rios a monitorar ativos remotamente e otimizar opera\u00e7\u00f5es para m\u00e1xima efici\u00eancia e seguran\u00e7a\n\n<\/p>\t\t\t\t<\/div>\n\t\t\t\t<\/div>\n\t\t\t\t<\/div>\n\t\t\t\t\t<\/div>\n\t\t\t\t<\/div>\n\t\t<div class=\"elementor-element elementor-element-f8dd2a9 e-flex e-con-boxed e-con e-parent\" data-id=\"f8dd2a9\" data-element_type=\"container\" data-e-type=\"container\" data-settings=\"{&quot;background_background&quot;:&quot;classic&quot;}\">\n\t\t\t\t\t<div class=\"e-con-inner\">\n\t\t<div class=\"elementor-element elementor-element-224c0e29 e-con-full e-flex e-con e-child\" data-id=\"224c0e29\" data-element_type=\"container\" data-e-type=\"container\">\n\t\t<div class=\"elementor-element elementor-element-36a6a9bd e-con-full e-flex e-con e-child\" data-id=\"36a6a9bd\" data-element_type=\"container\" data-e-type=\"container\" data-settings=\"{&quot;background_background&quot;:&quot;classic&quot;}\">\n\t\t\t\t<\/div>\n\t\t<div class=\"elementor-element elementor-element-557ed970 e-con-full e-flex e-con e-child\" data-id=\"557ed970\" data-element_type=\"container\" data-e-type=\"container\" data-settings=\"{&quot;background_background&quot;:&quot;classic&quot;}\">\n\t\t\t\t<div class=\"elementor-element elementor-element-1b0f9bad elementor-widget elementor-widget-heading\" data-id=\"1b0f9bad\" data-element_type=\"widget\" data-e-type=\"widget\" data-widget_type=\"heading.default\">\n\t\t\t\t\t<p class=\"elementor-heading-title elementor-size-default\">Monitoramento de portos e portos<\/p>\t\t\t\t<\/div>\n\t\t\t\t<div class=\"elementor-element elementor-element-7e14cbdf elementor-widget elementor-widget-text-editor\" data-id=\"7e14cbdf\" data-element_type=\"widget\" data-e-type=\"widget\" data-widget_type=\"text-editor.default\">\n\t\t\t\t\t\t\t\t\t<p>FlyPix AI pode ajudar os operadores portu\u00e1rios a melhorar a seguran\u00e7a, reduzir o tempo de inatividade e otimizar as opera\u00e7\u00f5es, fornecendo monitoramento eficiente e preciso da infraestrutura e atividades portu\u00e1rias. Nosso software utiliza algoritmos de aprendizado de m\u00e1quina para monitorar portos e seus ativos, analisando imagens a\u00e9reas de alta resolu\u00e7\u00e3o em busca de padr\u00f5es e caracter\u00edsticas espec\u00edficas que correspondem a diferentes tipos de ativos. Desta forma, o FlyPix pode identificar e rastrear com precis\u00e3o navios, cont\u00eaineres e outros equipamentos, fornecendo dados valiosos sobre o tr\u00e1fego e a capacidade portu\u00e1ria.<\/p>\t\t\t\t\t\t\t\t<\/div>\n\t\t\t\t<\/div>\n\t\t\t\t<\/div>\n\t\t\t\t\t<\/div>\n\t\t\t\t<\/div>\n\t\t<div class=\"elementor-element elementor-element-ce7838d e-flex e-con-boxed e-con e-parent\" data-id=\"ce7838d\" data-element_type=\"container\" data-e-type=\"container\" data-settings=\"{&quot;background_background&quot;:&quot;classic&quot;}\">\n\t\t\t\t\t<div class=\"e-con-inner\">\n\t\t<div class=\"elementor-element elementor-element-a250c28 e-con-full e-flex e-con e-child\" data-id=\"a250c28\" data-element_type=\"container\" data-e-type=\"container\">\n\t\t<div class=\"elementor-element elementor-element-0480388 e-con-full e-flex e-con e-child\" data-id=\"0480388\" data-element_type=\"container\" data-e-type=\"container\" data-settings=\"{&quot;background_background&quot;:&quot;classic&quot;}\">\n\t\t\t\t<div class=\"elementor-element elementor-element-288d499 elementor-widget elementor-widget-heading\" data-id=\"288d499\" data-element_type=\"widget\" data-e-type=\"widget\" data-widget_type=\"heading.default\">\n\t\t\t\t\t<p class=\"elementor-heading-title elementor-size-default\">Rastreamento automatizado de cargas e cont\u00eaineres<\/p>\t\t\t\t<\/div>\n\t\t\t\t<div class=\"elementor-element elementor-element-386fd02 elementor-widget elementor-widget-text-editor\" data-id=\"386fd02\" data-element_type=\"widget\" data-e-type=\"widget\" data-widget_type=\"text-editor.default\">\n\t\t\t\t\t\t\t\t\t<p>O FlyPix AI pode ser usado para monitorar e gerenciar o fluxo de carga e cont\u00eaineres dentro dos portos. Ao analisar imagens de sat\u00e9lite e drones, o sistema de IA pode rastrear automaticamente o movimento de cont\u00eaineres, detectar anomalias e otimizar os processos de empilhamento, garantindo a utiliza\u00e7\u00e3o eficiente do espa\u00e7o e reduzindo o risco de mercadorias perdidas ou extraviadas.<\/p>\t\t\t\t\t\t\t\t<\/div>\n\t\t\t\t<\/div>\n\t\t<div class=\"elementor-element elementor-element-e098f51 e-con-full e-flex e-con e-child\" data-id=\"e098f51\" data-element_type=\"container\" data-e-type=\"container\" data-settings=\"{&quot;background_background&quot;:&quot;classic&quot;}\">\n\t\t\t\t<\/div>\n\t\t\t\t<\/div>\n\t\t\t\t\t<\/div>\n\t\t\t\t<\/div>\n\t\t<div class=\"elementor-element elementor-element-88af077 e-flex e-con-boxed e-con e-parent\" data-id=\"88af077\" data-element_type=\"container\" data-e-type=\"container\" data-settings=\"{&quot;background_background&quot;:&quot;classic&quot;}\">\n\t\t\t\t\t<div class=\"e-con-inner\">\n\t\t<div class=\"elementor-element elementor-element-0441a81 e-con-full e-flex e-con e-child\" data-id=\"0441a81\" data-element_type=\"container\" data-e-type=\"container\">\n\t\t<div class=\"elementor-element elementor-element-e0b72cd e-con-full e-flex e-con e-child\" data-id=\"e0b72cd\" data-element_type=\"container\" data-e-type=\"container\" data-settings=\"{&quot;background_background&quot;:&quot;classic&quot;}\">\n\t\t\t\t<\/div>\n\t\t<div class=\"elementor-element elementor-element-869fa4c e-con-full e-flex e-con e-child\" data-id=\"869fa4c\" data-element_type=\"container\" data-e-type=\"container\" data-settings=\"{&quot;background_background&quot;:&quot;classic&quot;}\">\n\t\t\t\t<div class=\"elementor-element elementor-element-49c9525 elementor-widget elementor-widget-heading\" data-id=\"49c9525\" data-element_type=\"widget\" data-e-type=\"widget\" data-widget_type=\"heading.default\">\n\t\t\t\t\t<p class=\"elementor-heading-title elementor-size-default\">Seguran\u00e7a e Vigil\u00e2ncia Portu\u00e1ria<\/p>\t\t\t\t<\/div>\n\t\t\t\t<div class=\"elementor-element elementor-element-9adeeab elementor-widget elementor-widget-text-editor\" data-id=\"9adeeab\" data-element_type=\"widget\" data-e-type=\"widget\" data-widget_type=\"text-editor.default\">\n\t\t\t\t\t\t\t\t\t<p>Aproveitando a detec\u00e7\u00e3o de objetos orientada por IA, o FlyPix AI aprimora a seguran\u00e7a do porto monitorando continuamente \u00e1reas de alto tr\u00e1fego, pontos de entrada e sa\u00edda e zonas restritas. O sistema pode detectar pessoal n\u00e3o autorizado, atividades suspeitas e amea\u00e7as potenciais em tempo real, permitindo uma resposta r\u00e1pida e garantindo a seguran\u00e7a das opera\u00e7\u00f5es portu\u00e1rias.<\/p>\t\t\t\t\t\t\t\t<\/div>\n\t\t\t\t<\/div>\n\t\t\t\t<\/div>\n\t\t\t\t\t<\/div>\n\t\t\t\t<\/div>\n\t\t<div class=\"elementor-element elementor-element-7b8290c e-flex e-con-boxed e-con e-parent\" data-id=\"7b8290c\" data-element_type=\"container\" data-e-type=\"container\" data-settings=\"{&quot;background_background&quot;:&quot;classic&quot;}\">\n\t\t\t\t\t<div class=\"e-con-inner\">\n\t\t<div class=\"elementor-element elementor-element-00b3ecc e-con-full e-flex e-con e-child\" data-id=\"00b3ecc\" data-element_type=\"container\" data-e-type=\"container\">\n\t\t<div class=\"elementor-element elementor-element-1d84b96 e-con-full e-flex e-con e-child\" data-id=\"1d84b96\" data-element_type=\"container\" data-e-type=\"container\" data-settings=\"{&quot;background_background&quot;:&quot;classic&quot;}\">\n\t\t\t\t<div class=\"elementor-element elementor-element-5f8e8dd elementor-widget elementor-widget-heading\" data-id=\"5f8e8dd\" data-element_type=\"widget\" data-e-type=\"widget\" data-widget_type=\"heading.default\">\n\t\t\t\t\t<p class=\"elementor-heading-title elementor-size-default\">Gest\u00e3o e otimiza\u00e7\u00e3o do tr\u00e1fego de embarca\u00e7\u00f5es<\/p>\t\t\t\t<\/div>\n\t\t\t\t<div class=\"elementor-element elementor-element-0963409 elementor-widget elementor-widget-text-editor\" data-id=\"0963409\" data-element_type=\"widget\" data-e-type=\"widget\" data-widget_type=\"text-editor.default\">\n\t\t\t\t\t\t\t\t\t<p>O FlyPix AI pode analisar imagens a\u00e9reas e de sat\u00e9lite para monitorar o tr\u00e1fego de embarca\u00e7\u00f5es dentro e ao redor do porto. O sistema de IA ajuda a otimizar os cronogramas de atraca\u00e7\u00e3o, reduzindo os tempos de espera e gerenciando o fluxo de navios de forma eficiente, levando ao aumento da produtividade e \u00e0 redu\u00e7\u00e3o de gargalos operacionais.<\/p>\t\t\t\t\t\t\t\t<\/div>\n\t\t\t\t<\/div>\n\t\t<div class=\"elementor-element elementor-element-af77d5a e-con-full e-flex e-con e-child\" data-id=\"af77d5a\" data-element_type=\"container\" data-e-type=\"container\" data-settings=\"{&quot;background_background&quot;:&quot;classic&quot;}\">\n\t\t\t\t<\/div>\n\t\t\t\t<\/div>\n\t\t\t\t\t<\/div>\n\t\t\t\t<\/div>\n\t\t<div class=\"elementor-element elementor-element-f7df404 e-flex e-con-boxed e-con e-parent\" data-id=\"f7df404\" data-element_type=\"container\" data-e-type=\"container\" data-settings=\"{&quot;background_background&quot;:&quot;classic&quot;}\">\n\t\t\t\t\t<div class=\"e-con-inner\">\n\t\t<div class=\"elementor-element elementor-element-83e84c2 e-con-full e-flex e-con e-child\" data-id=\"83e84c2\" data-element_type=\"container\" data-e-type=\"container\">\n\t\t<div class=\"elementor-element elementor-element-88bcabf e-con-full e-flex e-con e-child\" data-id=\"88bcabf\" data-element_type=\"container\" data-e-type=\"container\" data-settings=\"{&quot;background_background&quot;:&quot;classic&quot;}\">\n\t\t\t\t<\/div>\n\t\t<div class=\"elementor-element elementor-element-e37479d e-con-full e-flex e-con e-child\" data-id=\"e37479d\" data-element_type=\"container\" data-e-type=\"container\" data-settings=\"{&quot;background_background&quot;:&quot;classic&quot;}\">\n\t\t\t\t<div class=\"elementor-element elementor-element-a7e8939 elementor-widget elementor-widget-heading\" data-id=\"a7e8939\" data-element_type=\"widget\" data-e-type=\"widget\" data-widget_type=\"heading.default\">\n\t\t\t\t\t<p class=\"elementor-heading-title elementor-size-default\">Inspe\u00e7\u00e3o e Manuten\u00e7\u00e3o de Infraestrutura<\/p>\t\t\t\t<\/div>\n\t\t\t\t<div class=\"elementor-element elementor-element-6a407e5 elementor-widget elementor-widget-text-editor\" data-id=\"6a407e5\" data-element_type=\"widget\" data-e-type=\"widget\" data-widget_type=\"text-editor.default\">\n\t\t\t\t\t\t\t\t\t<p>Usando reconhecimento de imagem baseado em drones alimentado pela FlyPix AI, os portos podem conduzir inspe\u00e7\u00f5es regulares de infraestrutura cr\u00edtica, como p\u00ederes, guindastes e armaz\u00e9ns. A IA pode detectar sinais de desgaste, danos estruturais e outras necessidades de manuten\u00e7\u00e3o, permitindo reparos oportunos e prevenindo paradas dispendiosas.<\/p>\t\t\t\t\t\t\t\t<\/div>\n\t\t\t\t<\/div>\n\t\t\t\t<\/div>\n\t\t\t\t\t<\/div>\n\t\t\t\t<\/div>\n\t\t\t\t<\/div>","protected":false},"excerpt":{"rendered":"<p>OBJECT DETECTION FOR PORT OPERATIONS FlyPix Empowers Port Operators to Monitor Assets Remotely and Optimize Operations for Maximum Efficiency and Safety Port &amp; Harbor Monitoring FlyPix AI can help port operators improve safety, reduce downtime, and optimize operations by providing efficient and accurate monitoring of port infrastructure and activities. Our software utilizes machine learning algorithms [&hellip;]<\/p>\n","protected":false},"author":1,"featured_media":3652,"parent":0,"menu_order":0,"comment_status":"closed","ping_status":"closed","template":"","meta":{"_acf_changed":false,"footnotes":""},"class_list":["post-154509","page","type-page","status-publish","has-post-thumbnail","hentry"],"acf":[],"yoast_head":"<!-- This site is optimized with the Yoast SEO plugin v27.3 - https:\/\/yoast.com\/product\/yoast-seo-wordpress\/ -->\n<title>Object Detection Software for Port Operations - Flypix<\/title>\n<meta name=\"description\" content=\"FlyPix Empowers Port Operators to Monitor Assets Remotely and Optimize Operations for Maximum Efficiency and Safety\" \/>\n<meta name=\"robots\" content=\"index, follow, max-snippet:-1, max-image-preview:large, max-video-preview:-1\" \/>\n<link rel=\"canonical\" href=\"https:\/\/flypix.ai\/pt\/object-detection-software-for-port-operations\/\" \/>\n<meta property=\"og:locale\" content=\"pt_PT\" \/>\n<meta property=\"og:type\" content=\"article\" \/>\n<meta property=\"og:title\" content=\"Object Detection Software for Port Operations - Flypix\" \/>\n<meta property=\"og:description\" content=\"FlyPix Empowers Port Operators to Monitor Assets Remotely and Optimize Operations for Maximum Efficiency and Safety\" \/>\n<meta property=\"og:url\" content=\"https:\/\/flypix.ai\/pt\/object-detection-software-for-port-operations\/\" \/>\n<meta property=\"og:site_name\" content=\"Flypix\" \/>\n<meta property=\"article:modified_time\" content=\"2024-09-23T12:59:49+00:00\" \/>\n<meta property=\"og:image\" content=\"https:\/\/flypix.ai\/wp-content\/uploads\/2022\/10\/Flip-08.jpg\" \/>\n\t<meta property=\"og:image:width\" content=\"590\" \/>\n\t<meta property=\"og:image:height\" content=\"715\" \/>\n\t<meta property=\"og:image:type\" content=\"image\/jpeg\" \/>\n<meta name=\"twitter:card\" content=\"summary_large_image\" \/>\n<meta name=\"twitter:label1\" content=\"Tempo estimado de leitura\" \/>\n\t<meta name=\"twitter:data1\" content=\"2 minutos\" \/>\n<script type=\"application\/ld+json\" class=\"yoast-schema-graph\">{\"@context\":\"https:\\\/\\\/schema.org\",\"@graph\":[{\"@type\":\"WebPage\",\"@id\":\"https:\\\/\\\/flypix.ai\\\/es\\\/object-detection-software-for-port-operations\\\/\",\"url\":\"https:\\\/\\\/flypix.ai\\\/es\\\/object-detection-software-for-port-operations\\\/\",\"name\":\"Object Detection Software for Port Operations - Flypix\",\"isPartOf\":{\"@id\":\"https:\\\/\\\/flypix.ai\\\/#website\"},\"primaryImageOfPage\":{\"@id\":\"https:\\\/\\\/flypix.ai\\\/es\\\/object-detection-software-for-port-operations\\\/#primaryimage\"},\"image\":{\"@id\":\"https:\\\/\\\/flypix.ai\\\/es\\\/object-detection-software-for-port-operations\\\/#primaryimage\"},\"thumbnailUrl\":\"https:\\\/\\\/flypix.ai\\\/wp-content\\\/uploads\\\/2022\\\/10\\\/Flip-08.jpg\",\"datePublished\":\"2023-01-16T11:48:12+00:00\",\"dateModified\":\"2024-09-23T12:59:49+00:00\",\"description\":\"FlyPix Empowers Port Operators to Monitor Assets Remotely and Optimize Operations for Maximum Efficiency and Safety\",\"breadcrumb\":{\"@id\":\"https:\\\/\\\/flypix.ai\\\/es\\\/object-detection-software-for-port-operations\\\/#breadcrumb\"},\"inLanguage\":\"pt-PT\",\"potentialAction\":[{\"@type\":\"ReadAction\",\"target\":[\"https:\\\/\\\/flypix.ai\\\/es\\\/object-detection-software-for-port-operations\\\/\"]}]},{\"@type\":\"ImageObject\",\"inLanguage\":\"pt-PT\",\"@id\":\"https:\\\/\\\/flypix.ai\\\/es\\\/object-detection-software-for-port-operations\\\/#primaryimage\",\"url\":\"https:\\\/\\\/flypix.ai\\\/wp-content\\\/uploads\\\/2022\\\/10\\\/Flip-08.jpg\",\"contentUrl\":\"https:\\\/\\\/flypix.ai\\\/wp-content\\\/uploads\\\/2022\\\/10\\\/Flip-08.jpg\",\"width\":590,\"height\":715,\"caption\":\"port containers\"},{\"@type\":\"BreadcrumbList\",\"@id\":\"https:\\\/\\\/flypix.ai\\\/es\\\/object-detection-software-for-port-operations\\\/#breadcrumb\",\"itemListElement\":[{\"@type\":\"ListItem\",\"position\":1,\"name\":\"Home\",\"item\":\"https:\\\/\\\/flypix.ai\\\/\"},{\"@type\":\"ListItem\",\"position\":2,\"name\":\"Port operations\"}]},{\"@type\":\"WebSite\",\"@id\":\"https:\\\/\\\/flypix.ai\\\/#website\",\"url\":\"https:\\\/\\\/flypix.ai\\\/\",\"name\":\"Flypix\",\"description\":\"AN END-TO-END PLATFORM FOR ENTITY DETECTION, LOCALIZATION AND SEGMENTATION POWERED BY ARTIFICIAL INTELLIGENCE\",\"publisher\":{\"@id\":\"https:\\\/\\\/flypix.ai\\\/#organization\"},\"potentialAction\":[{\"@type\":\"SearchAction\",\"target\":{\"@type\":\"EntryPoint\",\"urlTemplate\":\"https:\\\/\\\/flypix.ai\\\/?s={search_term_string}\"},\"query-input\":{\"@type\":\"PropertyValueSpecification\",\"valueRequired\":true,\"valueName\":\"search_term_string\"}}],\"inLanguage\":\"pt-PT\"},{\"@type\":\"Organization\",\"@id\":\"https:\\\/\\\/flypix.ai\\\/#organization\",\"name\":\"Flypix AI\",\"url\":\"https:\\\/\\\/flypix.ai\\\/\",\"logo\":{\"@type\":\"ImageObject\",\"inLanguage\":\"pt-PT\",\"@id\":\"https:\\\/\\\/flypix.ai\\\/#\\\/schema\\\/logo\\\/image\\\/\",\"url\":\"https:\\\/\\\/flypix.ai\\\/wp-content\\\/uploads\\\/2024\\\/07\\\/logo.svg\",\"contentUrl\":\"https:\\\/\\\/flypix.ai\\\/wp-content\\\/uploads\\\/2024\\\/07\\\/logo.svg\",\"width\":346,\"height\":40,\"caption\":\"Flypix AI\"},\"image\":{\"@id\":\"https:\\\/\\\/flypix.ai\\\/#\\\/schema\\\/logo\\\/image\\\/\"}}]}<\/script>\n<!-- \/ Yoast SEO plugin. -->","yoast_head_json":{"title":"Software de detec\u00e7\u00e3o de objetos para opera\u00e7\u00f5es portu\u00e1rias - Flypix","description":"FlyPix capacita operadores portu\u00e1rios a monitorar ativos remotamente e otimizar opera\u00e7\u00f5es para m\u00e1xima efici\u00eancia e seguran\u00e7a","robots":{"index":"index","follow":"follow","max-snippet":"max-snippet:-1","max-image-preview":"max-image-preview:large","max-video-preview":"max-video-preview:-1"},"canonical":"https:\/\/flypix.ai\/pt\/object-detection-software-for-port-operations\/","og_locale":"pt_PT","og_type":"article","og_title":"Object Detection Software for Port Operations - Flypix","og_description":"FlyPix Empowers Port Operators to Monitor Assets Remotely and Optimize Operations for Maximum Efficiency and Safety","og_url":"https:\/\/flypix.ai\/pt\/object-detection-software-for-port-operations\/","og_site_name":"Flypix","article_modified_time":"2024-09-23T12:59:49+00:00","og_image":[{"width":590,"height":715,"url":"https:\/\/flypix.ai\/wp-content\/uploads\/2022\/10\/Flip-08.jpg","type":"image\/jpeg"}],"twitter_card":"summary_large_image","twitter_misc":{"Tempo estimado de leitura":"2 minutos"},"schema":{"@context":"https:\/\/schema.org","@graph":[{"@type":"WebPage","@id":"https:\/\/flypix.ai\/es\/object-detection-software-for-port-operations\/","url":"https:\/\/flypix.ai\/es\/object-detection-software-for-port-operations\/","name":"Software de detec\u00e7\u00e3o de objetos para opera\u00e7\u00f5es portu\u00e1rias - Flypix","isPartOf":{"@id":"https:\/\/flypix.ai\/#website"},"primaryImageOfPage":{"@id":"https:\/\/flypix.ai\/es\/object-detection-software-for-port-operations\/#primaryimage"},"image":{"@id":"https:\/\/flypix.ai\/es\/object-detection-software-for-port-operations\/#primaryimage"},"thumbnailUrl":"https:\/\/flypix.ai\/wp-content\/uploads\/2022\/10\/Flip-08.jpg","datePublished":"2023-01-16T11:48:12+00:00","dateModified":"2024-09-23T12:59:49+00:00","description":"FlyPix capacita operadores portu\u00e1rios a monitorar ativos remotamente e otimizar opera\u00e7\u00f5es para m\u00e1xima efici\u00eancia e seguran\u00e7a","breadcrumb":{"@id":"https:\/\/flypix.ai\/es\/object-detection-software-for-port-operations\/#breadcrumb"},"inLanguage":"pt-PT","potentialAction":[{"@type":"ReadAction","target":["https:\/\/flypix.ai\/es\/object-detection-software-for-port-operations\/"]}]},{"@type":"ImageObject","inLanguage":"pt-PT","@id":"https:\/\/flypix.ai\/es\/object-detection-software-for-port-operations\/#primaryimage","url":"https:\/\/flypix.ai\/wp-content\/uploads\/2022\/10\/Flip-08.jpg","contentUrl":"https:\/\/flypix.ai\/wp-content\/uploads\/2022\/10\/Flip-08.jpg","width":590,"height":715,"caption":"port containers"},{"@type":"BreadcrumbList","@id":"https:\/\/flypix.ai\/es\/object-detection-software-for-port-operations\/#breadcrumb","itemListElement":[{"@type":"ListItem","position":1,"name":"Home","item":"https:\/\/flypix.ai\/"},{"@type":"ListItem","position":2,"name":"Port operations"}]},{"@type":"WebSite","@id":"https:\/\/flypix.ai\/#website","url":"https:\/\/flypix.ai\/","name":"Flypix","description":"UMA PLATAFORMA DE PONTA A PONTA PARA DETEC\u00c7\u00c3O, LOCALIZA\u00c7\u00c3O E SEGMENTA\u00c7\u00c3O DE ENTIDADES ALIMENTADA POR INTELIG\u00caNCIA ARTIFICIAL","publisher":{"@id":"https:\/\/flypix.ai\/#organization"},"potentialAction":[{"@type":"SearchAction","target":{"@type":"EntryPoint","urlTemplate":"https:\/\/flypix.ai\/?s={search_term_string}"},"query-input":{"@type":"PropertyValueSpecification","valueRequired":true,"valueName":"search_term_string"}}],"inLanguage":"pt-PT"},{"@type":"Organization","@id":"https:\/\/flypix.ai\/#organization","name":"IA Flypix","url":"https:\/\/flypix.ai\/","logo":{"@type":"ImageObject","inLanguage":"pt-PT","@id":"https:\/\/flypix.ai\/#\/schema\/logo\/image\/","url":"https:\/\/flypix.ai\/wp-content\/uploads\/2024\/07\/logo.svg","contentUrl":"https:\/\/flypix.ai\/wp-content\/uploads\/2024\/07\/logo.svg","width":346,"height":40,"caption":"Flypix AI"},"image":{"@id":"https:\/\/flypix.ai\/#\/schema\/logo\/image\/"}}]}},"_links":{"self":[{"href":"https:\/\/flypix.ai\/pt\/wp-json\/wp\/v2\/pages\/154509","targetHints":{"allow":["GET"]}}],"collection":[{"href":"https:\/\/flypix.ai\/pt\/wp-json\/wp\/v2\/pages"}],"about":[{"href":"https:\/\/flypix.ai\/pt\/wp-json\/wp\/v2\/types\/page"}],"author":[{"embeddable":true,"href":"https:\/\/flypix.ai\/pt\/wp-json\/wp\/v2\/users\/1"}],"replies":[{"embeddable":true,"href":"https:\/\/flypix.ai\/pt\/wp-json\/wp\/v2\/comments?post=154509"}],"version-history":[{"count":0,"href":"https:\/\/flypix.ai\/pt\/wp-json\/wp\/v2\/pages\/154509\/revisions"}],"wp:featuredmedia":[{"embeddable":true,"href":"https:\/\/flypix.ai\/pt\/wp-json\/wp\/v2\/media\/3652"}],"wp:attachment":[{"href":"https:\/\/flypix.ai\/pt\/wp-json\/wp\/v2\/media?parent=154509"}],"curies":[{"name":"wp","href":"https:\/\/api.w.org\/{rel}","templated":true}]}}