{"id":154511,"date":"2023-01-16T11:48:53","date_gmt":"2023-01-16T11:48:53","guid":{"rendered":"https:\/\/flypix.ai\/?page_id=154511"},"modified":"2024-09-23T11:00:56","modified_gmt":"2024-09-23T11:00:56","slug":"object-detection-software-for-mine-monitoring","status":"publish","type":"page","link":"https:\/\/flypix.ai\/pt\/object-detection-software-for-mine-monitoring\/","title":{"rendered":"Minera\u00e7\u00e3o"},"content":{"rendered":"<div data-elementor-type=\"wp-page\" data-elementor-id=\"154511\" class=\"elementor elementor-154511\" data-elementor-post-type=\"page\">\n\t\t\t\t<div class=\"elementor-element elementor-element-67e2f61d e-flex e-con-boxed e-con e-parent\" data-id=\"67e2f61d\" data-element_type=\"container\" data-e-type=\"container\" data-settings=\"{&quot;background_background&quot;:&quot;classic&quot;}\">\n\t\t\t\t\t<div class=\"e-con-inner\">\n\t\t<div class=\"elementor-element elementor-element-3f9ad3a2 e-con-full e-flex e-con e-child\" data-id=\"3f9ad3a2\" data-element_type=\"container\" data-e-type=\"container\">\n\t\t\t\t<div class=\"elementor-element elementor-element-21f4bac8 elementor-widget elementor-widget-heading\" data-id=\"21f4bac8\" data-element_type=\"widget\" data-e-type=\"widget\" data-widget_type=\"heading.default\">\n\t\t\t\t\t<h1 class=\"elementor-heading-title elementor-size-default\">DETEC\u00c7\u00c3O DE OBJETOS PARA A IND\u00daSTRIA DE MINERA\u00c7\u00c3O<\/h1>\t\t\t\t<\/div>\n\t\t<div class=\"elementor-element elementor-element-25312a4e e-con-full e-flex e-con e-child\" data-id=\"25312a4e\" data-element_type=\"container\" data-e-type=\"container\">\n\t\t\t\t<div class=\"elementor-element elementor-element-490ac508 elementor-widget-divider--view-line elementor-widget elementor-widget-divider\" data-id=\"490ac508\" data-element_type=\"widget\" data-e-type=\"widget\" data-widget_type=\"divider.default\">\n\t\t\t\t\t\t\t<div class=\"elementor-divider\">\n\t\t\t<span class=\"elementor-divider-separator\">\n\t\t\t\t\t\t<\/span>\n\t\t<\/div>\n\t\t\t\t\t\t<\/div>\n\t\t\t\t<\/div>\n\t\t<div class=\"elementor-element elementor-element-25b8196b e-con-full e-flex e-con e-child\" data-id=\"25b8196b\" data-element_type=\"container\" data-e-type=\"container\">\n\t\t\t\t<div class=\"elementor-element elementor-element-2dcb69b4 elementor-widget elementor-widget-heading\" data-id=\"2dcb69b4\" data-element_type=\"widget\" data-e-type=\"widget\" data-widget_type=\"heading.default\">\n\t\t\t\t\t<h2 class=\"elementor-heading-title elementor-size-default\">A tecnologia de detec\u00e7\u00e3o de objetos FlyPix capacita os operadores de minas a monitorar estradas de transporte e minas a c\u00e9u aberto com precis\u00e3o e seguran\u00e7a.<\/h2>\t\t\t\t<\/div>\n\t\t\t\t<\/div>\n\t\t\t\t<\/div>\n\t\t\t\t\t<\/div>\n\t\t\t\t<\/div>\n\t\t<div class=\"elementor-element elementor-element-38a4d895 e-flex e-con-boxed e-con e-parent\" data-id=\"38a4d895\" data-element_type=\"container\" data-e-type=\"container\" data-settings=\"{&quot;background_background&quot;:&quot;classic&quot;}\">\n\t\t\t\t\t<div class=\"e-con-inner\">\n\t\t<div class=\"elementor-element elementor-element-456bbf57 e-con-full e-flex e-con e-child\" data-id=\"456bbf57\" data-element_type=\"container\" data-e-type=\"container\">\n\t\t<div class=\"elementor-element elementor-element-1e831c80 e-con-full e-flex e-con e-child\" data-id=\"1e831c80\" data-element_type=\"container\" data-e-type=\"container\" data-settings=\"{&quot;background_background&quot;:&quot;classic&quot;}\">\n\t\t\t\t<\/div>\n\t\t<div class=\"elementor-element elementor-element-4cc8ef05 e-con-full e-flex e-con e-child\" data-id=\"4cc8ef05\" data-element_type=\"container\" data-e-type=\"container\" data-settings=\"{&quot;background_background&quot;:&quot;classic&quot;}\">\n\t\t\t\t<div class=\"elementor-element elementor-element-526f3f71 elementor-widget elementor-widget-heading\" data-id=\"526f3f71\" data-element_type=\"widget\" data-e-type=\"widget\" data-widget_type=\"heading.default\">\n\t\t\t\t\t<p class=\"elementor-heading-title elementor-size-default\">Monitoramento e manuten\u00e7\u00e3o de estradas de transporte<\/p>\t\t\t\t<\/div>\n\t\t\t\t<div class=\"elementor-element elementor-element-34a7b056 elementor-widget elementor-widget-text-editor\" data-id=\"34a7b056\" data-element_type=\"widget\" data-e-type=\"widget\" data-widget_type=\"text-editor.default\">\n\t\t\t\t\t\t\t\t\t<p>FlyPix AI pode ajudar as empresas de minera\u00e7\u00e3o a melhorar a seguran\u00e7a, reduzir o tempo de inatividade e otimizar a manuten\u00e7\u00e3o, fornecendo monitoramento eficiente e preciso das condi\u00e7\u00f5es das estradas de transporte. O software de detec\u00e7\u00e3o de objetos FlyPix funciona analisando imagens a\u00e9reas em busca de padr\u00f5es e caracter\u00edsticas espec\u00edficas que correspondem a danos na estrada, como rachaduras, buracos e sulcos.<\/p>\n<p>Ao detectar e mapear as \u00e1reas danificadas, a FlyPix AI pode fornecer insights sobre as condi\u00e7\u00f5es das estradas de transporte, permitindo que as empresas de minera\u00e7\u00e3o melhorem significativamente a efici\u00eancia do monitoramento das estradas de transporte, cobrindo rapidamente grandes \u00e1reas e detectando danos que podem passar despercebidos nas inspe\u00e7\u00f5es tradicionais no n\u00edvel do solo.<\/p>\t\t\t\t\t\t\t\t<\/div>\n\t\t\t\t<\/div>\n\t\t\t\t<\/div>\n\t\t<div class=\"elementor-element elementor-element-119db40d e-con-full e-flex e-con e-child\" data-id=\"119db40d\" data-element_type=\"container\" data-e-type=\"container\" data-settings=\"{&quot;background_background&quot;:&quot;classic&quot;}\">\n\t\t<div class=\"elementor-element elementor-element-74e4b127 e-con-full e-flex e-con e-child\" data-id=\"74e4b127\" data-element_type=\"container\" data-e-type=\"container\">\n\t\t\t\t<div class=\"elementor-element elementor-element-43e46e01 elementor-widget elementor-widget-heading\" data-id=\"43e46e01\" data-element_type=\"widget\" data-e-type=\"widget\" data-widget_type=\"heading.default\">\n\t\t\t\t\t<p class=\"elementor-heading-title elementor-size-default\">Monitoramento de minas a c\u00e9u aberto\n<\/p>\t\t\t\t<\/div>\n\t\t\t\t<div class=\"elementor-element elementor-element-56459ded elementor-widget elementor-widget-text-editor\" data-id=\"56459ded\" data-element_type=\"widget\" data-e-type=\"widget\" data-widget_type=\"text-editor.default\">\n\t\t\t\t\t\t\t\t\t<p>FlyPix AI pode ajudar as empresas de minera\u00e7\u00e3o a melhorar a seguran\u00e7a, reduzir o tempo de inatividade e otimizar as opera\u00e7\u00f5es, fornecendo monitoramento eficiente e preciso das condi\u00e7\u00f5es da mina. Nosso software de detec\u00e7\u00e3o de objetos analisa imagens a\u00e9reas em busca de padr\u00f5es e caracter\u00edsticas espec\u00edficas que correspondem a mudan\u00e7as nas condi\u00e7\u00f5es da mina, como mudan\u00e7as na topografia, atividades de minera\u00e7\u00e3o ou posicionamento de equipamentos. Ao detectar e mapear essas mudan\u00e7as, a FlyPix AI pode fornecer insights sobre as condi\u00e7\u00f5es das minas, permitindo que as empresas de minera\u00e7\u00e3o otimizem suas opera\u00e7\u00f5es e aloquem recursos de forma mais eficaz. Al\u00e9m disso, nosso sistema de monitoramento de minas pode melhorar significativamente a efici\u00eancia do monitoramento de minas a c\u00e9u aberto, cobrindo rapidamente grandes \u00e1reas e detectando altera\u00e7\u00f5es que podem passar despercebidas nas inspe\u00e7\u00f5es tradicionais no n\u00edvel do solo. Isto pode ajudar as empresas mineiras a reduzir os custos de manuten\u00e7\u00e3o e substitui\u00e7\u00e3o de equipamentos, bem como a minimizar o risco de acidentes e les\u00f5es nos trabalhadores.<\/p>\t\t\t\t\t\t\t\t<\/div>\n\t\t\t\t<\/div>\n\t\t<div class=\"elementor-element elementor-element-16db5b5f e-con-full e-flex e-con e-child\" data-id=\"16db5b5f\" data-element_type=\"container\" data-e-type=\"container\" data-settings=\"{&quot;background_background&quot;:&quot;classic&quot;}\">\n\t\t\t\t<\/div>\n\t\t\t\t<\/div>\n\t\t\t\t\t<\/div>\n\t\t\t\t<\/div>\n\t\t<div class=\"elementor-element elementor-element-4d1ddaf e-flex e-con-boxed e-con e-parent\" data-id=\"4d1ddaf\" data-element_type=\"container\" data-e-type=\"container\" data-settings=\"{&quot;background_background&quot;:&quot;classic&quot;}\">\n\t\t\t\t\t<div class=\"e-con-inner\">\n\t\t<div class=\"elementor-element elementor-element-2cefae9 e-con-full e-flex e-con e-child\" data-id=\"2cefae9\" data-element_type=\"container\" data-e-type=\"container\">\n\t\t<div class=\"elementor-element elementor-element-658cea0 e-con-full e-flex e-con e-child\" data-id=\"658cea0\" data-element_type=\"container\" data-e-type=\"container\" data-settings=\"{&quot;background_background&quot;:&quot;classic&quot;}\">\n\t\t\t\t<\/div>\n\t\t<div class=\"elementor-element elementor-element-a25c67d e-con-full e-flex e-con e-child\" data-id=\"a25c67d\" data-element_type=\"container\" data-e-type=\"container\" data-settings=\"{&quot;background_background&quot;:&quot;classic&quot;}\">\n\t\t\t\t<div class=\"elementor-element elementor-element-c5514c0 elementor-widget elementor-widget-heading\" data-id=\"c5514c0\" data-element_type=\"widget\" data-e-type=\"widget\" data-widget_type=\"heading.default\">\n\t\t\t\t\t<p class=\"elementor-heading-title elementor-size-default\">An\u00e1lise de dados geoespaciais para explora\u00e7\u00e3o de minera\u00e7\u00e3o<\/p>\t\t\t\t<\/div>\n\t\t\t\t<div class=\"elementor-element elementor-element-fbfacd3 elementor-widget elementor-widget-text-editor\" data-id=\"fbfacd3\" data-element_type=\"widget\" data-e-type=\"widget\" data-widget_type=\"text-editor.default\">\n\t\t\t\t\t\t\t\t\t<p>O FlyPix AI pode ser usado para analisar imagens de sat\u00e9lite e drones de alta resolu\u00e7\u00e3o para identificar potenciais locais de minera\u00e7\u00e3o. Ao detectar forma\u00e7\u00f5es geol\u00f3gicas espec\u00edficas, dep\u00f3sitos minerais e anomalias do solo, a an\u00e1lise orientada por IA pode agilizar significativamente os esfor\u00e7os de explora\u00e7\u00e3o, reduzindo o tempo e os custos associados aos m\u00e9todos tradicionais de levantamento.<\/p><p><br><\/p><p><br><\/p><p><br><\/p>\n<p><\/p>\n<p><\/p>\t\t\t\t\t\t\t\t<\/div>\n\t\t\t\t<\/div>\n\t\t\t\t<\/div>\n\t\t<div class=\"elementor-element elementor-element-9e60654 e-con-full e-flex e-con e-child\" data-id=\"9e60654\" data-element_type=\"container\" data-e-type=\"container\" data-settings=\"{&quot;background_background&quot;:&quot;classic&quot;}\">\n\t\t<div class=\"elementor-element elementor-element-08f4dcd e-con-full e-flex e-con e-child\" data-id=\"08f4dcd\" data-element_type=\"container\" data-e-type=\"container\">\n\t\t\t\t<div class=\"elementor-element elementor-element-fc47a0d elementor-widget elementor-widget-heading\" data-id=\"fc47a0d\" data-element_type=\"widget\" data-e-type=\"widget\" data-widget_type=\"heading.default\">\n\t\t\t\t\t<p class=\"elementor-heading-title elementor-size-default\">Monitoramento automatizado de locais de minera\u00e7\u00e3o e conformidade de seguran\u00e7a\n<\/p>\t\t\t\t<\/div>\n\t\t\t\t<div class=\"elementor-element elementor-element-d76fbc4 elementor-widget elementor-widget-text-editor\" data-id=\"d76fbc4\" data-element_type=\"widget\" data-e-type=\"widget\" data-widget_type=\"text-editor.default\">\n\t\t\t\t\t\t\t\t\t<p>Com o FlyPix AI, as empresas de minera\u00e7\u00e3o podem monitorar continuamente seus sites usando drones e imagens de sat\u00e9lite. A IA pode detectar atividades n\u00e3o autorizadas, rastrear o uso de equipamentos e monitorar as condi\u00e7\u00f5es de seguran\u00e7a dos trabalhadores em tempo real. Este sistema de monitoramento automatizado garante a conformidade com os regulamentos de seguran\u00e7a, minimiza o erro humano e melhora a efici\u00eancia operacional.<\/p><p>\u00a0<\/p><p>\u00a0<\/p><p>\u00a0<\/p>\t\t\t\t\t\t\t\t<\/div>\n\t\t\t\t<\/div>\n\t\t<div class=\"elementor-element elementor-element-1adb1a6 e-con-full e-flex e-con e-child\" data-id=\"1adb1a6\" data-element_type=\"container\" data-e-type=\"container\" data-settings=\"{&quot;background_background&quot;:&quot;classic&quot;}\">\n\t\t\t\t<\/div>\n\t\t\t\t<\/div>\n\t\t\t\t\t<\/div>\n\t\t\t\t<\/div>\n\t\t<div class=\"elementor-element elementor-element-10d06bc e-flex e-con-boxed e-con e-parent\" data-id=\"10d06bc\" data-element_type=\"container\" data-e-type=\"container\" data-settings=\"{&quot;background_background&quot;:&quot;classic&quot;}\">\n\t\t\t\t\t<div class=\"e-con-inner\">\n\t\t<div class=\"elementor-element elementor-element-c416a04 e-con-full e-flex e-con e-child\" data-id=\"c416a04\" data-element_type=\"container\" data-e-type=\"container\">\n\t\t<div class=\"elementor-element elementor-element-fb7c5a5 e-con-full e-flex e-con e-child\" data-id=\"fb7c5a5\" data-element_type=\"container\" data-e-type=\"container\" data-settings=\"{&quot;background_background&quot;:&quot;classic&quot;}\">\n\t\t\t\t<\/div>\n\t\t<div class=\"elementor-element elementor-element-21161e3 e-con-full e-flex e-con e-child\" data-id=\"21161e3\" data-element_type=\"container\" data-e-type=\"container\" data-settings=\"{&quot;background_background&quot;:&quot;classic&quot;}\">\n\t\t\t\t<div class=\"elementor-element elementor-element-5dfa3d0 elementor-widget elementor-widget-heading\" data-id=\"5dfa3d0\" data-element_type=\"widget\" data-e-type=\"widget\" data-widget_type=\"heading.default\">\n\t\t\t\t\t<p class=\"elementor-heading-title elementor-size-default\">Monitoramento e Mitiga\u00e7\u00e3o de Impacto Ambiental<\/p>\t\t\t\t<\/div>\n\t\t\t\t<div class=\"elementor-element elementor-element-aea4a1a elementor-widget elementor-widget-text-editor\" data-id=\"aea4a1a\" data-element_type=\"widget\" data-e-type=\"widget\" data-widget_type=\"text-editor.default\">\n\t\t\t\t\t\t\t\t\t<p>O FlyPix AI permite que empresas de minera\u00e7\u00e3o conduzam avalia\u00e7\u00f5es detalhadas de impacto ambiental analisando mudan\u00e7as na vegeta\u00e7\u00e3o, uso da terra e corpos d&#039;\u00e1gua ao redor das \u00e1reas de minera\u00e7\u00e3o. A capacidade da IA de processar grandes conjuntos de dados ao longo do tempo ajuda a identificar a degrada\u00e7\u00e3o ambiental, permitindo que as empresas implementem estrat\u00e9gias de mitiga\u00e7\u00e3o oportunas e garantam pr\u00e1ticas de minera\u00e7\u00e3o sustent\u00e1veis.<\/p><p>\u00a0<\/p><p>\u00a0<\/p><p>\u00a0<\/p>\t\t\t\t\t\t\t\t<\/div>\n\t\t\t\t<\/div>\n\t\t\t\t<\/div>\n\t\t<div class=\"elementor-element elementor-element-c01d926 e-con-full e-flex e-con e-child\" data-id=\"c01d926\" data-element_type=\"container\" data-e-type=\"container\" data-settings=\"{&quot;background_background&quot;:&quot;classic&quot;}\">\n\t\t<div class=\"elementor-element elementor-element-1226d6f e-con-full e-flex e-con e-child\" data-id=\"1226d6f\" data-element_type=\"container\" data-e-type=\"container\">\n\t\t\t\t<div class=\"elementor-element elementor-element-251cf3e elementor-widget elementor-widget-heading\" data-id=\"251cf3e\" data-element_type=\"widget\" data-e-type=\"widget\" data-widget_type=\"heading.default\">\n\t\t\t\t\t<p class=\"elementor-heading-title elementor-size-default\">Manuten\u00e7\u00e3o de Infraestrutura e Efici\u00eancia Operacional<\/p>\t\t\t\t<\/div>\n\t\t\t\t<div class=\"elementor-element elementor-element-32e40c0 elementor-widget elementor-widget-text-editor\" data-id=\"32e40c0\" data-element_type=\"widget\" data-e-type=\"widget\" data-widget_type=\"text-editor.default\">\n\t\t\t\t\t\t\t\t\t<p>O FlyPix AI pode ser usado para inspe\u00e7\u00e3o e manuten\u00e7\u00e3o de infraestrutura cr\u00edtica de minera\u00e7\u00e3o, como oleodutos, estradas e instala\u00e7\u00f5es de processamento. Por meio de imagens de drones e detec\u00e7\u00e3o de objetos orientada por IA, o sistema pode identificar fraquezas estruturais, monitorar condi\u00e7\u00f5es de equipamentos e prever necessidades de manuten\u00e7\u00e3o. Essa abordagem proativa ajuda a reduzir o tempo de inatividade, prevenindo falhas dispendiosas e garantindo a opera\u00e7\u00e3o tranquila das atividades de minera\u00e7\u00e3o.<\/p><p>\u00a0<\/p><p>\u00a0<\/p><p>\u00a0<\/p>\t\t\t\t\t\t\t\t<\/div>\n\t\t\t\t<\/div>\n\t\t<div class=\"elementor-element elementor-element-0bff9c3 e-con-full e-flex e-con e-child\" data-id=\"0bff9c3\" data-element_type=\"container\" data-e-type=\"container\" data-settings=\"{&quot;background_background&quot;:&quot;classic&quot;}\">\n\t\t\t\t<\/div>\n\t\t\t\t<\/div>\n\t\t\t\t\t<\/div>\n\t\t\t\t<\/div>\n\t\t\t\t<\/div>","protected":false},"excerpt":{"rendered":"<p>OBJECT DETECTION FOR MINING INDUSTRY FlyPix&#8217;s Object Detection Technology Empowers Mine Operators to Monitor Haul Roads and Open Pit Mines with Precision and Safety. Haul Road Monitoring &amp; Maintenance FlyPix AI can help mining companies improve safety, reduce downtime, and optimize maintenance by providing efficient and accurate monitoring of haul road conditions. FlyPix&#8217;s object detection [&hellip;]<\/p>\n","protected":false},"author":1,"featured_media":3653,"parent":0,"menu_order":0,"comment_status":"closed","ping_status":"closed","template":"","meta":{"_acf_changed":false,"footnotes":""},"class_list":["post-154511","page","type-page","status-publish","has-post-thumbnail","hentry"],"acf":[],"yoast_head":"<!-- This site is optimized with the Yoast SEO plugin v27.3 - https:\/\/yoast.com\/product\/yoast-seo-wordpress\/ -->\n<title>Object Detection Software for Mine Monitoring - Flypix<\/title>\n<meta name=\"description\" content=\"FlyPix&#039;s Object Detection Technology Empowers Mine Operators to Monitor Haul Roads and Open Pit Mines with Precision and Safety.\" \/>\n<meta name=\"robots\" content=\"index, follow, max-snippet:-1, max-image-preview:large, max-video-preview:-1\" \/>\n<link rel=\"canonical\" href=\"https:\/\/flypix.ai\/pt\/object-detection-software-for-mine-monitoring\/\" \/>\n<meta property=\"og:locale\" content=\"pt_PT\" \/>\n<meta property=\"og:type\" content=\"article\" \/>\n<meta property=\"og:title\" content=\"Object Detection Software for Mine Monitoring - Flypix\" \/>\n<meta property=\"og:description\" content=\"FlyPix&#039;s Object Detection Technology Empowers Mine Operators to Monitor Haul Roads and Open Pit Mines with Precision and Safety.\" \/>\n<meta property=\"og:url\" content=\"https:\/\/flypix.ai\/pt\/object-detection-software-for-mine-monitoring\/\" \/>\n<meta property=\"og:site_name\" content=\"Flypix\" \/>\n<meta property=\"article:modified_time\" content=\"2024-09-23T11:00:56+00:00\" \/>\n<meta property=\"og:image\" content=\"https:\/\/flypix.ai\/wp-content\/uploads\/2022\/10\/Flip-09.jpg\" \/>\n\t<meta property=\"og:image:width\" content=\"590\" \/>\n\t<meta property=\"og:image:height\" content=\"715\" \/>\n\t<meta property=\"og:image:type\" content=\"image\/jpeg\" \/>\n<meta name=\"twitter:card\" content=\"summary_large_image\" \/>\n<meta name=\"twitter:label1\" content=\"Tempo estimado de leitura\" \/>\n\t<meta name=\"twitter:data1\" content=\"3 minutos\" \/>\n<script type=\"application\/ld+json\" class=\"yoast-schema-graph\">{\"@context\":\"https:\\\/\\\/schema.org\",\"@graph\":[{\"@type\":\"WebPage\",\"@id\":\"https:\\\/\\\/flypix.ai\\\/object-detection-software-for-mine-monitoring\\\/\",\"url\":\"https:\\\/\\\/flypix.ai\\\/object-detection-software-for-mine-monitoring\\\/\",\"name\":\"Object Detection Software for Mine Monitoring - Flypix\",\"isPartOf\":{\"@id\":\"https:\\\/\\\/flypix.ai\\\/#website\"},\"primaryImageOfPage\":{\"@id\":\"https:\\\/\\\/flypix.ai\\\/object-detection-software-for-mine-monitoring\\\/#primaryimage\"},\"image\":{\"@id\":\"https:\\\/\\\/flypix.ai\\\/object-detection-software-for-mine-monitoring\\\/#primaryimage\"},\"thumbnailUrl\":\"https:\\\/\\\/flypix.ai\\\/wp-content\\\/uploads\\\/2022\\\/10\\\/Flip-09.jpg\",\"datePublished\":\"2023-01-16T11:48:53+00:00\",\"dateModified\":\"2024-09-23T11:00:56+00:00\",\"description\":\"FlyPix's Object Detection Technology Empowers Mine Operators to Monitor Haul Roads and Open Pit Mines with Precision and Safety.\",\"breadcrumb\":{\"@id\":\"https:\\\/\\\/flypix.ai\\\/object-detection-software-for-mine-monitoring\\\/#breadcrumb\"},\"inLanguage\":\"pt-PT\",\"potentialAction\":[{\"@type\":\"ReadAction\",\"target\":[\"https:\\\/\\\/flypix.ai\\\/object-detection-software-for-mine-monitoring\\\/\"]}]},{\"@type\":\"ImageObject\",\"inLanguage\":\"pt-PT\",\"@id\":\"https:\\\/\\\/flypix.ai\\\/object-detection-software-for-mine-monitoring\\\/#primaryimage\",\"url\":\"https:\\\/\\\/flypix.ai\\\/wp-content\\\/uploads\\\/2022\\\/10\\\/Flip-09.jpg\",\"contentUrl\":\"https:\\\/\\\/flypix.ai\\\/wp-content\\\/uploads\\\/2022\\\/10\\\/Flip-09.jpg\",\"width\":590,\"height\":715},{\"@type\":\"BreadcrumbList\",\"@id\":\"https:\\\/\\\/flypix.ai\\\/object-detection-software-for-mine-monitoring\\\/#breadcrumb\",\"itemListElement\":[{\"@type\":\"ListItem\",\"position\":1,\"name\":\"Home\",\"item\":\"https:\\\/\\\/flypix.ai\\\/\"},{\"@type\":\"ListItem\",\"position\":2,\"name\":\"Mining\"}]},{\"@type\":\"WebSite\",\"@id\":\"https:\\\/\\\/flypix.ai\\\/#website\",\"url\":\"https:\\\/\\\/flypix.ai\\\/\",\"name\":\"Flypix\",\"description\":\"AN END-TO-END PLATFORM FOR ENTITY DETECTION, LOCALIZATION AND SEGMENTATION POWERED BY ARTIFICIAL INTELLIGENCE\",\"publisher\":{\"@id\":\"https:\\\/\\\/flypix.ai\\\/#organization\"},\"potentialAction\":[{\"@type\":\"SearchAction\",\"target\":{\"@type\":\"EntryPoint\",\"urlTemplate\":\"https:\\\/\\\/flypix.ai\\\/?s={search_term_string}\"},\"query-input\":{\"@type\":\"PropertyValueSpecification\",\"valueRequired\":true,\"valueName\":\"search_term_string\"}}],\"inLanguage\":\"pt-PT\"},{\"@type\":\"Organization\",\"@id\":\"https:\\\/\\\/flypix.ai\\\/#organization\",\"name\":\"Flypix AI\",\"url\":\"https:\\\/\\\/flypix.ai\\\/\",\"logo\":{\"@type\":\"ImageObject\",\"inLanguage\":\"pt-PT\",\"@id\":\"https:\\\/\\\/flypix.ai\\\/#\\\/schema\\\/logo\\\/image\\\/\",\"url\":\"https:\\\/\\\/flypix.ai\\\/wp-content\\\/uploads\\\/2024\\\/07\\\/logo.svg\",\"contentUrl\":\"https:\\\/\\\/flypix.ai\\\/wp-content\\\/uploads\\\/2024\\\/07\\\/logo.svg\",\"width\":346,\"height\":40,\"caption\":\"Flypix AI\"},\"image\":{\"@id\":\"https:\\\/\\\/flypix.ai\\\/#\\\/schema\\\/logo\\\/image\\\/\"}}]}<\/script>\n<!-- \/ Yoast SEO plugin. -->","yoast_head_json":{"title":"Software de detec\u00e7\u00e3o de objetos para monitoramento de minas - Flypix","description":"A tecnologia de detec\u00e7\u00e3o de objetos FlyPix capacita os operadores de minas a monitorar estradas de transporte e minas a c\u00e9u aberto com precis\u00e3o e seguran\u00e7a.","robots":{"index":"index","follow":"follow","max-snippet":"max-snippet:-1","max-image-preview":"max-image-preview:large","max-video-preview":"max-video-preview:-1"},"canonical":"https:\/\/flypix.ai\/pt\/object-detection-software-for-mine-monitoring\/","og_locale":"pt_PT","og_type":"article","og_title":"Object Detection Software for Mine Monitoring - Flypix","og_description":"FlyPix's Object Detection Technology Empowers Mine Operators to Monitor Haul Roads and Open Pit Mines with Precision and Safety.","og_url":"https:\/\/flypix.ai\/pt\/object-detection-software-for-mine-monitoring\/","og_site_name":"Flypix","article_modified_time":"2024-09-23T11:00:56+00:00","og_image":[{"width":590,"height":715,"url":"https:\/\/flypix.ai\/wp-content\/uploads\/2022\/10\/Flip-09.jpg","type":"image\/jpeg"}],"twitter_card":"summary_large_image","twitter_misc":{"Tempo estimado de leitura":"3 minutos"},"schema":{"@context":"https:\/\/schema.org","@graph":[{"@type":"WebPage","@id":"https:\/\/flypix.ai\/object-detection-software-for-mine-monitoring\/","url":"https:\/\/flypix.ai\/object-detection-software-for-mine-monitoring\/","name":"Software de detec\u00e7\u00e3o de objetos para monitoramento de minas - Flypix","isPartOf":{"@id":"https:\/\/flypix.ai\/#website"},"primaryImageOfPage":{"@id":"https:\/\/flypix.ai\/object-detection-software-for-mine-monitoring\/#primaryimage"},"image":{"@id":"https:\/\/flypix.ai\/object-detection-software-for-mine-monitoring\/#primaryimage"},"thumbnailUrl":"https:\/\/flypix.ai\/wp-content\/uploads\/2022\/10\/Flip-09.jpg","datePublished":"2023-01-16T11:48:53+00:00","dateModified":"2024-09-23T11:00:56+00:00","description":"A tecnologia de detec\u00e7\u00e3o de objetos FlyPix capacita os operadores de minas a monitorar estradas de transporte e minas a c\u00e9u aberto com precis\u00e3o e seguran\u00e7a.","breadcrumb":{"@id":"https:\/\/flypix.ai\/object-detection-software-for-mine-monitoring\/#breadcrumb"},"inLanguage":"pt-PT","potentialAction":[{"@type":"ReadAction","target":["https:\/\/flypix.ai\/object-detection-software-for-mine-monitoring\/"]}]},{"@type":"ImageObject","inLanguage":"pt-PT","@id":"https:\/\/flypix.ai\/object-detection-software-for-mine-monitoring\/#primaryimage","url":"https:\/\/flypix.ai\/wp-content\/uploads\/2022\/10\/Flip-09.jpg","contentUrl":"https:\/\/flypix.ai\/wp-content\/uploads\/2022\/10\/Flip-09.jpg","width":590,"height":715},{"@type":"BreadcrumbList","@id":"https:\/\/flypix.ai\/object-detection-software-for-mine-monitoring\/#breadcrumb","itemListElement":[{"@type":"ListItem","position":1,"name":"Home","item":"https:\/\/flypix.ai\/"},{"@type":"ListItem","position":2,"name":"Mining"}]},{"@type":"WebSite","@id":"https:\/\/flypix.ai\/#website","url":"https:\/\/flypix.ai\/","name":"Flypix","description":"UMA PLATAFORMA DE PONTA A PONTA PARA DETEC\u00c7\u00c3O, LOCALIZA\u00c7\u00c3O E SEGMENTA\u00c7\u00c3O DE ENTIDADES ALIMENTADA POR INTELIG\u00caNCIA ARTIFICIAL","publisher":{"@id":"https:\/\/flypix.ai\/#organization"},"potentialAction":[{"@type":"SearchAction","target":{"@type":"EntryPoint","urlTemplate":"https:\/\/flypix.ai\/?s={search_term_string}"},"query-input":{"@type":"PropertyValueSpecification","valueRequired":true,"valueName":"search_term_string"}}],"inLanguage":"pt-PT"},{"@type":"Organization","@id":"https:\/\/flypix.ai\/#organization","name":"IA Flypix","url":"https:\/\/flypix.ai\/","logo":{"@type":"ImageObject","inLanguage":"pt-PT","@id":"https:\/\/flypix.ai\/#\/schema\/logo\/image\/","url":"https:\/\/flypix.ai\/wp-content\/uploads\/2024\/07\/logo.svg","contentUrl":"https:\/\/flypix.ai\/wp-content\/uploads\/2024\/07\/logo.svg","width":346,"height":40,"caption":"Flypix AI"},"image":{"@id":"https:\/\/flypix.ai\/#\/schema\/logo\/image\/"}}]}},"_links":{"self":[{"href":"https:\/\/flypix.ai\/pt\/wp-json\/wp\/v2\/pages\/154511","targetHints":{"allow":["GET"]}}],"collection":[{"href":"https:\/\/flypix.ai\/pt\/wp-json\/wp\/v2\/pages"}],"about":[{"href":"https:\/\/flypix.ai\/pt\/wp-json\/wp\/v2\/types\/page"}],"author":[{"embeddable":true,"href":"https:\/\/flypix.ai\/pt\/wp-json\/wp\/v2\/users\/1"}],"replies":[{"embeddable":true,"href":"https:\/\/flypix.ai\/pt\/wp-json\/wp\/v2\/comments?post=154511"}],"version-history":[{"count":0,"href":"https:\/\/flypix.ai\/pt\/wp-json\/wp\/v2\/pages\/154511\/revisions"}],"wp:featuredmedia":[{"embeddable":true,"href":"https:\/\/flypix.ai\/pt\/wp-json\/wp\/v2\/media\/3653"}],"wp:attachment":[{"href":"https:\/\/flypix.ai\/pt\/wp-json\/wp\/v2\/media?parent=154511"}],"curies":[{"name":"wp","href":"https:\/\/api.w.org\/{rel}","templated":true}]}}