{"id":154824,"date":"2023-04-10T14:41:24","date_gmt":"2023-04-10T14:41:24","guid":{"rendered":"https:\/\/flypix.ai\/?page_id=154824"},"modified":"2024-07-11T13:30:09","modified_gmt":"2024-07-11T13:30:09","slug":"privacy-policy","status":"publish","type":"page","link":"https:\/\/flypix.ai\/pt\/privacy-policy\/","title":{"rendered":"pol\u00edtica de Privacidade"},"content":{"rendered":"<div data-elementor-type=\"wp-page\" data-elementor-id=\"154824\" class=\"elementor elementor-154824\" data-elementor-post-type=\"page\">\n\t\t\t\t<div class=\"elementor-element elementor-element-50ff507 e-flex e-con-boxed e-con e-parent\" data-id=\"50ff507\" data-element_type=\"container\" data-e-type=\"container\">\n\t\t\t\t\t<div class=\"e-con-inner\">\n\t\t<div class=\"elementor-element elementor-element-9e5cf30 e-con-full e-flex e-con e-child\" data-id=\"9e5cf30\" data-element_type=\"container\" data-e-type=\"container\">\n\t\t\t\t<div class=\"elementor-element elementor-element-e16a1a9 elementor-widget elementor-widget-heading\" data-id=\"e16a1a9\" data-element_type=\"widget\" data-e-type=\"widget\" data-widget_type=\"heading.default\">\n\t\t\t\t\t<h1 class=\"elementor-heading-title elementor-size-default\">pol\u00edtica de Privacidade<\/h1>\t\t\t\t<\/div>\n\t\t\t\t<div class=\"elementor-element elementor-element-8c9517d elementor-widget elementor-widget-heading\" data-id=\"8c9517d\" data-element_type=\"widget\" data-e-type=\"widget\" data-widget_type=\"heading.default\">\n\t\t\t\t\t<h2 class=\"elementor-heading-title elementor-size-default\">Introdu\u00e7\u00e3o<\/h2>\t\t\t\t<\/div>\n\t\t\t\t<div class=\"elementor-element elementor-element-1c15ca4 elementor-widget elementor-widget-text-editor\" data-id=\"1c15ca4\" data-element_type=\"widget\" data-e-type=\"widget\" data-widget_type=\"text-editor.default\">\n\t\t\t\t\t\t\t\t\t<p>Esta Pol\u00edtica de Privacidade se aplica aos servi\u00e7os online oferecidos pela FlyPix AI GmbH, acess\u00edveis via www.flypix.ai (\u201co site\u201d) ou app.flypix.tech (\u201co aplicativo\u201d). Nosso compromisso com a privacidade \u00e9 fundamental e este documento explica como tratamos as informa\u00e7\u00f5es coletadas e registradas no site ou no aplicativo. Para d\u00favidas adicionais ou informa\u00e7\u00f5es sobre nossa Pol\u00edtica de Privacidade, entre em contato conosco.<\/p>\t\t\t\t\t\t\t\t<\/div>\n\t\t\t\t<div class=\"elementor-element elementor-element-2c7bebb elementor-widget elementor-widget-heading\" data-id=\"2c7bebb\" data-element_type=\"widget\" data-e-type=\"widget\" data-widget_type=\"heading.default\">\n\t\t\t\t\t<h2 class=\"elementor-heading-title elementor-size-default\">Altera\u00e7\u00f5es e atualiza\u00e7\u00f5es na pol\u00edtica de privacidade<\/h2>\t\t\t\t<\/div>\n\t\t\t\t<div class=\"elementor-element elementor-element-e42499a elementor-widget elementor-widget-text-editor\" data-id=\"e42499a\" data-element_type=\"widget\" data-e-type=\"widget\" data-widget_type=\"text-editor.default\">\n\t\t\t\t\t\t\t\t\t<p>Reservamo-nos o direito de modificar esta Pol\u00edtica de Privacidade. Mudan\u00e7as not\u00e1veis ser\u00e3o comunicadas a voc\u00ea atrav\u00e9s do nosso site ou outros meios, garantindo que voc\u00ea esteja sempre ciente das informa\u00e7\u00f5es que coletamos, como as utilizamos e sob quais circunst\u00e2ncias, se houver, as divulgamos.<\/p>\t\t\t\t\t\t\t\t<\/div>\n\t\t\t\t<div class=\"elementor-element elementor-element-6774740 elementor-widget elementor-widget-heading\" data-id=\"6774740\" data-element_type=\"widget\" data-e-type=\"widget\" data-widget_type=\"heading.default\">\n\t\t\t\t\t<h2 class=\"elementor-heading-title elementor-size-default\">Coleta e uso de dados<\/h2>\t\t\t\t<\/div>\n\t\t\t\t<div class=\"elementor-element elementor-element-ebbdb2b elementor-widget elementor-widget-heading\" data-id=\"ebbdb2b\" data-element_type=\"widget\" data-e-type=\"widget\" data-widget_type=\"heading.default\">\n\t\t\t\t\t<h3 class=\"elementor-heading-title elementor-size-default\">Arquivos de registro<\/h3>\t\t\t\t<\/div>\n\t\t\t\t<div class=\"elementor-element elementor-element-c4b61ba elementor-widget elementor-widget-text-editor\" data-id=\"c4b61ba\" data-element_type=\"widget\" data-e-type=\"widget\" data-widget_type=\"text-editor.default\">\n\t\t\t\t\t\t\t\t\t<p>Como parte da nossa pr\u00e1tica padr\u00e3o, coletamos dados por meio de arquivos de log. Esses dados podem incluir endere\u00e7os de protocolo da Internet (IP), tipos de navegador, ISPs, carimbos de data\/hora, p\u00e1ginas de refer\u00eancia\/sa\u00edda e n\u00fameros de cliques, o que auxilia na an\u00e1lise de tend\u00eancias, administra\u00e7\u00e3o de sites, rastreamento de movimentos de usu\u00e1rios e coleta de informa\u00e7\u00f5es demogr\u00e1ficas.<\/p>\t\t\t\t\t\t\t\t<\/div>\n\t\t\t\t<div class=\"elementor-element elementor-element-a25f90c elementor-widget elementor-widget-heading\" data-id=\"a25f90c\" data-element_type=\"widget\" data-e-type=\"widget\" data-widget_type=\"heading.default\">\n\t\t\t\t\t<h3 class=\"elementor-heading-title elementor-size-default\">Cookies e web beacons<\/h3>\t\t\t\t<\/div>\n\t\t\t\t<div class=\"elementor-element elementor-element-0f27532 elementor-widget elementor-widget-text-editor\" data-id=\"0f27532\" data-element_type=\"widget\" data-e-type=\"widget\" data-widget_type=\"text-editor.default\">\n\t\t\t\t\t\t\t\t\t<p>Utilizamos cookies para armazenar informa\u00e7\u00f5es sobre as prefer\u00eancias dos visitantes e p\u00e1ginas do site ou aplicativo que o visitante acessou ou visitou, para otimizar a experi\u00eancia do usu\u00e1rio, personalizando o conte\u00fado da p\u00e1gina web com base nos tipos de navegador dos visitantes e\/ou outras informa\u00e7\u00f5es.<\/p>\t\t\t\t\t\t\t\t<\/div>\n\t\t\t\t<div class=\"elementor-element elementor-element-c2717d0 elementor-widget elementor-widget-heading\" data-id=\"c2717d0\" data-element_type=\"widget\" data-e-type=\"widget\" data-widget_type=\"heading.default\">\n\t\t\t\t\t<h3 class=\"elementor-heading-title elementor-size-default\">Servi\u00e7os de API do Google\n<\/h3>\t\t\t\t<\/div>\n\t\t\t\t<div class=\"elementor-element elementor-element-1bbe262 elementor-widget elementor-widget-text-editor\" data-id=\"1bbe262\" data-element_type=\"widget\" data-e-type=\"widget\" data-widget_type=\"text-editor.default\">\n\t\t\t\t\t\t\t\t\t<p>Em conformidade com a Pol\u00edtica de Dados do Usu\u00e1rio de Servi\u00e7os de API do Google, representamos com precis\u00e3o nossa identidade e inten\u00e7\u00e3o ao solicitar dados de usu\u00e1rio do Google. Divulgamos claramente:<\/p>\n<ul>\n<li><strong>Identidade<\/strong>: a identidade do nosso aplicativo que acessa os dados do usu\u00e1rio do Google.<\/li>\n<li><strong>Dados solicitados<\/strong>: tipos de dados de usu\u00e1rio do Google que solicitamos.<\/li>\n<li><strong>Prop\u00f3sito<\/strong>: as finalidades para as quais solicitamos dados de usu\u00e1rios do Google.<\/li>\n<\/ul>\t\t\t\t\t\t\t\t<\/div>\n\t\t\t\t<div class=\"elementor-element elementor-element-7cf02dd elementor-widget elementor-widget-heading\" data-id=\"7cf02dd\" data-element_type=\"widget\" data-e-type=\"widget\" data-widget_type=\"heading.default\">\n\t\t\t\t\t<h2 class=\"elementor-heading-title elementor-size-default\">Anunciantes terceirizados e pol\u00edticas de privacidade<\/h2>\t\t\t\t<\/div>\n\t\t\t\t<div class=\"elementor-element elementor-element-4cde19d elementor-widget elementor-widget-text-editor\" data-id=\"4cde19d\" data-element_type=\"widget\" data-e-type=\"widget\" data-widget_type=\"text-editor.default\">\n\t\t\t\t\t\t\t\t\t<p>Utilizamos servidores ou redes de an\u00fancios de terceiros, que utilizam tecnologias como cookies, JavaScript ou Web Beacons em seus an\u00fancios e links no site ou no aplicativo. Suas pr\u00e1ticas est\u00e3o detalhadas nas respectivas pol\u00edticas de privacidade.<\/p>\n<p><strong>Login do Google<\/strong>: usamos o Login do Google para autentica\u00e7\u00e3o, aderindo \u00e0 Pol\u00edtica de dados do usu\u00e1rio de servi\u00e7os de API do Google, incluindo acesso transparente aos dados e divulga\u00e7\u00f5es de uso.<\/p>\t\t\t\t\t\t\t\t<\/div>\n\t\t\t\t<div class=\"elementor-element elementor-element-85f5890 elementor-widget elementor-widget-heading\" data-id=\"85f5890\" data-element_type=\"widget\" data-e-type=\"widget\" data-widget_type=\"heading.default\">\n\t\t\t\t\t<h2 class=\"elementor-heading-title elementor-size-default\">Informa\u00e7\u00f5es infantis<\/h2>\t\t\t\t<\/div>\n\t\t\t\t<div class=\"elementor-element elementor-element-cc2d6ad elementor-widget elementor-widget-text-editor\" data-id=\"cc2d6ad\" data-element_type=\"widget\" data-e-type=\"widget\" data-widget_type=\"text-editor.default\">\n\t\t\t\t\t\t\t\t\t<p>N\u00e3o coletamos intencionalmente informa\u00e7\u00f5es pessoais de crian\u00e7as menores de 13 anos. Nosso uso de tecnologias de publicidade de terceiros \u00e9 regido pelas respectivas pol\u00edticas de privacidade.<\/p>\n<p><strong>Aplicativos direcionados a crian\u00e7as<\/strong>: cumprimos a Lei de Prote\u00e7\u00e3o \u00e0 Privacidade On-line de Crian\u00e7as (COPPA) e n\u00e3o usamos o Login do Google ou outros servi\u00e7os de API do Google que acessam dados associados a uma Conta do Google em aplicativos direcionados principalmente a crian\u00e7as.<\/p>\t\t\t\t\t\t\t\t<\/div>\n\t\t\t\t<div class=\"elementor-element elementor-element-4f3f1a9 elementor-widget elementor-widget-heading\" data-id=\"4f3f1a9\" data-element_type=\"widget\" data-e-type=\"widget\" data-widget_type=\"heading.default\">\n\t\t\t\t\t<h2 class=\"elementor-heading-title elementor-size-default\">Seguran\u00e7a e Prote\u00e7\u00e3o de Dados\n<\/h2>\t\t\t\t<\/div>\n\t\t\t\t<div class=\"elementor-element elementor-element-73c78ca elementor-widget elementor-widget-text-editor\" data-id=\"73c78ca\" data-element_type=\"widget\" data-e-type=\"widget\" data-widget_type=\"text-editor.default\">\n\t\t\t\t\t\t\t\t\t<p>Garantimos a seguran\u00e7a dos dados em tr\u00e2nsito e em repouso e tomamos as medidas adequadas para proteger contra acesso, uso, destrui\u00e7\u00e3o, perda, altera\u00e7\u00e3o ou divulga\u00e7\u00e3o n\u00e3o autorizados ou ilegais.<\/p>\n<p><strong>Servi\u00e7os de API do Google<\/strong>: mantemos um ambiente operacional seguro para aplicativos e sistemas que usam os servi\u00e7os de API do Google, aderindo aos requisitos de seguran\u00e7a e privacidade do Google.<\/p>\t\t\t\t\t\t\t\t<\/div>\n\t\t\t\t<div class=\"elementor-element elementor-element-dd9bbb1 elementor-widget elementor-widget-heading\" data-id=\"dd9bbb1\" data-element_type=\"widget\" data-e-type=\"widget\" data-widget_type=\"heading.default\">\n\t\t\t\t\t<h2 class=\"elementor-heading-title elementor-size-default\">Consentimento e direitos do usu\u00e1rio\n<\/h2>\t\t\t\t<\/div>\n\t\t\t\t<div class=\"elementor-element elementor-element-1c3b767 elementor-widget elementor-widget-text-editor\" data-id=\"1c3b767\" data-element_type=\"widget\" data-e-type=\"widget\" data-widget_type=\"text-editor.default\">\n\t\t\t\t\t\t\t\t\t<p>Ao utilizar nosso site ou aplicativo, voc\u00ea concorda com nossa Pol\u00edtica de Privacidade e concorda com seus Termos e Condi\u00e7\u00f5es.<\/p>\n<p>Os utilizadores t\u00eam o direito de compreender a forma como os seus dados s\u00e3o utilizados e podem solicitar o acesso ou a elimina\u00e7\u00e3o dos seus dados pessoais.<\/p>\t\t\t\t\t\t\t\t<\/div>\n\t\t\t\t<div class=\"elementor-element elementor-element-79d6ff4 elementor-widget elementor-widget-heading\" data-id=\"79d6ff4\" data-element_type=\"widget\" data-e-type=\"widget\" data-widget_type=\"heading.default\">\n\t\t\t\t\t<h2 class=\"elementor-heading-title elementor-size-default\">Informa\u00e7\u00f5es de contato\n<\/h2>\t\t\t\t<\/div>\n\t\t\t\t<div class=\"elementor-element elementor-element-5ee2fe0 elementor-widget elementor-widget-text-editor\" data-id=\"5ee2fe0\" data-element_type=\"widget\" data-e-type=\"widget\" data-widget_type=\"text-editor.default\">\n\t\t\t\t\t\t\t\t\t<p>Para qualquer d\u00favida ou preocupa\u00e7\u00e3o sobre nossa Pol\u00edtica de Privacidade ou pr\u00e1ticas de dados, entre em contato conosco pelo e-mail support@flypix.ai<\/p>\n<div id=\"fl-main-content\" class=\"fl-page-content\" role=\"main\">\n<div class=\"fl-content-full container\">\n<div class=\"row\">\n<div class=\"fl-content col-md-12\">\n<article id=\"fl-post-154824\" class=\"fl-post post-154824 page type-page status-publish hentry\">\n<div class=\"fl-post-content clearfix\">\n<p>Data de Vig\u00eancia: 09.02.2024<\/p>\n<\/div>\n<\/article>\n<\/div>\n<\/div>\n<\/div>\n<\/div>\t\t\t\t\t\t\t\t<\/div>\n\t\t\t\t<\/div>\n\t\t\t\t\t<\/div>\n\t\t\t\t<\/div>\n\t\t\t\t<\/div>","protected":false},"excerpt":{"rendered":"<p>Privacy Policy Introduction This Privacy Policy applies to the online services offered by FlyPix AI GmbH, accessible via www.flypix.ai (\u201cthe website\u201d) or app.flypix.tech (\u201cthe application\u201d). Our commitment to privacy is paramount, and this document explains how we handle information collected and recorded from the website or the application. For additional inquiries or information about our [&hellip;]<\/p>\n","protected":false},"author":1,"featured_media":0,"parent":0,"menu_order":0,"comment_status":"closed","ping_status":"closed","template":"","meta":{"_acf_changed":false,"footnotes":""},"class_list":["post-154824","page","type-page","status-publish","hentry"],"acf":[],"yoast_head":"<!-- This site is optimized with the Yoast SEO plugin v27.3 - https:\/\/yoast.com\/product\/yoast-seo-wordpress\/ -->\n<title>Privacy Policy<\/title>\n<meta name=\"description\" content=\"The services we offer are governed by the privacy policy. Please ensure that you review the terms and conditions regarding the information we gather, how we use it, and any sharing practices.\" \/>\n<meta name=\"robots\" content=\"index, follow, max-snippet:-1, max-image-preview:large, max-video-preview:-1\" \/>\n<link rel=\"canonical\" href=\"https:\/\/flypix.ai\/pt\/privacy-policy\/\" \/>\n<meta property=\"og:locale\" content=\"pt_PT\" \/>\n<meta property=\"og:type\" content=\"article\" \/>\n<meta property=\"og:title\" content=\"Privacy Policy\" \/>\n<meta property=\"og:description\" content=\"The services we offer are governed by the privacy policy. Please ensure that you review the terms and conditions regarding the information we gather, how we use it, and any sharing practices.\" \/>\n<meta property=\"og:url\" content=\"https:\/\/flypix.ai\/pt\/privacy-policy\/\" \/>\n<meta property=\"og:site_name\" content=\"Flypix\" \/>\n<meta property=\"article:modified_time\" content=\"2024-07-11T13:30:09+00:00\" \/>\n<meta name=\"twitter:card\" content=\"summary_large_image\" \/>\n<meta name=\"twitter:label1\" content=\"Tempo estimado de leitura\" \/>\n\t<meta name=\"twitter:data1\" content=\"3 minutos\" \/>\n<script type=\"application\/ld+json\" class=\"yoast-schema-graph\">{\"@context\":\"https:\\\/\\\/schema.org\",\"@graph\":[{\"@type\":\"WebPage\",\"@id\":\"https:\\\/\\\/flypix.ai\\\/es\\\/privacy-policy\\\/\",\"url\":\"https:\\\/\\\/flypix.ai\\\/es\\\/privacy-policy\\\/\",\"name\":\"Privacy Policy\",\"isPartOf\":{\"@id\":\"https:\\\/\\\/flypix.ai\\\/#website\"},\"datePublished\":\"2023-04-10T14:41:24+00:00\",\"dateModified\":\"2024-07-11T13:30:09+00:00\",\"description\":\"The services we offer are governed by the privacy policy. Please ensure that you review the terms and conditions regarding the information we gather, how we use it, and any sharing practices.\",\"breadcrumb\":{\"@id\":\"https:\\\/\\\/flypix.ai\\\/es\\\/privacy-policy\\\/#breadcrumb\"},\"inLanguage\":\"pt-PT\",\"potentialAction\":[{\"@type\":\"ReadAction\",\"target\":[\"https:\\\/\\\/flypix.ai\\\/es\\\/privacy-policy\\\/\"]}]},{\"@type\":\"BreadcrumbList\",\"@id\":\"https:\\\/\\\/flypix.ai\\\/es\\\/privacy-policy\\\/#breadcrumb\",\"itemListElement\":[{\"@type\":\"ListItem\",\"position\":1,\"name\":\"Home\",\"item\":\"https:\\\/\\\/flypix.ai\\\/\"},{\"@type\":\"ListItem\",\"position\":2,\"name\":\"Privacy Policy\"}]},{\"@type\":\"WebSite\",\"@id\":\"https:\\\/\\\/flypix.ai\\\/#website\",\"url\":\"https:\\\/\\\/flypix.ai\\\/\",\"name\":\"Flypix\",\"description\":\"AN END-TO-END PLATFORM FOR ENTITY DETECTION, LOCALIZATION AND SEGMENTATION POWERED BY ARTIFICIAL INTELLIGENCE\",\"publisher\":{\"@id\":\"https:\\\/\\\/flypix.ai\\\/#organization\"},\"potentialAction\":[{\"@type\":\"SearchAction\",\"target\":{\"@type\":\"EntryPoint\",\"urlTemplate\":\"https:\\\/\\\/flypix.ai\\\/?s={search_term_string}\"},\"query-input\":{\"@type\":\"PropertyValueSpecification\",\"valueRequired\":true,\"valueName\":\"search_term_string\"}}],\"inLanguage\":\"pt-PT\"},{\"@type\":\"Organization\",\"@id\":\"https:\\\/\\\/flypix.ai\\\/#organization\",\"name\":\"Flypix AI\",\"url\":\"https:\\\/\\\/flypix.ai\\\/\",\"logo\":{\"@type\":\"ImageObject\",\"inLanguage\":\"pt-PT\",\"@id\":\"https:\\\/\\\/flypix.ai\\\/#\\\/schema\\\/logo\\\/image\\\/\",\"url\":\"https:\\\/\\\/flypix.ai\\\/wp-content\\\/uploads\\\/2024\\\/07\\\/logo.svg\",\"contentUrl\":\"https:\\\/\\\/flypix.ai\\\/wp-content\\\/uploads\\\/2024\\\/07\\\/logo.svg\",\"width\":346,\"height\":40,\"caption\":\"Flypix AI\"},\"image\":{\"@id\":\"https:\\\/\\\/flypix.ai\\\/#\\\/schema\\\/logo\\\/image\\\/\"}}]}<\/script>\n<!-- \/ Yoast SEO plugin. -->","yoast_head_json":{"title":"pol\u00edtica de Privacidade","description":"Os servi\u00e7os que oferecemos s\u00e3o regidos pela pol\u00edtica de privacidade. Certifique-se de revisar os termos e condi\u00e7\u00f5es relativos \u00e0s informa\u00e7\u00f5es que coletamos, como as utilizamos e quaisquer pr\u00e1ticas de compartilhamento.","robots":{"index":"index","follow":"follow","max-snippet":"max-snippet:-1","max-image-preview":"max-image-preview:large","max-video-preview":"max-video-preview:-1"},"canonical":"https:\/\/flypix.ai\/pt\/privacy-policy\/","og_locale":"pt_PT","og_type":"article","og_title":"Privacy Policy","og_description":"The services we offer are governed by the privacy policy. Please ensure that you review the terms and conditions regarding the information we gather, how we use it, and any sharing practices.","og_url":"https:\/\/flypix.ai\/pt\/privacy-policy\/","og_site_name":"Flypix","article_modified_time":"2024-07-11T13:30:09+00:00","twitter_card":"summary_large_image","twitter_misc":{"Tempo estimado de leitura":"3 minutos"},"schema":{"@context":"https:\/\/schema.org","@graph":[{"@type":"WebPage","@id":"https:\/\/flypix.ai\/es\/privacy-policy\/","url":"https:\/\/flypix.ai\/es\/privacy-policy\/","name":"pol\u00edtica de Privacidade","isPartOf":{"@id":"https:\/\/flypix.ai\/#website"},"datePublished":"2023-04-10T14:41:24+00:00","dateModified":"2024-07-11T13:30:09+00:00","description":"Os servi\u00e7os que oferecemos s\u00e3o regidos pela pol\u00edtica de privacidade. Certifique-se de revisar os termos e condi\u00e7\u00f5es relativos \u00e0s informa\u00e7\u00f5es que coletamos, como as utilizamos e quaisquer pr\u00e1ticas de compartilhamento.","breadcrumb":{"@id":"https:\/\/flypix.ai\/es\/privacy-policy\/#breadcrumb"},"inLanguage":"pt-PT","potentialAction":[{"@type":"ReadAction","target":["https:\/\/flypix.ai\/es\/privacy-policy\/"]}]},{"@type":"BreadcrumbList","@id":"https:\/\/flypix.ai\/es\/privacy-policy\/#breadcrumb","itemListElement":[{"@type":"ListItem","position":1,"name":"Home","item":"https:\/\/flypix.ai\/"},{"@type":"ListItem","position":2,"name":"Privacy Policy"}]},{"@type":"WebSite","@id":"https:\/\/flypix.ai\/#website","url":"https:\/\/flypix.ai\/","name":"Flypix","description":"UMA PLATAFORMA DE PONTA A PONTA PARA DETEC\u00c7\u00c3O, LOCALIZA\u00c7\u00c3O E SEGMENTA\u00c7\u00c3O DE ENTIDADES ALIMENTADA POR INTELIG\u00caNCIA ARTIFICIAL","publisher":{"@id":"https:\/\/flypix.ai\/#organization"},"potentialAction":[{"@type":"SearchAction","target":{"@type":"EntryPoint","urlTemplate":"https:\/\/flypix.ai\/?s={search_term_string}"},"query-input":{"@type":"PropertyValueSpecification","valueRequired":true,"valueName":"search_term_string"}}],"inLanguage":"pt-PT"},{"@type":"Organization","@id":"https:\/\/flypix.ai\/#organization","name":"IA Flypix","url":"https:\/\/flypix.ai\/","logo":{"@type":"ImageObject","inLanguage":"pt-PT","@id":"https:\/\/flypix.ai\/#\/schema\/logo\/image\/","url":"https:\/\/flypix.ai\/wp-content\/uploads\/2024\/07\/logo.svg","contentUrl":"https:\/\/flypix.ai\/wp-content\/uploads\/2024\/07\/logo.svg","width":346,"height":40,"caption":"Flypix AI"},"image":{"@id":"https:\/\/flypix.ai\/#\/schema\/logo\/image\/"}}]}},"_links":{"self":[{"href":"https:\/\/flypix.ai\/pt\/wp-json\/wp\/v2\/pages\/154824","targetHints":{"allow":["GET"]}}],"collection":[{"href":"https:\/\/flypix.ai\/pt\/wp-json\/wp\/v2\/pages"}],"about":[{"href":"https:\/\/flypix.ai\/pt\/wp-json\/wp\/v2\/types\/page"}],"author":[{"embeddable":true,"href":"https:\/\/flypix.ai\/pt\/wp-json\/wp\/v2\/users\/1"}],"replies":[{"embeddable":true,"href":"https:\/\/flypix.ai\/pt\/wp-json\/wp\/v2\/comments?post=154824"}],"version-history":[{"count":0,"href":"https:\/\/flypix.ai\/pt\/wp-json\/wp\/v2\/pages\/154824\/revisions"}],"wp:attachment":[{"href":"https:\/\/flypix.ai\/pt\/wp-json\/wp\/v2\/media?parent=154824"}],"curies":[{"name":"wp","href":"https:\/\/api.w.org\/{rel}","templated":true}]}}