{"id":154909,"date":"2023-07-28T14:29:58","date_gmt":"2023-07-28T14:29:58","guid":{"rendered":"https:\/\/flypix.ai\/?page_id=154909"},"modified":"2024-07-11T10:22:10","modified_gmt":"2024-07-11T10:22:10","slug":"data-privacy","status":"publish","type":"page","link":"https:\/\/flypix.ai\/pt\/data-privacy\/","title":{"rendered":"Dados privados"},"content":{"rendered":"<div data-elementor-type=\"wp-page\" data-elementor-id=\"154909\" class=\"elementor elementor-154909\" data-elementor-post-type=\"page\">\n\t\t\t\t<div class=\"elementor-element elementor-element-96acffe e-flex e-con-boxed e-con e-parent\" data-id=\"96acffe\" data-element_type=\"container\" data-e-type=\"container\">\n\t\t\t\t\t<div class=\"e-con-inner\">\n\t\t<div class=\"elementor-element elementor-element-8524e41 e-con-full e-flex e-con e-child\" data-id=\"8524e41\" data-element_type=\"container\" data-e-type=\"container\">\n\t\t\t\t<div class=\"elementor-element elementor-element-9576d29 elementor-widget elementor-widget-heading\" data-id=\"9576d29\" data-element_type=\"widget\" data-e-type=\"widget\" data-widget_type=\"heading.default\">\n\t\t\t\t\t<h1 class=\"elementor-heading-title elementor-size-default\">Dados e privacidade<\/h1>\t\t\t\t<\/div>\n\t\t\t\t<div class=\"elementor-element elementor-element-1438bb8 elementor-widget elementor-widget-heading\" data-id=\"1438bb8\" data-element_type=\"widget\" data-e-type=\"widget\" data-widget_type=\"heading.default\">\n\t\t\t\t\t<h2 class=\"elementor-heading-title elementor-size-default\">GDPR (Regulamento Geral de Prote\u00e7\u00e3o de Dados)<\/h2>\t\t\t\t<\/div>\n\t\t\t\t<div class=\"elementor-element elementor-element-63b86fb elementor-widget elementor-widget-text-editor\" data-id=\"63b86fb\" data-element_type=\"widget\" data-e-type=\"widget\" data-widget_type=\"text-editor.default\">\n\t\t\t\t\t\t\t\t\t<p>Tratamento de dados: FlyPix AI cumpre os regulamentos GDPR<br \/>FlyPix AI d\u00e1 grande import\u00e2ncia ao respeito pela privacidade de todos os clientes, especialmente quando se trata de uso de dados. Quaisquer dados e informa\u00e7\u00f5es envolvidos nos projetos s\u00e3o recolhidos e armazenados de acordo com os princ\u00edpios estabelecidos no Regulamento Geral de Prote\u00e7\u00e3o de Dados (RGPD).<\/p>\t\t\t\t\t\t\t\t<\/div>\n\t\t\t\t<div class=\"elementor-element elementor-element-9e84351 elementor-widget elementor-widget-heading\" data-id=\"9e84351\" data-element_type=\"widget\" data-e-type=\"widget\" data-widget_type=\"heading.default\">\n\t\t\t\t\t<h2 class=\"elementor-heading-title elementor-size-default\">Como tratamos os dados<\/h2>\t\t\t\t<\/div>\n\t\t\t\t<div class=\"elementor-element elementor-element-836cb4d elementor-widget elementor-widget-text-editor\" data-id=\"836cb4d\" data-element_type=\"widget\" data-e-type=\"widget\" data-widget_type=\"text-editor.default\">\n\t\t\t\t\t\t\t\t\t<p>Para demonstrar a nossa dedica\u00e7\u00e3o, tratamos os dados com o m\u00e1ximo cuidado, seguindo as diretrizes do GDPR, e tomamos medidas para anonimiz\u00e1-los para aumentar a privacidade. Todas as prepara\u00e7\u00f5es de dados s\u00e3o realizadas meticulosamente, alinhando-se aos padr\u00f5es globais. Termos e condi\u00e7\u00f5es detalhados, relevantes para o tipo de dados espec\u00edfico, s\u00e3o fornecidos a todos os clientes relativamente \u00e0 recolha de dados e \u00e0 sua utiliza\u00e7\u00e3o.<\/p>\n<p>Todos os dados coletados pela FlyPix AI s\u00e3o processados de forma legal, justa e transparente, respeitando os direitos do titular dos dados. Os prop\u00f3sitos e m\u00e9todos de como a AI Superior pode utilizar os dados coletados s\u00e3o minuciosamente definidos. Os dados recolhidos s\u00e3o espec\u00edficos, expl\u00edcitos e utilizados exclusivamente para fins leg\u00edtimos. Garantimos que seus dados sejam gerenciados com seguran\u00e7a por especialistas treinados que entendem a import\u00e2ncia da privacidade.<\/p>\t\t\t\t\t\t\t\t<\/div>\n\t\t\t\t<div class=\"elementor-element elementor-element-9eddd7e elementor-widget elementor-widget-heading\" data-id=\"9eddd7e\" data-element_type=\"widget\" data-e-type=\"widget\" data-widget_type=\"heading.default\">\n\t\t\t\t\t<h2 class=\"elementor-heading-title elementor-size-default\">Como protegemos os dados<\/h2>\t\t\t\t<\/div>\n\t\t\t\t<div class=\"elementor-element elementor-element-fd99be5 elementor-widget elementor-widget-text-editor\" data-id=\"fd99be5\" data-element_type=\"widget\" data-e-type=\"widget\" data-widget_type=\"text-editor.default\">\n\t\t\t\t\t\t\t\t\t<p>FlyPix AI garante prote\u00e7\u00e3o de dados de alto n\u00edvel para todos os clientes. Como os dados desempenham um papel crucial nos processos de IA e Machine Learning, tomamos todas as medidas para garantir a qualidade dos dados e, ao mesmo tempo, priorizar a sua privacidade. O processo GDPR \u00e9 de extrema import\u00e2ncia para n\u00f3s.<\/p>\n<p>Valorizamos os dados dos clientes como um bem valioso e, ao receb\u00ea-los, garantimos prote\u00e7\u00e3o completa dentro dos nossos sistemas. Todas as medidas de seguran\u00e7a necess\u00e1rias e relevantes s\u00e3o implementadas para salvaguardar os dados e as finalidades a que se destinam. Al\u00e9m disso, mantemos os dados em um formato que permite identific\u00e1-los e process\u00e1-los de forma segura, protegendo-os contra perdas acidentais, danos, processamento n\u00e3o autorizado e outros riscos potenciais.<\/p>\n<div id=\"fl-main-content\" class=\"fl-page-content\" role=\"main\">\n<div class=\"fl-content-full container\">\n<div class=\"row\">\n<div class=\"fl-content col-md-12\">\n<article id=\"fl-post-154909\" class=\"fl-post post-154909 page type-page status-publish hentry\">\n<div class=\"fl-post-content clearfix\">\n<div class=\"fl-builder-content fl-builder-content-154909 fl-builder-content-primary fl-builder-global-templates-locked\" data-post-id=\"154909\">\n<div class=\"fl-row fl-row-full-width fl-row-bg-none fl-node-cvwm345hy8x9\" data-node=\"cvwm345hy8x9\">\n<div class=\"fl-row-content-wrap\">\n<div class=\"fl-row-content fl-row-fixed-width fl-node-content\">\n<div class=\"fl-col-group fl-node-5ox8hiv4lb2s\" data-node=\"5ox8hiv4lb2s\">\n<div class=\"fl-col fl-node-m6y4a1usq02i fl-animation fl-fade-in fl-animated\" data-node=\"m6y4a1usq02i\" data-animation-delay=\"0\" data-animation-duration=\"1\">\n<div class=\"fl-col-content fl-node-content\">\n<div class=\"fl-module fl-module-rich-text fl-node-85ihqmev23rg\" data-node=\"85ihqmev23rg\">\n<div class=\"fl-module-content fl-node-content\">\n<div class=\"fl-rich-text\">\n<p>FlyPix AI est\u00e1 sempre \u00e0 frente, reafirmando nosso compromisso em fornecer solu\u00e7\u00f5es de primeira linha. Voc\u00ea pode ter certeza de que nossa dedica\u00e7\u00e3o em fornecer servi\u00e7os premium permanece inabal\u00e1vel.<\/p>\n<\/div>\n<\/div>\n<\/div>\n<\/div>\n<\/div>\n<\/div>\n<\/div>\n<\/div>\n<\/div>\n<\/div>\n<\/div>\n<\/article>\n<\/div>\n<\/div>\n<\/div>\n<\/div>\n<footer class=\"fl-builder-content fl-builder-content-3698 fl-builder-global-templates-locked\" data-post-id=\"3698\" data-type=\"footer\">\n<div class=\"fl-row fl-row-full-width fl-row-bg-color fl-node-j8aztpmhsxv9\" data-node=\"j8aztpmhsxv9\">\n<div class=\"fl-row-content-wrap\">\n<div class=\"uabb-row-separator uabb-top-row-separator\">\u00a0<\/div>\n<div class=\"fl-row-content fl-row-fixed-width fl-node-content\">\n<div class=\"fl-col-group fl-node-c92rzpf6gbhk fl-col-group-equal-height fl-col-group-align-top fl-col-group-custom-width\" data-node=\"c92rzpf6gbhk\">\n<div class=\"fl-col fl-node-is4o69ughkv1 fl-col-small\" data-node=\"is4o69ughkv1\">\n<div class=\"fl-col-content fl-node-content\">\n<div class=\"fl-module fl-module-photo fl-node-qhfo3yz1mtuw\" data-node=\"qhfo3yz1mtuw\">\n<div class=\"fl-module-content fl-node-content\">\u00a0<\/div>\n<\/div>\n<\/div>\n<\/div>\n<\/div>\n<\/div>\n<\/div>\n<\/div>\n<\/footer>\t\t\t\t\t\t\t\t<\/div>\n\t\t\t\t<\/div>\n\t\t\t\t\t<\/div>\n\t\t\t\t<\/div>\n\t\t\t\t<\/div>","protected":false},"excerpt":{"rendered":"<p>Data and Privacy GDPR (General Data Protection Regulation) Data Handling: FlyPix AI adheres to GDPR regulationsFlyPix AI places great importance on respecting the privacy of all customers, particularly when it comes to data usage. Any data and information involved in projects are collected and stored in accordance with the principles set forth in the General [&hellip;]<\/p>\n","protected":false},"author":1,"featured_media":0,"parent":0,"menu_order":0,"comment_status":"closed","ping_status":"closed","template":"","meta":{"_acf_changed":false,"footnotes":""},"class_list":["post-154909","page","type-page","status-publish","hentry"],"acf":[],"yoast_head":"<!-- This site is optimized with the Yoast SEO plugin v27.3 - https:\/\/yoast.com\/product\/yoast-seo-wordpress\/ -->\n<title>Data Privacy<\/title>\n<meta name=\"description\" content=\"Discover FlyPix AI&#039;s GDPR-compliant data handling and protection practices\" \/>\n<meta name=\"robots\" content=\"index, follow, max-snippet:-1, max-image-preview:large, max-video-preview:-1\" \/>\n<link rel=\"canonical\" href=\"https:\/\/flypix.ai\/pt\/data-privacy\/\" \/>\n<meta property=\"og:locale\" content=\"pt_PT\" \/>\n<meta property=\"og:type\" content=\"article\" \/>\n<meta property=\"og:title\" content=\"Data Privacy\" \/>\n<meta property=\"og:description\" content=\"Discover FlyPix AI&#039;s GDPR-compliant data handling and protection practices\" \/>\n<meta property=\"og:url\" content=\"https:\/\/flypix.ai\/pt\/data-privacy\/\" \/>\n<meta property=\"og:site_name\" content=\"Flypix\" \/>\n<meta property=\"article:modified_time\" content=\"2024-07-11T10:22:10+00:00\" \/>\n<meta name=\"twitter:card\" content=\"summary_large_image\" \/>\n<meta name=\"twitter:label1\" content=\"Tempo estimado de leitura\" \/>\n\t<meta name=\"twitter:data1\" content=\"2 minutos\" \/>\n<script type=\"application\/ld+json\" class=\"yoast-schema-graph\">{\"@context\":\"https:\\\/\\\/schema.org\",\"@graph\":[{\"@type\":\"WebPage\",\"@id\":\"https:\\\/\\\/flypix.ai\\\/data-privacy\\\/\",\"url\":\"https:\\\/\\\/flypix.ai\\\/data-privacy\\\/\",\"name\":\"Data Privacy\",\"isPartOf\":{\"@id\":\"https:\\\/\\\/flypix.ai\\\/#website\"},\"datePublished\":\"2023-07-28T14:29:58+00:00\",\"dateModified\":\"2024-07-11T10:22:10+00:00\",\"description\":\"Discover FlyPix AI's GDPR-compliant data handling and protection practices\",\"breadcrumb\":{\"@id\":\"https:\\\/\\\/flypix.ai\\\/data-privacy\\\/#breadcrumb\"},\"inLanguage\":\"pt-PT\",\"potentialAction\":[{\"@type\":\"ReadAction\",\"target\":[\"https:\\\/\\\/flypix.ai\\\/data-privacy\\\/\"]}]},{\"@type\":\"BreadcrumbList\",\"@id\":\"https:\\\/\\\/flypix.ai\\\/data-privacy\\\/#breadcrumb\",\"itemListElement\":[{\"@type\":\"ListItem\",\"position\":1,\"name\":\"Home\",\"item\":\"https:\\\/\\\/flypix.ai\\\/\"},{\"@type\":\"ListItem\",\"position\":2,\"name\":\"Data Privacy\"}]},{\"@type\":\"WebSite\",\"@id\":\"https:\\\/\\\/flypix.ai\\\/#website\",\"url\":\"https:\\\/\\\/flypix.ai\\\/\",\"name\":\"Flypix\",\"description\":\"AN END-TO-END PLATFORM FOR ENTITY DETECTION, LOCALIZATION AND SEGMENTATION POWERED BY ARTIFICIAL INTELLIGENCE\",\"publisher\":{\"@id\":\"https:\\\/\\\/flypix.ai\\\/#organization\"},\"potentialAction\":[{\"@type\":\"SearchAction\",\"target\":{\"@type\":\"EntryPoint\",\"urlTemplate\":\"https:\\\/\\\/flypix.ai\\\/?s={search_term_string}\"},\"query-input\":{\"@type\":\"PropertyValueSpecification\",\"valueRequired\":true,\"valueName\":\"search_term_string\"}}],\"inLanguage\":\"pt-PT\"},{\"@type\":\"Organization\",\"@id\":\"https:\\\/\\\/flypix.ai\\\/#organization\",\"name\":\"Flypix AI\",\"url\":\"https:\\\/\\\/flypix.ai\\\/\",\"logo\":{\"@type\":\"ImageObject\",\"inLanguage\":\"pt-PT\",\"@id\":\"https:\\\/\\\/flypix.ai\\\/#\\\/schema\\\/logo\\\/image\\\/\",\"url\":\"https:\\\/\\\/flypix.ai\\\/wp-content\\\/uploads\\\/2024\\\/07\\\/logo.svg\",\"contentUrl\":\"https:\\\/\\\/flypix.ai\\\/wp-content\\\/uploads\\\/2024\\\/07\\\/logo.svg\",\"width\":346,\"height\":40,\"caption\":\"Flypix AI\"},\"image\":{\"@id\":\"https:\\\/\\\/flypix.ai\\\/#\\\/schema\\\/logo\\\/image\\\/\"}}]}<\/script>\n<!-- \/ Yoast SEO plugin. -->","yoast_head_json":{"title":"Dados privados","description":"Descubra as pr\u00e1ticas de prote\u00e7\u00e3o e tratamento de dados compat\u00edveis com GDPR da FlyPix AI","robots":{"index":"index","follow":"follow","max-snippet":"max-snippet:-1","max-image-preview":"max-image-preview:large","max-video-preview":"max-video-preview:-1"},"canonical":"https:\/\/flypix.ai\/pt\/data-privacy\/","og_locale":"pt_PT","og_type":"article","og_title":"Data Privacy","og_description":"Discover FlyPix AI's GDPR-compliant data handling and protection practices","og_url":"https:\/\/flypix.ai\/pt\/data-privacy\/","og_site_name":"Flypix","article_modified_time":"2024-07-11T10:22:10+00:00","twitter_card":"summary_large_image","twitter_misc":{"Tempo estimado de leitura":"2 minutos"},"schema":{"@context":"https:\/\/schema.org","@graph":[{"@type":"WebPage","@id":"https:\/\/flypix.ai\/data-privacy\/","url":"https:\/\/flypix.ai\/data-privacy\/","name":"Dados privados","isPartOf":{"@id":"https:\/\/flypix.ai\/#website"},"datePublished":"2023-07-28T14:29:58+00:00","dateModified":"2024-07-11T10:22:10+00:00","description":"Descubra as pr\u00e1ticas de prote\u00e7\u00e3o e tratamento de dados compat\u00edveis com GDPR da FlyPix AI","breadcrumb":{"@id":"https:\/\/flypix.ai\/data-privacy\/#breadcrumb"},"inLanguage":"pt-PT","potentialAction":[{"@type":"ReadAction","target":["https:\/\/flypix.ai\/data-privacy\/"]}]},{"@type":"BreadcrumbList","@id":"https:\/\/flypix.ai\/data-privacy\/#breadcrumb","itemListElement":[{"@type":"ListItem","position":1,"name":"Home","item":"https:\/\/flypix.ai\/"},{"@type":"ListItem","position":2,"name":"Data Privacy"}]},{"@type":"WebSite","@id":"https:\/\/flypix.ai\/#website","url":"https:\/\/flypix.ai\/","name":"Flypix","description":"UMA PLATAFORMA DE PONTA A PONTA PARA DETEC\u00c7\u00c3O, LOCALIZA\u00c7\u00c3O E SEGMENTA\u00c7\u00c3O DE ENTIDADES ALIMENTADA POR INTELIG\u00caNCIA ARTIFICIAL","publisher":{"@id":"https:\/\/flypix.ai\/#organization"},"potentialAction":[{"@type":"SearchAction","target":{"@type":"EntryPoint","urlTemplate":"https:\/\/flypix.ai\/?s={search_term_string}"},"query-input":{"@type":"PropertyValueSpecification","valueRequired":true,"valueName":"search_term_string"}}],"inLanguage":"pt-PT"},{"@type":"Organization","@id":"https:\/\/flypix.ai\/#organization","name":"IA Flypix","url":"https:\/\/flypix.ai\/","logo":{"@type":"ImageObject","inLanguage":"pt-PT","@id":"https:\/\/flypix.ai\/#\/schema\/logo\/image\/","url":"https:\/\/flypix.ai\/wp-content\/uploads\/2024\/07\/logo.svg","contentUrl":"https:\/\/flypix.ai\/wp-content\/uploads\/2024\/07\/logo.svg","width":346,"height":40,"caption":"Flypix AI"},"image":{"@id":"https:\/\/flypix.ai\/#\/schema\/logo\/image\/"}}]}},"_links":{"self":[{"href":"https:\/\/flypix.ai\/pt\/wp-json\/wp\/v2\/pages\/154909","targetHints":{"allow":["GET"]}}],"collection":[{"href":"https:\/\/flypix.ai\/pt\/wp-json\/wp\/v2\/pages"}],"about":[{"href":"https:\/\/flypix.ai\/pt\/wp-json\/wp\/v2\/types\/page"}],"author":[{"embeddable":true,"href":"https:\/\/flypix.ai\/pt\/wp-json\/wp\/v2\/users\/1"}],"replies":[{"embeddable":true,"href":"https:\/\/flypix.ai\/pt\/wp-json\/wp\/v2\/comments?post=154909"}],"version-history":[{"count":0,"href":"https:\/\/flypix.ai\/pt\/wp-json\/wp\/v2\/pages\/154909\/revisions"}],"wp:attachment":[{"href":"https:\/\/flypix.ai\/pt\/wp-json\/wp\/v2\/media?parent=154909"}],"curies":[{"name":"wp","href":"https:\/\/api.w.org\/{rel}","templated":true}]}}